{"id":22278,"date":"2026-04-27T20:44:30","date_gmt":"2026-04-27T18:44:30","guid":{"rendered":"https:\/\/alibabette-editions.com\/?post_type=product&#038;p=22278"},"modified":"2026-04-27T20:57:09","modified_gmt":"2026-04-27T18:57:09","slug":"lheure-bleue","status":"publish","type":"product","link":"https:\/\/alibabette-editions.com\/en\/boutique\/les-sketchbooks\/artbook-a-litalienne\/lheure-bleue\/","title":{"rendered":"L&#8217;heure bleue"},"content":{"rendered":"","protected":false},"excerpt":{"rendered":"<p>Huile sur toile de Peder Severin Kroyer (1851-1909).<\/p>\n<p>Intitul\u00e9 <em>Apr\u00e8s-midi d\u2019\u00e9t\u00e9 sur la plage sud de Skagen<\/em> (1893, Skagen, Skagens Kunsmuseer) ce chef-d\u2019\u0153uvre est incontestablement la toile la plus illustre de Peder Severin Kr\u00f8yer et sans doute la plus po\u00e9tique. Elle repr\u00e9sente le double portrait de son \u00e9pouse Marie et de leur amie, l\u2019artiste Anna Ancher, seules, cheminant, entre mer et plage, sur une \u00e9troite bande de sable qui traverse la toile pour s\u2019\u00e9lever tr\u00e8s haut dans l\u2019horizon.<\/p>\n<p>Format 21 x 14 cm<br \/>\nReliure avec couture apparente<br \/>\nen fil \u00e9cru<br \/>\nOuverture \u00e0 plat<br \/>\nCouverture mate<br \/>\n128 pages \/ Papier \u00e0 dessin 140g<\/p>","protected":false},"featured_media":22241,"template":"","meta":[],"product_brand":[],"product_cat":[1054],"product_tag":[333,332,1033,325,335,1053],"class_list":{"0":"post-22278","1":"product","2":"type-product","3":"status-publish","4":"has-post-thumbnail","6":"product_cat-artbook-a-litalienne","7":"product_tag-carnet-de-croquis","8":"product_tag-couture-apparente","9":"product_tag-inspiration","10":"product_tag-papier-a-dessin","11":"product_tag-sketchbook","12":"product_tag-sport","14":"first","15":"instock","16":"taxable","17":"shipping-taxable","18":"purchasable","19":"product-type-simple"},"yoast_head":"<!-- This site is optimized with the Yoast SEO plugin v26.8 - https:\/\/yoast.com\/product\/yoast-seo-wordpress\/ -->\n<title>L&#039;heure bleue - Alibabette Editions<\/title>\n<meta name=\"robots\" content=\"index, follow, max-snippet:-1, max-image-preview:large, max-video-preview:-1\" \/>\n<link rel=\"canonical\" href=\"https:\/\/alibabette-editions.com\/en\/boutique\/les-sketchbooks\/artbook-a-litalienne\/lheure-bleue\/\" \/>\n<meta property=\"og:locale\" content=\"en_GB\" \/>\n<meta property=\"og:type\" content=\"article\" \/>\n<meta property=\"og:title\" content=\"L&#039;heure bleue - Alibabette Editions\" \/>\n<meta property=\"og:description\" content=\"Huile sur toile de Peder Severin Kroyer (1851-1909).  Intitul\u00e9 Apr\u00e8s-midi d\u2019\u00e9t\u00e9 sur la plage sud de Skagen (1893, Skagen, Skagens Kunsmuseer) ce chef-d\u2019\u0153uvre est incontestablement la toile la plus illustre de Peder Severin Kr\u00f8yer et sans doute la plus po\u00e9tique. Elle repr\u00e9sente le double portrait de son \u00e9pouse Marie et de leur amie, l\u2019artiste Anna Ancher, seules, cheminant, entre mer et plage, sur une \u00e9troite bande de sable qui traverse la toile pour s\u2019\u00e9lever tr\u00e8s haut dans l\u2019horizon.  Format 21 x 14 cm Reliure avec couture apparente en fil \u00e9cru Ouverture \u00e0 plat Couverture mate 128 pages \/ Papier \u00e0 dessin 140g\" \/>\n<meta property=\"og:url\" content=\"https:\/\/alibabette-editions.com\/en\/boutique\/les-sketchbooks\/artbook-a-litalienne\/lheure-bleue\/\" \/>\n<meta property=\"og:site_name\" content=\"Alibabette Editions\" \/>\n<meta property=\"article:modified_time\" content=\"2026-04-27T18:57:09+00:00\" \/>\n<meta property=\"og:image\" content=\"https:\/\/alibabette-editions.com\/wp-content\/uploads\/ABL006-R-Lheure-bleue.jpg\" \/>\n\t<meta property=\"og:image:width\" content=\"1500\" \/>\n\t<meta property=\"og:image:height\" content=\"1500\" \/>\n\t<meta property=\"og:image:type\" content=\"image\/jpeg\" \/>\n<meta name=\"twitter:card\" content=\"summary_large_image\" \/>\n<meta name=\"twitter:label1\" content=\"Estimated reading time\" \/>\n\t<meta name=\"twitter:data1\" content=\"1 minute\" \/>\n<script type=\"application\/ld+json\" class=\"yoast-schema-graph\">{\"@context\":\"https:\/\/schema.org\",\"@graph\":[{\"@type\":\"WebPage\",\"@id\":\"https:\/\/alibabette-editions.com\/boutique\/les-sketchbooks\/artbook-a-litalienne\/lheure-bleue\/\",\"url\":\"https:\/\/alibabette-editions.com\/boutique\/les-sketchbooks\/artbook-a-litalienne\/lheure-bleue\/\",\"name\":\"L'heure bleue - Alibabette Editions\",\"isPartOf\":{\"@id\":\"https:\/\/alibabette-editions.com\/#website\"},\"primaryImageOfPage\":{\"@id\":\"https:\/\/alibabette-editions.com\/boutique\/les-sketchbooks\/artbook-a-litalienne\/lheure-bleue\/#primaryimage\"},\"image\":{\"@id\":\"https:\/\/alibabette-editions.com\/boutique\/les-sketchbooks\/artbook-a-litalienne\/lheure-bleue\/#primaryimage\"},\"thumbnailUrl\":\"https:\/\/alibabette-editions.com\/wp-content\/uploads\/ABL006-R-Lheure-bleue.jpg\",\"datePublished\":\"2026-04-27T18:44:30+00:00\",\"dateModified\":\"2026-04-27T18:57:09+00:00\",\"breadcrumb\":{\"@id\":\"https:\/\/alibabette-editions.com\/boutique\/les-sketchbooks\/artbook-a-litalienne\/lheure-bleue\/#breadcrumb\"},\"inLanguage\":\"en-GB\",\"potentialAction\":[{\"@type\":\"ReadAction\",\"target\":[\"https:\/\/alibabette-editions.com\/boutique\/les-sketchbooks\/artbook-a-litalienne\/lheure-bleue\/\"]}]},{\"@type\":\"ImageObject\",\"inLanguage\":\"en-GB\",\"@id\":\"https:\/\/alibabette-editions.com\/boutique\/les-sketchbooks\/artbook-a-litalienne\/lheure-bleue\/#primaryimage\",\"url\":\"https:\/\/alibabette-editions.com\/wp-content\/uploads\/ABL006-R-Lheure-bleue.jpg\",\"contentUrl\":\"https:\/\/alibabette-editions.com\/wp-content\/uploads\/ABL006-R-Lheure-bleue.jpg\",\"width\":1500,\"height\":1500},{\"@type\":\"BreadcrumbList\",\"@id\":\"https:\/\/alibabette-editions.com\/boutique\/les-sketchbooks\/artbook-a-litalienne\/lheure-bleue\/#breadcrumb\",\"itemListElement\":[{\"@type\":\"ListItem\",\"position\":1,\"name\":\"Accueil\",\"item\":\"https:\/\/alibabette-editions.com\/\"},{\"@type\":\"ListItem\",\"position\":2,\"name\":\"Tout voir\",\"item\":\"https:\/\/alibabette-editions.com\/boutique\/\"},{\"@type\":\"ListItem\",\"position\":3,\"name\":\"L&#8217;heure bleue\"}]},{\"@type\":\"WebSite\",\"@id\":\"https:\/\/alibabette-editions.com\/#website\",\"url\":\"https:\/\/alibabette-editions.com\/\",\"name\":\"Alibabette Editions\",\"description\":\"\",\"potentialAction\":[{\"@type\":\"SearchAction\",\"target\":{\"@type\":\"EntryPoint\",\"urlTemplate\":\"https:\/\/alibabette-editions.com\/?s={search_term_string}\"},\"query-input\":{\"@type\":\"PropertyValueSpecification\",\"valueRequired\":true,\"valueName\":\"search_term_string\"}}],\"inLanguage\":\"en-GB\"}]}<\/script>\n<!-- \/ Yoast SEO plugin. -->","yoast_head_json":{"title":"L'heure bleue - Alibabette Editions","robots":{"index":"index","follow":"follow","max-snippet":"max-snippet:-1","max-image-preview":"max-image-preview:large","max-video-preview":"max-video-preview:-1"},"canonical":"https:\/\/alibabette-editions.com\/en\/boutique\/les-sketchbooks\/artbook-a-litalienne\/lheure-bleue\/","og_locale":"en_GB","og_type":"article","og_title":"L'heure bleue - Alibabette Editions","og_description":"Huile sur toile de Peder Severin Kroyer (1851-1909).  Intitul\u00e9 Apr\u00e8s-midi d\u2019\u00e9t\u00e9 sur la plage sud de Skagen (1893, Skagen, Skagens Kunsmuseer) ce chef-d\u2019\u0153uvre est incontestablement la toile la plus illustre de Peder Severin Kr\u00f8yer et sans doute la plus po\u00e9tique. Elle repr\u00e9sente le double portrait de son \u00e9pouse Marie et de leur amie, l\u2019artiste Anna Ancher, seules, cheminant, entre mer et plage, sur une \u00e9troite bande de sable qui traverse la toile pour s\u2019\u00e9lever tr\u00e8s haut dans l\u2019horizon.  Format 21 x 14 cm Reliure avec couture apparente en fil \u00e9cru Ouverture \u00e0 plat Couverture mate 128 pages \/ Papier \u00e0 dessin 140g","og_url":"https:\/\/alibabette-editions.com\/en\/boutique\/les-sketchbooks\/artbook-a-litalienne\/lheure-bleue\/","og_site_name":"Alibabette Editions","article_modified_time":"2026-04-27T18:57:09+00:00","og_image":[{"width":1500,"height":1500,"url":"https:\/\/alibabette-editions.com\/wp-content\/uploads\/ABL006-R-Lheure-bleue.jpg","type":"image\/jpeg"}],"twitter_card":"summary_large_image","twitter_misc":{"Estimated reading time":"1 minute"},"schema":{"@context":"https:\/\/schema.org","@graph":[{"@type":"WebPage","@id":"https:\/\/alibabette-editions.com\/boutique\/les-sketchbooks\/artbook-a-litalienne\/lheure-bleue\/","url":"https:\/\/alibabette-editions.com\/boutique\/les-sketchbooks\/artbook-a-litalienne\/lheure-bleue\/","name":"L'heure bleue - Alibabette Editions","isPartOf":{"@id":"https:\/\/alibabette-editions.com\/#website"},"primaryImageOfPage":{"@id":"https:\/\/alibabette-editions.com\/boutique\/les-sketchbooks\/artbook-a-litalienne\/lheure-bleue\/#primaryimage"},"image":{"@id":"https:\/\/alibabette-editions.com\/boutique\/les-sketchbooks\/artbook-a-litalienne\/lheure-bleue\/#primaryimage"},"thumbnailUrl":"https:\/\/alibabette-editions.com\/wp-content\/uploads\/ABL006-R-Lheure-bleue.jpg","datePublished":"2026-04-27T18:44:30+00:00","dateModified":"2026-04-27T18:57:09+00:00","breadcrumb":{"@id":"https:\/\/alibabette-editions.com\/boutique\/les-sketchbooks\/artbook-a-litalienne\/lheure-bleue\/#breadcrumb"},"inLanguage":"en-GB","potentialAction":[{"@type":"ReadAction","target":["https:\/\/alibabette-editions.com\/boutique\/les-sketchbooks\/artbook-a-litalienne\/lheure-bleue\/"]}]},{"@type":"ImageObject","inLanguage":"en-GB","@id":"https:\/\/alibabette-editions.com\/boutique\/les-sketchbooks\/artbook-a-litalienne\/lheure-bleue\/#primaryimage","url":"https:\/\/alibabette-editions.com\/wp-content\/uploads\/ABL006-R-Lheure-bleue.jpg","contentUrl":"https:\/\/alibabette-editions.com\/wp-content\/uploads\/ABL006-R-Lheure-bleue.jpg","width":1500,"height":1500},{"@type":"BreadcrumbList","@id":"https:\/\/alibabette-editions.com\/boutique\/les-sketchbooks\/artbook-a-litalienne\/lheure-bleue\/#breadcrumb","itemListElement":[{"@type":"ListItem","position":1,"name":"Accueil","item":"https:\/\/alibabette-editions.com\/"},{"@type":"ListItem","position":2,"name":"Tout voir","item":"https:\/\/alibabette-editions.com\/boutique\/"},{"@type":"ListItem","position":3,"name":"L&#8217;heure bleue"}]},{"@type":"WebSite","@id":"https:\/\/alibabette-editions.com\/#website","url":"https:\/\/alibabette-editions.com\/","name":"Alibabette Editions","description":"","potentialAction":[{"@type":"SearchAction","target":{"@type":"EntryPoint","urlTemplate":"https:\/\/alibabette-editions.com\/?s={search_term_string}"},"query-input":{"@type":"PropertyValueSpecification","valueRequired":true,"valueName":"search_term_string"}}],"inLanguage":"en-GB"}]}},"_links":{"self":[{"href":"https:\/\/alibabette-editions.com\/en\/wp-json\/wp\/v2\/product\/22278","targetHints":{"allow":["GET"]}}],"collection":[{"href":"https:\/\/alibabette-editions.com\/en\/wp-json\/wp\/v2\/product"}],"about":[{"href":"https:\/\/alibabette-editions.com\/en\/wp-json\/wp\/v2\/types\/product"}],"wp:featuredmedia":[{"embeddable":true,"href":"https:\/\/alibabette-editions.com\/en\/wp-json\/wp\/v2\/media\/22241"}],"wp:attachment":[{"href":"https:\/\/alibabette-editions.com\/en\/wp-json\/wp\/v2\/media?parent=22278"}],"wp:term":[{"taxonomy":"product_brand","embeddable":true,"href":"https:\/\/alibabette-editions.com\/en\/wp-json\/wp\/v2\/product_brand?post=22278"},{"taxonomy":"product_cat","embeddable":true,"href":"https:\/\/alibabette-editions.com\/en\/wp-json\/wp\/v2\/product_cat?post=22278"},{"taxonomy":"product_tag","embeddable":true,"href":"https:\/\/alibabette-editions.com\/en\/wp-json\/wp\/v2\/product_tag?post=22278"}],"curies":[{"name":"wp","href":"https:\/\/api.w.org\/{rel}","templated":true}]}}