{"id":22221,"date":"2026-04-18T18:52:16","date_gmt":"2026-04-18T16:52:16","guid":{"rendered":"https:\/\/alibabette-editions.com\/?post_type=product&#038;p=22221"},"modified":"2026-04-18T18:56:11","modified_gmt":"2026-04-18T16:56:11","slug":"miss-butterfly","status":"publish","type":"product","link":"https:\/\/alibabette-editions.com\/en\/boutique\/les-coloriages\/les-grandes-gravures\/miss-butterfly\/","title":{"rendered":"Miss Butterfly"},"content":{"rendered":"","protected":false},"excerpt":{"rendered":"<p>Miss Butterfly! Les papillons l&#8217;entourent, sans doute attir\u00e9s par les fleurs de son chapeau.<br \/>\nIllustration originale de Happy Remix Productions<\/p>\n<p>Gravure \u00e0 colorier<br \/>\nFormat 30 x 40\u2009cm (standard pour encadrements)<br \/>\nChaque set contient 1 feuille de papier aquarelle 300\u00a0g blanc naturel<br \/>\n+ 1 feuille de papier 100\u2009g (imprim\u00e9e avec la m\u00eame image) pour essais.<br \/>\nLe papier convient \u00e0 toutes techniques de coloriage\u2009: aquarelle, crayons, pastels, feutres, etc.<\/p>","protected":false},"featured_media":22218,"template":"","meta":[],"product_brand":[],"product_cat":[540,542],"product_tag":[],"class_list":{"0":"post-22221","1":"product","2":"type-product","3":"status-publish","4":"has-post-thumbnail","6":"product_cat-les-coloriages","7":"product_cat-les-grandes-gravures","9":"first","10":"instock","11":"taxable","12":"shipping-taxable","13":"purchasable","14":"product-type-simple"},"yoast_head":"<!-- This site is optimized with the Yoast SEO plugin v26.8 - https:\/\/yoast.com\/product\/yoast-seo-wordpress\/ -->\n<title>Miss Butterfly - Alibabette Editions<\/title>\n<meta name=\"robots\" content=\"index, follow, max-snippet:-1, max-image-preview:large, max-video-preview:-1\" \/>\n<link rel=\"canonical\" href=\"https:\/\/alibabette-editions.com\/en\/boutique\/les-coloriages\/les-grandes-gravures\/miss-butterfly\/\" \/>\n<meta property=\"og:locale\" content=\"en_GB\" \/>\n<meta property=\"og:type\" content=\"article\" \/>\n<meta property=\"og:title\" content=\"Miss Butterfly - Alibabette Editions\" \/>\n<meta property=\"og:description\" content=\"Miss Butterfly! Les papillons l&#039;entourent, sans doute attir\u00e9s par les fleurs de son chapeau. Illustration originale de Happy Remix Productions  Gravure \u00e0 colorier Format 30 x 40\u2009cm (standard pour encadrements) Chaque set contient 1 feuille de papier aquarelle 300\u00a0g blanc naturel + 1 feuille de papier 100\u2009g (imprim\u00e9e avec la m\u00eame image) pour essais. Le papier convient \u00e0 toutes techniques de coloriage\u2009: aquarelle, crayons, pastels, feutres, etc.\" \/>\n<meta property=\"og:url\" content=\"https:\/\/alibabette-editions.com\/en\/boutique\/les-coloriages\/les-grandes-gravures\/miss-butterfly\/\" \/>\n<meta property=\"og:site_name\" content=\"Alibabette Editions\" \/>\n<meta property=\"article:modified_time\" content=\"2026-04-18T16:56:11+00:00\" \/>\n<meta property=\"og:image\" content=\"https:\/\/alibabette-editions.com\/wp-content\/uploads\/COL4010-Miss-Butterfly-r.jpeg\" \/>\n\t<meta property=\"og:image:width\" content=\"1500\" \/>\n\t<meta property=\"og:image:height\" content=\"1500\" \/>\n\t<meta property=\"og:image:type\" content=\"image\/jpeg\" \/>\n<meta name=\"twitter:card\" content=\"summary_large_image\" \/>\n<meta name=\"twitter:label1\" content=\"Estimated reading time\" \/>\n\t<meta name=\"twitter:data1\" content=\"1 minute\" \/>\n<script type=\"application\/ld+json\" class=\"yoast-schema-graph\">{\"@context\":\"https:\/\/schema.org\",\"@graph\":[{\"@type\":\"WebPage\",\"@id\":\"https:\/\/alibabette-editions.com\/boutique\/les-coloriages\/les-grandes-gravures\/miss-butterfly\/\",\"url\":\"https:\/\/alibabette-editions.com\/boutique\/les-coloriages\/les-grandes-gravures\/miss-butterfly\/\",\"name\":\"Miss Butterfly - Alibabette Editions\",\"isPartOf\":{\"@id\":\"https:\/\/alibabette-editions.com\/#website\"},\"primaryImageOfPage\":{\"@id\":\"https:\/\/alibabette-editions.com\/boutique\/les-coloriages\/les-grandes-gravures\/miss-butterfly\/#primaryimage\"},\"image\":{\"@id\":\"https:\/\/alibabette-editions.com\/boutique\/les-coloriages\/les-grandes-gravures\/miss-butterfly\/#primaryimage\"},\"thumbnailUrl\":\"https:\/\/alibabette-editions.com\/wp-content\/uploads\/COL4010-Miss-Butterfly-r.jpeg\",\"datePublished\":\"2026-04-18T16:52:16+00:00\",\"dateModified\":\"2026-04-18T16:56:11+00:00\",\"breadcrumb\":{\"@id\":\"https:\/\/alibabette-editions.com\/boutique\/les-coloriages\/les-grandes-gravures\/miss-butterfly\/#breadcrumb\"},\"inLanguage\":\"en-GB\",\"potentialAction\":[{\"@type\":\"ReadAction\",\"target\":[\"https:\/\/alibabette-editions.com\/boutique\/les-coloriages\/les-grandes-gravures\/miss-butterfly\/\"]}]},{\"@type\":\"ImageObject\",\"inLanguage\":\"en-GB\",\"@id\":\"https:\/\/alibabette-editions.com\/boutique\/les-coloriages\/les-grandes-gravures\/miss-butterfly\/#primaryimage\",\"url\":\"https:\/\/alibabette-editions.com\/wp-content\/uploads\/COL4010-Miss-Butterfly-r.jpeg\",\"contentUrl\":\"https:\/\/alibabette-editions.com\/wp-content\/uploads\/COL4010-Miss-Butterfly-r.jpeg\",\"width\":1500,\"height\":1500},{\"@type\":\"BreadcrumbList\",\"@id\":\"https:\/\/alibabette-editions.com\/boutique\/les-coloriages\/les-grandes-gravures\/miss-butterfly\/#breadcrumb\",\"itemListElement\":[{\"@type\":\"ListItem\",\"position\":1,\"name\":\"Accueil\",\"item\":\"https:\/\/alibabette-editions.com\/\"},{\"@type\":\"ListItem\",\"position\":2,\"name\":\"Tout voir\",\"item\":\"https:\/\/alibabette-editions.com\/boutique\/\"},{\"@type\":\"ListItem\",\"position\":3,\"name\":\"Miss Butterfly\"}]},{\"@type\":\"WebSite\",\"@id\":\"https:\/\/alibabette-editions.com\/#website\",\"url\":\"https:\/\/alibabette-editions.com\/\",\"name\":\"Alibabette Editions\",\"description\":\"\",\"potentialAction\":[{\"@type\":\"SearchAction\",\"target\":{\"@type\":\"EntryPoint\",\"urlTemplate\":\"https:\/\/alibabette-editions.com\/?s={search_term_string}\"},\"query-input\":{\"@type\":\"PropertyValueSpecification\",\"valueRequired\":true,\"valueName\":\"search_term_string\"}}],\"inLanguage\":\"en-GB\"}]}<\/script>\n<!-- \/ Yoast SEO plugin. -->","yoast_head_json":{"title":"Miss Butterfly - Alibabette Editions","robots":{"index":"index","follow":"follow","max-snippet":"max-snippet:-1","max-image-preview":"max-image-preview:large","max-video-preview":"max-video-preview:-1"},"canonical":"https:\/\/alibabette-editions.com\/en\/boutique\/les-coloriages\/les-grandes-gravures\/miss-butterfly\/","og_locale":"en_GB","og_type":"article","og_title":"Miss Butterfly - Alibabette Editions","og_description":"Miss Butterfly! Les papillons l'entourent, sans doute attir\u00e9s par les fleurs de son chapeau. Illustration originale de Happy Remix Productions  Gravure \u00e0 colorier Format 30 x 40\u2009cm (standard pour encadrements) Chaque set contient 1 feuille de papier aquarelle 300\u00a0g blanc naturel + 1 feuille de papier 100\u2009g (imprim\u00e9e avec la m\u00eame image) pour essais. Le papier convient \u00e0 toutes techniques de coloriage\u2009: aquarelle, crayons, pastels, feutres, etc.","og_url":"https:\/\/alibabette-editions.com\/en\/boutique\/les-coloriages\/les-grandes-gravures\/miss-butterfly\/","og_site_name":"Alibabette Editions","article_modified_time":"2026-04-18T16:56:11+00:00","og_image":[{"width":1500,"height":1500,"url":"https:\/\/alibabette-editions.com\/wp-content\/uploads\/COL4010-Miss-Butterfly-r.jpeg","type":"image\/jpeg"}],"twitter_card":"summary_large_image","twitter_misc":{"Estimated reading time":"1 minute"},"schema":{"@context":"https:\/\/schema.org","@graph":[{"@type":"WebPage","@id":"https:\/\/alibabette-editions.com\/boutique\/les-coloriages\/les-grandes-gravures\/miss-butterfly\/","url":"https:\/\/alibabette-editions.com\/boutique\/les-coloriages\/les-grandes-gravures\/miss-butterfly\/","name":"Miss Butterfly - Alibabette Editions","isPartOf":{"@id":"https:\/\/alibabette-editions.com\/#website"},"primaryImageOfPage":{"@id":"https:\/\/alibabette-editions.com\/boutique\/les-coloriages\/les-grandes-gravures\/miss-butterfly\/#primaryimage"},"image":{"@id":"https:\/\/alibabette-editions.com\/boutique\/les-coloriages\/les-grandes-gravures\/miss-butterfly\/#primaryimage"},"thumbnailUrl":"https:\/\/alibabette-editions.com\/wp-content\/uploads\/COL4010-Miss-Butterfly-r.jpeg","datePublished":"2026-04-18T16:52:16+00:00","dateModified":"2026-04-18T16:56:11+00:00","breadcrumb":{"@id":"https:\/\/alibabette-editions.com\/boutique\/les-coloriages\/les-grandes-gravures\/miss-butterfly\/#breadcrumb"},"inLanguage":"en-GB","potentialAction":[{"@type":"ReadAction","target":["https:\/\/alibabette-editions.com\/boutique\/les-coloriages\/les-grandes-gravures\/miss-butterfly\/"]}]},{"@type":"ImageObject","inLanguage":"en-GB","@id":"https:\/\/alibabette-editions.com\/boutique\/les-coloriages\/les-grandes-gravures\/miss-butterfly\/#primaryimage","url":"https:\/\/alibabette-editions.com\/wp-content\/uploads\/COL4010-Miss-Butterfly-r.jpeg","contentUrl":"https:\/\/alibabette-editions.com\/wp-content\/uploads\/COL4010-Miss-Butterfly-r.jpeg","width":1500,"height":1500},{"@type":"BreadcrumbList","@id":"https:\/\/alibabette-editions.com\/boutique\/les-coloriages\/les-grandes-gravures\/miss-butterfly\/#breadcrumb","itemListElement":[{"@type":"ListItem","position":1,"name":"Accueil","item":"https:\/\/alibabette-editions.com\/"},{"@type":"ListItem","position":2,"name":"Tout voir","item":"https:\/\/alibabette-editions.com\/boutique\/"},{"@type":"ListItem","position":3,"name":"Miss Butterfly"}]},{"@type":"WebSite","@id":"https:\/\/alibabette-editions.com\/#website","url":"https:\/\/alibabette-editions.com\/","name":"Alibabette Editions","description":"","potentialAction":[{"@type":"SearchAction","target":{"@type":"EntryPoint","urlTemplate":"https:\/\/alibabette-editions.com\/?s={search_term_string}"},"query-input":{"@type":"PropertyValueSpecification","valueRequired":true,"valueName":"search_term_string"}}],"inLanguage":"en-GB"}]}},"_links":{"self":[{"href":"https:\/\/alibabette-editions.com\/en\/wp-json\/wp\/v2\/product\/22221","targetHints":{"allow":["GET"]}}],"collection":[{"href":"https:\/\/alibabette-editions.com\/en\/wp-json\/wp\/v2\/product"}],"about":[{"href":"https:\/\/alibabette-editions.com\/en\/wp-json\/wp\/v2\/types\/product"}],"wp:featuredmedia":[{"embeddable":true,"href":"https:\/\/alibabette-editions.com\/en\/wp-json\/wp\/v2\/media\/22218"}],"wp:attachment":[{"href":"https:\/\/alibabette-editions.com\/en\/wp-json\/wp\/v2\/media?parent=22221"}],"wp:term":[{"taxonomy":"product_brand","embeddable":true,"href":"https:\/\/alibabette-editions.com\/en\/wp-json\/wp\/v2\/product_brand?post=22221"},{"taxonomy":"product_cat","embeddable":true,"href":"https:\/\/alibabette-editions.com\/en\/wp-json\/wp\/v2\/product_cat?post=22221"},{"taxonomy":"product_tag","embeddable":true,"href":"https:\/\/alibabette-editions.com\/en\/wp-json\/wp\/v2\/product_tag?post=22221"}],"curies":[{"name":"wp","href":"https:\/\/api.w.org\/{rel}","templated":true}]}}