{"id":22048,"date":"2025-06-24T15:04:29","date_gmt":"2025-06-24T13:04:29","guid":{"rendered":"https:\/\/alibabette-editions.com\/?post_type=product&#038;p=22048"},"modified":"2025-10-24T08:54:15","modified_gmt":"2025-10-24T06:54:15","slug":"tarifa","status":"publish","type":"product","link":"https:\/\/alibabette-editions.com\/en\/boutique\/les-sketchbooks\/artbook-a-litalienne\/tarifa\/","title":{"rendered":"Tarifa"},"content":{"rendered":"","protected":false},"excerpt":{"rendered":"<p>Impression de calme et d\u2019infini avec cette belle aquarelle de George Lothian Hall (Anglais, 1825-1888). Les voiliers glissent sur la mer entre Tarifa, \u00e0 l\u2019extr\u00eame sur de l\u2019Espagne, et le Mont Abyle, au nord de l\u2019Afrique. Ce v\u00e9lin est conserv\u00e9 par le Yale Center for British Art.<\/p>\n<p>Format 21 x 14 cm<br \/>\nReliure avec couture apparente<br \/>\nen fil \u00e9cru<br \/>\nOuverture \u00e0 plat<br \/>\nCouverture mate<br \/>\n128 pages \/ Papier \u00e0 dessin 140g<\/p>","protected":false},"featured_media":21971,"template":"","meta":[],"product_brand":[],"product_cat":[1054],"product_tag":[333,332,1033,284,325,335],"class_list":{"0":"post-22048","1":"product","2":"type-product","3":"status-publish","4":"has-post-thumbnail","6":"product_cat-artbook-a-litalienne","7":"product_tag-carnet-de-croquis","8":"product_tag-couture-apparente","9":"product_tag-inspiration","10":"product_tag-nature","11":"product_tag-papier-a-dessin","12":"product_tag-sketchbook","14":"first","15":"instock","16":"taxable","17":"shipping-taxable","18":"purchasable","19":"product-type-simple"},"yoast_head":"<!-- This site is optimized with the Yoast SEO plugin v26.8 - https:\/\/yoast.com\/product\/yoast-seo-wordpress\/ -->\n<title>Tarifa - Alibabette Editions<\/title>\n<meta name=\"robots\" content=\"index, follow, max-snippet:-1, max-image-preview:large, max-video-preview:-1\" \/>\n<link rel=\"canonical\" href=\"https:\/\/alibabette-editions.com\/en\/boutique\/les-sketchbooks\/artbook-a-litalienne\/tarifa\/\" \/>\n<meta property=\"og:locale\" content=\"en_GB\" \/>\n<meta property=\"og:type\" content=\"article\" \/>\n<meta property=\"og:title\" content=\"Tarifa - Alibabette Editions\" \/>\n<meta property=\"og:description\" content=\"Impression de calme et d\u2019infini avec cette belle aquarelle de George Lothian Hall (Anglais, 1825-1888). Les voiliers glissent sur la mer entre Tarifa, \u00e0 l\u2019extr\u00eame sur de l\u2019Espagne, et le Mont Abyle, au nord de l\u2019Afrique. Ce v\u00e9lin est conserv\u00e9 par le Yale Center for British Art.  Format 21 x 14 cm Reliure avec couture apparente en fil \u00e9cru Ouverture \u00e0 plat Couverture mate 128 pages \/ Papier \u00e0 dessin 140g\" \/>\n<meta property=\"og:url\" content=\"https:\/\/alibabette-editions.com\/en\/boutique\/les-sketchbooks\/artbook-a-litalienne\/tarifa\/\" \/>\n<meta property=\"og:site_name\" content=\"Alibabette Editions\" \/>\n<meta property=\"article:modified_time\" content=\"2025-10-24T06:54:15+00:00\" \/>\n<meta property=\"og:image\" content=\"https:\/\/alibabette-editions.com\/wp-content\/uploads\/ABL004-Tarifa-r.jpeg\" \/>\n\t<meta property=\"og:image:width\" content=\"1500\" \/>\n\t<meta property=\"og:image:height\" content=\"1500\" \/>\n\t<meta property=\"og:image:type\" content=\"image\/jpeg\" \/>\n<meta name=\"twitter:card\" content=\"summary_large_image\" \/>\n<meta name=\"twitter:label1\" content=\"Estimated reading time\" \/>\n\t<meta name=\"twitter:data1\" content=\"1 minute\" \/>\n<script type=\"application\/ld+json\" class=\"yoast-schema-graph\">{\"@context\":\"https:\/\/schema.org\",\"@graph\":[{\"@type\":\"WebPage\",\"@id\":\"https:\/\/alibabette-editions.com\/boutique\/les-sketchbooks\/artbook-a-litalienne\/tarifa\/\",\"url\":\"https:\/\/alibabette-editions.com\/boutique\/les-sketchbooks\/artbook-a-litalienne\/tarifa\/\",\"name\":\"Tarifa - Alibabette Editions\",\"isPartOf\":{\"@id\":\"https:\/\/alibabette-editions.com\/#website\"},\"primaryImageOfPage\":{\"@id\":\"https:\/\/alibabette-editions.com\/boutique\/les-sketchbooks\/artbook-a-litalienne\/tarifa\/#primaryimage\"},\"image\":{\"@id\":\"https:\/\/alibabette-editions.com\/boutique\/les-sketchbooks\/artbook-a-litalienne\/tarifa\/#primaryimage\"},\"thumbnailUrl\":\"https:\/\/alibabette-editions.com\/wp-content\/uploads\/ABL004-Tarifa-r.jpeg\",\"datePublished\":\"2025-06-24T13:04:29+00:00\",\"dateModified\":\"2025-10-24T06:54:15+00:00\",\"breadcrumb\":{\"@id\":\"https:\/\/alibabette-editions.com\/boutique\/les-sketchbooks\/artbook-a-litalienne\/tarifa\/#breadcrumb\"},\"inLanguage\":\"en-GB\",\"potentialAction\":[{\"@type\":\"ReadAction\",\"target\":[\"https:\/\/alibabette-editions.com\/boutique\/les-sketchbooks\/artbook-a-litalienne\/tarifa\/\"]}]},{\"@type\":\"ImageObject\",\"inLanguage\":\"en-GB\",\"@id\":\"https:\/\/alibabette-editions.com\/boutique\/les-sketchbooks\/artbook-a-litalienne\/tarifa\/#primaryimage\",\"url\":\"https:\/\/alibabette-editions.com\/wp-content\/uploads\/ABL004-Tarifa-r.jpeg\",\"contentUrl\":\"https:\/\/alibabette-editions.com\/wp-content\/uploads\/ABL004-Tarifa-r.jpeg\",\"width\":1500,\"height\":1500},{\"@type\":\"BreadcrumbList\",\"@id\":\"https:\/\/alibabette-editions.com\/boutique\/les-sketchbooks\/artbook-a-litalienne\/tarifa\/#breadcrumb\",\"itemListElement\":[{\"@type\":\"ListItem\",\"position\":1,\"name\":\"Accueil\",\"item\":\"https:\/\/alibabette-editions.com\/\"},{\"@type\":\"ListItem\",\"position\":2,\"name\":\"Tout voir\",\"item\":\"https:\/\/alibabette-editions.com\/boutique\/\"},{\"@type\":\"ListItem\",\"position\":3,\"name\":\"Tarifa\"}]},{\"@type\":\"WebSite\",\"@id\":\"https:\/\/alibabette-editions.com\/#website\",\"url\":\"https:\/\/alibabette-editions.com\/\",\"name\":\"Alibabette Editions\",\"description\":\"\",\"potentialAction\":[{\"@type\":\"SearchAction\",\"target\":{\"@type\":\"EntryPoint\",\"urlTemplate\":\"https:\/\/alibabette-editions.com\/?s={search_term_string}\"},\"query-input\":{\"@type\":\"PropertyValueSpecification\",\"valueRequired\":true,\"valueName\":\"search_term_string\"}}],\"inLanguage\":\"en-GB\"}]}<\/script>\n<!-- \/ Yoast SEO plugin. -->","yoast_head_json":{"title":"Tarifa - Alibabette Editions","robots":{"index":"index","follow":"follow","max-snippet":"max-snippet:-1","max-image-preview":"max-image-preview:large","max-video-preview":"max-video-preview:-1"},"canonical":"https:\/\/alibabette-editions.com\/en\/boutique\/les-sketchbooks\/artbook-a-litalienne\/tarifa\/","og_locale":"en_GB","og_type":"article","og_title":"Tarifa - Alibabette Editions","og_description":"Impression de calme et d\u2019infini avec cette belle aquarelle de George Lothian Hall (Anglais, 1825-1888). Les voiliers glissent sur la mer entre Tarifa, \u00e0 l\u2019extr\u00eame sur de l\u2019Espagne, et le Mont Abyle, au nord de l\u2019Afrique. Ce v\u00e9lin est conserv\u00e9 par le Yale Center for British Art.  Format 21 x 14 cm Reliure avec couture apparente en fil \u00e9cru Ouverture \u00e0 plat Couverture mate 128 pages \/ Papier \u00e0 dessin 140g","og_url":"https:\/\/alibabette-editions.com\/en\/boutique\/les-sketchbooks\/artbook-a-litalienne\/tarifa\/","og_site_name":"Alibabette Editions","article_modified_time":"2025-10-24T06:54:15+00:00","og_image":[{"width":1500,"height":1500,"url":"https:\/\/alibabette-editions.com\/wp-content\/uploads\/ABL004-Tarifa-r.jpeg","type":"image\/jpeg"}],"twitter_card":"summary_large_image","twitter_misc":{"Estimated reading time":"1 minute"},"schema":{"@context":"https:\/\/schema.org","@graph":[{"@type":"WebPage","@id":"https:\/\/alibabette-editions.com\/boutique\/les-sketchbooks\/artbook-a-litalienne\/tarifa\/","url":"https:\/\/alibabette-editions.com\/boutique\/les-sketchbooks\/artbook-a-litalienne\/tarifa\/","name":"Tarifa - Alibabette Editions","isPartOf":{"@id":"https:\/\/alibabette-editions.com\/#website"},"primaryImageOfPage":{"@id":"https:\/\/alibabette-editions.com\/boutique\/les-sketchbooks\/artbook-a-litalienne\/tarifa\/#primaryimage"},"image":{"@id":"https:\/\/alibabette-editions.com\/boutique\/les-sketchbooks\/artbook-a-litalienne\/tarifa\/#primaryimage"},"thumbnailUrl":"https:\/\/alibabette-editions.com\/wp-content\/uploads\/ABL004-Tarifa-r.jpeg","datePublished":"2025-06-24T13:04:29+00:00","dateModified":"2025-10-24T06:54:15+00:00","breadcrumb":{"@id":"https:\/\/alibabette-editions.com\/boutique\/les-sketchbooks\/artbook-a-litalienne\/tarifa\/#breadcrumb"},"inLanguage":"en-GB","potentialAction":[{"@type":"ReadAction","target":["https:\/\/alibabette-editions.com\/boutique\/les-sketchbooks\/artbook-a-litalienne\/tarifa\/"]}]},{"@type":"ImageObject","inLanguage":"en-GB","@id":"https:\/\/alibabette-editions.com\/boutique\/les-sketchbooks\/artbook-a-litalienne\/tarifa\/#primaryimage","url":"https:\/\/alibabette-editions.com\/wp-content\/uploads\/ABL004-Tarifa-r.jpeg","contentUrl":"https:\/\/alibabette-editions.com\/wp-content\/uploads\/ABL004-Tarifa-r.jpeg","width":1500,"height":1500},{"@type":"BreadcrumbList","@id":"https:\/\/alibabette-editions.com\/boutique\/les-sketchbooks\/artbook-a-litalienne\/tarifa\/#breadcrumb","itemListElement":[{"@type":"ListItem","position":1,"name":"Accueil","item":"https:\/\/alibabette-editions.com\/"},{"@type":"ListItem","position":2,"name":"Tout voir","item":"https:\/\/alibabette-editions.com\/boutique\/"},{"@type":"ListItem","position":3,"name":"Tarifa"}]},{"@type":"WebSite","@id":"https:\/\/alibabette-editions.com\/#website","url":"https:\/\/alibabette-editions.com\/","name":"Alibabette Editions","description":"","potentialAction":[{"@type":"SearchAction","target":{"@type":"EntryPoint","urlTemplate":"https:\/\/alibabette-editions.com\/?s={search_term_string}"},"query-input":{"@type":"PropertyValueSpecification","valueRequired":true,"valueName":"search_term_string"}}],"inLanguage":"en-GB"}]}},"_links":{"self":[{"href":"https:\/\/alibabette-editions.com\/en\/wp-json\/wp\/v2\/product\/22048","targetHints":{"allow":["GET"]}}],"collection":[{"href":"https:\/\/alibabette-editions.com\/en\/wp-json\/wp\/v2\/product"}],"about":[{"href":"https:\/\/alibabette-editions.com\/en\/wp-json\/wp\/v2\/types\/product"}],"wp:featuredmedia":[{"embeddable":true,"href":"https:\/\/alibabette-editions.com\/en\/wp-json\/wp\/v2\/media\/21971"}],"wp:attachment":[{"href":"https:\/\/alibabette-editions.com\/en\/wp-json\/wp\/v2\/media?parent=22048"}],"wp:term":[{"taxonomy":"product_brand","embeddable":true,"href":"https:\/\/alibabette-editions.com\/en\/wp-json\/wp\/v2\/product_brand?post=22048"},{"taxonomy":"product_cat","embeddable":true,"href":"https:\/\/alibabette-editions.com\/en\/wp-json\/wp\/v2\/product_cat?post=22048"},{"taxonomy":"product_tag","embeddable":true,"href":"https:\/\/alibabette-editions.com\/en\/wp-json\/wp\/v2\/product_tag?post=22048"}],"curies":[{"name":"wp","href":"https:\/\/api.w.org\/{rel}","templated":true}]}}