{"id":22044,"date":"2025-06-24T14:34:14","date_gmt":"2025-06-24T12:34:14","guid":{"rendered":"https:\/\/alibabette-editions.com\/?post_type=product&#038;p=22044"},"modified":"2025-06-24T14:37:11","modified_gmt":"2025-06-24T12:37:11","slug":"vitamine-c","status":"publish","type":"product","link":"https:\/\/alibabette-editions.com\/en\/boutique\/les-cahiers\/cahier\/vitamine-c\/","title":{"rendered":"Vitamine C"},"content":{"rendered":"","protected":false},"excerpt":{"rendered":"<p>Orange, pamplemousse, grenade\u2026 mais quel est le nom du quatri\u00e8me fruit \u00e0 la chair orang\u00e9e\u00a0? Il s\u2019agit du maja ou bael ou coing du Bengale, fruit d\u2019un arbre indien, l\u2019aegle marmelos. Vous aviez trouv\u00e9\u00a0?<\/p>\n<p>Format 17 x 22 cm<br \/>\nCahier piqu\u00e9 couture fil \u00e9cru<br \/>\nCoins arrondis<br \/>\nCouverture mate<br \/>\nPapier 100 g ivoire l\u00e9ger<br \/>\n64 pages lign\u00e9es et num\u00e9rot\u00e9es<\/p>","protected":false},"featured_media":22001,"template":"","meta":[],"product_brand":[],"product_cat":[502],"product_tag":[332,284],"class_list":{"0":"post-22044","1":"product","2":"type-product","3":"status-publish","4":"has-post-thumbnail","6":"product_cat-cahier","7":"product_tag-couture-apparente","8":"product_tag-nature","10":"first","11":"instock","12":"taxable","13":"shipping-taxable","14":"purchasable","15":"product-type-simple"},"yoast_head":"<!-- This site is optimized with the Yoast SEO plugin v26.8 - https:\/\/yoast.com\/product\/yoast-seo-wordpress\/ -->\n<title>Vitamine C - Alibabette Editions<\/title>\n<meta name=\"robots\" content=\"index, follow, max-snippet:-1, max-image-preview:large, max-video-preview:-1\" \/>\n<link rel=\"canonical\" href=\"https:\/\/alibabette-editions.com\/en\/boutique\/les-cahiers\/cahier\/vitamine-c\/\" \/>\n<meta property=\"og:locale\" content=\"en_GB\" \/>\n<meta property=\"og:type\" content=\"article\" \/>\n<meta property=\"og:title\" content=\"Vitamine C - Alibabette Editions\" \/>\n<meta property=\"og:description\" content=\"Orange, pamplemousse, grenade\u2026 mais quel est le nom du quatri\u00e8me fruit \u00e0 la chair orang\u00e9e\u00a0? Il s\u2019agit du maja ou bael ou coing du Bengale, fruit d\u2019un arbre indien, l\u2019aegle marmelos. Vous aviez trouv\u00e9\u00a0?  Format 17 x 22 cm Cahier piqu\u00e9 couture fil \u00e9cru Coins arrondis Couverture mate Papier 100 g ivoire l\u00e9ger 64 pages lign\u00e9es et num\u00e9rot\u00e9es\" \/>\n<meta property=\"og:url\" content=\"https:\/\/alibabette-editions.com\/en\/boutique\/les-cahiers\/cahier\/vitamine-c\/\" \/>\n<meta property=\"og:site_name\" content=\"Alibabette Editions\" \/>\n<meta property=\"article:modified_time\" content=\"2025-06-24T12:37:11+00:00\" \/>\n<meta property=\"og:image\" content=\"https:\/\/alibabette-editions.com\/wp-content\/uploads\/CH1P041-Vitamine-C-r.jpeg\" \/>\n\t<meta property=\"og:image:width\" content=\"1500\" \/>\n\t<meta property=\"og:image:height\" content=\"1500\" \/>\n\t<meta property=\"og:image:type\" content=\"image\/jpeg\" \/>\n<meta name=\"twitter:card\" content=\"summary_large_image\" \/>\n<meta name=\"twitter:label1\" content=\"Estimated reading time\" \/>\n\t<meta name=\"twitter:data1\" content=\"1 minute\" \/>\n<script type=\"application\/ld+json\" class=\"yoast-schema-graph\">{\"@context\":\"https:\/\/schema.org\",\"@graph\":[{\"@type\":\"WebPage\",\"@id\":\"https:\/\/alibabette-editions.com\/boutique\/les-cahiers\/cahier\/vitamine-c\/\",\"url\":\"https:\/\/alibabette-editions.com\/boutique\/les-cahiers\/cahier\/vitamine-c\/\",\"name\":\"Vitamine C - Alibabette Editions\",\"isPartOf\":{\"@id\":\"https:\/\/alibabette-editions.com\/#website\"},\"primaryImageOfPage\":{\"@id\":\"https:\/\/alibabette-editions.com\/boutique\/les-cahiers\/cahier\/vitamine-c\/#primaryimage\"},\"image\":{\"@id\":\"https:\/\/alibabette-editions.com\/boutique\/les-cahiers\/cahier\/vitamine-c\/#primaryimage\"},\"thumbnailUrl\":\"https:\/\/alibabette-editions.com\/wp-content\/uploads\/CH1P041-Vitamine-C-r.jpeg\",\"datePublished\":\"2025-06-24T12:34:14+00:00\",\"dateModified\":\"2025-06-24T12:37:11+00:00\",\"breadcrumb\":{\"@id\":\"https:\/\/alibabette-editions.com\/boutique\/les-cahiers\/cahier\/vitamine-c\/#breadcrumb\"},\"inLanguage\":\"en-GB\",\"potentialAction\":[{\"@type\":\"ReadAction\",\"target\":[\"https:\/\/alibabette-editions.com\/boutique\/les-cahiers\/cahier\/vitamine-c\/\"]}]},{\"@type\":\"ImageObject\",\"inLanguage\":\"en-GB\",\"@id\":\"https:\/\/alibabette-editions.com\/boutique\/les-cahiers\/cahier\/vitamine-c\/#primaryimage\",\"url\":\"https:\/\/alibabette-editions.com\/wp-content\/uploads\/CH1P041-Vitamine-C-r.jpeg\",\"contentUrl\":\"https:\/\/alibabette-editions.com\/wp-content\/uploads\/CH1P041-Vitamine-C-r.jpeg\",\"width\":1500,\"height\":1500},{\"@type\":\"BreadcrumbList\",\"@id\":\"https:\/\/alibabette-editions.com\/boutique\/les-cahiers\/cahier\/vitamine-c\/#breadcrumb\",\"itemListElement\":[{\"@type\":\"ListItem\",\"position\":1,\"name\":\"Accueil\",\"item\":\"https:\/\/alibabette-editions.com\/\"},{\"@type\":\"ListItem\",\"position\":2,\"name\":\"Tout voir\",\"item\":\"https:\/\/alibabette-editions.com\/boutique\/\"},{\"@type\":\"ListItem\",\"position\":3,\"name\":\"Vitamine C\"}]},{\"@type\":\"WebSite\",\"@id\":\"https:\/\/alibabette-editions.com\/#website\",\"url\":\"https:\/\/alibabette-editions.com\/\",\"name\":\"Alibabette Editions\",\"description\":\"\",\"potentialAction\":[{\"@type\":\"SearchAction\",\"target\":{\"@type\":\"EntryPoint\",\"urlTemplate\":\"https:\/\/alibabette-editions.com\/?s={search_term_string}\"},\"query-input\":{\"@type\":\"PropertyValueSpecification\",\"valueRequired\":true,\"valueName\":\"search_term_string\"}}],\"inLanguage\":\"en-GB\"}]}<\/script>\n<!-- \/ Yoast SEO plugin. -->","yoast_head_json":{"title":"Vitamine C - Alibabette Editions","robots":{"index":"index","follow":"follow","max-snippet":"max-snippet:-1","max-image-preview":"max-image-preview:large","max-video-preview":"max-video-preview:-1"},"canonical":"https:\/\/alibabette-editions.com\/en\/boutique\/les-cahiers\/cahier\/vitamine-c\/","og_locale":"en_GB","og_type":"article","og_title":"Vitamine C - Alibabette Editions","og_description":"Orange, pamplemousse, grenade\u2026 mais quel est le nom du quatri\u00e8me fruit \u00e0 la chair orang\u00e9e\u00a0? Il s\u2019agit du maja ou bael ou coing du Bengale, fruit d\u2019un arbre indien, l\u2019aegle marmelos. Vous aviez trouv\u00e9\u00a0?  Format 17 x 22 cm Cahier piqu\u00e9 couture fil \u00e9cru Coins arrondis Couverture mate Papier 100 g ivoire l\u00e9ger 64 pages lign\u00e9es et num\u00e9rot\u00e9es","og_url":"https:\/\/alibabette-editions.com\/en\/boutique\/les-cahiers\/cahier\/vitamine-c\/","og_site_name":"Alibabette Editions","article_modified_time":"2025-06-24T12:37:11+00:00","og_image":[{"width":1500,"height":1500,"url":"https:\/\/alibabette-editions.com\/wp-content\/uploads\/CH1P041-Vitamine-C-r.jpeg","type":"image\/jpeg"}],"twitter_card":"summary_large_image","twitter_misc":{"Estimated reading time":"1 minute"},"schema":{"@context":"https:\/\/schema.org","@graph":[{"@type":"WebPage","@id":"https:\/\/alibabette-editions.com\/boutique\/les-cahiers\/cahier\/vitamine-c\/","url":"https:\/\/alibabette-editions.com\/boutique\/les-cahiers\/cahier\/vitamine-c\/","name":"Vitamine C - Alibabette Editions","isPartOf":{"@id":"https:\/\/alibabette-editions.com\/#website"},"primaryImageOfPage":{"@id":"https:\/\/alibabette-editions.com\/boutique\/les-cahiers\/cahier\/vitamine-c\/#primaryimage"},"image":{"@id":"https:\/\/alibabette-editions.com\/boutique\/les-cahiers\/cahier\/vitamine-c\/#primaryimage"},"thumbnailUrl":"https:\/\/alibabette-editions.com\/wp-content\/uploads\/CH1P041-Vitamine-C-r.jpeg","datePublished":"2025-06-24T12:34:14+00:00","dateModified":"2025-06-24T12:37:11+00:00","breadcrumb":{"@id":"https:\/\/alibabette-editions.com\/boutique\/les-cahiers\/cahier\/vitamine-c\/#breadcrumb"},"inLanguage":"en-GB","potentialAction":[{"@type":"ReadAction","target":["https:\/\/alibabette-editions.com\/boutique\/les-cahiers\/cahier\/vitamine-c\/"]}]},{"@type":"ImageObject","inLanguage":"en-GB","@id":"https:\/\/alibabette-editions.com\/boutique\/les-cahiers\/cahier\/vitamine-c\/#primaryimage","url":"https:\/\/alibabette-editions.com\/wp-content\/uploads\/CH1P041-Vitamine-C-r.jpeg","contentUrl":"https:\/\/alibabette-editions.com\/wp-content\/uploads\/CH1P041-Vitamine-C-r.jpeg","width":1500,"height":1500},{"@type":"BreadcrumbList","@id":"https:\/\/alibabette-editions.com\/boutique\/les-cahiers\/cahier\/vitamine-c\/#breadcrumb","itemListElement":[{"@type":"ListItem","position":1,"name":"Accueil","item":"https:\/\/alibabette-editions.com\/"},{"@type":"ListItem","position":2,"name":"Tout voir","item":"https:\/\/alibabette-editions.com\/boutique\/"},{"@type":"ListItem","position":3,"name":"Vitamine C"}]},{"@type":"WebSite","@id":"https:\/\/alibabette-editions.com\/#website","url":"https:\/\/alibabette-editions.com\/","name":"Alibabette Editions","description":"","potentialAction":[{"@type":"SearchAction","target":{"@type":"EntryPoint","urlTemplate":"https:\/\/alibabette-editions.com\/?s={search_term_string}"},"query-input":{"@type":"PropertyValueSpecification","valueRequired":true,"valueName":"search_term_string"}}],"inLanguage":"en-GB"}]}},"_links":{"self":[{"href":"https:\/\/alibabette-editions.com\/en\/wp-json\/wp\/v2\/product\/22044","targetHints":{"allow":["GET"]}}],"collection":[{"href":"https:\/\/alibabette-editions.com\/en\/wp-json\/wp\/v2\/product"}],"about":[{"href":"https:\/\/alibabette-editions.com\/en\/wp-json\/wp\/v2\/types\/product"}],"wp:featuredmedia":[{"embeddable":true,"href":"https:\/\/alibabette-editions.com\/en\/wp-json\/wp\/v2\/media\/22001"}],"wp:attachment":[{"href":"https:\/\/alibabette-editions.com\/en\/wp-json\/wp\/v2\/media?parent=22044"}],"wp:term":[{"taxonomy":"product_brand","embeddable":true,"href":"https:\/\/alibabette-editions.com\/en\/wp-json\/wp\/v2\/product_brand?post=22044"},{"taxonomy":"product_cat","embeddable":true,"href":"https:\/\/alibabette-editions.com\/en\/wp-json\/wp\/v2\/product_cat?post=22044"},{"taxonomy":"product_tag","embeddable":true,"href":"https:\/\/alibabette-editions.com\/en\/wp-json\/wp\/v2\/product_tag?post=22044"}],"curies":[{"name":"wp","href":"https:\/\/api.w.org\/{rel}","templated":true}]}}