{"id":22038,"date":"2025-06-24T14:12:05","date_gmt":"2025-06-24T12:12:05","guid":{"rendered":"https:\/\/alibabette-editions.com\/?post_type=product&#038;p=22038"},"modified":"2025-06-24T14:14:43","modified_gmt":"2025-06-24T12:14:43","slug":"claude-monet","status":"publish","type":"product","link":"https:\/\/alibabette-editions.com\/en\/boutique\/la-petite-deco\/claude-monet\/","title":{"rendered":"Claude Monet"},"content":{"rendered":"","protected":false},"excerpt":{"rendered":"<p>Guirlande pr\u00eate \u00e0 suspendre compos\u00e9e de 12 cercles de papier fort de 11 cm de diam\u00e8tre, imprim\u00e9s des deux c\u00f4t\u00e9s.<br \/>\nLes cercles sont d\u00e9j\u00e0 mont\u00e9s sur une cordelette de couleur de 3 m de longueur.<br \/>\nLa cordelette peut \u00eatre raccourcie si n\u00e9cessaire.<br \/>\nLes cercles coulissent facilement.<\/p>\n<p>Chaque guirlande est pr\u00e9sent\u00e9e dans une bo\u00eete type \u00ab\u00a0bo\u00eete d\u2019allumettes\u00a0\u00bb de 16 x 16 cm.<br \/>\nCordelette vert tilleul.<\/p>\n<p>&nbsp;<\/p>","protected":false},"featured_media":21949,"template":"","meta":[],"product_brand":[],"product_cat":[549,504],"product_tag":[421,574,530,273,284,1052],"class_list":{"0":"post-22038","1":"product","2":"type-product","3":"status-publish","4":"has-post-thumbnail","6":"product_cat-la-petite-deco","7":"product_cat-guirlande","8":"product_tag-balade-au-musee","9":"product_tag-botanique","10":"product_tag-cercles","11":"product_tag-musee","12":"product_tag-nature","13":"product_tag-tableau","15":"first","16":"instock","17":"taxable","18":"shipping-taxable","19":"purchasable","20":"product-type-simple"},"yoast_head":"<!-- This site is optimized with the Yoast SEO plugin v26.8 - https:\/\/yoast.com\/product\/yoast-seo-wordpress\/ -->\n<title>Claude Monet - Alibabette Editions<\/title>\n<meta name=\"robots\" content=\"index, follow, max-snippet:-1, max-image-preview:large, max-video-preview:-1\" \/>\n<link rel=\"canonical\" href=\"https:\/\/alibabette-editions.com\/en\/boutique\/guirlande\/claude-monet\/\" \/>\n<meta property=\"og:locale\" content=\"en_GB\" \/>\n<meta property=\"og:type\" content=\"article\" \/>\n<meta property=\"og:title\" content=\"Claude Monet - Alibabette Editions\" \/>\n<meta property=\"og:description\" content=\"Guirlande pr\u00eate \u00e0 suspendre compos\u00e9e de 12 cercles de papier fort de 11 cm de diam\u00e8tre, imprim\u00e9s des deux c\u00f4t\u00e9s. Les cercles sont d\u00e9j\u00e0 mont\u00e9s sur une cordelette de couleur de 3 m de longueur. La cordelette peut \u00eatre raccourcie si n\u00e9cessaire. Les cercles coulissent facilement.  Chaque guirlande est pr\u00e9sent\u00e9e dans une bo\u00eete type \u00ab\u00a0bo\u00eete d\u2019allumettes\u00a0\u00bb de 16 x 16 cm. Cordelette vert tilleul.  &nbsp;\" \/>\n<meta property=\"og:url\" content=\"https:\/\/alibabette-editions.com\/en\/boutique\/guirlande\/claude-monet\/\" \/>\n<meta property=\"og:site_name\" content=\"Alibabette Editions\" \/>\n<meta property=\"article:modified_time\" content=\"2025-06-24T12:14:43+00:00\" \/>\n<meta property=\"og:image\" content=\"https:\/\/alibabette-editions.com\/wp-content\/uploads\/GUIR1009-Claude-Monet-r.jpeg\" \/>\n\t<meta property=\"og:image:width\" content=\"1500\" \/>\n\t<meta property=\"og:image:height\" content=\"1500\" \/>\n\t<meta property=\"og:image:type\" content=\"image\/jpeg\" \/>\n<meta name=\"twitter:card\" content=\"summary_large_image\" \/>\n<meta name=\"twitter:label1\" content=\"Estimated reading time\" \/>\n\t<meta name=\"twitter:data1\" content=\"1 minute\" \/>\n<script type=\"application\/ld+json\" class=\"yoast-schema-graph\">{\"@context\":\"https:\/\/schema.org\",\"@graph\":[{\"@type\":\"WebPage\",\"@id\":\"https:\/\/alibabette-editions.com\/boutique\/guirlande\/claude-monet\/\",\"url\":\"https:\/\/alibabette-editions.com\/boutique\/guirlande\/claude-monet\/\",\"name\":\"Claude Monet - Alibabette Editions\",\"isPartOf\":{\"@id\":\"https:\/\/alibabette-editions.com\/#website\"},\"primaryImageOfPage\":{\"@id\":\"https:\/\/alibabette-editions.com\/boutique\/guirlande\/claude-monet\/#primaryimage\"},\"image\":{\"@id\":\"https:\/\/alibabette-editions.com\/boutique\/guirlande\/claude-monet\/#primaryimage\"},\"thumbnailUrl\":\"https:\/\/alibabette-editions.com\/wp-content\/uploads\/GUIR1009-Claude-Monet-r.jpeg\",\"datePublished\":\"2025-06-24T12:12:05+00:00\",\"dateModified\":\"2025-06-24T12:14:43+00:00\",\"breadcrumb\":{\"@id\":\"https:\/\/alibabette-editions.com\/boutique\/guirlande\/claude-monet\/#breadcrumb\"},\"inLanguage\":\"en-GB\",\"potentialAction\":[{\"@type\":\"ReadAction\",\"target\":[\"https:\/\/alibabette-editions.com\/boutique\/guirlande\/claude-monet\/\"]}]},{\"@type\":\"ImageObject\",\"inLanguage\":\"en-GB\",\"@id\":\"https:\/\/alibabette-editions.com\/boutique\/guirlande\/claude-monet\/#primaryimage\",\"url\":\"https:\/\/alibabette-editions.com\/wp-content\/uploads\/GUIR1009-Claude-Monet-r.jpeg\",\"contentUrl\":\"https:\/\/alibabette-editions.com\/wp-content\/uploads\/GUIR1009-Claude-Monet-r.jpeg\",\"width\":1500,\"height\":1500},{\"@type\":\"BreadcrumbList\",\"@id\":\"https:\/\/alibabette-editions.com\/boutique\/guirlande\/claude-monet\/#breadcrumb\",\"itemListElement\":[{\"@type\":\"ListItem\",\"position\":1,\"name\":\"Accueil\",\"item\":\"https:\/\/alibabette-editions.com\/\"},{\"@type\":\"ListItem\",\"position\":2,\"name\":\"Tout voir\",\"item\":\"https:\/\/alibabette-editions.com\/boutique\/\"},{\"@type\":\"ListItem\",\"position\":3,\"name\":\"Claude Monet\"}]},{\"@type\":\"WebSite\",\"@id\":\"https:\/\/alibabette-editions.com\/#website\",\"url\":\"https:\/\/alibabette-editions.com\/\",\"name\":\"Alibabette Editions\",\"description\":\"\",\"potentialAction\":[{\"@type\":\"SearchAction\",\"target\":{\"@type\":\"EntryPoint\",\"urlTemplate\":\"https:\/\/alibabette-editions.com\/?s={search_term_string}\"},\"query-input\":{\"@type\":\"PropertyValueSpecification\",\"valueRequired\":true,\"valueName\":\"search_term_string\"}}],\"inLanguage\":\"en-GB\"}]}<\/script>\n<!-- \/ Yoast SEO plugin. -->","yoast_head_json":{"title":"Claude Monet - Alibabette Editions","robots":{"index":"index","follow":"follow","max-snippet":"max-snippet:-1","max-image-preview":"max-image-preview:large","max-video-preview":"max-video-preview:-1"},"canonical":"https:\/\/alibabette-editions.com\/en\/boutique\/guirlande\/claude-monet\/","og_locale":"en_GB","og_type":"article","og_title":"Claude Monet - Alibabette Editions","og_description":"Guirlande pr\u00eate \u00e0 suspendre compos\u00e9e de 12 cercles de papier fort de 11 cm de diam\u00e8tre, imprim\u00e9s des deux c\u00f4t\u00e9s. Les cercles sont d\u00e9j\u00e0 mont\u00e9s sur une cordelette de couleur de 3 m de longueur. La cordelette peut \u00eatre raccourcie si n\u00e9cessaire. Les cercles coulissent facilement.  Chaque guirlande est pr\u00e9sent\u00e9e dans une bo\u00eete type \u00ab\u00a0bo\u00eete d\u2019allumettes\u00a0\u00bb de 16 x 16 cm. Cordelette vert tilleul.  &nbsp;","og_url":"https:\/\/alibabette-editions.com\/en\/boutique\/guirlande\/claude-monet\/","og_site_name":"Alibabette Editions","article_modified_time":"2025-06-24T12:14:43+00:00","og_image":[{"width":1500,"height":1500,"url":"https:\/\/alibabette-editions.com\/wp-content\/uploads\/GUIR1009-Claude-Monet-r.jpeg","type":"image\/jpeg"}],"twitter_card":"summary_large_image","twitter_misc":{"Estimated reading time":"1 minute"},"schema":{"@context":"https:\/\/schema.org","@graph":[{"@type":"WebPage","@id":"https:\/\/alibabette-editions.com\/boutique\/guirlande\/claude-monet\/","url":"https:\/\/alibabette-editions.com\/boutique\/guirlande\/claude-monet\/","name":"Claude Monet - Alibabette Editions","isPartOf":{"@id":"https:\/\/alibabette-editions.com\/#website"},"primaryImageOfPage":{"@id":"https:\/\/alibabette-editions.com\/boutique\/guirlande\/claude-monet\/#primaryimage"},"image":{"@id":"https:\/\/alibabette-editions.com\/boutique\/guirlande\/claude-monet\/#primaryimage"},"thumbnailUrl":"https:\/\/alibabette-editions.com\/wp-content\/uploads\/GUIR1009-Claude-Monet-r.jpeg","datePublished":"2025-06-24T12:12:05+00:00","dateModified":"2025-06-24T12:14:43+00:00","breadcrumb":{"@id":"https:\/\/alibabette-editions.com\/boutique\/guirlande\/claude-monet\/#breadcrumb"},"inLanguage":"en-GB","potentialAction":[{"@type":"ReadAction","target":["https:\/\/alibabette-editions.com\/boutique\/guirlande\/claude-monet\/"]}]},{"@type":"ImageObject","inLanguage":"en-GB","@id":"https:\/\/alibabette-editions.com\/boutique\/guirlande\/claude-monet\/#primaryimage","url":"https:\/\/alibabette-editions.com\/wp-content\/uploads\/GUIR1009-Claude-Monet-r.jpeg","contentUrl":"https:\/\/alibabette-editions.com\/wp-content\/uploads\/GUIR1009-Claude-Monet-r.jpeg","width":1500,"height":1500},{"@type":"BreadcrumbList","@id":"https:\/\/alibabette-editions.com\/boutique\/guirlande\/claude-monet\/#breadcrumb","itemListElement":[{"@type":"ListItem","position":1,"name":"Accueil","item":"https:\/\/alibabette-editions.com\/"},{"@type":"ListItem","position":2,"name":"Tout voir","item":"https:\/\/alibabette-editions.com\/boutique\/"},{"@type":"ListItem","position":3,"name":"Claude Monet"}]},{"@type":"WebSite","@id":"https:\/\/alibabette-editions.com\/#website","url":"https:\/\/alibabette-editions.com\/","name":"Alibabette Editions","description":"","potentialAction":[{"@type":"SearchAction","target":{"@type":"EntryPoint","urlTemplate":"https:\/\/alibabette-editions.com\/?s={search_term_string}"},"query-input":{"@type":"PropertyValueSpecification","valueRequired":true,"valueName":"search_term_string"}}],"inLanguage":"en-GB"}]}},"_links":{"self":[{"href":"https:\/\/alibabette-editions.com\/en\/wp-json\/wp\/v2\/product\/22038","targetHints":{"allow":["GET"]}}],"collection":[{"href":"https:\/\/alibabette-editions.com\/en\/wp-json\/wp\/v2\/product"}],"about":[{"href":"https:\/\/alibabette-editions.com\/en\/wp-json\/wp\/v2\/types\/product"}],"wp:featuredmedia":[{"embeddable":true,"href":"https:\/\/alibabette-editions.com\/en\/wp-json\/wp\/v2\/media\/21949"}],"wp:attachment":[{"href":"https:\/\/alibabette-editions.com\/en\/wp-json\/wp\/v2\/media?parent=22038"}],"wp:term":[{"taxonomy":"product_brand","embeddable":true,"href":"https:\/\/alibabette-editions.com\/en\/wp-json\/wp\/v2\/product_brand?post=22038"},{"taxonomy":"product_cat","embeddable":true,"href":"https:\/\/alibabette-editions.com\/en\/wp-json\/wp\/v2\/product_cat?post=22038"},{"taxonomy":"product_tag","embeddable":true,"href":"https:\/\/alibabette-editions.com\/en\/wp-json\/wp\/v2\/product_tag?post=22038"}],"curies":[{"name":"wp","href":"https:\/\/api.w.org\/{rel}","templated":true}]}}