{"id":22031,"date":"2025-06-24T13:33:08","date_gmt":"2025-06-24T11:33:08","guid":{"rendered":"https:\/\/alibabette-editions.com\/?post_type=product&#038;p=22031"},"modified":"2025-06-24T13:48:42","modified_gmt":"2025-06-24T11:48:42","slug":"clementine","status":"publish","type":"product","link":"https:\/\/alibabette-editions.com\/en\/boutique\/les-carnets\/carnet-a6\/clementine\/","title":{"rendered":"Cl\u00e9mentine"},"content":{"rendered":"","protected":false},"excerpt":{"rendered":"<p>Assemblage de tissus de toutes origines et \u00e9poques, choisis pour leur teintes subtiles \u2013 cl\u00e9mentine et vert d\u2019eau \u2013 et leurs motifs tellement raffin\u00e9s.<\/p>\n<p>Format 10 x 15 cm<br \/>\nBroch\u00e9 dos carr\u00e9<br \/>\nCoins arrondis<br \/>\nCouverture soft-touch<br \/>\nPapier 100 g ivoire l\u00e9ger<br \/>\n100 pages lign\u00e9es et num\u00e9rot\u00e9es<br \/>\nGardes quadri<\/p>","protected":false},"featured_media":21995,"template":"","meta":[],"product_brand":[],"product_cat":[500,415],"product_tag":[332,418,531,394],"class_list":{"0":"post-22031","1":"product","2":"type-product","3":"status-publish","4":"has-post-thumbnail","6":"product_cat-les-carnets","7":"product_cat-carnet-a6","8":"product_tag-couture-apparente","9":"product_tag-fou-de-couleurs","10":"product_tag-tissu","11":"product_tag-tissus","13":"first","14":"instock","15":"taxable","16":"shipping-taxable","17":"purchasable","18":"product-type-simple"},"yoast_head":"<!-- This site is optimized with the Yoast SEO plugin v26.8 - https:\/\/yoast.com\/product\/yoast-seo-wordpress\/ -->\n<title>Cl\u00e9mentine - Alibabette Editions<\/title>\n<meta name=\"robots\" content=\"index, follow, max-snippet:-1, max-image-preview:large, max-video-preview:-1\" \/>\n<link rel=\"canonical\" href=\"https:\/\/alibabette-editions.com\/en\/boutique\/les-carnets\/carnet-a6\/clementine\/\" \/>\n<meta property=\"og:locale\" content=\"en_GB\" \/>\n<meta property=\"og:type\" content=\"article\" \/>\n<meta property=\"og:title\" content=\"Cl\u00e9mentine - Alibabette Editions\" \/>\n<meta property=\"og:description\" content=\"Assemblage de tissus de toutes origines et \u00e9poques, choisis pour leur teintes subtiles \u2013 cl\u00e9mentine et vert d\u2019eau \u2013 et leurs motifs tellement raffin\u00e9s.  Format 10 x 15 cm Broch\u00e9 dos carr\u00e9 Coins arrondis Couverture soft-touch Papier 100 g ivoire l\u00e9ger 100 pages lign\u00e9es et num\u00e9rot\u00e9es Gardes quadri\" \/>\n<meta property=\"og:url\" content=\"https:\/\/alibabette-editions.com\/en\/boutique\/les-carnets\/carnet-a6\/clementine\/\" \/>\n<meta property=\"og:site_name\" content=\"Alibabette Editions\" \/>\n<meta property=\"article:modified_time\" content=\"2025-06-24T11:48:42+00:00\" \/>\n<meta property=\"og:image\" content=\"https:\/\/alibabette-editions.com\/wp-content\/uploads\/CA2B030-Clementine-r.jpeg\" \/>\n\t<meta property=\"og:image:width\" content=\"1500\" \/>\n\t<meta property=\"og:image:height\" content=\"1500\" \/>\n\t<meta property=\"og:image:type\" content=\"image\/jpeg\" \/>\n<meta name=\"twitter:card\" content=\"summary_large_image\" \/>\n<meta name=\"twitter:label1\" content=\"Estimated reading time\" \/>\n\t<meta name=\"twitter:data1\" content=\"1 minute\" \/>\n<script type=\"application\/ld+json\" class=\"yoast-schema-graph\">{\"@context\":\"https:\/\/schema.org\",\"@graph\":[{\"@type\":\"WebPage\",\"@id\":\"https:\/\/alibabette-editions.com\/boutique\/les-carnets\/carnet-a6\/clementine\/\",\"url\":\"https:\/\/alibabette-editions.com\/boutique\/les-carnets\/carnet-a6\/clementine\/\",\"name\":\"Cl\u00e9mentine - Alibabette Editions\",\"isPartOf\":{\"@id\":\"https:\/\/alibabette-editions.com\/#website\"},\"primaryImageOfPage\":{\"@id\":\"https:\/\/alibabette-editions.com\/boutique\/les-carnets\/carnet-a6\/clementine\/#primaryimage\"},\"image\":{\"@id\":\"https:\/\/alibabette-editions.com\/boutique\/les-carnets\/carnet-a6\/clementine\/#primaryimage\"},\"thumbnailUrl\":\"https:\/\/alibabette-editions.com\/wp-content\/uploads\/CA2B030-Clementine-r.jpeg\",\"datePublished\":\"2025-06-24T11:33:08+00:00\",\"dateModified\":\"2025-06-24T11:48:42+00:00\",\"breadcrumb\":{\"@id\":\"https:\/\/alibabette-editions.com\/boutique\/les-carnets\/carnet-a6\/clementine\/#breadcrumb\"},\"inLanguage\":\"en-GB\",\"potentialAction\":[{\"@type\":\"ReadAction\",\"target\":[\"https:\/\/alibabette-editions.com\/boutique\/les-carnets\/carnet-a6\/clementine\/\"]}]},{\"@type\":\"ImageObject\",\"inLanguage\":\"en-GB\",\"@id\":\"https:\/\/alibabette-editions.com\/boutique\/les-carnets\/carnet-a6\/clementine\/#primaryimage\",\"url\":\"https:\/\/alibabette-editions.com\/wp-content\/uploads\/CA2B030-Clementine-r.jpeg\",\"contentUrl\":\"https:\/\/alibabette-editions.com\/wp-content\/uploads\/CA2B030-Clementine-r.jpeg\",\"width\":1500,\"height\":1500},{\"@type\":\"BreadcrumbList\",\"@id\":\"https:\/\/alibabette-editions.com\/boutique\/les-carnets\/carnet-a6\/clementine\/#breadcrumb\",\"itemListElement\":[{\"@type\":\"ListItem\",\"position\":1,\"name\":\"Accueil\",\"item\":\"https:\/\/alibabette-editions.com\/\"},{\"@type\":\"ListItem\",\"position\":2,\"name\":\"Tout voir\",\"item\":\"https:\/\/alibabette-editions.com\/boutique\/\"},{\"@type\":\"ListItem\",\"position\":3,\"name\":\"Cl\u00e9mentine\"}]},{\"@type\":\"WebSite\",\"@id\":\"https:\/\/alibabette-editions.com\/#website\",\"url\":\"https:\/\/alibabette-editions.com\/\",\"name\":\"Alibabette Editions\",\"description\":\"\",\"potentialAction\":[{\"@type\":\"SearchAction\",\"target\":{\"@type\":\"EntryPoint\",\"urlTemplate\":\"https:\/\/alibabette-editions.com\/?s={search_term_string}\"},\"query-input\":{\"@type\":\"PropertyValueSpecification\",\"valueRequired\":true,\"valueName\":\"search_term_string\"}}],\"inLanguage\":\"en-GB\"}]}<\/script>\n<!-- \/ Yoast SEO plugin. -->","yoast_head_json":{"title":"Cl\u00e9mentine - Alibabette Editions","robots":{"index":"index","follow":"follow","max-snippet":"max-snippet:-1","max-image-preview":"max-image-preview:large","max-video-preview":"max-video-preview:-1"},"canonical":"https:\/\/alibabette-editions.com\/en\/boutique\/les-carnets\/carnet-a6\/clementine\/","og_locale":"en_GB","og_type":"article","og_title":"Cl\u00e9mentine - Alibabette Editions","og_description":"Assemblage de tissus de toutes origines et \u00e9poques, choisis pour leur teintes subtiles \u2013 cl\u00e9mentine et vert d\u2019eau \u2013 et leurs motifs tellement raffin\u00e9s.  Format 10 x 15 cm Broch\u00e9 dos carr\u00e9 Coins arrondis Couverture soft-touch Papier 100 g ivoire l\u00e9ger 100 pages lign\u00e9es et num\u00e9rot\u00e9es Gardes quadri","og_url":"https:\/\/alibabette-editions.com\/en\/boutique\/les-carnets\/carnet-a6\/clementine\/","og_site_name":"Alibabette Editions","article_modified_time":"2025-06-24T11:48:42+00:00","og_image":[{"width":1500,"height":1500,"url":"https:\/\/alibabette-editions.com\/wp-content\/uploads\/CA2B030-Clementine-r.jpeg","type":"image\/jpeg"}],"twitter_card":"summary_large_image","twitter_misc":{"Estimated reading time":"1 minute"},"schema":{"@context":"https:\/\/schema.org","@graph":[{"@type":"WebPage","@id":"https:\/\/alibabette-editions.com\/boutique\/les-carnets\/carnet-a6\/clementine\/","url":"https:\/\/alibabette-editions.com\/boutique\/les-carnets\/carnet-a6\/clementine\/","name":"Cl\u00e9mentine - Alibabette Editions","isPartOf":{"@id":"https:\/\/alibabette-editions.com\/#website"},"primaryImageOfPage":{"@id":"https:\/\/alibabette-editions.com\/boutique\/les-carnets\/carnet-a6\/clementine\/#primaryimage"},"image":{"@id":"https:\/\/alibabette-editions.com\/boutique\/les-carnets\/carnet-a6\/clementine\/#primaryimage"},"thumbnailUrl":"https:\/\/alibabette-editions.com\/wp-content\/uploads\/CA2B030-Clementine-r.jpeg","datePublished":"2025-06-24T11:33:08+00:00","dateModified":"2025-06-24T11:48:42+00:00","breadcrumb":{"@id":"https:\/\/alibabette-editions.com\/boutique\/les-carnets\/carnet-a6\/clementine\/#breadcrumb"},"inLanguage":"en-GB","potentialAction":[{"@type":"ReadAction","target":["https:\/\/alibabette-editions.com\/boutique\/les-carnets\/carnet-a6\/clementine\/"]}]},{"@type":"ImageObject","inLanguage":"en-GB","@id":"https:\/\/alibabette-editions.com\/boutique\/les-carnets\/carnet-a6\/clementine\/#primaryimage","url":"https:\/\/alibabette-editions.com\/wp-content\/uploads\/CA2B030-Clementine-r.jpeg","contentUrl":"https:\/\/alibabette-editions.com\/wp-content\/uploads\/CA2B030-Clementine-r.jpeg","width":1500,"height":1500},{"@type":"BreadcrumbList","@id":"https:\/\/alibabette-editions.com\/boutique\/les-carnets\/carnet-a6\/clementine\/#breadcrumb","itemListElement":[{"@type":"ListItem","position":1,"name":"Accueil","item":"https:\/\/alibabette-editions.com\/"},{"@type":"ListItem","position":2,"name":"Tout voir","item":"https:\/\/alibabette-editions.com\/boutique\/"},{"@type":"ListItem","position":3,"name":"Cl\u00e9mentine"}]},{"@type":"WebSite","@id":"https:\/\/alibabette-editions.com\/#website","url":"https:\/\/alibabette-editions.com\/","name":"Alibabette Editions","description":"","potentialAction":[{"@type":"SearchAction","target":{"@type":"EntryPoint","urlTemplate":"https:\/\/alibabette-editions.com\/?s={search_term_string}"},"query-input":{"@type":"PropertyValueSpecification","valueRequired":true,"valueName":"search_term_string"}}],"inLanguage":"en-GB"}]}},"_links":{"self":[{"href":"https:\/\/alibabette-editions.com\/en\/wp-json\/wp\/v2\/product\/22031","targetHints":{"allow":["GET"]}}],"collection":[{"href":"https:\/\/alibabette-editions.com\/en\/wp-json\/wp\/v2\/product"}],"about":[{"href":"https:\/\/alibabette-editions.com\/en\/wp-json\/wp\/v2\/types\/product"}],"wp:featuredmedia":[{"embeddable":true,"href":"https:\/\/alibabette-editions.com\/en\/wp-json\/wp\/v2\/media\/21995"}],"wp:attachment":[{"href":"https:\/\/alibabette-editions.com\/en\/wp-json\/wp\/v2\/media?parent=22031"}],"wp:term":[{"taxonomy":"product_brand","embeddable":true,"href":"https:\/\/alibabette-editions.com\/en\/wp-json\/wp\/v2\/product_brand?post=22031"},{"taxonomy":"product_cat","embeddable":true,"href":"https:\/\/alibabette-editions.com\/en\/wp-json\/wp\/v2\/product_cat?post=22031"},{"taxonomy":"product_tag","embeddable":true,"href":"https:\/\/alibabette-editions.com\/en\/wp-json\/wp\/v2\/product_tag?post=22031"}],"curies":[{"name":"wp","href":"https:\/\/api.w.org\/{rel}","templated":true}]}}