{"id":22026,"date":"2025-06-24T12:07:25","date_gmt":"2025-06-24T10:07:25","guid":{"rendered":"https:\/\/alibabette-editions.com\/?post_type=product&#038;p=22026"},"modified":"2025-06-24T12:20:51","modified_gmt":"2025-06-24T10:20:51","slug":"black-white","status":"publish","type":"product","link":"https:\/\/alibabette-editions.com\/en\/boutique\/les-cahiers\/cahier\/black-white\/","title":{"rendered":"Black &#038; White"},"content":{"rendered":"","protected":false},"excerpt":{"rendered":"<p class=\"Aucunstyle\"><span style=\"font-family: 'Arial',sans-serif; color: #585956;\">Le tableau de Hilma af Klint (Su\u00e9doise, 1862-1944) qui a inspir\u00e9 la couverture de ce cahier s\u2019intitule, de mani\u00e8re assez \u00e9nigmatique, <i>Le point de vue de Bouddha sur la vie terrestre<\/i> (1920). Art abstrait et qu\u00eate de spiritualit\u00e9 se conjuguent chez cette artiste tr\u00e8s en avance sur son \u00e9poque.<\/span><\/p>\n<p>Format 17 x 22 cm<br \/>\nCahier piqu\u00e9 couture fil \u00e9cru<br \/>\nCoins arrondis<br \/>\nCouverture mate<br \/>\nPapier 100 g ivoire l\u00e9ger<br \/>\n64 pages lign\u00e9es et num\u00e9rot\u00e9es<\/p>","protected":false},"featured_media":22007,"template":"","meta":[],"product_brand":[],"product_cat":[502],"product_tag":[332,427,312],"class_list":{"0":"post-22026","1":"product","2":"type-product","3":"status-publish","4":"has-post-thumbnail","6":"product_cat-cahier","7":"product_tag-couture-apparente","8":"product_tag-motif-geometrique","9":"product_tag-noir-et-blanc","11":"first","12":"instock","13":"taxable","14":"shipping-taxable","15":"purchasable","16":"product-type-simple"},"yoast_head":"<!-- This site is optimized with the Yoast SEO plugin v26.8 - https:\/\/yoast.com\/product\/yoast-seo-wordpress\/ -->\n<title>Black &amp; White - Alibabette Editions<\/title>\n<meta name=\"robots\" content=\"index, follow, max-snippet:-1, max-image-preview:large, max-video-preview:-1\" \/>\n<link rel=\"canonical\" href=\"https:\/\/alibabette-editions.com\/en\/boutique\/les-cahiers\/cahier\/black-white\/\" \/>\n<meta property=\"og:locale\" content=\"en_GB\" \/>\n<meta property=\"og:type\" content=\"article\" \/>\n<meta property=\"og:title\" content=\"Black &amp; White - Alibabette Editions\" \/>\n<meta property=\"og:description\" content=\"Le tableau de Hilma af Klint (Su\u00e9doise, 1862-1944) qui a inspir\u00e9 la couverture de ce cahier s\u2019intitule, de mani\u00e8re assez \u00e9nigmatique, Le point de vue de Bouddha sur la vie terrestre (1920). Art abstrait et qu\u00eate de spiritualit\u00e9 se conjuguent chez cette artiste tr\u00e8s en avance sur son \u00e9poque. Format 17 x 22 cm Cahier piqu\u00e9 couture fil \u00e9cru Coins arrondis Couverture mate Papier 100 g ivoire l\u00e9ger 64 pages lign\u00e9es et num\u00e9rot\u00e9es\" \/>\n<meta property=\"og:url\" content=\"https:\/\/alibabette-editions.com\/en\/boutique\/les-cahiers\/cahier\/black-white\/\" \/>\n<meta property=\"og:site_name\" content=\"Alibabette Editions\" \/>\n<meta property=\"article:modified_time\" content=\"2025-06-24T10:20:51+00:00\" \/>\n<meta property=\"og:image\" content=\"https:\/\/alibabette-editions.com\/wp-content\/uploads\/CH1P044-Black-and-White-r.jpeg\" \/>\n\t<meta property=\"og:image:width\" content=\"1500\" \/>\n\t<meta property=\"og:image:height\" content=\"1500\" \/>\n\t<meta property=\"og:image:type\" content=\"image\/jpeg\" \/>\n<meta name=\"twitter:card\" content=\"summary_large_image\" \/>\n<meta name=\"twitter:label1\" content=\"Estimated reading time\" \/>\n\t<meta name=\"twitter:data1\" content=\"1 minute\" \/>\n<script type=\"application\/ld+json\" class=\"yoast-schema-graph\">{\"@context\":\"https:\/\/schema.org\",\"@graph\":[{\"@type\":\"WebPage\",\"@id\":\"https:\/\/alibabette-editions.com\/boutique\/les-cahiers\/cahier\/black-white\/\",\"url\":\"https:\/\/alibabette-editions.com\/boutique\/les-cahiers\/cahier\/black-white\/\",\"name\":\"Black & White - Alibabette Editions\",\"isPartOf\":{\"@id\":\"https:\/\/alibabette-editions.com\/#website\"},\"primaryImageOfPage\":{\"@id\":\"https:\/\/alibabette-editions.com\/boutique\/les-cahiers\/cahier\/black-white\/#primaryimage\"},\"image\":{\"@id\":\"https:\/\/alibabette-editions.com\/boutique\/les-cahiers\/cahier\/black-white\/#primaryimage\"},\"thumbnailUrl\":\"https:\/\/alibabette-editions.com\/wp-content\/uploads\/CH1P044-Black-and-White-r.jpeg\",\"datePublished\":\"2025-06-24T10:07:25+00:00\",\"dateModified\":\"2025-06-24T10:20:51+00:00\",\"breadcrumb\":{\"@id\":\"https:\/\/alibabette-editions.com\/boutique\/les-cahiers\/cahier\/black-white\/#breadcrumb\"},\"inLanguage\":\"en-GB\",\"potentialAction\":[{\"@type\":\"ReadAction\",\"target\":[\"https:\/\/alibabette-editions.com\/boutique\/les-cahiers\/cahier\/black-white\/\"]}]},{\"@type\":\"ImageObject\",\"inLanguage\":\"en-GB\",\"@id\":\"https:\/\/alibabette-editions.com\/boutique\/les-cahiers\/cahier\/black-white\/#primaryimage\",\"url\":\"https:\/\/alibabette-editions.com\/wp-content\/uploads\/CH1P044-Black-and-White-r.jpeg\",\"contentUrl\":\"https:\/\/alibabette-editions.com\/wp-content\/uploads\/CH1P044-Black-and-White-r.jpeg\",\"width\":1500,\"height\":1500},{\"@type\":\"BreadcrumbList\",\"@id\":\"https:\/\/alibabette-editions.com\/boutique\/les-cahiers\/cahier\/black-white\/#breadcrumb\",\"itemListElement\":[{\"@type\":\"ListItem\",\"position\":1,\"name\":\"Accueil\",\"item\":\"https:\/\/alibabette-editions.com\/\"},{\"@type\":\"ListItem\",\"position\":2,\"name\":\"Tout voir\",\"item\":\"https:\/\/alibabette-editions.com\/boutique\/\"},{\"@type\":\"ListItem\",\"position\":3,\"name\":\"Black &#038; White\"}]},{\"@type\":\"WebSite\",\"@id\":\"https:\/\/alibabette-editions.com\/#website\",\"url\":\"https:\/\/alibabette-editions.com\/\",\"name\":\"Alibabette Editions\",\"description\":\"\",\"potentialAction\":[{\"@type\":\"SearchAction\",\"target\":{\"@type\":\"EntryPoint\",\"urlTemplate\":\"https:\/\/alibabette-editions.com\/?s={search_term_string}\"},\"query-input\":{\"@type\":\"PropertyValueSpecification\",\"valueRequired\":true,\"valueName\":\"search_term_string\"}}],\"inLanguage\":\"en-GB\"}]}<\/script>\n<!-- \/ Yoast SEO plugin. -->","yoast_head_json":{"title":"Black & White - Alibabette Editions","robots":{"index":"index","follow":"follow","max-snippet":"max-snippet:-1","max-image-preview":"max-image-preview:large","max-video-preview":"max-video-preview:-1"},"canonical":"https:\/\/alibabette-editions.com\/en\/boutique\/les-cahiers\/cahier\/black-white\/","og_locale":"en_GB","og_type":"article","og_title":"Black & White - Alibabette Editions","og_description":"Le tableau de Hilma af Klint (Su\u00e9doise, 1862-1944) qui a inspir\u00e9 la couverture de ce cahier s\u2019intitule, de mani\u00e8re assez \u00e9nigmatique, Le point de vue de Bouddha sur la vie terrestre (1920). Art abstrait et qu\u00eate de spiritualit\u00e9 se conjuguent chez cette artiste tr\u00e8s en avance sur son \u00e9poque. Format 17 x 22 cm Cahier piqu\u00e9 couture fil \u00e9cru Coins arrondis Couverture mate Papier 100 g ivoire l\u00e9ger 64 pages lign\u00e9es et num\u00e9rot\u00e9es","og_url":"https:\/\/alibabette-editions.com\/en\/boutique\/les-cahiers\/cahier\/black-white\/","og_site_name":"Alibabette Editions","article_modified_time":"2025-06-24T10:20:51+00:00","og_image":[{"width":1500,"height":1500,"url":"https:\/\/alibabette-editions.com\/wp-content\/uploads\/CH1P044-Black-and-White-r.jpeg","type":"image\/jpeg"}],"twitter_card":"summary_large_image","twitter_misc":{"Estimated reading time":"1 minute"},"schema":{"@context":"https:\/\/schema.org","@graph":[{"@type":"WebPage","@id":"https:\/\/alibabette-editions.com\/boutique\/les-cahiers\/cahier\/black-white\/","url":"https:\/\/alibabette-editions.com\/boutique\/les-cahiers\/cahier\/black-white\/","name":"Black & White - Alibabette Editions","isPartOf":{"@id":"https:\/\/alibabette-editions.com\/#website"},"primaryImageOfPage":{"@id":"https:\/\/alibabette-editions.com\/boutique\/les-cahiers\/cahier\/black-white\/#primaryimage"},"image":{"@id":"https:\/\/alibabette-editions.com\/boutique\/les-cahiers\/cahier\/black-white\/#primaryimage"},"thumbnailUrl":"https:\/\/alibabette-editions.com\/wp-content\/uploads\/CH1P044-Black-and-White-r.jpeg","datePublished":"2025-06-24T10:07:25+00:00","dateModified":"2025-06-24T10:20:51+00:00","breadcrumb":{"@id":"https:\/\/alibabette-editions.com\/boutique\/les-cahiers\/cahier\/black-white\/#breadcrumb"},"inLanguage":"en-GB","potentialAction":[{"@type":"ReadAction","target":["https:\/\/alibabette-editions.com\/boutique\/les-cahiers\/cahier\/black-white\/"]}]},{"@type":"ImageObject","inLanguage":"en-GB","@id":"https:\/\/alibabette-editions.com\/boutique\/les-cahiers\/cahier\/black-white\/#primaryimage","url":"https:\/\/alibabette-editions.com\/wp-content\/uploads\/CH1P044-Black-and-White-r.jpeg","contentUrl":"https:\/\/alibabette-editions.com\/wp-content\/uploads\/CH1P044-Black-and-White-r.jpeg","width":1500,"height":1500},{"@type":"BreadcrumbList","@id":"https:\/\/alibabette-editions.com\/boutique\/les-cahiers\/cahier\/black-white\/#breadcrumb","itemListElement":[{"@type":"ListItem","position":1,"name":"Accueil","item":"https:\/\/alibabette-editions.com\/"},{"@type":"ListItem","position":2,"name":"Tout voir","item":"https:\/\/alibabette-editions.com\/boutique\/"},{"@type":"ListItem","position":3,"name":"Black &#038; White"}]},{"@type":"WebSite","@id":"https:\/\/alibabette-editions.com\/#website","url":"https:\/\/alibabette-editions.com\/","name":"Alibabette Editions","description":"","potentialAction":[{"@type":"SearchAction","target":{"@type":"EntryPoint","urlTemplate":"https:\/\/alibabette-editions.com\/?s={search_term_string}"},"query-input":{"@type":"PropertyValueSpecification","valueRequired":true,"valueName":"search_term_string"}}],"inLanguage":"en-GB"}]}},"_links":{"self":[{"href":"https:\/\/alibabette-editions.com\/en\/wp-json\/wp\/v2\/product\/22026","targetHints":{"allow":["GET"]}}],"collection":[{"href":"https:\/\/alibabette-editions.com\/en\/wp-json\/wp\/v2\/product"}],"about":[{"href":"https:\/\/alibabette-editions.com\/en\/wp-json\/wp\/v2\/types\/product"}],"wp:featuredmedia":[{"embeddable":true,"href":"https:\/\/alibabette-editions.com\/en\/wp-json\/wp\/v2\/media\/22007"}],"wp:attachment":[{"href":"https:\/\/alibabette-editions.com\/en\/wp-json\/wp\/v2\/media?parent=22026"}],"wp:term":[{"taxonomy":"product_brand","embeddable":true,"href":"https:\/\/alibabette-editions.com\/en\/wp-json\/wp\/v2\/product_brand?post=22026"},{"taxonomy":"product_cat","embeddable":true,"href":"https:\/\/alibabette-editions.com\/en\/wp-json\/wp\/v2\/product_cat?post=22026"},{"taxonomy":"product_tag","embeddable":true,"href":"https:\/\/alibabette-editions.com\/en\/wp-json\/wp\/v2\/product_tag?post=22026"}],"curies":[{"name":"wp","href":"https:\/\/api.w.org\/{rel}","templated":true}]}}