{"id":22025,"date":"2025-06-24T12:01:36","date_gmt":"2025-06-24T10:01:36","guid":{"rendered":"https:\/\/alibabette-editions.com\/?post_type=product&#038;p=22025"},"modified":"2025-06-24T12:06:56","modified_gmt":"2025-06-24T10:06:56","slug":"les-superbes","status":"publish","type":"product","link":"https:\/\/alibabette-editions.com\/en\/boutique\/les-cahiers\/cahier\/les-superbes\/","title":{"rendered":"Les superbes"},"content":{"rendered":"","protected":false},"excerpt":{"rendered":"<p class=\"Aucunstyle\"><span style=\"font-family: 'Arial',sans-serif; color: #585956;\">Graines, fruits, feuilles, fleurs, quels prodiges\u2009! Quelle folle cr\u00e9ativit\u00e9, quelle infinie diversit\u00e9 dans ces pures merveilles\u2009!<\/span><\/p>\n<p>Format 17 x 22 cm<br \/>\nCahier piqu\u00e9 couture fil \u00e9cru<br \/>\nCoins arrondis<br \/>\nCouverture mate<br \/>\nPapier 100 g ivoire l\u00e9ger<br \/>\n64 pages lign\u00e9es et num\u00e9rot\u00e9es<\/p>","protected":false},"featured_media":22005,"template":"","meta":[],"product_brand":[],"product_cat":[502],"product_tag":[574,332,284],"class_list":{"0":"post-22025","1":"product","2":"type-product","3":"status-publish","4":"has-post-thumbnail","6":"product_cat-cahier","7":"product_tag-botanique","8":"product_tag-couture-apparente","9":"product_tag-nature","11":"first","12":"instock","13":"taxable","14":"shipping-taxable","15":"purchasable","16":"product-type-simple"},"yoast_head":"<!-- This site is optimized with the Yoast SEO plugin v26.8 - https:\/\/yoast.com\/product\/yoast-seo-wordpress\/ -->\n<title>Les superbes - Alibabette Editions<\/title>\n<meta name=\"robots\" content=\"index, follow, max-snippet:-1, max-image-preview:large, max-video-preview:-1\" \/>\n<link rel=\"canonical\" href=\"https:\/\/alibabette-editions.com\/en\/boutique\/les-cahiers\/cahier\/les-superbes\/\" \/>\n<meta property=\"og:locale\" content=\"en_GB\" \/>\n<meta property=\"og:type\" content=\"article\" \/>\n<meta property=\"og:title\" content=\"Les superbes - Alibabette Editions\" \/>\n<meta property=\"og:description\" content=\"Graines, fruits, feuilles, fleurs, quels prodiges\u2009! Quelle folle cr\u00e9ativit\u00e9, quelle infinie diversit\u00e9 dans ces pures merveilles\u2009! Format 17 x 22 cm Cahier piqu\u00e9 couture fil \u00e9cru Coins arrondis Couverture mate Papier 100 g ivoire l\u00e9ger 64 pages lign\u00e9es et num\u00e9rot\u00e9es\" \/>\n<meta property=\"og:url\" content=\"https:\/\/alibabette-editions.com\/en\/boutique\/les-cahiers\/cahier\/les-superbes\/\" \/>\n<meta property=\"og:site_name\" content=\"Alibabette Editions\" \/>\n<meta property=\"article:modified_time\" content=\"2025-06-24T10:06:56+00:00\" \/>\n<meta property=\"og:image\" content=\"https:\/\/alibabette-editions.com\/wp-content\/uploads\/CH1P043-Les-superbes-r.jpeg\" \/>\n\t<meta property=\"og:image:width\" content=\"1500\" \/>\n\t<meta property=\"og:image:height\" content=\"1500\" \/>\n\t<meta property=\"og:image:type\" content=\"image\/jpeg\" \/>\n<meta name=\"twitter:card\" content=\"summary_large_image\" \/>\n<meta name=\"twitter:label1\" content=\"Estimated reading time\" \/>\n\t<meta name=\"twitter:data1\" content=\"1 minute\" \/>\n<script type=\"application\/ld+json\" class=\"yoast-schema-graph\">{\"@context\":\"https:\/\/schema.org\",\"@graph\":[{\"@type\":\"WebPage\",\"@id\":\"https:\/\/alibabette-editions.com\/boutique\/les-cahiers\/cahier\/les-superbes\/\",\"url\":\"https:\/\/alibabette-editions.com\/boutique\/les-cahiers\/cahier\/les-superbes\/\",\"name\":\"Les superbes - Alibabette Editions\",\"isPartOf\":{\"@id\":\"https:\/\/alibabette-editions.com\/#website\"},\"primaryImageOfPage\":{\"@id\":\"https:\/\/alibabette-editions.com\/boutique\/les-cahiers\/cahier\/les-superbes\/#primaryimage\"},\"image\":{\"@id\":\"https:\/\/alibabette-editions.com\/boutique\/les-cahiers\/cahier\/les-superbes\/#primaryimage\"},\"thumbnailUrl\":\"https:\/\/alibabette-editions.com\/wp-content\/uploads\/CH1P043-Les-superbes-r.jpeg\",\"datePublished\":\"2025-06-24T10:01:36+00:00\",\"dateModified\":\"2025-06-24T10:06:56+00:00\",\"breadcrumb\":{\"@id\":\"https:\/\/alibabette-editions.com\/boutique\/les-cahiers\/cahier\/les-superbes\/#breadcrumb\"},\"inLanguage\":\"en-GB\",\"potentialAction\":[{\"@type\":\"ReadAction\",\"target\":[\"https:\/\/alibabette-editions.com\/boutique\/les-cahiers\/cahier\/les-superbes\/\"]}]},{\"@type\":\"ImageObject\",\"inLanguage\":\"en-GB\",\"@id\":\"https:\/\/alibabette-editions.com\/boutique\/les-cahiers\/cahier\/les-superbes\/#primaryimage\",\"url\":\"https:\/\/alibabette-editions.com\/wp-content\/uploads\/CH1P043-Les-superbes-r.jpeg\",\"contentUrl\":\"https:\/\/alibabette-editions.com\/wp-content\/uploads\/CH1P043-Les-superbes-r.jpeg\",\"width\":1500,\"height\":1500},{\"@type\":\"BreadcrumbList\",\"@id\":\"https:\/\/alibabette-editions.com\/boutique\/les-cahiers\/cahier\/les-superbes\/#breadcrumb\",\"itemListElement\":[{\"@type\":\"ListItem\",\"position\":1,\"name\":\"Accueil\",\"item\":\"https:\/\/alibabette-editions.com\/\"},{\"@type\":\"ListItem\",\"position\":2,\"name\":\"Tout voir\",\"item\":\"https:\/\/alibabette-editions.com\/boutique\/\"},{\"@type\":\"ListItem\",\"position\":3,\"name\":\"Les superbes\"}]},{\"@type\":\"WebSite\",\"@id\":\"https:\/\/alibabette-editions.com\/#website\",\"url\":\"https:\/\/alibabette-editions.com\/\",\"name\":\"Alibabette Editions\",\"description\":\"\",\"potentialAction\":[{\"@type\":\"SearchAction\",\"target\":{\"@type\":\"EntryPoint\",\"urlTemplate\":\"https:\/\/alibabette-editions.com\/?s={search_term_string}\"},\"query-input\":{\"@type\":\"PropertyValueSpecification\",\"valueRequired\":true,\"valueName\":\"search_term_string\"}}],\"inLanguage\":\"en-GB\"}]}<\/script>\n<!-- \/ Yoast SEO plugin. -->","yoast_head_json":{"title":"Les superbes - Alibabette Editions","robots":{"index":"index","follow":"follow","max-snippet":"max-snippet:-1","max-image-preview":"max-image-preview:large","max-video-preview":"max-video-preview:-1"},"canonical":"https:\/\/alibabette-editions.com\/en\/boutique\/les-cahiers\/cahier\/les-superbes\/","og_locale":"en_GB","og_type":"article","og_title":"Les superbes - Alibabette Editions","og_description":"Graines, fruits, feuilles, fleurs, quels prodiges\u2009! Quelle folle cr\u00e9ativit\u00e9, quelle infinie diversit\u00e9 dans ces pures merveilles\u2009! Format 17 x 22 cm Cahier piqu\u00e9 couture fil \u00e9cru Coins arrondis Couverture mate Papier 100 g ivoire l\u00e9ger 64 pages lign\u00e9es et num\u00e9rot\u00e9es","og_url":"https:\/\/alibabette-editions.com\/en\/boutique\/les-cahiers\/cahier\/les-superbes\/","og_site_name":"Alibabette Editions","article_modified_time":"2025-06-24T10:06:56+00:00","og_image":[{"width":1500,"height":1500,"url":"https:\/\/alibabette-editions.com\/wp-content\/uploads\/CH1P043-Les-superbes-r.jpeg","type":"image\/jpeg"}],"twitter_card":"summary_large_image","twitter_misc":{"Estimated reading time":"1 minute"},"schema":{"@context":"https:\/\/schema.org","@graph":[{"@type":"WebPage","@id":"https:\/\/alibabette-editions.com\/boutique\/les-cahiers\/cahier\/les-superbes\/","url":"https:\/\/alibabette-editions.com\/boutique\/les-cahiers\/cahier\/les-superbes\/","name":"Les superbes - Alibabette Editions","isPartOf":{"@id":"https:\/\/alibabette-editions.com\/#website"},"primaryImageOfPage":{"@id":"https:\/\/alibabette-editions.com\/boutique\/les-cahiers\/cahier\/les-superbes\/#primaryimage"},"image":{"@id":"https:\/\/alibabette-editions.com\/boutique\/les-cahiers\/cahier\/les-superbes\/#primaryimage"},"thumbnailUrl":"https:\/\/alibabette-editions.com\/wp-content\/uploads\/CH1P043-Les-superbes-r.jpeg","datePublished":"2025-06-24T10:01:36+00:00","dateModified":"2025-06-24T10:06:56+00:00","breadcrumb":{"@id":"https:\/\/alibabette-editions.com\/boutique\/les-cahiers\/cahier\/les-superbes\/#breadcrumb"},"inLanguage":"en-GB","potentialAction":[{"@type":"ReadAction","target":["https:\/\/alibabette-editions.com\/boutique\/les-cahiers\/cahier\/les-superbes\/"]}]},{"@type":"ImageObject","inLanguage":"en-GB","@id":"https:\/\/alibabette-editions.com\/boutique\/les-cahiers\/cahier\/les-superbes\/#primaryimage","url":"https:\/\/alibabette-editions.com\/wp-content\/uploads\/CH1P043-Les-superbes-r.jpeg","contentUrl":"https:\/\/alibabette-editions.com\/wp-content\/uploads\/CH1P043-Les-superbes-r.jpeg","width":1500,"height":1500},{"@type":"BreadcrumbList","@id":"https:\/\/alibabette-editions.com\/boutique\/les-cahiers\/cahier\/les-superbes\/#breadcrumb","itemListElement":[{"@type":"ListItem","position":1,"name":"Accueil","item":"https:\/\/alibabette-editions.com\/"},{"@type":"ListItem","position":2,"name":"Tout voir","item":"https:\/\/alibabette-editions.com\/boutique\/"},{"@type":"ListItem","position":3,"name":"Les superbes"}]},{"@type":"WebSite","@id":"https:\/\/alibabette-editions.com\/#website","url":"https:\/\/alibabette-editions.com\/","name":"Alibabette Editions","description":"","potentialAction":[{"@type":"SearchAction","target":{"@type":"EntryPoint","urlTemplate":"https:\/\/alibabette-editions.com\/?s={search_term_string}"},"query-input":{"@type":"PropertyValueSpecification","valueRequired":true,"valueName":"search_term_string"}}],"inLanguage":"en-GB"}]}},"_links":{"self":[{"href":"https:\/\/alibabette-editions.com\/en\/wp-json\/wp\/v2\/product\/22025","targetHints":{"allow":["GET"]}}],"collection":[{"href":"https:\/\/alibabette-editions.com\/en\/wp-json\/wp\/v2\/product"}],"about":[{"href":"https:\/\/alibabette-editions.com\/en\/wp-json\/wp\/v2\/types\/product"}],"wp:featuredmedia":[{"embeddable":true,"href":"https:\/\/alibabette-editions.com\/en\/wp-json\/wp\/v2\/media\/22005"}],"wp:attachment":[{"href":"https:\/\/alibabette-editions.com\/en\/wp-json\/wp\/v2\/media?parent=22025"}],"wp:term":[{"taxonomy":"product_brand","embeddable":true,"href":"https:\/\/alibabette-editions.com\/en\/wp-json\/wp\/v2\/product_brand?post=22025"},{"taxonomy":"product_cat","embeddable":true,"href":"https:\/\/alibabette-editions.com\/en\/wp-json\/wp\/v2\/product_cat?post=22025"},{"taxonomy":"product_tag","embeddable":true,"href":"https:\/\/alibabette-editions.com\/en\/wp-json\/wp\/v2\/product_tag?post=22025"}],"curies":[{"name":"wp","href":"https:\/\/api.w.org\/{rel}","templated":true}]}}