{"id":22021,"date":"2025-06-24T11:32:55","date_gmt":"2025-06-24T09:32:55","guid":{"rendered":"https:\/\/alibabette-editions.com\/?post_type=product&#038;p=22021"},"modified":"2025-06-24T11:37:03","modified_gmt":"2025-06-24T09:37:03","slug":"franz-mark-cheval-bleu","status":"publish","type":"product","link":"https:\/\/alibabette-editions.com\/en\/boutique\/les-sketchbooks\/pocket-artbook\/franz-mark-cheval-bleu\/","title":{"rendered":"Franz Mark-cheval bleu"},"content":{"rendered":"","protected":false},"excerpt":{"rendered":"<p>Ce \u00ab\u00a0Cheval Bleu I\u00a0\u00bbde Franz Marc (Allemand, 1880-1916) date de 1911. C\u2019est \u00e0 ce moment-l\u00e0 que se constitue \u00e0 Munich, autour de Kandinsky et Marc, le mouvement Der Blaue Reiter. Kandinsky dira en 1930 que ce titre avait \u00e9t\u00e9 choisi parce que \u00ab\u00a0nous aimions tous les deux le bleu, Marc aimait les chevaux, moi les cavaliers \u00bb (A. et L. Vezin, Kandinsky et le Cavalier bleu, \u00c9d. Pierre Terrail, septembre 1991). St\u00e4dtische Galerie im Lenbachhaus, Munich.<\/p>\n<p>Format 12 x 17 cm<br \/>\nReliure avec couture apparente en fil \u00e9cru<br \/>\nOuverture \u00e0 plat<br \/>\nPapier \u00e0 dessin non acide 100 g<br \/>\n144 pages<\/p>","protected":false},"featured_media":21962,"template":"","meta":[],"product_brand":[],"product_cat":[610],"product_tag":[584,421,285,333,332,284,325,335,1052],"class_list":{"0":"post-22021","1":"product","2":"type-product","3":"status-publish","4":"has-post-thumbnail","6":"product_cat-pocket-artbook","7":"product_tag-animal","8":"product_tag-balade-au-musee","9":"product_tag-bleu","10":"product_tag-carnet-de-croquis","11":"product_tag-couture-apparente","12":"product_tag-nature","13":"product_tag-papier-a-dessin","14":"product_tag-sketchbook","15":"product_tag-tableau","17":"first","18":"instock","19":"taxable","20":"shipping-taxable","21":"purchasable","22":"product-type-simple"},"yoast_head":"<!-- This site is optimized with the Yoast SEO plugin v26.8 - https:\/\/yoast.com\/product\/yoast-seo-wordpress\/ -->\n<title>Franz Mark-cheval bleu - Alibabette Editions<\/title>\n<meta name=\"robots\" content=\"index, follow, max-snippet:-1, max-image-preview:large, max-video-preview:-1\" \/>\n<link rel=\"canonical\" href=\"https:\/\/alibabette-editions.com\/en\/boutique\/les-sketchbooks\/pocket-artbook\/franz-mark-cheval-bleu\/\" \/>\n<meta property=\"og:locale\" content=\"en_GB\" \/>\n<meta property=\"og:type\" content=\"article\" \/>\n<meta property=\"og:title\" content=\"Franz Mark-cheval bleu - Alibabette Editions\" \/>\n<meta property=\"og:description\" content=\"Ce \u00ab\u00a0Cheval Bleu I\u00a0\u00bbde Franz Marc (Allemand, 1880-1916) date de 1911. C\u2019est \u00e0 ce moment-l\u00e0 que se constitue \u00e0 Munich, autour de Kandinsky et Marc, le mouvement Der Blaue Reiter. Kandinsky dira en 1930 que ce titre avait \u00e9t\u00e9 choisi parce que \u00ab\u00a0nous aimions tous les deux le bleu, Marc aimait les chevaux, moi les cavaliers \u00bb (A. et L. Vezin, Kandinsky et le Cavalier bleu, \u00c9d. Pierre Terrail, septembre 1991). St\u00e4dtische Galerie im Lenbachhaus, Munich.  Format 12 x 17 cm Reliure avec couture apparente en fil \u00e9cru Ouverture \u00e0 plat Papier \u00e0 dessin non acide 100 g 144 pages\" \/>\n<meta property=\"og:url\" content=\"https:\/\/alibabette-editions.com\/en\/boutique\/les-sketchbooks\/pocket-artbook\/franz-mark-cheval-bleu\/\" \/>\n<meta property=\"og:site_name\" content=\"Alibabette Editions\" \/>\n<meta property=\"article:modified_time\" content=\"2025-06-24T09:37:03+00:00\" \/>\n<meta property=\"og:image\" content=\"https:\/\/alibabette-editions.com\/wp-content\/uploads\/AB2B026-Franz-Mark-Cheval-bleu-r.jpeg\" \/>\n\t<meta property=\"og:image:width\" content=\"1500\" \/>\n\t<meta property=\"og:image:height\" content=\"1500\" \/>\n\t<meta property=\"og:image:type\" content=\"image\/jpeg\" \/>\n<meta name=\"twitter:card\" content=\"summary_large_image\" \/>\n<meta name=\"twitter:label1\" content=\"Estimated reading time\" \/>\n\t<meta name=\"twitter:data1\" content=\"1 minute\" \/>\n<script type=\"application\/ld+json\" class=\"yoast-schema-graph\">{\"@context\":\"https:\/\/schema.org\",\"@graph\":[{\"@type\":\"WebPage\",\"@id\":\"https:\/\/alibabette-editions.com\/boutique\/les-sketchbooks\/pocket-artbook\/franz-mark-cheval-bleu\/\",\"url\":\"https:\/\/alibabette-editions.com\/boutique\/les-sketchbooks\/pocket-artbook\/franz-mark-cheval-bleu\/\",\"name\":\"Franz Mark-cheval bleu - Alibabette Editions\",\"isPartOf\":{\"@id\":\"https:\/\/alibabette-editions.com\/#website\"},\"primaryImageOfPage\":{\"@id\":\"https:\/\/alibabette-editions.com\/boutique\/les-sketchbooks\/pocket-artbook\/franz-mark-cheval-bleu\/#primaryimage\"},\"image\":{\"@id\":\"https:\/\/alibabette-editions.com\/boutique\/les-sketchbooks\/pocket-artbook\/franz-mark-cheval-bleu\/#primaryimage\"},\"thumbnailUrl\":\"https:\/\/alibabette-editions.com\/wp-content\/uploads\/AB2B026-Franz-Mark-Cheval-bleu-r.jpeg\",\"datePublished\":\"2025-06-24T09:32:55+00:00\",\"dateModified\":\"2025-06-24T09:37:03+00:00\",\"breadcrumb\":{\"@id\":\"https:\/\/alibabette-editions.com\/boutique\/les-sketchbooks\/pocket-artbook\/franz-mark-cheval-bleu\/#breadcrumb\"},\"inLanguage\":\"en-GB\",\"potentialAction\":[{\"@type\":\"ReadAction\",\"target\":[\"https:\/\/alibabette-editions.com\/boutique\/les-sketchbooks\/pocket-artbook\/franz-mark-cheval-bleu\/\"]}]},{\"@type\":\"ImageObject\",\"inLanguage\":\"en-GB\",\"@id\":\"https:\/\/alibabette-editions.com\/boutique\/les-sketchbooks\/pocket-artbook\/franz-mark-cheval-bleu\/#primaryimage\",\"url\":\"https:\/\/alibabette-editions.com\/wp-content\/uploads\/AB2B026-Franz-Mark-Cheval-bleu-r.jpeg\",\"contentUrl\":\"https:\/\/alibabette-editions.com\/wp-content\/uploads\/AB2B026-Franz-Mark-Cheval-bleu-r.jpeg\",\"width\":1500,\"height\":1500},{\"@type\":\"BreadcrumbList\",\"@id\":\"https:\/\/alibabette-editions.com\/boutique\/les-sketchbooks\/pocket-artbook\/franz-mark-cheval-bleu\/#breadcrumb\",\"itemListElement\":[{\"@type\":\"ListItem\",\"position\":1,\"name\":\"Accueil\",\"item\":\"https:\/\/alibabette-editions.com\/\"},{\"@type\":\"ListItem\",\"position\":2,\"name\":\"Tout voir\",\"item\":\"https:\/\/alibabette-editions.com\/boutique\/\"},{\"@type\":\"ListItem\",\"position\":3,\"name\":\"Franz Mark-cheval bleu\"}]},{\"@type\":\"WebSite\",\"@id\":\"https:\/\/alibabette-editions.com\/#website\",\"url\":\"https:\/\/alibabette-editions.com\/\",\"name\":\"Alibabette Editions\",\"description\":\"\",\"potentialAction\":[{\"@type\":\"SearchAction\",\"target\":{\"@type\":\"EntryPoint\",\"urlTemplate\":\"https:\/\/alibabette-editions.com\/?s={search_term_string}\"},\"query-input\":{\"@type\":\"PropertyValueSpecification\",\"valueRequired\":true,\"valueName\":\"search_term_string\"}}],\"inLanguage\":\"en-GB\"}]}<\/script>\n<!-- \/ Yoast SEO plugin. -->","yoast_head_json":{"title":"Franz Mark-cheval bleu - Alibabette Editions","robots":{"index":"index","follow":"follow","max-snippet":"max-snippet:-1","max-image-preview":"max-image-preview:large","max-video-preview":"max-video-preview:-1"},"canonical":"https:\/\/alibabette-editions.com\/en\/boutique\/les-sketchbooks\/pocket-artbook\/franz-mark-cheval-bleu\/","og_locale":"en_GB","og_type":"article","og_title":"Franz Mark-cheval bleu - Alibabette Editions","og_description":"Ce \u00ab\u00a0Cheval Bleu I\u00a0\u00bbde Franz Marc (Allemand, 1880-1916) date de 1911. C\u2019est \u00e0 ce moment-l\u00e0 que se constitue \u00e0 Munich, autour de Kandinsky et Marc, le mouvement Der Blaue Reiter. Kandinsky dira en 1930 que ce titre avait \u00e9t\u00e9 choisi parce que \u00ab\u00a0nous aimions tous les deux le bleu, Marc aimait les chevaux, moi les cavaliers \u00bb (A. et L. Vezin, Kandinsky et le Cavalier bleu, \u00c9d. Pierre Terrail, septembre 1991). St\u00e4dtische Galerie im Lenbachhaus, Munich.  Format 12 x 17 cm Reliure avec couture apparente en fil \u00e9cru Ouverture \u00e0 plat Papier \u00e0 dessin non acide 100 g 144 pages","og_url":"https:\/\/alibabette-editions.com\/en\/boutique\/les-sketchbooks\/pocket-artbook\/franz-mark-cheval-bleu\/","og_site_name":"Alibabette Editions","article_modified_time":"2025-06-24T09:37:03+00:00","og_image":[{"width":1500,"height":1500,"url":"https:\/\/alibabette-editions.com\/wp-content\/uploads\/AB2B026-Franz-Mark-Cheval-bleu-r.jpeg","type":"image\/jpeg"}],"twitter_card":"summary_large_image","twitter_misc":{"Estimated reading time":"1 minute"},"schema":{"@context":"https:\/\/schema.org","@graph":[{"@type":"WebPage","@id":"https:\/\/alibabette-editions.com\/boutique\/les-sketchbooks\/pocket-artbook\/franz-mark-cheval-bleu\/","url":"https:\/\/alibabette-editions.com\/boutique\/les-sketchbooks\/pocket-artbook\/franz-mark-cheval-bleu\/","name":"Franz Mark-cheval bleu - Alibabette Editions","isPartOf":{"@id":"https:\/\/alibabette-editions.com\/#website"},"primaryImageOfPage":{"@id":"https:\/\/alibabette-editions.com\/boutique\/les-sketchbooks\/pocket-artbook\/franz-mark-cheval-bleu\/#primaryimage"},"image":{"@id":"https:\/\/alibabette-editions.com\/boutique\/les-sketchbooks\/pocket-artbook\/franz-mark-cheval-bleu\/#primaryimage"},"thumbnailUrl":"https:\/\/alibabette-editions.com\/wp-content\/uploads\/AB2B026-Franz-Mark-Cheval-bleu-r.jpeg","datePublished":"2025-06-24T09:32:55+00:00","dateModified":"2025-06-24T09:37:03+00:00","breadcrumb":{"@id":"https:\/\/alibabette-editions.com\/boutique\/les-sketchbooks\/pocket-artbook\/franz-mark-cheval-bleu\/#breadcrumb"},"inLanguage":"en-GB","potentialAction":[{"@type":"ReadAction","target":["https:\/\/alibabette-editions.com\/boutique\/les-sketchbooks\/pocket-artbook\/franz-mark-cheval-bleu\/"]}]},{"@type":"ImageObject","inLanguage":"en-GB","@id":"https:\/\/alibabette-editions.com\/boutique\/les-sketchbooks\/pocket-artbook\/franz-mark-cheval-bleu\/#primaryimage","url":"https:\/\/alibabette-editions.com\/wp-content\/uploads\/AB2B026-Franz-Mark-Cheval-bleu-r.jpeg","contentUrl":"https:\/\/alibabette-editions.com\/wp-content\/uploads\/AB2B026-Franz-Mark-Cheval-bleu-r.jpeg","width":1500,"height":1500},{"@type":"BreadcrumbList","@id":"https:\/\/alibabette-editions.com\/boutique\/les-sketchbooks\/pocket-artbook\/franz-mark-cheval-bleu\/#breadcrumb","itemListElement":[{"@type":"ListItem","position":1,"name":"Accueil","item":"https:\/\/alibabette-editions.com\/"},{"@type":"ListItem","position":2,"name":"Tout voir","item":"https:\/\/alibabette-editions.com\/boutique\/"},{"@type":"ListItem","position":3,"name":"Franz Mark-cheval bleu"}]},{"@type":"WebSite","@id":"https:\/\/alibabette-editions.com\/#website","url":"https:\/\/alibabette-editions.com\/","name":"Alibabette Editions","description":"","potentialAction":[{"@type":"SearchAction","target":{"@type":"EntryPoint","urlTemplate":"https:\/\/alibabette-editions.com\/?s={search_term_string}"},"query-input":{"@type":"PropertyValueSpecification","valueRequired":true,"valueName":"search_term_string"}}],"inLanguage":"en-GB"}]}},"_links":{"self":[{"href":"https:\/\/alibabette-editions.com\/en\/wp-json\/wp\/v2\/product\/22021","targetHints":{"allow":["GET"]}}],"collection":[{"href":"https:\/\/alibabette-editions.com\/en\/wp-json\/wp\/v2\/product"}],"about":[{"href":"https:\/\/alibabette-editions.com\/en\/wp-json\/wp\/v2\/types\/product"}],"wp:featuredmedia":[{"embeddable":true,"href":"https:\/\/alibabette-editions.com\/en\/wp-json\/wp\/v2\/media\/21962"}],"wp:attachment":[{"href":"https:\/\/alibabette-editions.com\/en\/wp-json\/wp\/v2\/media?parent=22021"}],"wp:term":[{"taxonomy":"product_brand","embeddable":true,"href":"https:\/\/alibabette-editions.com\/en\/wp-json\/wp\/v2\/product_brand?post=22021"},{"taxonomy":"product_cat","embeddable":true,"href":"https:\/\/alibabette-editions.com\/en\/wp-json\/wp\/v2\/product_cat?post=22021"},{"taxonomy":"product_tag","embeddable":true,"href":"https:\/\/alibabette-editions.com\/en\/wp-json\/wp\/v2\/product_tag?post=22021"}],"curies":[{"name":"wp","href":"https:\/\/api.w.org\/{rel}","templated":true}]}}