{"id":22017,"date":"2025-06-24T10:46:32","date_gmt":"2025-06-24T08:46:32","guid":{"rendered":"https:\/\/alibabette-editions.com\/?post_type=product&#038;p=22017"},"modified":"2025-06-24T11:00:13","modified_gmt":"2025-06-24T09:00:13","slug":"kandinsky","status":"publish","type":"product","link":"https:\/\/alibabette-editions.com\/en\/boutique\/les-sketchbooks\/pocket-artbook\/kandinsky\/","title":{"rendered":"Kandinsky"},"content":{"rendered":"","protected":false},"excerpt":{"rendered":"<p>Aquarelle et encre de Chine pour cette \u0153uvre tardive (1840) de Vassily Kandinsky (artiste russe naturalis\u00e9 Allemand puis Fran\u00e7ais, 1866-1944). Centre Pompidou, Mus\u00e9e National d\u2019Art Moderne, Paris.<\/p>\n<p>Format 12 x 17 cm<br \/>\nReliure avec couture apparente en fil \u00e9cru<br \/>\nOuverture \u00e0 plat<br \/>\nPapier \u00e0 dessin non acide 100 g<br \/>\n144 pages<\/p>","protected":false},"featured_media":21953,"template":"","meta":[],"product_brand":[],"product_cat":[499,610],"product_tag":[1051,421,333,418,456,325],"class_list":{"0":"post-22017","1":"product","2":"type-product","3":"status-publish","4":"has-post-thumbnail","6":"product_cat-les-sketchbooks","7":"product_cat-pocket-artbook","8":"product_tag-art-moderne","9":"product_tag-balade-au-musee","10":"product_tag-carnet-de-croquis","11":"product_tag-fou-de-couleurs","12":"product_tag-oiseau","13":"product_tag-papier-a-dessin","15":"first","16":"instock","17":"taxable","18":"shipping-taxable","19":"purchasable","20":"product-type-simple"},"yoast_head":"<!-- This site is optimized with the Yoast SEO plugin v26.8 - https:\/\/yoast.com\/product\/yoast-seo-wordpress\/ -->\n<title>Kandinsky - Alibabette Editions<\/title>\n<meta name=\"robots\" content=\"index, follow, max-snippet:-1, max-image-preview:large, max-video-preview:-1\" \/>\n<link rel=\"canonical\" href=\"https:\/\/alibabette-editions.com\/en\/boutique\/les-sketchbooks\/pocket-artbook\/kandinsky\/\" \/>\n<meta property=\"og:locale\" content=\"en_GB\" \/>\n<meta property=\"og:type\" content=\"article\" \/>\n<meta property=\"og:title\" content=\"Kandinsky - Alibabette Editions\" \/>\n<meta property=\"og:description\" content=\"Aquarelle et encre de Chine pour cette \u0153uvre tardive (1840) de Vassily Kandinsky (artiste russe naturalis\u00e9 Allemand puis Fran\u00e7ais, 1866-1944). Centre Pompidou, Mus\u00e9e National d\u2019Art Moderne, Paris.  Format 12 x 17 cm Reliure avec couture apparente en fil \u00e9cru Ouverture \u00e0 plat Papier \u00e0 dessin non acide 100 g 144 pages\" \/>\n<meta property=\"og:url\" content=\"https:\/\/alibabette-editions.com\/en\/boutique\/les-sketchbooks\/pocket-artbook\/kandinsky\/\" \/>\n<meta property=\"og:site_name\" content=\"Alibabette Editions\" \/>\n<meta property=\"article:modified_time\" content=\"2025-06-24T09:00:13+00:00\" \/>\n<meta property=\"og:image\" content=\"https:\/\/alibabette-editions.com\/wp-content\/uploads\/AB2B022-Kandinsky-r.jpeg\" \/>\n\t<meta property=\"og:image:width\" content=\"1500\" \/>\n\t<meta property=\"og:image:height\" content=\"1500\" \/>\n\t<meta property=\"og:image:type\" content=\"image\/jpeg\" \/>\n<meta name=\"twitter:card\" content=\"summary_large_image\" \/>\n<meta name=\"twitter:label1\" content=\"Estimated reading time\" \/>\n\t<meta name=\"twitter:data1\" content=\"1 minute\" \/>\n<script type=\"application\/ld+json\" class=\"yoast-schema-graph\">{\"@context\":\"https:\/\/schema.org\",\"@graph\":[{\"@type\":\"WebPage\",\"@id\":\"https:\/\/alibabette-editions.com\/boutique\/les-sketchbooks\/pocket-artbook\/kandinsky\/\",\"url\":\"https:\/\/alibabette-editions.com\/boutique\/les-sketchbooks\/pocket-artbook\/kandinsky\/\",\"name\":\"Kandinsky - Alibabette Editions\",\"isPartOf\":{\"@id\":\"https:\/\/alibabette-editions.com\/#website\"},\"primaryImageOfPage\":{\"@id\":\"https:\/\/alibabette-editions.com\/boutique\/les-sketchbooks\/pocket-artbook\/kandinsky\/#primaryimage\"},\"image\":{\"@id\":\"https:\/\/alibabette-editions.com\/boutique\/les-sketchbooks\/pocket-artbook\/kandinsky\/#primaryimage\"},\"thumbnailUrl\":\"https:\/\/alibabette-editions.com\/wp-content\/uploads\/AB2B022-Kandinsky-r.jpeg\",\"datePublished\":\"2025-06-24T08:46:32+00:00\",\"dateModified\":\"2025-06-24T09:00:13+00:00\",\"breadcrumb\":{\"@id\":\"https:\/\/alibabette-editions.com\/boutique\/les-sketchbooks\/pocket-artbook\/kandinsky\/#breadcrumb\"},\"inLanguage\":\"en-GB\",\"potentialAction\":[{\"@type\":\"ReadAction\",\"target\":[\"https:\/\/alibabette-editions.com\/boutique\/les-sketchbooks\/pocket-artbook\/kandinsky\/\"]}]},{\"@type\":\"ImageObject\",\"inLanguage\":\"en-GB\",\"@id\":\"https:\/\/alibabette-editions.com\/boutique\/les-sketchbooks\/pocket-artbook\/kandinsky\/#primaryimage\",\"url\":\"https:\/\/alibabette-editions.com\/wp-content\/uploads\/AB2B022-Kandinsky-r.jpeg\",\"contentUrl\":\"https:\/\/alibabette-editions.com\/wp-content\/uploads\/AB2B022-Kandinsky-r.jpeg\",\"width\":1500,\"height\":1500},{\"@type\":\"BreadcrumbList\",\"@id\":\"https:\/\/alibabette-editions.com\/boutique\/les-sketchbooks\/pocket-artbook\/kandinsky\/#breadcrumb\",\"itemListElement\":[{\"@type\":\"ListItem\",\"position\":1,\"name\":\"Accueil\",\"item\":\"https:\/\/alibabette-editions.com\/\"},{\"@type\":\"ListItem\",\"position\":2,\"name\":\"Tout voir\",\"item\":\"https:\/\/alibabette-editions.com\/boutique\/\"},{\"@type\":\"ListItem\",\"position\":3,\"name\":\"Kandinsky\"}]},{\"@type\":\"WebSite\",\"@id\":\"https:\/\/alibabette-editions.com\/#website\",\"url\":\"https:\/\/alibabette-editions.com\/\",\"name\":\"Alibabette Editions\",\"description\":\"\",\"potentialAction\":[{\"@type\":\"SearchAction\",\"target\":{\"@type\":\"EntryPoint\",\"urlTemplate\":\"https:\/\/alibabette-editions.com\/?s={search_term_string}\"},\"query-input\":{\"@type\":\"PropertyValueSpecification\",\"valueRequired\":true,\"valueName\":\"search_term_string\"}}],\"inLanguage\":\"en-GB\"}]}<\/script>\n<!-- \/ Yoast SEO plugin. -->","yoast_head_json":{"title":"Kandinsky - Alibabette Editions","robots":{"index":"index","follow":"follow","max-snippet":"max-snippet:-1","max-image-preview":"max-image-preview:large","max-video-preview":"max-video-preview:-1"},"canonical":"https:\/\/alibabette-editions.com\/en\/boutique\/les-sketchbooks\/pocket-artbook\/kandinsky\/","og_locale":"en_GB","og_type":"article","og_title":"Kandinsky - Alibabette Editions","og_description":"Aquarelle et encre de Chine pour cette \u0153uvre tardive (1840) de Vassily Kandinsky (artiste russe naturalis\u00e9 Allemand puis Fran\u00e7ais, 1866-1944). Centre Pompidou, Mus\u00e9e National d\u2019Art Moderne, Paris.  Format 12 x 17 cm Reliure avec couture apparente en fil \u00e9cru Ouverture \u00e0 plat Papier \u00e0 dessin non acide 100 g 144 pages","og_url":"https:\/\/alibabette-editions.com\/en\/boutique\/les-sketchbooks\/pocket-artbook\/kandinsky\/","og_site_name":"Alibabette Editions","article_modified_time":"2025-06-24T09:00:13+00:00","og_image":[{"width":1500,"height":1500,"url":"https:\/\/alibabette-editions.com\/wp-content\/uploads\/AB2B022-Kandinsky-r.jpeg","type":"image\/jpeg"}],"twitter_card":"summary_large_image","twitter_misc":{"Estimated reading time":"1 minute"},"schema":{"@context":"https:\/\/schema.org","@graph":[{"@type":"WebPage","@id":"https:\/\/alibabette-editions.com\/boutique\/les-sketchbooks\/pocket-artbook\/kandinsky\/","url":"https:\/\/alibabette-editions.com\/boutique\/les-sketchbooks\/pocket-artbook\/kandinsky\/","name":"Kandinsky - Alibabette Editions","isPartOf":{"@id":"https:\/\/alibabette-editions.com\/#website"},"primaryImageOfPage":{"@id":"https:\/\/alibabette-editions.com\/boutique\/les-sketchbooks\/pocket-artbook\/kandinsky\/#primaryimage"},"image":{"@id":"https:\/\/alibabette-editions.com\/boutique\/les-sketchbooks\/pocket-artbook\/kandinsky\/#primaryimage"},"thumbnailUrl":"https:\/\/alibabette-editions.com\/wp-content\/uploads\/AB2B022-Kandinsky-r.jpeg","datePublished":"2025-06-24T08:46:32+00:00","dateModified":"2025-06-24T09:00:13+00:00","breadcrumb":{"@id":"https:\/\/alibabette-editions.com\/boutique\/les-sketchbooks\/pocket-artbook\/kandinsky\/#breadcrumb"},"inLanguage":"en-GB","potentialAction":[{"@type":"ReadAction","target":["https:\/\/alibabette-editions.com\/boutique\/les-sketchbooks\/pocket-artbook\/kandinsky\/"]}]},{"@type":"ImageObject","inLanguage":"en-GB","@id":"https:\/\/alibabette-editions.com\/boutique\/les-sketchbooks\/pocket-artbook\/kandinsky\/#primaryimage","url":"https:\/\/alibabette-editions.com\/wp-content\/uploads\/AB2B022-Kandinsky-r.jpeg","contentUrl":"https:\/\/alibabette-editions.com\/wp-content\/uploads\/AB2B022-Kandinsky-r.jpeg","width":1500,"height":1500},{"@type":"BreadcrumbList","@id":"https:\/\/alibabette-editions.com\/boutique\/les-sketchbooks\/pocket-artbook\/kandinsky\/#breadcrumb","itemListElement":[{"@type":"ListItem","position":1,"name":"Accueil","item":"https:\/\/alibabette-editions.com\/"},{"@type":"ListItem","position":2,"name":"Tout voir","item":"https:\/\/alibabette-editions.com\/boutique\/"},{"@type":"ListItem","position":3,"name":"Kandinsky"}]},{"@type":"WebSite","@id":"https:\/\/alibabette-editions.com\/#website","url":"https:\/\/alibabette-editions.com\/","name":"Alibabette Editions","description":"","potentialAction":[{"@type":"SearchAction","target":{"@type":"EntryPoint","urlTemplate":"https:\/\/alibabette-editions.com\/?s={search_term_string}"},"query-input":{"@type":"PropertyValueSpecification","valueRequired":true,"valueName":"search_term_string"}}],"inLanguage":"en-GB"}]}},"_links":{"self":[{"href":"https:\/\/alibabette-editions.com\/en\/wp-json\/wp\/v2\/product\/22017","targetHints":{"allow":["GET"]}}],"collection":[{"href":"https:\/\/alibabette-editions.com\/en\/wp-json\/wp\/v2\/product"}],"about":[{"href":"https:\/\/alibabette-editions.com\/en\/wp-json\/wp\/v2\/types\/product"}],"wp:featuredmedia":[{"embeddable":true,"href":"https:\/\/alibabette-editions.com\/en\/wp-json\/wp\/v2\/media\/21953"}],"wp:attachment":[{"href":"https:\/\/alibabette-editions.com\/en\/wp-json\/wp\/v2\/media?parent=22017"}],"wp:term":[{"taxonomy":"product_brand","embeddable":true,"href":"https:\/\/alibabette-editions.com\/en\/wp-json\/wp\/v2\/product_brand?post=22017"},{"taxonomy":"product_cat","embeddable":true,"href":"https:\/\/alibabette-editions.com\/en\/wp-json\/wp\/v2\/product_cat?post=22017"},{"taxonomy":"product_tag","embeddable":true,"href":"https:\/\/alibabette-editions.com\/en\/wp-json\/wp\/v2\/product_tag?post=22017"}],"curies":[{"name":"wp","href":"https:\/\/api.w.org\/{rel}","templated":true}]}}