{"id":21672,"date":"2024-06-20T09:54:15","date_gmt":"2024-06-20T07:54:15","guid":{"rendered":"https:\/\/alibabette-editions.com\/?post_type=product&#038;p=21672"},"modified":"2024-07-02T10:17:37","modified_gmt":"2024-07-02T08:17:37","slug":"a-la-ferme","status":"publish","type":"product","link":"https:\/\/alibabette-editions.com\/en\/boutique\/les-carnets\/carnet-journaux-illustres\/a-la-ferme\/","title":{"rendered":"\u00c0 la ferme"},"content":{"rendered":"","protected":false},"excerpt":{"rendered":"<p>&nbsp;<\/p>\n<p>&nbsp;<\/p>\n<p>&nbsp;<\/p>\n<p>&nbsp;<\/p>\n<p>Format 13,2\u2009x\u200919,5\u2009cm<br \/>\nReliure suisse<br \/>\nOuverture \u00e0 plat<br \/>\nPapier 120\u2009g ivoire l\u00e9ger<br \/>\n128 pages<\/p>\n<p>Chaque double page est illustr\u00e9e de documents vintage<br \/>\nIl y a des pages lign\u00e9es pour \u00e9crire, d\u2019autres pour dessiner ou coller des souvenirs<\/p>","protected":false},"featured_media":21666,"template":"","meta":[],"product_brand":[],"product_cat":[1029],"product_tag":[574,1031,1037,1030,528,1033,284,1032,417],"class_list":{"0":"post-21672","1":"product","2":"type-product","3":"status-publish","4":"has-post-thumbnail","6":"product_cat-carnet-journaux-illustres","7":"product_tag-botanique","8":"product_tag-bullet-journal","9":"product_tag-carnet-illustre","10":"product_tag-diy","11":"product_tag-gravure","12":"product_tag-inspiration","13":"product_tag-nature","14":"product_tag-souvenirs","15":"product_tag-vintage","17":"first","18":"instock","19":"taxable","20":"shipping-taxable","21":"purchasable","22":"product-type-simple"},"yoast_head":"<!-- This site is optimized with the Yoast SEO plugin v26.8 - https:\/\/yoast.com\/product\/yoast-seo-wordpress\/ -->\n<title>\u00c0 la ferme - Alibabette Editions<\/title>\n<meta name=\"description\" content=\"Sur chaque double page de ce carnet tr\u00e8s illustr\u00e9, des images vintage invitent \u00e0 l\u2019\u00e9criture, au croquis, au scrapbooking\u2026\" \/>\n<meta name=\"robots\" content=\"index, follow, max-snippet:-1, max-image-preview:large, max-video-preview:-1\" \/>\n<link rel=\"canonical\" href=\"https:\/\/alibabette-editions.com\/en\/boutique\/les-carnets\/carnet-journaux-illustres\/a-la-ferme\/\" \/>\n<meta property=\"og:locale\" content=\"en_GB\" \/>\n<meta property=\"og:type\" content=\"article\" \/>\n<meta property=\"og:title\" content=\"\u00c0 la ferme - Alibabette Editions\" \/>\n<meta property=\"og:description\" content=\"Sur chaque double page de ce carnet tr\u00e8s illustr\u00e9, des images vintage invitent \u00e0 l\u2019\u00e9criture, au croquis, au scrapbooking\u2026\" \/>\n<meta property=\"og:url\" content=\"https:\/\/alibabette-editions.com\/en\/boutique\/les-carnets\/carnet-journaux-illustres\/a-la-ferme\/\" \/>\n<meta property=\"og:site_name\" content=\"Alibabette Editions\" \/>\n<meta property=\"article:modified_time\" content=\"2024-07-02T08:17:37+00:00\" \/>\n<meta property=\"og:image\" content=\"https:\/\/alibabette-editions.com\/wp-content\/uploads\/JIL006-pour-web_R.jpg\" \/>\n\t<meta property=\"og:image:width\" content=\"1771\" \/>\n\t<meta property=\"og:image:height\" content=\"1771\" \/>\n\t<meta property=\"og:image:type\" content=\"image\/jpeg\" \/>\n<meta name=\"twitter:card\" content=\"summary_large_image\" \/>\n<meta name=\"twitter:label1\" content=\"Estimated reading time\" \/>\n\t<meta name=\"twitter:data1\" content=\"1 minute\" \/>\n<script type=\"application\/ld+json\" class=\"yoast-schema-graph\">{\"@context\":\"https:\/\/schema.org\",\"@graph\":[{\"@type\":\"WebPage\",\"@id\":\"https:\/\/alibabette-editions.com\/boutique\/les-carnets\/carnet-journaux-illustres\/a-la-ferme\/\",\"url\":\"https:\/\/alibabette-editions.com\/boutique\/les-carnets\/carnet-journaux-illustres\/a-la-ferme\/\",\"name\":\"\u00c0 la ferme - Alibabette Editions\",\"isPartOf\":{\"@id\":\"https:\/\/alibabette-editions.com\/#website\"},\"primaryImageOfPage\":{\"@id\":\"https:\/\/alibabette-editions.com\/boutique\/les-carnets\/carnet-journaux-illustres\/a-la-ferme\/#primaryimage\"},\"image\":{\"@id\":\"https:\/\/alibabette-editions.com\/boutique\/les-carnets\/carnet-journaux-illustres\/a-la-ferme\/#primaryimage\"},\"thumbnailUrl\":\"https:\/\/alibabette-editions.com\/wp-content\/uploads\/JIL006-pour-web_R.jpg\",\"datePublished\":\"2024-06-20T07:54:15+00:00\",\"dateModified\":\"2024-07-02T08:17:37+00:00\",\"description\":\"Sur chaque double page de ce carnet tr\u00e8s illustr\u00e9, des images vintage invitent \u00e0 l\u2019\u00e9criture, au croquis, au scrapbooking\u2026\",\"breadcrumb\":{\"@id\":\"https:\/\/alibabette-editions.com\/boutique\/les-carnets\/carnet-journaux-illustres\/a-la-ferme\/#breadcrumb\"},\"inLanguage\":\"en-GB\",\"potentialAction\":[{\"@type\":\"ReadAction\",\"target\":[\"https:\/\/alibabette-editions.com\/boutique\/les-carnets\/carnet-journaux-illustres\/a-la-ferme\/\"]}]},{\"@type\":\"ImageObject\",\"inLanguage\":\"en-GB\",\"@id\":\"https:\/\/alibabette-editions.com\/boutique\/les-carnets\/carnet-journaux-illustres\/a-la-ferme\/#primaryimage\",\"url\":\"https:\/\/alibabette-editions.com\/wp-content\/uploads\/JIL006-pour-web_R.jpg\",\"contentUrl\":\"https:\/\/alibabette-editions.com\/wp-content\/uploads\/JIL006-pour-web_R.jpg\",\"width\":1771,\"height\":1771},{\"@type\":\"BreadcrumbList\",\"@id\":\"https:\/\/alibabette-editions.com\/boutique\/les-carnets\/carnet-journaux-illustres\/a-la-ferme\/#breadcrumb\",\"itemListElement\":[{\"@type\":\"ListItem\",\"position\":1,\"name\":\"Accueil\",\"item\":\"https:\/\/alibabette-editions.com\/\"},{\"@type\":\"ListItem\",\"position\":2,\"name\":\"Tout voir\",\"item\":\"https:\/\/alibabette-editions.com\/boutique\/\"},{\"@type\":\"ListItem\",\"position\":3,\"name\":\"\u00c0 la ferme\"}]},{\"@type\":\"WebSite\",\"@id\":\"https:\/\/alibabette-editions.com\/#website\",\"url\":\"https:\/\/alibabette-editions.com\/\",\"name\":\"Alibabette Editions\",\"description\":\"\",\"potentialAction\":[{\"@type\":\"SearchAction\",\"target\":{\"@type\":\"EntryPoint\",\"urlTemplate\":\"https:\/\/alibabette-editions.com\/?s={search_term_string}\"},\"query-input\":{\"@type\":\"PropertyValueSpecification\",\"valueRequired\":true,\"valueName\":\"search_term_string\"}}],\"inLanguage\":\"en-GB\"}]}<\/script>\n<!-- \/ Yoast SEO plugin. -->","yoast_head_json":{"title":"\u00c0 la ferme - Alibabette Editions","description":"Sur chaque double page de ce carnet tr\u00e8s illustr\u00e9, des images vintage invitent \u00e0 l\u2019\u00e9criture, au croquis, au scrapbooking\u2026","robots":{"index":"index","follow":"follow","max-snippet":"max-snippet:-1","max-image-preview":"max-image-preview:large","max-video-preview":"max-video-preview:-1"},"canonical":"https:\/\/alibabette-editions.com\/en\/boutique\/les-carnets\/carnet-journaux-illustres\/a-la-ferme\/","og_locale":"en_GB","og_type":"article","og_title":"\u00c0 la ferme - Alibabette Editions","og_description":"Sur chaque double page de ce carnet tr\u00e8s illustr\u00e9, des images vintage invitent \u00e0 l\u2019\u00e9criture, au croquis, au scrapbooking\u2026","og_url":"https:\/\/alibabette-editions.com\/en\/boutique\/les-carnets\/carnet-journaux-illustres\/a-la-ferme\/","og_site_name":"Alibabette Editions","article_modified_time":"2024-07-02T08:17:37+00:00","og_image":[{"width":1771,"height":1771,"url":"https:\/\/alibabette-editions.com\/wp-content\/uploads\/JIL006-pour-web_R.jpg","type":"image\/jpeg"}],"twitter_card":"summary_large_image","twitter_misc":{"Estimated reading time":"1 minute"},"schema":{"@context":"https:\/\/schema.org","@graph":[{"@type":"WebPage","@id":"https:\/\/alibabette-editions.com\/boutique\/les-carnets\/carnet-journaux-illustres\/a-la-ferme\/","url":"https:\/\/alibabette-editions.com\/boutique\/les-carnets\/carnet-journaux-illustres\/a-la-ferme\/","name":"\u00c0 la ferme - Alibabette Editions","isPartOf":{"@id":"https:\/\/alibabette-editions.com\/#website"},"primaryImageOfPage":{"@id":"https:\/\/alibabette-editions.com\/boutique\/les-carnets\/carnet-journaux-illustres\/a-la-ferme\/#primaryimage"},"image":{"@id":"https:\/\/alibabette-editions.com\/boutique\/les-carnets\/carnet-journaux-illustres\/a-la-ferme\/#primaryimage"},"thumbnailUrl":"https:\/\/alibabette-editions.com\/wp-content\/uploads\/JIL006-pour-web_R.jpg","datePublished":"2024-06-20T07:54:15+00:00","dateModified":"2024-07-02T08:17:37+00:00","description":"Sur chaque double page de ce carnet tr\u00e8s illustr\u00e9, des images vintage invitent \u00e0 l\u2019\u00e9criture, au croquis, au scrapbooking\u2026","breadcrumb":{"@id":"https:\/\/alibabette-editions.com\/boutique\/les-carnets\/carnet-journaux-illustres\/a-la-ferme\/#breadcrumb"},"inLanguage":"en-GB","potentialAction":[{"@type":"ReadAction","target":["https:\/\/alibabette-editions.com\/boutique\/les-carnets\/carnet-journaux-illustres\/a-la-ferme\/"]}]},{"@type":"ImageObject","inLanguage":"en-GB","@id":"https:\/\/alibabette-editions.com\/boutique\/les-carnets\/carnet-journaux-illustres\/a-la-ferme\/#primaryimage","url":"https:\/\/alibabette-editions.com\/wp-content\/uploads\/JIL006-pour-web_R.jpg","contentUrl":"https:\/\/alibabette-editions.com\/wp-content\/uploads\/JIL006-pour-web_R.jpg","width":1771,"height":1771},{"@type":"BreadcrumbList","@id":"https:\/\/alibabette-editions.com\/boutique\/les-carnets\/carnet-journaux-illustres\/a-la-ferme\/#breadcrumb","itemListElement":[{"@type":"ListItem","position":1,"name":"Accueil","item":"https:\/\/alibabette-editions.com\/"},{"@type":"ListItem","position":2,"name":"Tout voir","item":"https:\/\/alibabette-editions.com\/boutique\/"},{"@type":"ListItem","position":3,"name":"\u00c0 la ferme"}]},{"@type":"WebSite","@id":"https:\/\/alibabette-editions.com\/#website","url":"https:\/\/alibabette-editions.com\/","name":"Alibabette Editions","description":"","potentialAction":[{"@type":"SearchAction","target":{"@type":"EntryPoint","urlTemplate":"https:\/\/alibabette-editions.com\/?s={search_term_string}"},"query-input":{"@type":"PropertyValueSpecification","valueRequired":true,"valueName":"search_term_string"}}],"inLanguage":"en-GB"}]}},"_links":{"self":[{"href":"https:\/\/alibabette-editions.com\/en\/wp-json\/wp\/v2\/product\/21672","targetHints":{"allow":["GET"]}}],"collection":[{"href":"https:\/\/alibabette-editions.com\/en\/wp-json\/wp\/v2\/product"}],"about":[{"href":"https:\/\/alibabette-editions.com\/en\/wp-json\/wp\/v2\/types\/product"}],"wp:featuredmedia":[{"embeddable":true,"href":"https:\/\/alibabette-editions.com\/en\/wp-json\/wp\/v2\/media\/21666"}],"wp:attachment":[{"href":"https:\/\/alibabette-editions.com\/en\/wp-json\/wp\/v2\/media?parent=21672"}],"wp:term":[{"taxonomy":"product_brand","embeddable":true,"href":"https:\/\/alibabette-editions.com\/en\/wp-json\/wp\/v2\/product_brand?post=21672"},{"taxonomy":"product_cat","embeddable":true,"href":"https:\/\/alibabette-editions.com\/en\/wp-json\/wp\/v2\/product_cat?post=21672"},{"taxonomy":"product_tag","embeddable":true,"href":"https:\/\/alibabette-editions.com\/en\/wp-json\/wp\/v2\/product_tag?post=21672"}],"curies":[{"name":"wp","href":"https:\/\/api.w.org\/{rel}","templated":true}]}}