{"id":21466,"date":"2024-02-25T18:28:10","date_gmt":"2024-02-25T17:28:10","guid":{"rendered":"https:\/\/alibabette-editions.com\/?post_type=product&#038;p=21466"},"modified":"2024-03-03T16:15:14","modified_gmt":"2024-03-03T15:15:14","slug":"multicolore-grand","status":"publish","type":"product","link":"https:\/\/alibabette-editions.com\/en\/boutique\/la-petite-deco\/les-plateaux\/multicolore-grand\/","title":{"rendered":"Multicolore grand"},"content":{"rendered":"","protected":false},"excerpt":{"rendered":"<p>Format de ce plateau : 43 x 32 cm (hauteur 1,5 cm)<br \/>\nForme \u00e9pur\u00e9e, coin arrondis, finition mate<br \/>\nComposition : pure m\u00e9lamine<br \/>\nContact alimentaire et lave-vaisselle autoris\u00e9s<\/p>","protected":false},"featured_media":21459,"template":"","meta":[],"product_brand":[],"product_cat":[549,599],"product_tag":[421,1033,329],"class_list":{"0":"post-21466","1":"product","2":"type-product","3":"status-publish","4":"has-post-thumbnail","6":"product_cat-la-petite-deco","7":"product_cat-les-plateaux","8":"product_tag-balade-au-musee","9":"product_tag-inspiration","10":"product_tag-nuancier","12":"first","13":"instock","14":"taxable","15":"shipping-taxable","16":"purchasable","17":"product-type-simple"},"yoast_head":"<!-- This site is optimized with the Yoast SEO plugin v26.8 - https:\/\/yoast.com\/product\/yoast-seo-wordpress\/ -->\n<title>Multicolore grand - Alibabette Editions<\/title>\n<meta name=\"robots\" content=\"index, follow, max-snippet:-1, max-image-preview:large, max-video-preview:-1\" \/>\n<link rel=\"canonical\" href=\"https:\/\/alibabette-editions.com\/en\/boutique\/la-petite-deco\/les-plateaux\/multicolore-grand\/\" \/>\n<meta property=\"og:locale\" content=\"en_GB\" \/>\n<meta property=\"og:type\" content=\"article\" \/>\n<meta property=\"og:title\" content=\"Multicolore grand - Alibabette Editions\" \/>\n<meta property=\"og:description\" content=\"Format de ce plateau : 43 x 32 cm (hauteur 1,5 cm) Forme \u00e9pur\u00e9e, coin arrondis, finition mate Composition : pure m\u00e9lamine Contact alimentaire et lave-vaisselle autoris\u00e9s\" \/>\n<meta property=\"og:url\" content=\"https:\/\/alibabette-editions.com\/en\/boutique\/la-petite-deco\/les-plateaux\/multicolore-grand\/\" \/>\n<meta property=\"og:site_name\" content=\"Alibabette Editions\" \/>\n<meta property=\"article:modified_time\" content=\"2024-03-03T15:15:14+00:00\" \/>\n<meta property=\"og:image\" content=\"https:\/\/alibabette-editions.com\/wp-content\/uploads\/PLG004-Multicolore-Grand.jpg\" \/>\n\t<meta property=\"og:image:width\" content=\"1500\" \/>\n\t<meta property=\"og:image:height\" content=\"1500\" \/>\n\t<meta property=\"og:image:type\" content=\"image\/jpeg\" \/>\n<meta name=\"twitter:card\" content=\"summary_large_image\" \/>\n<meta name=\"twitter:label1\" content=\"Estimated reading time\" \/>\n\t<meta name=\"twitter:data1\" content=\"1 minute\" \/>\n<script type=\"application\/ld+json\" class=\"yoast-schema-graph\">{\"@context\":\"https:\/\/schema.org\",\"@graph\":[{\"@type\":\"WebPage\",\"@id\":\"https:\/\/alibabette-editions.com\/boutique\/la-petite-deco\/les-plateaux\/multicolore-grand\/\",\"url\":\"https:\/\/alibabette-editions.com\/boutique\/la-petite-deco\/les-plateaux\/multicolore-grand\/\",\"name\":\"Multicolore grand - Alibabette Editions\",\"isPartOf\":{\"@id\":\"https:\/\/alibabette-editions.com\/#website\"},\"primaryImageOfPage\":{\"@id\":\"https:\/\/alibabette-editions.com\/boutique\/la-petite-deco\/les-plateaux\/multicolore-grand\/#primaryimage\"},\"image\":{\"@id\":\"https:\/\/alibabette-editions.com\/boutique\/la-petite-deco\/les-plateaux\/multicolore-grand\/#primaryimage\"},\"thumbnailUrl\":\"https:\/\/alibabette-editions.com\/wp-content\/uploads\/PLG004-Multicolore-Grand.jpg\",\"datePublished\":\"2024-02-25T17:28:10+00:00\",\"dateModified\":\"2024-03-03T15:15:14+00:00\",\"breadcrumb\":{\"@id\":\"https:\/\/alibabette-editions.com\/boutique\/la-petite-deco\/les-plateaux\/multicolore-grand\/#breadcrumb\"},\"inLanguage\":\"en-GB\",\"potentialAction\":[{\"@type\":\"ReadAction\",\"target\":[\"https:\/\/alibabette-editions.com\/boutique\/la-petite-deco\/les-plateaux\/multicolore-grand\/\"]}]},{\"@type\":\"ImageObject\",\"inLanguage\":\"en-GB\",\"@id\":\"https:\/\/alibabette-editions.com\/boutique\/la-petite-deco\/les-plateaux\/multicolore-grand\/#primaryimage\",\"url\":\"https:\/\/alibabette-editions.com\/wp-content\/uploads\/PLG004-Multicolore-Grand.jpg\",\"contentUrl\":\"https:\/\/alibabette-editions.com\/wp-content\/uploads\/PLG004-Multicolore-Grand.jpg\",\"width\":1500,\"height\":1500},{\"@type\":\"BreadcrumbList\",\"@id\":\"https:\/\/alibabette-editions.com\/boutique\/la-petite-deco\/les-plateaux\/multicolore-grand\/#breadcrumb\",\"itemListElement\":[{\"@type\":\"ListItem\",\"position\":1,\"name\":\"Accueil\",\"item\":\"https:\/\/alibabette-editions.com\/\"},{\"@type\":\"ListItem\",\"position\":2,\"name\":\"Tout voir\",\"item\":\"https:\/\/alibabette-editions.com\/boutique\/\"},{\"@type\":\"ListItem\",\"position\":3,\"name\":\"Multicolore grand\"}]},{\"@type\":\"WebSite\",\"@id\":\"https:\/\/alibabette-editions.com\/#website\",\"url\":\"https:\/\/alibabette-editions.com\/\",\"name\":\"Alibabette Editions\",\"description\":\"\",\"potentialAction\":[{\"@type\":\"SearchAction\",\"target\":{\"@type\":\"EntryPoint\",\"urlTemplate\":\"https:\/\/alibabette-editions.com\/?s={search_term_string}\"},\"query-input\":{\"@type\":\"PropertyValueSpecification\",\"valueRequired\":true,\"valueName\":\"search_term_string\"}}],\"inLanguage\":\"en-GB\"}]}<\/script>\n<!-- \/ Yoast SEO plugin. -->","yoast_head_json":{"title":"Multicolore grand - Alibabette Editions","robots":{"index":"index","follow":"follow","max-snippet":"max-snippet:-1","max-image-preview":"max-image-preview:large","max-video-preview":"max-video-preview:-1"},"canonical":"https:\/\/alibabette-editions.com\/en\/boutique\/la-petite-deco\/les-plateaux\/multicolore-grand\/","og_locale":"en_GB","og_type":"article","og_title":"Multicolore grand - Alibabette Editions","og_description":"Format de ce plateau : 43 x 32 cm (hauteur 1,5 cm) Forme \u00e9pur\u00e9e, coin arrondis, finition mate Composition : pure m\u00e9lamine Contact alimentaire et lave-vaisselle autoris\u00e9s","og_url":"https:\/\/alibabette-editions.com\/en\/boutique\/la-petite-deco\/les-plateaux\/multicolore-grand\/","og_site_name":"Alibabette Editions","article_modified_time":"2024-03-03T15:15:14+00:00","og_image":[{"width":1500,"height":1500,"url":"https:\/\/alibabette-editions.com\/wp-content\/uploads\/PLG004-Multicolore-Grand.jpg","type":"image\/jpeg"}],"twitter_card":"summary_large_image","twitter_misc":{"Estimated reading time":"1 minute"},"schema":{"@context":"https:\/\/schema.org","@graph":[{"@type":"WebPage","@id":"https:\/\/alibabette-editions.com\/boutique\/la-petite-deco\/les-plateaux\/multicolore-grand\/","url":"https:\/\/alibabette-editions.com\/boutique\/la-petite-deco\/les-plateaux\/multicolore-grand\/","name":"Multicolore grand - Alibabette Editions","isPartOf":{"@id":"https:\/\/alibabette-editions.com\/#website"},"primaryImageOfPage":{"@id":"https:\/\/alibabette-editions.com\/boutique\/la-petite-deco\/les-plateaux\/multicolore-grand\/#primaryimage"},"image":{"@id":"https:\/\/alibabette-editions.com\/boutique\/la-petite-deco\/les-plateaux\/multicolore-grand\/#primaryimage"},"thumbnailUrl":"https:\/\/alibabette-editions.com\/wp-content\/uploads\/PLG004-Multicolore-Grand.jpg","datePublished":"2024-02-25T17:28:10+00:00","dateModified":"2024-03-03T15:15:14+00:00","breadcrumb":{"@id":"https:\/\/alibabette-editions.com\/boutique\/la-petite-deco\/les-plateaux\/multicolore-grand\/#breadcrumb"},"inLanguage":"en-GB","potentialAction":[{"@type":"ReadAction","target":["https:\/\/alibabette-editions.com\/boutique\/la-petite-deco\/les-plateaux\/multicolore-grand\/"]}]},{"@type":"ImageObject","inLanguage":"en-GB","@id":"https:\/\/alibabette-editions.com\/boutique\/la-petite-deco\/les-plateaux\/multicolore-grand\/#primaryimage","url":"https:\/\/alibabette-editions.com\/wp-content\/uploads\/PLG004-Multicolore-Grand.jpg","contentUrl":"https:\/\/alibabette-editions.com\/wp-content\/uploads\/PLG004-Multicolore-Grand.jpg","width":1500,"height":1500},{"@type":"BreadcrumbList","@id":"https:\/\/alibabette-editions.com\/boutique\/la-petite-deco\/les-plateaux\/multicolore-grand\/#breadcrumb","itemListElement":[{"@type":"ListItem","position":1,"name":"Accueil","item":"https:\/\/alibabette-editions.com\/"},{"@type":"ListItem","position":2,"name":"Tout voir","item":"https:\/\/alibabette-editions.com\/boutique\/"},{"@type":"ListItem","position":3,"name":"Multicolore grand"}]},{"@type":"WebSite","@id":"https:\/\/alibabette-editions.com\/#website","url":"https:\/\/alibabette-editions.com\/","name":"Alibabette Editions","description":"","potentialAction":[{"@type":"SearchAction","target":{"@type":"EntryPoint","urlTemplate":"https:\/\/alibabette-editions.com\/?s={search_term_string}"},"query-input":{"@type":"PropertyValueSpecification","valueRequired":true,"valueName":"search_term_string"}}],"inLanguage":"en-GB"}]}},"_links":{"self":[{"href":"https:\/\/alibabette-editions.com\/en\/wp-json\/wp\/v2\/product\/21466","targetHints":{"allow":["GET"]}}],"collection":[{"href":"https:\/\/alibabette-editions.com\/en\/wp-json\/wp\/v2\/product"}],"about":[{"href":"https:\/\/alibabette-editions.com\/en\/wp-json\/wp\/v2\/types\/product"}],"wp:featuredmedia":[{"embeddable":true,"href":"https:\/\/alibabette-editions.com\/en\/wp-json\/wp\/v2\/media\/21459"}],"wp:attachment":[{"href":"https:\/\/alibabette-editions.com\/en\/wp-json\/wp\/v2\/media?parent=21466"}],"wp:term":[{"taxonomy":"product_brand","embeddable":true,"href":"https:\/\/alibabette-editions.com\/en\/wp-json\/wp\/v2\/product_brand?post=21466"},{"taxonomy":"product_cat","embeddable":true,"href":"https:\/\/alibabette-editions.com\/en\/wp-json\/wp\/v2\/product_cat?post=21466"},{"taxonomy":"product_tag","embeddable":true,"href":"https:\/\/alibabette-editions.com\/en\/wp-json\/wp\/v2\/product_tag?post=21466"}],"curies":[{"name":"wp","href":"https:\/\/api.w.org\/{rel}","templated":true}]}}