{"id":21355,"date":"2023-10-29T15:12:33","date_gmt":"2023-10-29T14:12:33","guid":{"rendered":"https:\/\/alibabette-editions.com\/?post_type=product&#038;p=21355"},"modified":"2024-06-18T08:41:20","modified_gmt":"2024-06-18T06:41:20","slug":"normandie","status":"publish","type":"product","link":"https:\/\/alibabette-editions.com\/en\/boutique\/les-sketchbooks\/artbook-a4\/normandie\/","title":{"rendered":"Normandie"},"content":{"rendered":"","protected":false},"excerpt":{"rendered":"<p>Balade dans la campagne normande, entre les verts tendres des pr\u00e9s \u2013 saules, mousses, frais gazon \u2013 et les bleus doux des petites rivi\u00e8res et des mares toutes bruissantes d\u2019oiseaux et de rainettes\u2026<\/p>\n<p>Format 21 x 29 cm<\/p>\n<p>Reliure avec couture apparente en fil \u00e9cru<br \/>\nOuverture \u00e0 plat<br \/>\nCouverture mate<br \/>\n128 pages de papier \u00e0 dessin non acide ivoire<\/p>","protected":false},"featured_media":21641,"template":"","meta":[],"product_brand":[],"product_cat":[413],"product_tag":[333,332,418,329,325,335,465],"class_list":{"0":"post-21355","1":"product","2":"type-product","3":"status-publish","4":"has-post-thumbnail","6":"product_cat-artbook-a4","7":"product_tag-carnet-de-croquis","8":"product_tag-couture-apparente","9":"product_tag-fou-de-couleurs","10":"product_tag-nuancier","11":"product_tag-papier-a-dessin","12":"product_tag-sketchbook","13":"product_tag-vert","15":"first","16":"instock","17":"taxable","18":"shipping-taxable","19":"purchasable","20":"product-type-simple"},"yoast_head":"<!-- This site is optimized with the Yoast SEO plugin v26.8 - https:\/\/yoast.com\/product\/yoast-seo-wordpress\/ -->\n<title>Normandie - Alibabette Editions<\/title>\n<meta name=\"robots\" content=\"index, follow, max-snippet:-1, max-image-preview:large, max-video-preview:-1\" \/>\n<link rel=\"canonical\" href=\"https:\/\/alibabette-editions.com\/en\/boutique\/les-sketchbooks\/artbook-a4\/normandie\/\" \/>\n<meta property=\"og:locale\" content=\"en_GB\" \/>\n<meta property=\"og:type\" content=\"article\" \/>\n<meta property=\"og:title\" content=\"Normandie - Alibabette Editions\" \/>\n<meta property=\"og:description\" content=\"Balade dans la campagne normande, entre les verts tendres des pr\u00e9s \u2013 saules, mousses, frais gazon \u2013 et les bleus doux des petites rivi\u00e8res et des mares toutes bruissantes d\u2019oiseaux et de rainettes\u2026  Format 21 x 29 cm  Reliure avec couture apparente en fil \u00e9cru Ouverture \u00e0 plat Couverture mate 128 pages de papier \u00e0 dessin non acide ivoire\" \/>\n<meta property=\"og:url\" content=\"https:\/\/alibabette-editions.com\/en\/boutique\/les-sketchbooks\/artbook-a4\/normandie\/\" \/>\n<meta property=\"og:site_name\" content=\"Alibabette Editions\" \/>\n<meta property=\"article:modified_time\" content=\"2024-06-18T06:41:20+00:00\" \/>\n<meta property=\"og:image\" content=\"https:\/\/alibabette-editions.com\/wp-content\/uploads\/AB4B007-couv-pour-web_R-scaled.jpg\" \/>\n\t<meta property=\"og:image:width\" content=\"2560\" \/>\n\t<meta property=\"og:image:height\" content=\"2560\" \/>\n\t<meta property=\"og:image:type\" content=\"image\/jpeg\" \/>\n<meta name=\"twitter:card\" content=\"summary_large_image\" \/>\n<meta name=\"twitter:label1\" content=\"Estimated reading time\" \/>\n\t<meta name=\"twitter:data1\" content=\"1 minute\" \/>\n<script type=\"application\/ld+json\" class=\"yoast-schema-graph\">{\"@context\":\"https:\/\/schema.org\",\"@graph\":[{\"@type\":\"WebPage\",\"@id\":\"https:\/\/alibabette-editions.com\/boutique\/les-sketchbooks\/artbook-a4\/normandie\/\",\"url\":\"https:\/\/alibabette-editions.com\/boutique\/les-sketchbooks\/artbook-a4\/normandie\/\",\"name\":\"Normandie - Alibabette Editions\",\"isPartOf\":{\"@id\":\"https:\/\/alibabette-editions.com\/#website\"},\"primaryImageOfPage\":{\"@id\":\"https:\/\/alibabette-editions.com\/boutique\/les-sketchbooks\/artbook-a4\/normandie\/#primaryimage\"},\"image\":{\"@id\":\"https:\/\/alibabette-editions.com\/boutique\/les-sketchbooks\/artbook-a4\/normandie\/#primaryimage\"},\"thumbnailUrl\":\"https:\/\/alibabette-editions.com\/wp-content\/uploads\/AB4B007-couv-pour-web_R-scaled.jpg\",\"datePublished\":\"2023-10-29T14:12:33+00:00\",\"dateModified\":\"2024-06-18T06:41:20+00:00\",\"breadcrumb\":{\"@id\":\"https:\/\/alibabette-editions.com\/boutique\/les-sketchbooks\/artbook-a4\/normandie\/#breadcrumb\"},\"inLanguage\":\"en-GB\",\"potentialAction\":[{\"@type\":\"ReadAction\",\"target\":[\"https:\/\/alibabette-editions.com\/boutique\/les-sketchbooks\/artbook-a4\/normandie\/\"]}]},{\"@type\":\"ImageObject\",\"inLanguage\":\"en-GB\",\"@id\":\"https:\/\/alibabette-editions.com\/boutique\/les-sketchbooks\/artbook-a4\/normandie\/#primaryimage\",\"url\":\"https:\/\/alibabette-editions.com\/wp-content\/uploads\/AB4B007-couv-pour-web_R-scaled.jpg\",\"contentUrl\":\"https:\/\/alibabette-editions.com\/wp-content\/uploads\/AB4B007-couv-pour-web_R-scaled.jpg\",\"width\":2560,\"height\":2560},{\"@type\":\"BreadcrumbList\",\"@id\":\"https:\/\/alibabette-editions.com\/boutique\/les-sketchbooks\/artbook-a4\/normandie\/#breadcrumb\",\"itemListElement\":[{\"@type\":\"ListItem\",\"position\":1,\"name\":\"Accueil\",\"item\":\"https:\/\/alibabette-editions.com\/\"},{\"@type\":\"ListItem\",\"position\":2,\"name\":\"Tout voir\",\"item\":\"https:\/\/alibabette-editions.com\/boutique\/\"},{\"@type\":\"ListItem\",\"position\":3,\"name\":\"Normandie\"}]},{\"@type\":\"WebSite\",\"@id\":\"https:\/\/alibabette-editions.com\/#website\",\"url\":\"https:\/\/alibabette-editions.com\/\",\"name\":\"Alibabette Editions\",\"description\":\"\",\"potentialAction\":[{\"@type\":\"SearchAction\",\"target\":{\"@type\":\"EntryPoint\",\"urlTemplate\":\"https:\/\/alibabette-editions.com\/?s={search_term_string}\"},\"query-input\":{\"@type\":\"PropertyValueSpecification\",\"valueRequired\":true,\"valueName\":\"search_term_string\"}}],\"inLanguage\":\"en-GB\"}]}<\/script>\n<!-- \/ Yoast SEO plugin. -->","yoast_head_json":{"title":"Normandie - Alibabette Editions","robots":{"index":"index","follow":"follow","max-snippet":"max-snippet:-1","max-image-preview":"max-image-preview:large","max-video-preview":"max-video-preview:-1"},"canonical":"https:\/\/alibabette-editions.com\/en\/boutique\/les-sketchbooks\/artbook-a4\/normandie\/","og_locale":"en_GB","og_type":"article","og_title":"Normandie - Alibabette Editions","og_description":"Balade dans la campagne normande, entre les verts tendres des pr\u00e9s \u2013 saules, mousses, frais gazon \u2013 et les bleus doux des petites rivi\u00e8res et des mares toutes bruissantes d\u2019oiseaux et de rainettes\u2026  Format 21 x 29 cm  Reliure avec couture apparente en fil \u00e9cru Ouverture \u00e0 plat Couverture mate 128 pages de papier \u00e0 dessin non acide ivoire","og_url":"https:\/\/alibabette-editions.com\/en\/boutique\/les-sketchbooks\/artbook-a4\/normandie\/","og_site_name":"Alibabette Editions","article_modified_time":"2024-06-18T06:41:20+00:00","og_image":[{"width":2560,"height":2560,"url":"https:\/\/alibabette-editions.com\/wp-content\/uploads\/AB4B007-couv-pour-web_R-scaled.jpg","type":"image\/jpeg"}],"twitter_card":"summary_large_image","twitter_misc":{"Estimated reading time":"1 minute"},"schema":{"@context":"https:\/\/schema.org","@graph":[{"@type":"WebPage","@id":"https:\/\/alibabette-editions.com\/boutique\/les-sketchbooks\/artbook-a4\/normandie\/","url":"https:\/\/alibabette-editions.com\/boutique\/les-sketchbooks\/artbook-a4\/normandie\/","name":"Normandie - Alibabette Editions","isPartOf":{"@id":"https:\/\/alibabette-editions.com\/#website"},"primaryImageOfPage":{"@id":"https:\/\/alibabette-editions.com\/boutique\/les-sketchbooks\/artbook-a4\/normandie\/#primaryimage"},"image":{"@id":"https:\/\/alibabette-editions.com\/boutique\/les-sketchbooks\/artbook-a4\/normandie\/#primaryimage"},"thumbnailUrl":"https:\/\/alibabette-editions.com\/wp-content\/uploads\/AB4B007-couv-pour-web_R-scaled.jpg","datePublished":"2023-10-29T14:12:33+00:00","dateModified":"2024-06-18T06:41:20+00:00","breadcrumb":{"@id":"https:\/\/alibabette-editions.com\/boutique\/les-sketchbooks\/artbook-a4\/normandie\/#breadcrumb"},"inLanguage":"en-GB","potentialAction":[{"@type":"ReadAction","target":["https:\/\/alibabette-editions.com\/boutique\/les-sketchbooks\/artbook-a4\/normandie\/"]}]},{"@type":"ImageObject","inLanguage":"en-GB","@id":"https:\/\/alibabette-editions.com\/boutique\/les-sketchbooks\/artbook-a4\/normandie\/#primaryimage","url":"https:\/\/alibabette-editions.com\/wp-content\/uploads\/AB4B007-couv-pour-web_R-scaled.jpg","contentUrl":"https:\/\/alibabette-editions.com\/wp-content\/uploads\/AB4B007-couv-pour-web_R-scaled.jpg","width":2560,"height":2560},{"@type":"BreadcrumbList","@id":"https:\/\/alibabette-editions.com\/boutique\/les-sketchbooks\/artbook-a4\/normandie\/#breadcrumb","itemListElement":[{"@type":"ListItem","position":1,"name":"Accueil","item":"https:\/\/alibabette-editions.com\/"},{"@type":"ListItem","position":2,"name":"Tout voir","item":"https:\/\/alibabette-editions.com\/boutique\/"},{"@type":"ListItem","position":3,"name":"Normandie"}]},{"@type":"WebSite","@id":"https:\/\/alibabette-editions.com\/#website","url":"https:\/\/alibabette-editions.com\/","name":"Alibabette Editions","description":"","potentialAction":[{"@type":"SearchAction","target":{"@type":"EntryPoint","urlTemplate":"https:\/\/alibabette-editions.com\/?s={search_term_string}"},"query-input":{"@type":"PropertyValueSpecification","valueRequired":true,"valueName":"search_term_string"}}],"inLanguage":"en-GB"}]}},"_links":{"self":[{"href":"https:\/\/alibabette-editions.com\/en\/wp-json\/wp\/v2\/product\/21355","targetHints":{"allow":["GET"]}}],"collection":[{"href":"https:\/\/alibabette-editions.com\/en\/wp-json\/wp\/v2\/product"}],"about":[{"href":"https:\/\/alibabette-editions.com\/en\/wp-json\/wp\/v2\/types\/product"}],"wp:featuredmedia":[{"embeddable":true,"href":"https:\/\/alibabette-editions.com\/en\/wp-json\/wp\/v2\/media\/21641"}],"wp:attachment":[{"href":"https:\/\/alibabette-editions.com\/en\/wp-json\/wp\/v2\/media?parent=21355"}],"wp:term":[{"taxonomy":"product_brand","embeddable":true,"href":"https:\/\/alibabette-editions.com\/en\/wp-json\/wp\/v2\/product_brand?post=21355"},{"taxonomy":"product_cat","embeddable":true,"href":"https:\/\/alibabette-editions.com\/en\/wp-json\/wp\/v2\/product_cat?post=21355"},{"taxonomy":"product_tag","embeddable":true,"href":"https:\/\/alibabette-editions.com\/en\/wp-json\/wp\/v2\/product_tag?post=21355"}],"curies":[{"name":"wp","href":"https:\/\/api.w.org\/{rel}","templated":true}]}}