{"id":21349,"date":"2023-10-29T12:35:43","date_gmt":"2023-10-29T11:35:43","guid":{"rendered":"https:\/\/alibabette-editions.com\/?post_type=product&#038;p=21349"},"modified":"2025-01-05T18:47:07","modified_gmt":"2025-01-05T17:47:07","slug":"harmonie","status":"publish","type":"product","link":"https:\/\/alibabette-editions.com\/en\/boutique\/les-sketchbooks\/artbook-a5\/harmonie\/","title":{"rendered":"Harmonie"},"content":{"rendered":"","protected":false},"excerpt":{"rendered":"<p>Ces nuanciers proviennent du plus ancien ouvrage connu sur la couleur \u2013 bien longtemps avant Pantone\u2009! \u2013 puisque son auteur est un Hollandais du xvii<sup>e <\/sup>si\u00e8cle, A. Boogert. Le titre complet de l\u2019ouvrage est tr\u00e8s long mais peut se r\u00e9sumer \u00e0 \u00ab\u2009Trait\u00e9 des Couleurs servant \u00e0 la peinture \u00e0 l\u2019eau\u2009\u00bb. Il est conserv\u00e9 \u00e0 la Biblioth\u00e8que M\u00e9janes, \u00e0 Aix-en-Provence.<\/p>\n<p>Format 14 x 21 cm<br \/>\nReliure avec couture apparente\u00a0en fil \u00e9cru<br \/>\nOuverture \u00e0 plat<br \/>\nCouverture mate<br \/>\nPapier \u00e0 dessin non acide ivoire 100 g<br \/>\n240 pages<\/p>","protected":false},"featured_media":21662,"template":"","meta":[],"product_brand":[],"product_cat":[253],"product_tag":[333,580,418,329,325,335],"class_list":{"0":"post-21349","1":"product","2":"type-product","3":"status-publish","4":"has-post-thumbnail","6":"product_cat-artbook-a5","7":"product_tag-carnet-de-croquis","8":"product_tag-crayons-de-couleur","9":"product_tag-fou-de-couleurs","10":"product_tag-nuancier","11":"product_tag-papier-a-dessin","12":"product_tag-sketchbook","14":"first","15":"instock","16":"taxable","17":"shipping-taxable","18":"purchasable","19":"product-type-simple"},"yoast_head":"<!-- This site is optimized with the Yoast SEO plugin v26.8 - https:\/\/yoast.com\/product\/yoast-seo-wordpress\/ -->\n<title>Harmonie - Alibabette Editions<\/title>\n<meta name=\"robots\" content=\"index, follow, max-snippet:-1, max-image-preview:large, max-video-preview:-1\" \/>\n<link rel=\"canonical\" href=\"https:\/\/alibabette-editions.com\/en\/boutique\/les-sketchbooks\/artbook-a5\/harmonie\/\" \/>\n<meta property=\"og:locale\" content=\"en_GB\" \/>\n<meta property=\"og:type\" content=\"article\" \/>\n<meta property=\"og:title\" content=\"Harmonie - Alibabette Editions\" \/>\n<meta property=\"og:description\" content=\"Ces nuanciers proviennent du plus ancien ouvrage connu sur la couleur \u2013 bien longtemps avant Pantone\u2009! \u2013 puisque son auteur est un Hollandais du xviie si\u00e8cle, A. Boogert. Le titre complet de l\u2019ouvrage est tr\u00e8s long mais peut se r\u00e9sumer \u00e0 \u00ab\u2009Trait\u00e9 des Couleurs servant \u00e0 la peinture \u00e0 l\u2019eau\u2009\u00bb. Il est conserv\u00e9 \u00e0 la Biblioth\u00e8que M\u00e9janes, \u00e0 Aix-en-Provence.  Format 14 x 21 cm Reliure avec couture apparente\u00a0en fil \u00e9cru Ouverture \u00e0 plat Couverture mate Papier \u00e0 dessin non acide ivoire 100 g 240 pages\" \/>\n<meta property=\"og:url\" content=\"https:\/\/alibabette-editions.com\/en\/boutique\/les-sketchbooks\/artbook-a5\/harmonie\/\" \/>\n<meta property=\"og:site_name\" content=\"Alibabette Editions\" \/>\n<meta property=\"article:modified_time\" content=\"2025-01-05T17:47:07+00:00\" \/>\n<meta property=\"og:image\" content=\"https:\/\/alibabette-editions.com\/wp-content\/uploads\/AB1B018-couv-pour-web_R.jpg\" \/>\n\t<meta property=\"og:image:width\" content=\"1500\" \/>\n\t<meta property=\"og:image:height\" content=\"1500\" \/>\n\t<meta property=\"og:image:type\" content=\"image\/jpeg\" \/>\n<meta name=\"twitter:card\" content=\"summary_large_image\" \/>\n<meta name=\"twitter:label1\" content=\"Estimated reading time\" \/>\n\t<meta name=\"twitter:data1\" content=\"1 minute\" \/>\n<script type=\"application\/ld+json\" class=\"yoast-schema-graph\">{\"@context\":\"https:\/\/schema.org\",\"@graph\":[{\"@type\":\"WebPage\",\"@id\":\"https:\/\/alibabette-editions.com\/boutique\/les-sketchbooks\/artbook-a5\/harmonie\/\",\"url\":\"https:\/\/alibabette-editions.com\/boutique\/les-sketchbooks\/artbook-a5\/harmonie\/\",\"name\":\"Harmonie - Alibabette Editions\",\"isPartOf\":{\"@id\":\"https:\/\/alibabette-editions.com\/#website\"},\"primaryImageOfPage\":{\"@id\":\"https:\/\/alibabette-editions.com\/boutique\/les-sketchbooks\/artbook-a5\/harmonie\/#primaryimage\"},\"image\":{\"@id\":\"https:\/\/alibabette-editions.com\/boutique\/les-sketchbooks\/artbook-a5\/harmonie\/#primaryimage\"},\"thumbnailUrl\":\"https:\/\/alibabette-editions.com\/wp-content\/uploads\/AB1B018-couv-pour-web_R.jpg\",\"datePublished\":\"2023-10-29T11:35:43+00:00\",\"dateModified\":\"2025-01-05T17:47:07+00:00\",\"breadcrumb\":{\"@id\":\"https:\/\/alibabette-editions.com\/boutique\/les-sketchbooks\/artbook-a5\/harmonie\/#breadcrumb\"},\"inLanguage\":\"en-GB\",\"potentialAction\":[{\"@type\":\"ReadAction\",\"target\":[\"https:\/\/alibabette-editions.com\/boutique\/les-sketchbooks\/artbook-a5\/harmonie\/\"]}]},{\"@type\":\"ImageObject\",\"inLanguage\":\"en-GB\",\"@id\":\"https:\/\/alibabette-editions.com\/boutique\/les-sketchbooks\/artbook-a5\/harmonie\/#primaryimage\",\"url\":\"https:\/\/alibabette-editions.com\/wp-content\/uploads\/AB1B018-couv-pour-web_R.jpg\",\"contentUrl\":\"https:\/\/alibabette-editions.com\/wp-content\/uploads\/AB1B018-couv-pour-web_R.jpg\",\"width\":1500,\"height\":1500},{\"@type\":\"BreadcrumbList\",\"@id\":\"https:\/\/alibabette-editions.com\/boutique\/les-sketchbooks\/artbook-a5\/harmonie\/#breadcrumb\",\"itemListElement\":[{\"@type\":\"ListItem\",\"position\":1,\"name\":\"Accueil\",\"item\":\"https:\/\/alibabette-editions.com\/\"},{\"@type\":\"ListItem\",\"position\":2,\"name\":\"Tout voir\",\"item\":\"https:\/\/alibabette-editions.com\/boutique\/\"},{\"@type\":\"ListItem\",\"position\":3,\"name\":\"Harmonie\"}]},{\"@type\":\"WebSite\",\"@id\":\"https:\/\/alibabette-editions.com\/#website\",\"url\":\"https:\/\/alibabette-editions.com\/\",\"name\":\"Alibabette Editions\",\"description\":\"\",\"potentialAction\":[{\"@type\":\"SearchAction\",\"target\":{\"@type\":\"EntryPoint\",\"urlTemplate\":\"https:\/\/alibabette-editions.com\/?s={search_term_string}\"},\"query-input\":{\"@type\":\"PropertyValueSpecification\",\"valueRequired\":true,\"valueName\":\"search_term_string\"}}],\"inLanguage\":\"en-GB\"}]}<\/script>\n<!-- \/ Yoast SEO plugin. -->","yoast_head_json":{"title":"Harmonie - Alibabette Editions","robots":{"index":"index","follow":"follow","max-snippet":"max-snippet:-1","max-image-preview":"max-image-preview:large","max-video-preview":"max-video-preview:-1"},"canonical":"https:\/\/alibabette-editions.com\/en\/boutique\/les-sketchbooks\/artbook-a5\/harmonie\/","og_locale":"en_GB","og_type":"article","og_title":"Harmonie - Alibabette Editions","og_description":"Ces nuanciers proviennent du plus ancien ouvrage connu sur la couleur \u2013 bien longtemps avant Pantone\u2009! \u2013 puisque son auteur est un Hollandais du xviie si\u00e8cle, A. Boogert. Le titre complet de l\u2019ouvrage est tr\u00e8s long mais peut se r\u00e9sumer \u00e0 \u00ab\u2009Trait\u00e9 des Couleurs servant \u00e0 la peinture \u00e0 l\u2019eau\u2009\u00bb. Il est conserv\u00e9 \u00e0 la Biblioth\u00e8que M\u00e9janes, \u00e0 Aix-en-Provence.  Format 14 x 21 cm Reliure avec couture apparente\u00a0en fil \u00e9cru Ouverture \u00e0 plat Couverture mate Papier \u00e0 dessin non acide ivoire 100 g 240 pages","og_url":"https:\/\/alibabette-editions.com\/en\/boutique\/les-sketchbooks\/artbook-a5\/harmonie\/","og_site_name":"Alibabette Editions","article_modified_time":"2025-01-05T17:47:07+00:00","og_image":[{"width":1500,"height":1500,"url":"https:\/\/alibabette-editions.com\/wp-content\/uploads\/AB1B018-couv-pour-web_R.jpg","type":"image\/jpeg"}],"twitter_card":"summary_large_image","twitter_misc":{"Estimated reading time":"1 minute"},"schema":{"@context":"https:\/\/schema.org","@graph":[{"@type":"WebPage","@id":"https:\/\/alibabette-editions.com\/boutique\/les-sketchbooks\/artbook-a5\/harmonie\/","url":"https:\/\/alibabette-editions.com\/boutique\/les-sketchbooks\/artbook-a5\/harmonie\/","name":"Harmonie - Alibabette Editions","isPartOf":{"@id":"https:\/\/alibabette-editions.com\/#website"},"primaryImageOfPage":{"@id":"https:\/\/alibabette-editions.com\/boutique\/les-sketchbooks\/artbook-a5\/harmonie\/#primaryimage"},"image":{"@id":"https:\/\/alibabette-editions.com\/boutique\/les-sketchbooks\/artbook-a5\/harmonie\/#primaryimage"},"thumbnailUrl":"https:\/\/alibabette-editions.com\/wp-content\/uploads\/AB1B018-couv-pour-web_R.jpg","datePublished":"2023-10-29T11:35:43+00:00","dateModified":"2025-01-05T17:47:07+00:00","breadcrumb":{"@id":"https:\/\/alibabette-editions.com\/boutique\/les-sketchbooks\/artbook-a5\/harmonie\/#breadcrumb"},"inLanguage":"en-GB","potentialAction":[{"@type":"ReadAction","target":["https:\/\/alibabette-editions.com\/boutique\/les-sketchbooks\/artbook-a5\/harmonie\/"]}]},{"@type":"ImageObject","inLanguage":"en-GB","@id":"https:\/\/alibabette-editions.com\/boutique\/les-sketchbooks\/artbook-a5\/harmonie\/#primaryimage","url":"https:\/\/alibabette-editions.com\/wp-content\/uploads\/AB1B018-couv-pour-web_R.jpg","contentUrl":"https:\/\/alibabette-editions.com\/wp-content\/uploads\/AB1B018-couv-pour-web_R.jpg","width":1500,"height":1500},{"@type":"BreadcrumbList","@id":"https:\/\/alibabette-editions.com\/boutique\/les-sketchbooks\/artbook-a5\/harmonie\/#breadcrumb","itemListElement":[{"@type":"ListItem","position":1,"name":"Accueil","item":"https:\/\/alibabette-editions.com\/"},{"@type":"ListItem","position":2,"name":"Tout voir","item":"https:\/\/alibabette-editions.com\/boutique\/"},{"@type":"ListItem","position":3,"name":"Harmonie"}]},{"@type":"WebSite","@id":"https:\/\/alibabette-editions.com\/#website","url":"https:\/\/alibabette-editions.com\/","name":"Alibabette Editions","description":"","potentialAction":[{"@type":"SearchAction","target":{"@type":"EntryPoint","urlTemplate":"https:\/\/alibabette-editions.com\/?s={search_term_string}"},"query-input":{"@type":"PropertyValueSpecification","valueRequired":true,"valueName":"search_term_string"}}],"inLanguage":"en-GB"}]}},"_links":{"self":[{"href":"https:\/\/alibabette-editions.com\/en\/wp-json\/wp\/v2\/product\/21349","targetHints":{"allow":["GET"]}}],"collection":[{"href":"https:\/\/alibabette-editions.com\/en\/wp-json\/wp\/v2\/product"}],"about":[{"href":"https:\/\/alibabette-editions.com\/en\/wp-json\/wp\/v2\/types\/product"}],"wp:featuredmedia":[{"embeddable":true,"href":"https:\/\/alibabette-editions.com\/en\/wp-json\/wp\/v2\/media\/21662"}],"wp:attachment":[{"href":"https:\/\/alibabette-editions.com\/en\/wp-json\/wp\/v2\/media?parent=21349"}],"wp:term":[{"taxonomy":"product_brand","embeddable":true,"href":"https:\/\/alibabette-editions.com\/en\/wp-json\/wp\/v2\/product_brand?post=21349"},{"taxonomy":"product_cat","embeddable":true,"href":"https:\/\/alibabette-editions.com\/en\/wp-json\/wp\/v2\/product_cat?post=21349"},{"taxonomy":"product_tag","embeddable":true,"href":"https:\/\/alibabette-editions.com\/en\/wp-json\/wp\/v2\/product_tag?post=21349"}],"curies":[{"name":"wp","href":"https:\/\/api.w.org\/{rel}","templated":true}]}}