{"id":20371,"date":"2022-11-09T11:39:12","date_gmt":"2022-11-09T10:39:12","guid":{"rendered":"https:\/\/alibabette-editions.com\/?post_type=product&#038;p=17857"},"modified":"2025-03-11T21:28:53","modified_gmt":"2025-03-11T20:28:53","slug":"tresors-de-la-jungle","status":"publish","type":"product","link":"https:\/\/alibabette-editions.com\/en\/boutique\/la-petite-deco\/tresors-de-la-jungle\/","title":{"rendered":"Tr\u00e9sors de la jungle"},"content":{"rendered":"","protected":false},"excerpt":{"rendered":"<p>Un \u00e9l\u00e9phant, un perroquet vert, des fleurs \u00e9tonnantes, un colibri gracieux, un ouistiti qui aime la papaye, une panth\u00e8re prudente et de beaux papillons\u2026 Le cam\u00e9l\u00e9on a tout son temps, le toucan chante et la grenouille prend la pose. Il y a bien de la vie dans cette jungle de papier\u00a0! Parfaite pour d\u00e9corer une chambre et faire r\u00eaver les enfants.<\/p>","protected":false},"featured_media":21113,"template":"","meta":[],"product_brand":[],"product_cat":[549,504],"product_tag":[574,418,284,456],"class_list":{"0":"post-20371","1":"product","2":"type-product","3":"status-publish","4":"has-post-thumbnail","6":"product_cat-la-petite-deco","7":"product_cat-guirlande","8":"product_tag-botanique","9":"product_tag-fou-de-couleurs","10":"product_tag-nature","11":"product_tag-oiseau","13":"first","14":"instock","15":"taxable","16":"shipping-taxable","17":"purchasable","18":"product-type-simple"},"yoast_head":"<!-- This site is optimized with the Yoast SEO plugin v26.8 - https:\/\/yoast.com\/product\/yoast-seo-wordpress\/ -->\n<title>Tr\u00e9sors de la jungle - Alibabette Editions<\/title>\n<meta name=\"robots\" content=\"index, follow, max-snippet:-1, max-image-preview:large, max-video-preview:-1\" \/>\n<link rel=\"canonical\" href=\"https:\/\/alibabette-editions.com\/en\/boutique\/guirlande\/tresors-de-la-jungle\/\" \/>\n<meta property=\"og:locale\" content=\"en_GB\" \/>\n<meta property=\"og:type\" content=\"article\" \/>\n<meta property=\"og:title\" content=\"Tr\u00e9sors de la jungle - Alibabette Editions\" \/>\n<meta property=\"og:description\" content=\"Un \u00e9l\u00e9phant, un perroquet vert, des fleurs \u00e9tonnantes, un colibri gracieux, un ouistiti qui aime la papaye, une panth\u00e8re prudente et de beaux papillons\u2026 Le cam\u00e9l\u00e9on a tout son temps, le toucan chante et la grenouille prend la pose. Il y a bien de la vie dans cette jungle de papier\u00a0! Parfaite pour d\u00e9corer une chambre et faire r\u00eaver les enfants.\" \/>\n<meta property=\"og:url\" content=\"https:\/\/alibabette-editions.com\/en\/boutique\/guirlande\/tresors-de-la-jungle\/\" \/>\n<meta property=\"og:site_name\" content=\"Alibabette Editions\" \/>\n<meta property=\"article:modified_time\" content=\"2025-03-11T20:28:53+00:00\" \/>\n<meta property=\"og:image\" content=\"https:\/\/alibabette-editions.com\/wp-content\/uploads\/GUIR1007-Ru.jpg\" \/>\n\t<meta property=\"og:image:width\" content=\"1500\" \/>\n\t<meta property=\"og:image:height\" content=\"1500\" \/>\n\t<meta property=\"og:image:type\" content=\"image\/jpeg\" \/>\n<meta name=\"twitter:card\" content=\"summary_large_image\" \/>\n<meta name=\"twitter:label1\" content=\"Estimated reading time\" \/>\n\t<meta name=\"twitter:data1\" content=\"1 minute\" \/>\n<script type=\"application\/ld+json\" class=\"yoast-schema-graph\">{\"@context\":\"https:\/\/schema.org\",\"@graph\":[{\"@type\":\"WebPage\",\"@id\":\"https:\/\/alibabette-editions.com\/boutique\/guirlande\/tresors-de-la-jungle\/\",\"url\":\"https:\/\/alibabette-editions.com\/boutique\/guirlande\/tresors-de-la-jungle\/\",\"name\":\"Tr\u00e9sors de la jungle - Alibabette Editions\",\"isPartOf\":{\"@id\":\"https:\/\/alibabette-editions.com\/#website\"},\"primaryImageOfPage\":{\"@id\":\"https:\/\/alibabette-editions.com\/boutique\/guirlande\/tresors-de-la-jungle\/#primaryimage\"},\"image\":{\"@id\":\"https:\/\/alibabette-editions.com\/boutique\/guirlande\/tresors-de-la-jungle\/#primaryimage\"},\"thumbnailUrl\":\"https:\/\/alibabette-editions.com\/wp-content\/uploads\/GUIR1007-Ru.jpg\",\"datePublished\":\"2022-11-09T10:39:12+00:00\",\"dateModified\":\"2025-03-11T20:28:53+00:00\",\"breadcrumb\":{\"@id\":\"https:\/\/alibabette-editions.com\/boutique\/guirlande\/tresors-de-la-jungle\/#breadcrumb\"},\"inLanguage\":\"en-GB\",\"potentialAction\":[{\"@type\":\"ReadAction\",\"target\":[\"https:\/\/alibabette-editions.com\/boutique\/guirlande\/tresors-de-la-jungle\/\"]}]},{\"@type\":\"ImageObject\",\"inLanguage\":\"en-GB\",\"@id\":\"https:\/\/alibabette-editions.com\/boutique\/guirlande\/tresors-de-la-jungle\/#primaryimage\",\"url\":\"https:\/\/alibabette-editions.com\/wp-content\/uploads\/GUIR1007-Ru.jpg\",\"contentUrl\":\"https:\/\/alibabette-editions.com\/wp-content\/uploads\/GUIR1007-Ru.jpg\",\"width\":1500,\"height\":1500},{\"@type\":\"BreadcrumbList\",\"@id\":\"https:\/\/alibabette-editions.com\/boutique\/guirlande\/tresors-de-la-jungle\/#breadcrumb\",\"itemListElement\":[{\"@type\":\"ListItem\",\"position\":1,\"name\":\"Accueil\",\"item\":\"https:\/\/alibabette-editions.com\/\"},{\"@type\":\"ListItem\",\"position\":2,\"name\":\"Tout voir\",\"item\":\"https:\/\/alibabette-editions.com\/boutique\/\"},{\"@type\":\"ListItem\",\"position\":3,\"name\":\"Tr\u00e9sors de la jungle\"}]},{\"@type\":\"WebSite\",\"@id\":\"https:\/\/alibabette-editions.com\/#website\",\"url\":\"https:\/\/alibabette-editions.com\/\",\"name\":\"Alibabette Editions\",\"description\":\"\",\"potentialAction\":[{\"@type\":\"SearchAction\",\"target\":{\"@type\":\"EntryPoint\",\"urlTemplate\":\"https:\/\/alibabette-editions.com\/?s={search_term_string}\"},\"query-input\":{\"@type\":\"PropertyValueSpecification\",\"valueRequired\":true,\"valueName\":\"search_term_string\"}}],\"inLanguage\":\"en-GB\"}]}<\/script>\n<!-- \/ Yoast SEO plugin. -->","yoast_head_json":{"title":"Tr\u00e9sors de la jungle - Alibabette Editions","robots":{"index":"index","follow":"follow","max-snippet":"max-snippet:-1","max-image-preview":"max-image-preview:large","max-video-preview":"max-video-preview:-1"},"canonical":"https:\/\/alibabette-editions.com\/en\/boutique\/guirlande\/tresors-de-la-jungle\/","og_locale":"en_GB","og_type":"article","og_title":"Tr\u00e9sors de la jungle - Alibabette Editions","og_description":"Un \u00e9l\u00e9phant, un perroquet vert, des fleurs \u00e9tonnantes, un colibri gracieux, un ouistiti qui aime la papaye, une panth\u00e8re prudente et de beaux papillons\u2026 Le cam\u00e9l\u00e9on a tout son temps, le toucan chante et la grenouille prend la pose. Il y a bien de la vie dans cette jungle de papier\u00a0! Parfaite pour d\u00e9corer une chambre et faire r\u00eaver les enfants.","og_url":"https:\/\/alibabette-editions.com\/en\/boutique\/guirlande\/tresors-de-la-jungle\/","og_site_name":"Alibabette Editions","article_modified_time":"2025-03-11T20:28:53+00:00","og_image":[{"width":1500,"height":1500,"url":"https:\/\/alibabette-editions.com\/wp-content\/uploads\/GUIR1007-Ru.jpg","type":"image\/jpeg"}],"twitter_card":"summary_large_image","twitter_misc":{"Estimated reading time":"1 minute"},"schema":{"@context":"https:\/\/schema.org","@graph":[{"@type":"WebPage","@id":"https:\/\/alibabette-editions.com\/boutique\/guirlande\/tresors-de-la-jungle\/","url":"https:\/\/alibabette-editions.com\/boutique\/guirlande\/tresors-de-la-jungle\/","name":"Tr\u00e9sors de la jungle - Alibabette Editions","isPartOf":{"@id":"https:\/\/alibabette-editions.com\/#website"},"primaryImageOfPage":{"@id":"https:\/\/alibabette-editions.com\/boutique\/guirlande\/tresors-de-la-jungle\/#primaryimage"},"image":{"@id":"https:\/\/alibabette-editions.com\/boutique\/guirlande\/tresors-de-la-jungle\/#primaryimage"},"thumbnailUrl":"https:\/\/alibabette-editions.com\/wp-content\/uploads\/GUIR1007-Ru.jpg","datePublished":"2022-11-09T10:39:12+00:00","dateModified":"2025-03-11T20:28:53+00:00","breadcrumb":{"@id":"https:\/\/alibabette-editions.com\/boutique\/guirlande\/tresors-de-la-jungle\/#breadcrumb"},"inLanguage":"en-GB","potentialAction":[{"@type":"ReadAction","target":["https:\/\/alibabette-editions.com\/boutique\/guirlande\/tresors-de-la-jungle\/"]}]},{"@type":"ImageObject","inLanguage":"en-GB","@id":"https:\/\/alibabette-editions.com\/boutique\/guirlande\/tresors-de-la-jungle\/#primaryimage","url":"https:\/\/alibabette-editions.com\/wp-content\/uploads\/GUIR1007-Ru.jpg","contentUrl":"https:\/\/alibabette-editions.com\/wp-content\/uploads\/GUIR1007-Ru.jpg","width":1500,"height":1500},{"@type":"BreadcrumbList","@id":"https:\/\/alibabette-editions.com\/boutique\/guirlande\/tresors-de-la-jungle\/#breadcrumb","itemListElement":[{"@type":"ListItem","position":1,"name":"Accueil","item":"https:\/\/alibabette-editions.com\/"},{"@type":"ListItem","position":2,"name":"Tout voir","item":"https:\/\/alibabette-editions.com\/boutique\/"},{"@type":"ListItem","position":3,"name":"Tr\u00e9sors de la jungle"}]},{"@type":"WebSite","@id":"https:\/\/alibabette-editions.com\/#website","url":"https:\/\/alibabette-editions.com\/","name":"Alibabette Editions","description":"","potentialAction":[{"@type":"SearchAction","target":{"@type":"EntryPoint","urlTemplate":"https:\/\/alibabette-editions.com\/?s={search_term_string}"},"query-input":{"@type":"PropertyValueSpecification","valueRequired":true,"valueName":"search_term_string"}}],"inLanguage":"en-GB"}]}},"_links":{"self":[{"href":"https:\/\/alibabette-editions.com\/en\/wp-json\/wp\/v2\/product\/20371","targetHints":{"allow":["GET"]}}],"collection":[{"href":"https:\/\/alibabette-editions.com\/en\/wp-json\/wp\/v2\/product"}],"about":[{"href":"https:\/\/alibabette-editions.com\/en\/wp-json\/wp\/v2\/types\/product"}],"wp:featuredmedia":[{"embeddable":true,"href":"https:\/\/alibabette-editions.com\/en\/wp-json\/wp\/v2\/media\/21113"}],"wp:attachment":[{"href":"https:\/\/alibabette-editions.com\/en\/wp-json\/wp\/v2\/media?parent=20371"}],"wp:term":[{"taxonomy":"product_brand","embeddable":true,"href":"https:\/\/alibabette-editions.com\/en\/wp-json\/wp\/v2\/product_brand?post=20371"},{"taxonomy":"product_cat","embeddable":true,"href":"https:\/\/alibabette-editions.com\/en\/wp-json\/wp\/v2\/product_cat?post=20371"},{"taxonomy":"product_tag","embeddable":true,"href":"https:\/\/alibabette-editions.com\/en\/wp-json\/wp\/v2\/product_tag?post=20371"}],"curies":[{"name":"wp","href":"https:\/\/api.w.org\/{rel}","templated":true}]}}