{"id":17513,"date":"2021-10-14T18:35:16","date_gmt":"2021-10-14T16:35:16","guid":{"rendered":"https:\/\/alibabette-editions.com\/?post_type=product&#038;p=17513"},"modified":"2026-03-24T14:56:18","modified_gmt":"2026-03-24T13:56:18","slug":"carnet-illustre-au-jardin","status":"publish","type":"product","link":"https:\/\/alibabette-editions.com\/en\/boutique\/les-carnets\/carnet-journaux-illustres\/carnet-illustre-au-jardin\/","title":{"rendered":"Au jardin"},"content":{"rendered":"","protected":false},"excerpt":{"rendered":"<p>Les tournesols font p\u00e2lir le soleil et le jardinier trie ses sachets de graines. Un chapeau de paille se lie d\u2019amiti\u00e9 avec une brouette. Les petits pois ont bien donn\u00e9 cette ann\u00e9e et les dahlias font des bouquets joyeux. Les grenouilles ont enfil\u00e9 un cir\u00e9 vert et le h\u00e9risson a plus d\u2019un tour dans son sac\u2026<\/p>\n<p>Sur chaque double page de ce carnet tr\u00e8s illustr\u00e9, des images vintage invitent \u00e0 l\u2019\u00e9criture, au croquis, au scrapbooking\u2026 \u00c0 chacun de cr\u00e9er son propre journal du jardin (r\u00e9el ou imaginaire) en suivant son inspiration\u00a0!<\/p>\n<p><strong>S\u00e9lectionn\u00e9 par Maison&amp;Objet Septembre 2021 pour What\u2019s New<\/strong><\/p>\n<p>&nbsp;<\/p>\n<p>&nbsp;<\/p>\n<p>Format 13,2\u2009x\u200919,5\u2009cm<br \/>\nReliure suisse<br \/>\nOuverture \u00e0 plat<br \/>\nPapier 120\u2009g ivoire l\u00e9ger<br \/>\n128 pages<\/p>\n<p>Chaque double page est illustr\u00e9e de documents vintage<br \/>\nIl y a des pages lign\u00e9es pour \u00e9crire, d\u2019autres pour dessiner ou coller des souvenirs<\/p>","protected":false},"featured_media":17520,"template":"","meta":[],"product_brand":[],"product_cat":[1029],"product_tag":[574,1031,1037,1030,1036,528,1033,438,284,1032,417],"class_list":{"0":"post-17513","1":"product","2":"type-product","3":"status-publish","4":"has-post-thumbnail","6":"product_cat-carnet-journaux-illustres","7":"product_tag-botanique","8":"product_tag-bullet-journal","9":"product_tag-carnet-illustre","10":"product_tag-diy","11":"product_tag-fleurs","12":"product_tag-gravure","13":"product_tag-inspiration","14":"product_tag-jardin","15":"product_tag-nature","16":"product_tag-souvenirs","17":"product_tag-vintage","19":"first","20":"outofstock","21":"taxable","22":"shipping-taxable","23":"purchasable","24":"product-type-simple"},"yoast_head":"<!-- This site is optimized with the Yoast SEO plugin v26.8 - https:\/\/yoast.com\/product\/yoast-seo-wordpress\/ -->\n<title>Au jardin - Alibabette Editions<\/title>\n<meta name=\"description\" content=\"Sur chaque double page de ce carnet tr\u00e8s illustr\u00e9, des images vintage invitent \u00e0 l\u2019\u00e9criture, au croquis, au scrapbooking\u2026\" \/>\n<meta name=\"robots\" content=\"index, follow, max-snippet:-1, max-image-preview:large, max-video-preview:-1\" \/>\n<link rel=\"canonical\" href=\"https:\/\/alibabette-editions.com\/en\/boutique\/les-carnets\/carnet-journaux-illustres\/carnet-illustre-au-jardin\/\" \/>\n<meta property=\"og:locale\" content=\"en_GB\" \/>\n<meta property=\"og:type\" content=\"article\" \/>\n<meta property=\"og:title\" content=\"Au jardin - Alibabette Editions\" \/>\n<meta property=\"og:description\" content=\"Sur chaque double page de ce carnet tr\u00e8s illustr\u00e9, des images vintage invitent \u00e0 l\u2019\u00e9criture, au croquis, au scrapbooking\u2026\" \/>\n<meta property=\"og:url\" content=\"https:\/\/alibabette-editions.com\/en\/boutique\/les-carnets\/carnet-journaux-illustres\/carnet-illustre-au-jardin\/\" \/>\n<meta property=\"og:site_name\" content=\"Alibabette Editions\" \/>\n<meta property=\"article:modified_time\" content=\"2026-03-24T13:56:18+00:00\" \/>\n<meta property=\"og:image\" content=\"https:\/\/alibabette-editions.com\/wp-content\/uploads\/JIL004-r.jpg\" \/>\n\t<meta property=\"og:image:width\" content=\"1500\" \/>\n\t<meta property=\"og:image:height\" content=\"1500\" \/>\n\t<meta property=\"og:image:type\" content=\"image\/jpeg\" \/>\n<meta name=\"twitter:card\" content=\"summary_large_image\" \/>\n<script type=\"application\/ld+json\" class=\"yoast-schema-graph\">{\"@context\":\"https:\/\/schema.org\",\"@graph\":[{\"@type\":\"WebPage\",\"@id\":\"https:\/\/alibabette-editions.com\/boutique\/les-carnets\/carnet-journaux-illustres\/carnet-illustre-au-jardin\/\",\"url\":\"https:\/\/alibabette-editions.com\/boutique\/les-carnets\/carnet-journaux-illustres\/carnet-illustre-au-jardin\/\",\"name\":\"Au jardin - Alibabette Editions\",\"isPartOf\":{\"@id\":\"https:\/\/alibabette-editions.com\/#website\"},\"primaryImageOfPage\":{\"@id\":\"https:\/\/alibabette-editions.com\/boutique\/les-carnets\/carnet-journaux-illustres\/carnet-illustre-au-jardin\/#primaryimage\"},\"image\":{\"@id\":\"https:\/\/alibabette-editions.com\/boutique\/les-carnets\/carnet-journaux-illustres\/carnet-illustre-au-jardin\/#primaryimage\"},\"thumbnailUrl\":\"https:\/\/alibabette-editions.com\/wp-content\/uploads\/JIL004-r.jpg\",\"datePublished\":\"2021-10-14T16:35:16+00:00\",\"dateModified\":\"2026-03-24T13:56:18+00:00\",\"description\":\"Sur chaque double page de ce carnet tr\u00e8s illustr\u00e9, des images vintage invitent \u00e0 l\u2019\u00e9criture, au croquis, au scrapbooking\u2026\",\"breadcrumb\":{\"@id\":\"https:\/\/alibabette-editions.com\/boutique\/les-carnets\/carnet-journaux-illustres\/carnet-illustre-au-jardin\/#breadcrumb\"},\"inLanguage\":\"en-GB\",\"potentialAction\":[{\"@type\":\"ReadAction\",\"target\":[\"https:\/\/alibabette-editions.com\/boutique\/les-carnets\/carnet-journaux-illustres\/carnet-illustre-au-jardin\/\"]}]},{\"@type\":\"ImageObject\",\"inLanguage\":\"en-GB\",\"@id\":\"https:\/\/alibabette-editions.com\/boutique\/les-carnets\/carnet-journaux-illustres\/carnet-illustre-au-jardin\/#primaryimage\",\"url\":\"https:\/\/alibabette-editions.com\/wp-content\/uploads\/JIL004-r.jpg\",\"contentUrl\":\"https:\/\/alibabette-editions.com\/wp-content\/uploads\/JIL004-r.jpg\",\"width\":1500,\"height\":1500},{\"@type\":\"BreadcrumbList\",\"@id\":\"https:\/\/alibabette-editions.com\/boutique\/les-carnets\/carnet-journaux-illustres\/carnet-illustre-au-jardin\/#breadcrumb\",\"itemListElement\":[{\"@type\":\"ListItem\",\"position\":1,\"name\":\"Accueil\",\"item\":\"https:\/\/alibabette-editions.com\/\"},{\"@type\":\"ListItem\",\"position\":2,\"name\":\"Tout voir\",\"item\":\"https:\/\/alibabette-editions.com\/boutique\/\"},{\"@type\":\"ListItem\",\"position\":3,\"name\":\"Au jardin\"}]},{\"@type\":\"WebSite\",\"@id\":\"https:\/\/alibabette-editions.com\/#website\",\"url\":\"https:\/\/alibabette-editions.com\/\",\"name\":\"Alibabette Editions\",\"description\":\"\",\"potentialAction\":[{\"@type\":\"SearchAction\",\"target\":{\"@type\":\"EntryPoint\",\"urlTemplate\":\"https:\/\/alibabette-editions.com\/?s={search_term_string}\"},\"query-input\":{\"@type\":\"PropertyValueSpecification\",\"valueRequired\":true,\"valueName\":\"search_term_string\"}}],\"inLanguage\":\"en-GB\"}]}<\/script>\n<!-- \/ Yoast SEO plugin. -->","yoast_head_json":{"title":"Au jardin - Alibabette Editions","description":"Sur chaque double page de ce carnet tr\u00e8s illustr\u00e9, des images vintage invitent \u00e0 l\u2019\u00e9criture, au croquis, au scrapbooking\u2026","robots":{"index":"index","follow":"follow","max-snippet":"max-snippet:-1","max-image-preview":"max-image-preview:large","max-video-preview":"max-video-preview:-1"},"canonical":"https:\/\/alibabette-editions.com\/en\/boutique\/les-carnets\/carnet-journaux-illustres\/carnet-illustre-au-jardin\/","og_locale":"en_GB","og_type":"article","og_title":"Au jardin - Alibabette Editions","og_description":"Sur chaque double page de ce carnet tr\u00e8s illustr\u00e9, des images vintage invitent \u00e0 l\u2019\u00e9criture, au croquis, au scrapbooking\u2026","og_url":"https:\/\/alibabette-editions.com\/en\/boutique\/les-carnets\/carnet-journaux-illustres\/carnet-illustre-au-jardin\/","og_site_name":"Alibabette Editions","article_modified_time":"2026-03-24T13:56:18+00:00","og_image":[{"width":1500,"height":1500,"url":"https:\/\/alibabette-editions.com\/wp-content\/uploads\/JIL004-r.jpg","type":"image\/jpeg"}],"twitter_card":"summary_large_image","schema":{"@context":"https:\/\/schema.org","@graph":[{"@type":"WebPage","@id":"https:\/\/alibabette-editions.com\/boutique\/les-carnets\/carnet-journaux-illustres\/carnet-illustre-au-jardin\/","url":"https:\/\/alibabette-editions.com\/boutique\/les-carnets\/carnet-journaux-illustres\/carnet-illustre-au-jardin\/","name":"Au jardin - Alibabette Editions","isPartOf":{"@id":"https:\/\/alibabette-editions.com\/#website"},"primaryImageOfPage":{"@id":"https:\/\/alibabette-editions.com\/boutique\/les-carnets\/carnet-journaux-illustres\/carnet-illustre-au-jardin\/#primaryimage"},"image":{"@id":"https:\/\/alibabette-editions.com\/boutique\/les-carnets\/carnet-journaux-illustres\/carnet-illustre-au-jardin\/#primaryimage"},"thumbnailUrl":"https:\/\/alibabette-editions.com\/wp-content\/uploads\/JIL004-r.jpg","datePublished":"2021-10-14T16:35:16+00:00","dateModified":"2026-03-24T13:56:18+00:00","description":"Sur chaque double page de ce carnet tr\u00e8s illustr\u00e9, des images vintage invitent \u00e0 l\u2019\u00e9criture, au croquis, au scrapbooking\u2026","breadcrumb":{"@id":"https:\/\/alibabette-editions.com\/boutique\/les-carnets\/carnet-journaux-illustres\/carnet-illustre-au-jardin\/#breadcrumb"},"inLanguage":"en-GB","potentialAction":[{"@type":"ReadAction","target":["https:\/\/alibabette-editions.com\/boutique\/les-carnets\/carnet-journaux-illustres\/carnet-illustre-au-jardin\/"]}]},{"@type":"ImageObject","inLanguage":"en-GB","@id":"https:\/\/alibabette-editions.com\/boutique\/les-carnets\/carnet-journaux-illustres\/carnet-illustre-au-jardin\/#primaryimage","url":"https:\/\/alibabette-editions.com\/wp-content\/uploads\/JIL004-r.jpg","contentUrl":"https:\/\/alibabette-editions.com\/wp-content\/uploads\/JIL004-r.jpg","width":1500,"height":1500},{"@type":"BreadcrumbList","@id":"https:\/\/alibabette-editions.com\/boutique\/les-carnets\/carnet-journaux-illustres\/carnet-illustre-au-jardin\/#breadcrumb","itemListElement":[{"@type":"ListItem","position":1,"name":"Accueil","item":"https:\/\/alibabette-editions.com\/"},{"@type":"ListItem","position":2,"name":"Tout voir","item":"https:\/\/alibabette-editions.com\/boutique\/"},{"@type":"ListItem","position":3,"name":"Au jardin"}]},{"@type":"WebSite","@id":"https:\/\/alibabette-editions.com\/#website","url":"https:\/\/alibabette-editions.com\/","name":"Alibabette Editions","description":"","potentialAction":[{"@type":"SearchAction","target":{"@type":"EntryPoint","urlTemplate":"https:\/\/alibabette-editions.com\/?s={search_term_string}"},"query-input":{"@type":"PropertyValueSpecification","valueRequired":true,"valueName":"search_term_string"}}],"inLanguage":"en-GB"}]}},"_links":{"self":[{"href":"https:\/\/alibabette-editions.com\/en\/wp-json\/wp\/v2\/product\/17513","targetHints":{"allow":["GET"]}}],"collection":[{"href":"https:\/\/alibabette-editions.com\/en\/wp-json\/wp\/v2\/product"}],"about":[{"href":"https:\/\/alibabette-editions.com\/en\/wp-json\/wp\/v2\/types\/product"}],"wp:featuredmedia":[{"embeddable":true,"href":"https:\/\/alibabette-editions.com\/en\/wp-json\/wp\/v2\/media\/17520"}],"wp:attachment":[{"href":"https:\/\/alibabette-editions.com\/en\/wp-json\/wp\/v2\/media?parent=17513"}],"wp:term":[{"taxonomy":"product_brand","embeddable":true,"href":"https:\/\/alibabette-editions.com\/en\/wp-json\/wp\/v2\/product_brand?post=17513"},{"taxonomy":"product_cat","embeddable":true,"href":"https:\/\/alibabette-editions.com\/en\/wp-json\/wp\/v2\/product_cat?post=17513"},{"taxonomy":"product_tag","embeddable":true,"href":"https:\/\/alibabette-editions.com\/en\/wp-json\/wp\/v2\/product_tag?post=17513"}],"curies":[{"name":"wp","href":"https:\/\/api.w.org\/{rel}","templated":true}]}}