{"id":17506,"date":"2021-10-14T18:27:06","date_gmt":"2021-10-14T16:27:06","guid":{"rendered":"https:\/\/alibabette-editions.com\/?post_type=product&#038;p=17506"},"modified":"2023-08-05T06:52:51","modified_gmt":"2023-08-05T04:52:51","slug":"carnet-illustre-in-the-mood-for-japan","status":"publish","type":"product","link":"https:\/\/alibabette-editions.com\/en\/boutique\/les-carnets\/carnet-journaux-illustres\/carnet-illustre-in-the-mood-for-japan\/","title":{"rendered":"In the mood for Japan"},"content":{"rendered":"","protected":false},"excerpt":{"rendered":"<p>Un chat paresse sous un cerisier en fleur et la neige couronne le mont Fuji. Les pinceaux \u00e9crivent des po\u00e8mes \u00e0 l\u2019encre noire et la mer fait des volutes d\u2019\u00e9cume. Les chrysanth\u00e8mes ornent des kimonos et un bol de th\u00e9 attend le valeureux p\u00eacheur\u2026<\/p>\n<p>Sur chaque double page de ce carnet tr\u00e8s illustr\u00e9, des images vintage invitent \u00e0 l\u2019\u00e9criture, au croquis, au scrapbooking\u2026 \u00c0 chacun de cr\u00e9er son propre journal de voyage (r\u00e9el ou imaginaire) en suivant son inspiration !<\/p>\n<p>&nbsp;<\/p>\n<p>Format 13,2\u2009x\u200919,5\u2009cm<br \/>\nReliure suisse<br \/>\nOuverture \u00e0 plat<br \/>\nPapier 120\u2009g ivoire l\u00e9ger<br \/>\n128 pages<\/p>\n<p>Chaque double page est illustr\u00e9e de documents vintage<br \/>\nIl y a des pages lign\u00e9es pour \u00e9crire, d\u2019autres pour dessiner ou coller des souvenirs<\/p>","protected":false},"featured_media":17507,"template":"","meta":[],"product_brand":[],"product_cat":[1029],"product_tag":[593,1031,1037,1030,528,1033,407,1032,417,1035,419],"class_list":{"0":"post-17506","1":"product","2":"type-product","3":"status-publish","4":"has-post-thumbnail","6":"product_cat-carnet-journaux-illustres","7":"product_tag-asie","8":"product_tag-bullet-journal","9":"product_tag-carnet-illustre","10":"product_tag-diy","11":"product_tag-gravure","12":"product_tag-inspiration","13":"product_tag-japon","14":"product_tag-souvenirs","15":"product_tag-vintage","16":"product_tag-voyage","17":"product_tag-voyage-en-orient","19":"first","20":"instock","21":"taxable","22":"shipping-taxable","23":"purchasable","24":"product-type-simple"},"yoast_head":"<!-- This site is optimized with the Yoast SEO plugin v26.8 - https:\/\/yoast.com\/product\/yoast-seo-wordpress\/ -->\n<title>In the mood for Japan - Alibabette Editions<\/title>\n<meta name=\"description\" content=\"Sur chaque double page de ce carnet tr\u00e8s illustr\u00e9, des images vintage invitent \u00e0 l\u2019\u00e9criture, au croquis, au scrapbooking\u2026\" \/>\n<meta name=\"robots\" content=\"index, follow, max-snippet:-1, max-image-preview:large, max-video-preview:-1\" \/>\n<link rel=\"canonical\" href=\"https:\/\/alibabette-editions.com\/en\/boutique\/les-carnets\/carnet-journaux-illustres\/carnet-illustre-in-the-mood-for-japan\/\" \/>\n<meta property=\"og:locale\" content=\"en_GB\" \/>\n<meta property=\"og:type\" content=\"article\" \/>\n<meta property=\"og:title\" content=\"In the mood for Japan - Alibabette Editions\" \/>\n<meta property=\"og:description\" content=\"Sur chaque double page de ce carnet tr\u00e8s illustr\u00e9, des images vintage invitent \u00e0 l\u2019\u00e9criture, au croquis, au scrapbooking\u2026\" \/>\n<meta property=\"og:url\" content=\"https:\/\/alibabette-editions.com\/en\/boutique\/les-carnets\/carnet-journaux-illustres\/carnet-illustre-in-the-mood-for-japan\/\" \/>\n<meta property=\"og:site_name\" content=\"Alibabette Editions\" \/>\n<meta property=\"article:modified_time\" content=\"2023-08-05T04:52:51+00:00\" \/>\n<meta property=\"og:image\" content=\"https:\/\/alibabette-editions.com\/wp-content\/uploads\/JIL003-r.jpg\" \/>\n\t<meta property=\"og:image:width\" content=\"1500\" \/>\n\t<meta property=\"og:image:height\" content=\"1500\" \/>\n\t<meta property=\"og:image:type\" content=\"image\/jpeg\" \/>\n<meta name=\"twitter:card\" content=\"summary_large_image\" \/>\n<script type=\"application\/ld+json\" class=\"yoast-schema-graph\">{\"@context\":\"https:\/\/schema.org\",\"@graph\":[{\"@type\":\"WebPage\",\"@id\":\"https:\/\/alibabette-editions.com\/boutique\/les-carnets\/carnet-journaux-illustres\/carnet-illustre-in-the-mood-for-japan\/\",\"url\":\"https:\/\/alibabette-editions.com\/boutique\/les-carnets\/carnet-journaux-illustres\/carnet-illustre-in-the-mood-for-japan\/\",\"name\":\"In the mood for Japan - Alibabette Editions\",\"isPartOf\":{\"@id\":\"https:\/\/alibabette-editions.com\/#website\"},\"primaryImageOfPage\":{\"@id\":\"https:\/\/alibabette-editions.com\/boutique\/les-carnets\/carnet-journaux-illustres\/carnet-illustre-in-the-mood-for-japan\/#primaryimage\"},\"image\":{\"@id\":\"https:\/\/alibabette-editions.com\/boutique\/les-carnets\/carnet-journaux-illustres\/carnet-illustre-in-the-mood-for-japan\/#primaryimage\"},\"thumbnailUrl\":\"https:\/\/alibabette-editions.com\/wp-content\/uploads\/JIL003-r.jpg\",\"datePublished\":\"2021-10-14T16:27:06+00:00\",\"dateModified\":\"2023-08-05T04:52:51+00:00\",\"description\":\"Sur chaque double page de ce carnet tr\u00e8s illustr\u00e9, des images vintage invitent \u00e0 l\u2019\u00e9criture, au croquis, au scrapbooking\u2026\",\"breadcrumb\":{\"@id\":\"https:\/\/alibabette-editions.com\/boutique\/les-carnets\/carnet-journaux-illustres\/carnet-illustre-in-the-mood-for-japan\/#breadcrumb\"},\"inLanguage\":\"en-GB\",\"potentialAction\":[{\"@type\":\"ReadAction\",\"target\":[\"https:\/\/alibabette-editions.com\/boutique\/les-carnets\/carnet-journaux-illustres\/carnet-illustre-in-the-mood-for-japan\/\"]}]},{\"@type\":\"ImageObject\",\"inLanguage\":\"en-GB\",\"@id\":\"https:\/\/alibabette-editions.com\/boutique\/les-carnets\/carnet-journaux-illustres\/carnet-illustre-in-the-mood-for-japan\/#primaryimage\",\"url\":\"https:\/\/alibabette-editions.com\/wp-content\/uploads\/JIL003-r.jpg\",\"contentUrl\":\"https:\/\/alibabette-editions.com\/wp-content\/uploads\/JIL003-r.jpg\",\"width\":1500,\"height\":1500},{\"@type\":\"BreadcrumbList\",\"@id\":\"https:\/\/alibabette-editions.com\/boutique\/les-carnets\/carnet-journaux-illustres\/carnet-illustre-in-the-mood-for-japan\/#breadcrumb\",\"itemListElement\":[{\"@type\":\"ListItem\",\"position\":1,\"name\":\"Accueil\",\"item\":\"https:\/\/alibabette-editions.com\/\"},{\"@type\":\"ListItem\",\"position\":2,\"name\":\"Tout voir\",\"item\":\"https:\/\/alibabette-editions.com\/boutique\/\"},{\"@type\":\"ListItem\",\"position\":3,\"name\":\"In the mood for Japan\"}]},{\"@type\":\"WebSite\",\"@id\":\"https:\/\/alibabette-editions.com\/#website\",\"url\":\"https:\/\/alibabette-editions.com\/\",\"name\":\"Alibabette Editions\",\"description\":\"\",\"potentialAction\":[{\"@type\":\"SearchAction\",\"target\":{\"@type\":\"EntryPoint\",\"urlTemplate\":\"https:\/\/alibabette-editions.com\/?s={search_term_string}\"},\"query-input\":{\"@type\":\"PropertyValueSpecification\",\"valueRequired\":true,\"valueName\":\"search_term_string\"}}],\"inLanguage\":\"en-GB\"}]}<\/script>\n<!-- \/ Yoast SEO plugin. -->","yoast_head_json":{"title":"In the mood for Japan - Alibabette Editions","description":"Sur chaque double page de ce carnet tr\u00e8s illustr\u00e9, des images vintage invitent \u00e0 l\u2019\u00e9criture, au croquis, au scrapbooking\u2026","robots":{"index":"index","follow":"follow","max-snippet":"max-snippet:-1","max-image-preview":"max-image-preview:large","max-video-preview":"max-video-preview:-1"},"canonical":"https:\/\/alibabette-editions.com\/en\/boutique\/les-carnets\/carnet-journaux-illustres\/carnet-illustre-in-the-mood-for-japan\/","og_locale":"en_GB","og_type":"article","og_title":"In the mood for Japan - Alibabette Editions","og_description":"Sur chaque double page de ce carnet tr\u00e8s illustr\u00e9, des images vintage invitent \u00e0 l\u2019\u00e9criture, au croquis, au scrapbooking\u2026","og_url":"https:\/\/alibabette-editions.com\/en\/boutique\/les-carnets\/carnet-journaux-illustres\/carnet-illustre-in-the-mood-for-japan\/","og_site_name":"Alibabette Editions","article_modified_time":"2023-08-05T04:52:51+00:00","og_image":[{"width":1500,"height":1500,"url":"https:\/\/alibabette-editions.com\/wp-content\/uploads\/JIL003-r.jpg","type":"image\/jpeg"}],"twitter_card":"summary_large_image","schema":{"@context":"https:\/\/schema.org","@graph":[{"@type":"WebPage","@id":"https:\/\/alibabette-editions.com\/boutique\/les-carnets\/carnet-journaux-illustres\/carnet-illustre-in-the-mood-for-japan\/","url":"https:\/\/alibabette-editions.com\/boutique\/les-carnets\/carnet-journaux-illustres\/carnet-illustre-in-the-mood-for-japan\/","name":"In the mood for Japan - Alibabette Editions","isPartOf":{"@id":"https:\/\/alibabette-editions.com\/#website"},"primaryImageOfPage":{"@id":"https:\/\/alibabette-editions.com\/boutique\/les-carnets\/carnet-journaux-illustres\/carnet-illustre-in-the-mood-for-japan\/#primaryimage"},"image":{"@id":"https:\/\/alibabette-editions.com\/boutique\/les-carnets\/carnet-journaux-illustres\/carnet-illustre-in-the-mood-for-japan\/#primaryimage"},"thumbnailUrl":"https:\/\/alibabette-editions.com\/wp-content\/uploads\/JIL003-r.jpg","datePublished":"2021-10-14T16:27:06+00:00","dateModified":"2023-08-05T04:52:51+00:00","description":"Sur chaque double page de ce carnet tr\u00e8s illustr\u00e9, des images vintage invitent \u00e0 l\u2019\u00e9criture, au croquis, au scrapbooking\u2026","breadcrumb":{"@id":"https:\/\/alibabette-editions.com\/boutique\/les-carnets\/carnet-journaux-illustres\/carnet-illustre-in-the-mood-for-japan\/#breadcrumb"},"inLanguage":"en-GB","potentialAction":[{"@type":"ReadAction","target":["https:\/\/alibabette-editions.com\/boutique\/les-carnets\/carnet-journaux-illustres\/carnet-illustre-in-the-mood-for-japan\/"]}]},{"@type":"ImageObject","inLanguage":"en-GB","@id":"https:\/\/alibabette-editions.com\/boutique\/les-carnets\/carnet-journaux-illustres\/carnet-illustre-in-the-mood-for-japan\/#primaryimage","url":"https:\/\/alibabette-editions.com\/wp-content\/uploads\/JIL003-r.jpg","contentUrl":"https:\/\/alibabette-editions.com\/wp-content\/uploads\/JIL003-r.jpg","width":1500,"height":1500},{"@type":"BreadcrumbList","@id":"https:\/\/alibabette-editions.com\/boutique\/les-carnets\/carnet-journaux-illustres\/carnet-illustre-in-the-mood-for-japan\/#breadcrumb","itemListElement":[{"@type":"ListItem","position":1,"name":"Accueil","item":"https:\/\/alibabette-editions.com\/"},{"@type":"ListItem","position":2,"name":"Tout voir","item":"https:\/\/alibabette-editions.com\/boutique\/"},{"@type":"ListItem","position":3,"name":"In the mood for Japan"}]},{"@type":"WebSite","@id":"https:\/\/alibabette-editions.com\/#website","url":"https:\/\/alibabette-editions.com\/","name":"Alibabette Editions","description":"","potentialAction":[{"@type":"SearchAction","target":{"@type":"EntryPoint","urlTemplate":"https:\/\/alibabette-editions.com\/?s={search_term_string}"},"query-input":{"@type":"PropertyValueSpecification","valueRequired":true,"valueName":"search_term_string"}}],"inLanguage":"en-GB"}]}},"_links":{"self":[{"href":"https:\/\/alibabette-editions.com\/en\/wp-json\/wp\/v2\/product\/17506","targetHints":{"allow":["GET"]}}],"collection":[{"href":"https:\/\/alibabette-editions.com\/en\/wp-json\/wp\/v2\/product"}],"about":[{"href":"https:\/\/alibabette-editions.com\/en\/wp-json\/wp\/v2\/types\/product"}],"wp:featuredmedia":[{"embeddable":true,"href":"https:\/\/alibabette-editions.com\/en\/wp-json\/wp\/v2\/media\/17507"}],"wp:attachment":[{"href":"https:\/\/alibabette-editions.com\/en\/wp-json\/wp\/v2\/media?parent=17506"}],"wp:term":[{"taxonomy":"product_brand","embeddable":true,"href":"https:\/\/alibabette-editions.com\/en\/wp-json\/wp\/v2\/product_brand?post=17506"},{"taxonomy":"product_cat","embeddable":true,"href":"https:\/\/alibabette-editions.com\/en\/wp-json\/wp\/v2\/product_cat?post=17506"},{"taxonomy":"product_tag","embeddable":true,"href":"https:\/\/alibabette-editions.com\/en\/wp-json\/wp\/v2\/product_tag?post=17506"}],"curies":[{"name":"wp","href":"https:\/\/api.w.org\/{rel}","templated":true}]}}