{"id":17492,"date":"2021-10-14T18:20:04","date_gmt":"2021-10-14T16:20:04","guid":{"rendered":"https:\/\/alibabette-editions.com\/?post_type=product&#038;p=17492"},"modified":"2023-08-05T06:52:51","modified_gmt":"2023-08-05T04:52:51","slug":"carnet-illustre-paris-je-taime","status":"publish","type":"product","link":"https:\/\/alibabette-editions.com\/en\/boutique\/les-carnets\/carnet-journaux-illustres\/carnet-illustre-paris-je-taime\/","title":{"rendered":"Paris je t\u2019aime"},"content":{"rendered":"","protected":false},"excerpt":{"rendered":"<p>Un couple danse au pied de la Tour Eiffel et Mona Lisa s\u2019est \u00e9chapp\u00e9e du Louvre. Quelques \u00e9l\u00e9gantes \u00e9trennent un nouveau chapeau et Montmartre applaudit un French cancan endiabl\u00e9. Camille Pissarro peint les Grands Boulevards et des enfants sages jouent au Luxembourg. Les amoureux sont en voyage de noces et le Caf\u00e9 de la Paix fait de l\u2019\u0153il \u00e0 l\u2019Op\u00e9ra\u2026<\/p>\n<p>Sur chaque double page de ce carnet tr\u00e8s illustr\u00e9, des images vintage invitent \u00e0 l\u2019\u00e9criture, au croquis, au scrapbooking\u2026 \u00c0 chacun de cr\u00e9er son propre journal en suivant son inspiration\u00a0!<\/p>\n<p>&nbsp;<\/p>\n<p>Format 13,2\u2009x\u200919,5\u2009cm<br \/>\nReliure suisse<br \/>\nOuverture \u00e0 plat<br \/>\nPapier 120\u2009g ivoire l\u00e9ger<br \/>\n128 pages<\/p>\n<p>Chaque double page est illustr\u00e9e de documents vintage<br \/>\nIl y a des pages lign\u00e9es pour \u00e9crire, d\u2019autres pour dessiner ou coller des souvenirs<\/p>","protected":false},"featured_media":17493,"template":"","meta":[],"product_brand":[],"product_cat":[1029],"product_tag":[1031,1037,1030,528,1033,280,591,1032,417],"class_list":{"0":"post-17492","1":"product","2":"type-product","3":"status-publish","4":"has-post-thumbnail","6":"product_cat-carnet-journaux-illustres","7":"product_tag-bullet-journal","8":"product_tag-carnet-illustre","9":"product_tag-diy","10":"product_tag-gravure","11":"product_tag-inspiration","12":"product_tag-paris","13":"product_tag-paris-for-ever","14":"product_tag-souvenirs","15":"product_tag-vintage","17":"first","18":"instock","19":"taxable","20":"shipping-taxable","21":"purchasable","22":"product-type-simple"},"yoast_head":"<!-- This site is optimized with the Yoast SEO plugin v26.8 - https:\/\/yoast.com\/product\/yoast-seo-wordpress\/ -->\n<title>Paris je t\u2019aime - Alibabette Editions<\/title>\n<meta name=\"description\" content=\"Sur chaque double page de ce carnet tr\u00e8s illustr\u00e9, des images vintage invitent \u00e0 l\u2019\u00e9criture, au croquis, au scrapbooking\u2026\" \/>\n<meta name=\"robots\" content=\"index, follow, max-snippet:-1, max-image-preview:large, max-video-preview:-1\" \/>\n<link rel=\"canonical\" href=\"https:\/\/alibabette-editions.com\/en\/boutique\/les-carnets\/carnet-journaux-illustres\/carnet-illustre-paris-je-taime\/\" \/>\n<meta property=\"og:locale\" content=\"en_GB\" \/>\n<meta property=\"og:type\" content=\"article\" \/>\n<meta property=\"og:title\" content=\"Paris je t\u2019aime - Alibabette Editions\" \/>\n<meta property=\"og:description\" content=\"Sur chaque double page de ce carnet tr\u00e8s illustr\u00e9, des images vintage invitent \u00e0 l\u2019\u00e9criture, au croquis, au scrapbooking\u2026\" \/>\n<meta property=\"og:url\" content=\"https:\/\/alibabette-editions.com\/en\/boutique\/les-carnets\/carnet-journaux-illustres\/carnet-illustre-paris-je-taime\/\" \/>\n<meta property=\"og:site_name\" content=\"Alibabette Editions\" \/>\n<meta property=\"article:modified_time\" content=\"2023-08-05T04:52:51+00:00\" \/>\n<meta property=\"og:image\" content=\"https:\/\/alibabette-editions.com\/wp-content\/uploads\/JIL001-r.jpg\" \/>\n\t<meta property=\"og:image:width\" content=\"1500\" \/>\n\t<meta property=\"og:image:height\" content=\"1500\" \/>\n\t<meta property=\"og:image:type\" content=\"image\/jpeg\" \/>\n<meta name=\"twitter:card\" content=\"summary_large_image\" \/>\n<script type=\"application\/ld+json\" class=\"yoast-schema-graph\">{\"@context\":\"https:\/\/schema.org\",\"@graph\":[{\"@type\":\"WebPage\",\"@id\":\"https:\/\/alibabette-editions.com\/boutique\/les-carnets\/carnet-journaux-illustres\/carnet-illustre-paris-je-taime\/\",\"url\":\"https:\/\/alibabette-editions.com\/boutique\/les-carnets\/carnet-journaux-illustres\/carnet-illustre-paris-je-taime\/\",\"name\":\"Paris je t\u2019aime - Alibabette Editions\",\"isPartOf\":{\"@id\":\"https:\/\/alibabette-editions.com\/#website\"},\"primaryImageOfPage\":{\"@id\":\"https:\/\/alibabette-editions.com\/boutique\/les-carnets\/carnet-journaux-illustres\/carnet-illustre-paris-je-taime\/#primaryimage\"},\"image\":{\"@id\":\"https:\/\/alibabette-editions.com\/boutique\/les-carnets\/carnet-journaux-illustres\/carnet-illustre-paris-je-taime\/#primaryimage\"},\"thumbnailUrl\":\"https:\/\/alibabette-editions.com\/wp-content\/uploads\/JIL001-r.jpg\",\"datePublished\":\"2021-10-14T16:20:04+00:00\",\"dateModified\":\"2023-08-05T04:52:51+00:00\",\"description\":\"Sur chaque double page de ce carnet tr\u00e8s illustr\u00e9, des images vintage invitent \u00e0 l\u2019\u00e9criture, au croquis, au scrapbooking\u2026\",\"breadcrumb\":{\"@id\":\"https:\/\/alibabette-editions.com\/boutique\/les-carnets\/carnet-journaux-illustres\/carnet-illustre-paris-je-taime\/#breadcrumb\"},\"inLanguage\":\"en-GB\",\"potentialAction\":[{\"@type\":\"ReadAction\",\"target\":[\"https:\/\/alibabette-editions.com\/boutique\/les-carnets\/carnet-journaux-illustres\/carnet-illustre-paris-je-taime\/\"]}]},{\"@type\":\"ImageObject\",\"inLanguage\":\"en-GB\",\"@id\":\"https:\/\/alibabette-editions.com\/boutique\/les-carnets\/carnet-journaux-illustres\/carnet-illustre-paris-je-taime\/#primaryimage\",\"url\":\"https:\/\/alibabette-editions.com\/wp-content\/uploads\/JIL001-r.jpg\",\"contentUrl\":\"https:\/\/alibabette-editions.com\/wp-content\/uploads\/JIL001-r.jpg\",\"width\":1500,\"height\":1500},{\"@type\":\"BreadcrumbList\",\"@id\":\"https:\/\/alibabette-editions.com\/boutique\/les-carnets\/carnet-journaux-illustres\/carnet-illustre-paris-je-taime\/#breadcrumb\",\"itemListElement\":[{\"@type\":\"ListItem\",\"position\":1,\"name\":\"Accueil\",\"item\":\"https:\/\/alibabette-editions.com\/\"},{\"@type\":\"ListItem\",\"position\":2,\"name\":\"Tout voir\",\"item\":\"https:\/\/alibabette-editions.com\/boutique\/\"},{\"@type\":\"ListItem\",\"position\":3,\"name\":\"Paris je t\u2019aime\"}]},{\"@type\":\"WebSite\",\"@id\":\"https:\/\/alibabette-editions.com\/#website\",\"url\":\"https:\/\/alibabette-editions.com\/\",\"name\":\"Alibabette Editions\",\"description\":\"\",\"potentialAction\":[{\"@type\":\"SearchAction\",\"target\":{\"@type\":\"EntryPoint\",\"urlTemplate\":\"https:\/\/alibabette-editions.com\/?s={search_term_string}\"},\"query-input\":{\"@type\":\"PropertyValueSpecification\",\"valueRequired\":true,\"valueName\":\"search_term_string\"}}],\"inLanguage\":\"en-GB\"}]}<\/script>\n<!-- \/ Yoast SEO plugin. -->","yoast_head_json":{"title":"Paris je t\u2019aime - Alibabette Editions","description":"Sur chaque double page de ce carnet tr\u00e8s illustr\u00e9, des images vintage invitent \u00e0 l\u2019\u00e9criture, au croquis, au scrapbooking\u2026","robots":{"index":"index","follow":"follow","max-snippet":"max-snippet:-1","max-image-preview":"max-image-preview:large","max-video-preview":"max-video-preview:-1"},"canonical":"https:\/\/alibabette-editions.com\/en\/boutique\/les-carnets\/carnet-journaux-illustres\/carnet-illustre-paris-je-taime\/","og_locale":"en_GB","og_type":"article","og_title":"Paris je t\u2019aime - Alibabette Editions","og_description":"Sur chaque double page de ce carnet tr\u00e8s illustr\u00e9, des images vintage invitent \u00e0 l\u2019\u00e9criture, au croquis, au scrapbooking\u2026","og_url":"https:\/\/alibabette-editions.com\/en\/boutique\/les-carnets\/carnet-journaux-illustres\/carnet-illustre-paris-je-taime\/","og_site_name":"Alibabette Editions","article_modified_time":"2023-08-05T04:52:51+00:00","og_image":[{"width":1500,"height":1500,"url":"https:\/\/alibabette-editions.com\/wp-content\/uploads\/JIL001-r.jpg","type":"image\/jpeg"}],"twitter_card":"summary_large_image","schema":{"@context":"https:\/\/schema.org","@graph":[{"@type":"WebPage","@id":"https:\/\/alibabette-editions.com\/boutique\/les-carnets\/carnet-journaux-illustres\/carnet-illustre-paris-je-taime\/","url":"https:\/\/alibabette-editions.com\/boutique\/les-carnets\/carnet-journaux-illustres\/carnet-illustre-paris-je-taime\/","name":"Paris je t\u2019aime - Alibabette Editions","isPartOf":{"@id":"https:\/\/alibabette-editions.com\/#website"},"primaryImageOfPage":{"@id":"https:\/\/alibabette-editions.com\/boutique\/les-carnets\/carnet-journaux-illustres\/carnet-illustre-paris-je-taime\/#primaryimage"},"image":{"@id":"https:\/\/alibabette-editions.com\/boutique\/les-carnets\/carnet-journaux-illustres\/carnet-illustre-paris-je-taime\/#primaryimage"},"thumbnailUrl":"https:\/\/alibabette-editions.com\/wp-content\/uploads\/JIL001-r.jpg","datePublished":"2021-10-14T16:20:04+00:00","dateModified":"2023-08-05T04:52:51+00:00","description":"Sur chaque double page de ce carnet tr\u00e8s illustr\u00e9, des images vintage invitent \u00e0 l\u2019\u00e9criture, au croquis, au scrapbooking\u2026","breadcrumb":{"@id":"https:\/\/alibabette-editions.com\/boutique\/les-carnets\/carnet-journaux-illustres\/carnet-illustre-paris-je-taime\/#breadcrumb"},"inLanguage":"en-GB","potentialAction":[{"@type":"ReadAction","target":["https:\/\/alibabette-editions.com\/boutique\/les-carnets\/carnet-journaux-illustres\/carnet-illustre-paris-je-taime\/"]}]},{"@type":"ImageObject","inLanguage":"en-GB","@id":"https:\/\/alibabette-editions.com\/boutique\/les-carnets\/carnet-journaux-illustres\/carnet-illustre-paris-je-taime\/#primaryimage","url":"https:\/\/alibabette-editions.com\/wp-content\/uploads\/JIL001-r.jpg","contentUrl":"https:\/\/alibabette-editions.com\/wp-content\/uploads\/JIL001-r.jpg","width":1500,"height":1500},{"@type":"BreadcrumbList","@id":"https:\/\/alibabette-editions.com\/boutique\/les-carnets\/carnet-journaux-illustres\/carnet-illustre-paris-je-taime\/#breadcrumb","itemListElement":[{"@type":"ListItem","position":1,"name":"Accueil","item":"https:\/\/alibabette-editions.com\/"},{"@type":"ListItem","position":2,"name":"Tout voir","item":"https:\/\/alibabette-editions.com\/boutique\/"},{"@type":"ListItem","position":3,"name":"Paris je t\u2019aime"}]},{"@type":"WebSite","@id":"https:\/\/alibabette-editions.com\/#website","url":"https:\/\/alibabette-editions.com\/","name":"Alibabette Editions","description":"","potentialAction":[{"@type":"SearchAction","target":{"@type":"EntryPoint","urlTemplate":"https:\/\/alibabette-editions.com\/?s={search_term_string}"},"query-input":{"@type":"PropertyValueSpecification","valueRequired":true,"valueName":"search_term_string"}}],"inLanguage":"en-GB"}]}},"_links":{"self":[{"href":"https:\/\/alibabette-editions.com\/en\/wp-json\/wp\/v2\/product\/17492","targetHints":{"allow":["GET"]}}],"collection":[{"href":"https:\/\/alibabette-editions.com\/en\/wp-json\/wp\/v2\/product"}],"about":[{"href":"https:\/\/alibabette-editions.com\/en\/wp-json\/wp\/v2\/types\/product"}],"wp:featuredmedia":[{"embeddable":true,"href":"https:\/\/alibabette-editions.com\/en\/wp-json\/wp\/v2\/media\/17493"}],"wp:attachment":[{"href":"https:\/\/alibabette-editions.com\/en\/wp-json\/wp\/v2\/media?parent=17492"}],"wp:term":[{"taxonomy":"product_brand","embeddable":true,"href":"https:\/\/alibabette-editions.com\/en\/wp-json\/wp\/v2\/product_brand?post=17492"},{"taxonomy":"product_cat","embeddable":true,"href":"https:\/\/alibabette-editions.com\/en\/wp-json\/wp\/v2\/product_cat?post=17492"},{"taxonomy":"product_tag","embeddable":true,"href":"https:\/\/alibabette-editions.com\/en\/wp-json\/wp\/v2\/product_tag?post=17492"}],"curies":[{"name":"wp","href":"https:\/\/api.w.org\/{rel}","templated":true}]}}