{"id":17178,"date":"2020-07-18T17:43:31","date_gmt":"2020-07-18T15:43:31","guid":{"rendered":"https:\/\/alibabette-editions.com\/boutique\/la-petite-deco\/les-plateaux\/coco\/"},"modified":"2023-08-05T06:52:51","modified_gmt":"2023-08-05T04:52:51","slug":"coco","status":"publish","type":"product","link":"https:\/\/alibabette-editions.com\/en\/boutique\/la-petite-deco\/les-plateaux\/coco\/","title":{"rendered":"Coco"},"content":{"rendered":"","protected":false},"excerpt":{"rendered":"<p>Peinte par Edward Lear (1812-1888) quand avait une vingtaine d\u2019ann\u00e9es, cette aquarelle repr\u00e9sente une perruche \u00e0 collier, magnifique oiseau qui aime voler en escadrille et lancer des cris stridents \u00e0 travers ciel. Parfait pour mettre un peu de jungle dans sa d\u00e9co\u00a0!<\/p>\n<p>&nbsp;<\/p>\n<p>&nbsp;<\/p>\n<p>Format de ce petit plateau : 29 x 16 cm (hauteur 1,5 cm)<br \/>\nForme \u00e9pur\u00e9e, coin arrondis, finition mate<br \/>\nComposition\u00a0: pure m\u00e9lamine<br \/>\nContact alimentaire et lave-vaisselle autoris\u00e9s<\/p>","protected":false},"featured_media":17188,"template":"","meta":[],"product_brand":[],"product_cat":[599],"product_tag":[595,418,284,456],"class_list":{"0":"post-17178","1":"product","2":"type-product","3":"status-publish","4":"has-post-thumbnail","6":"product_cat-les-plateaux","7":"product_tag-exotique","8":"product_tag-fou-de-couleurs","9":"product_tag-nature","10":"product_tag-oiseau","12":"first","13":"instock","14":"taxable","15":"shipping-taxable","16":"purchasable","17":"product-type-simple"},"yoast_head":"<!-- This site is optimized with the Yoast SEO plugin v26.8 - https:\/\/yoast.com\/product\/yoast-seo-wordpress\/ -->\n<title>Coco - Alibabette Editions<\/title>\n<meta name=\"robots\" content=\"index, follow, max-snippet:-1, max-image-preview:large, max-video-preview:-1\" \/>\n<link rel=\"canonical\" href=\"https:\/\/alibabette-editions.com\/en\/boutique\/la-petite-deco\/les-plateaux\/coco\/\" \/>\n<meta property=\"og:locale\" content=\"en_GB\" \/>\n<meta property=\"og:type\" content=\"article\" \/>\n<meta property=\"og:title\" content=\"Coco - Alibabette Editions\" \/>\n<meta property=\"og:description\" content=\"Peinte par Edward Lear (1812-1888) quand avait une vingtaine d\u2019ann\u00e9es, cette aquarelle repr\u00e9sente une perruche \u00e0 collier, magnifique oiseau qui aime voler en escadrille et lancer des cris stridents \u00e0 travers ciel. Parfait pour mettre un peu de jungle dans sa d\u00e9co\u00a0!  &nbsp;  &nbsp;  Format de ce petit plateau : 29 x 16 cm (hauteur 1,5 cm) Forme \u00e9pur\u00e9e, coin arrondis, finition mate Composition\u00a0: pure m\u00e9lamine Contact alimentaire et lave-vaisselle autoris\u00e9s\" \/>\n<meta property=\"og:url\" content=\"https:\/\/alibabette-editions.com\/en\/boutique\/la-petite-deco\/les-plateaux\/coco\/\" \/>\n<meta property=\"og:site_name\" content=\"Alibabette Editions\" \/>\n<meta property=\"article:modified_time\" content=\"2023-08-05T04:52:51+00:00\" \/>\n<meta property=\"og:image\" content=\"https:\/\/alibabette-editions.com\/wp-content\/uploads\/plp008.jpg\" \/>\n\t<meta property=\"og:image:width\" content=\"1500\" \/>\n\t<meta property=\"og:image:height\" content=\"1500\" \/>\n\t<meta property=\"og:image:type\" content=\"image\/jpeg\" \/>\n<meta name=\"twitter:card\" content=\"summary_large_image\" \/>\n<script type=\"application\/ld+json\" class=\"yoast-schema-graph\">{\"@context\":\"https:\/\/schema.org\",\"@graph\":[{\"@type\":\"WebPage\",\"@id\":\"https:\/\/alibabette-editions.com\/boutique\/la-petite-deco\/les-plateaux\/coco\/\",\"url\":\"https:\/\/alibabette-editions.com\/boutique\/la-petite-deco\/les-plateaux\/coco\/\",\"name\":\"Coco - Alibabette Editions\",\"isPartOf\":{\"@id\":\"https:\/\/alibabette-editions.com\/#website\"},\"primaryImageOfPage\":{\"@id\":\"https:\/\/alibabette-editions.com\/boutique\/la-petite-deco\/les-plateaux\/coco\/#primaryimage\"},\"image\":{\"@id\":\"https:\/\/alibabette-editions.com\/boutique\/la-petite-deco\/les-plateaux\/coco\/#primaryimage\"},\"thumbnailUrl\":\"https:\/\/alibabette-editions.com\/wp-content\/uploads\/plp008.jpg\",\"datePublished\":\"2020-07-18T15:43:31+00:00\",\"dateModified\":\"2023-08-05T04:52:51+00:00\",\"breadcrumb\":{\"@id\":\"https:\/\/alibabette-editions.com\/boutique\/la-petite-deco\/les-plateaux\/coco\/#breadcrumb\"},\"inLanguage\":\"en-GB\",\"potentialAction\":[{\"@type\":\"ReadAction\",\"target\":[\"https:\/\/alibabette-editions.com\/boutique\/la-petite-deco\/les-plateaux\/coco\/\"]}]},{\"@type\":\"ImageObject\",\"inLanguage\":\"en-GB\",\"@id\":\"https:\/\/alibabette-editions.com\/boutique\/la-petite-deco\/les-plateaux\/coco\/#primaryimage\",\"url\":\"https:\/\/alibabette-editions.com\/wp-content\/uploads\/plp008.jpg\",\"contentUrl\":\"https:\/\/alibabette-editions.com\/wp-content\/uploads\/plp008.jpg\",\"width\":1500,\"height\":1500},{\"@type\":\"BreadcrumbList\",\"@id\":\"https:\/\/alibabette-editions.com\/boutique\/la-petite-deco\/les-plateaux\/coco\/#breadcrumb\",\"itemListElement\":[{\"@type\":\"ListItem\",\"position\":1,\"name\":\"Accueil\",\"item\":\"https:\/\/alibabette-editions.com\/\"},{\"@type\":\"ListItem\",\"position\":2,\"name\":\"Tout voir\",\"item\":\"https:\/\/alibabette-editions.com\/boutique\/\"},{\"@type\":\"ListItem\",\"position\":3,\"name\":\"Coco\"}]},{\"@type\":\"WebSite\",\"@id\":\"https:\/\/alibabette-editions.com\/#website\",\"url\":\"https:\/\/alibabette-editions.com\/\",\"name\":\"Alibabette Editions\",\"description\":\"\",\"potentialAction\":[{\"@type\":\"SearchAction\",\"target\":{\"@type\":\"EntryPoint\",\"urlTemplate\":\"https:\/\/alibabette-editions.com\/?s={search_term_string}\"},\"query-input\":{\"@type\":\"PropertyValueSpecification\",\"valueRequired\":true,\"valueName\":\"search_term_string\"}}],\"inLanguage\":\"en-GB\"}]}<\/script>\n<!-- \/ Yoast SEO plugin. -->","yoast_head_json":{"title":"Coco - Alibabette Editions","robots":{"index":"index","follow":"follow","max-snippet":"max-snippet:-1","max-image-preview":"max-image-preview:large","max-video-preview":"max-video-preview:-1"},"canonical":"https:\/\/alibabette-editions.com\/en\/boutique\/la-petite-deco\/les-plateaux\/coco\/","og_locale":"en_GB","og_type":"article","og_title":"Coco - Alibabette Editions","og_description":"Peinte par Edward Lear (1812-1888) quand avait une vingtaine d\u2019ann\u00e9es, cette aquarelle repr\u00e9sente une perruche \u00e0 collier, magnifique oiseau qui aime voler en escadrille et lancer des cris stridents \u00e0 travers ciel. Parfait pour mettre un peu de jungle dans sa d\u00e9co\u00a0!  &nbsp;  &nbsp;  Format de ce petit plateau : 29 x 16 cm (hauteur 1,5 cm) Forme \u00e9pur\u00e9e, coin arrondis, finition mate Composition\u00a0: pure m\u00e9lamine Contact alimentaire et lave-vaisselle autoris\u00e9s","og_url":"https:\/\/alibabette-editions.com\/en\/boutique\/la-petite-deco\/les-plateaux\/coco\/","og_site_name":"Alibabette Editions","article_modified_time":"2023-08-05T04:52:51+00:00","og_image":[{"width":1500,"height":1500,"url":"https:\/\/alibabette-editions.com\/wp-content\/uploads\/plp008.jpg","type":"image\/jpeg"}],"twitter_card":"summary_large_image","schema":{"@context":"https:\/\/schema.org","@graph":[{"@type":"WebPage","@id":"https:\/\/alibabette-editions.com\/boutique\/la-petite-deco\/les-plateaux\/coco\/","url":"https:\/\/alibabette-editions.com\/boutique\/la-petite-deco\/les-plateaux\/coco\/","name":"Coco - Alibabette Editions","isPartOf":{"@id":"https:\/\/alibabette-editions.com\/#website"},"primaryImageOfPage":{"@id":"https:\/\/alibabette-editions.com\/boutique\/la-petite-deco\/les-plateaux\/coco\/#primaryimage"},"image":{"@id":"https:\/\/alibabette-editions.com\/boutique\/la-petite-deco\/les-plateaux\/coco\/#primaryimage"},"thumbnailUrl":"https:\/\/alibabette-editions.com\/wp-content\/uploads\/plp008.jpg","datePublished":"2020-07-18T15:43:31+00:00","dateModified":"2023-08-05T04:52:51+00:00","breadcrumb":{"@id":"https:\/\/alibabette-editions.com\/boutique\/la-petite-deco\/les-plateaux\/coco\/#breadcrumb"},"inLanguage":"en-GB","potentialAction":[{"@type":"ReadAction","target":["https:\/\/alibabette-editions.com\/boutique\/la-petite-deco\/les-plateaux\/coco\/"]}]},{"@type":"ImageObject","inLanguage":"en-GB","@id":"https:\/\/alibabette-editions.com\/boutique\/la-petite-deco\/les-plateaux\/coco\/#primaryimage","url":"https:\/\/alibabette-editions.com\/wp-content\/uploads\/plp008.jpg","contentUrl":"https:\/\/alibabette-editions.com\/wp-content\/uploads\/plp008.jpg","width":1500,"height":1500},{"@type":"BreadcrumbList","@id":"https:\/\/alibabette-editions.com\/boutique\/la-petite-deco\/les-plateaux\/coco\/#breadcrumb","itemListElement":[{"@type":"ListItem","position":1,"name":"Accueil","item":"https:\/\/alibabette-editions.com\/"},{"@type":"ListItem","position":2,"name":"Tout voir","item":"https:\/\/alibabette-editions.com\/boutique\/"},{"@type":"ListItem","position":3,"name":"Coco"}]},{"@type":"WebSite","@id":"https:\/\/alibabette-editions.com\/#website","url":"https:\/\/alibabette-editions.com\/","name":"Alibabette Editions","description":"","potentialAction":[{"@type":"SearchAction","target":{"@type":"EntryPoint","urlTemplate":"https:\/\/alibabette-editions.com\/?s={search_term_string}"},"query-input":{"@type":"PropertyValueSpecification","valueRequired":true,"valueName":"search_term_string"}}],"inLanguage":"en-GB"}]}},"_links":{"self":[{"href":"https:\/\/alibabette-editions.com\/en\/wp-json\/wp\/v2\/product\/17178","targetHints":{"allow":["GET"]}}],"collection":[{"href":"https:\/\/alibabette-editions.com\/en\/wp-json\/wp\/v2\/product"}],"about":[{"href":"https:\/\/alibabette-editions.com\/en\/wp-json\/wp\/v2\/types\/product"}],"wp:featuredmedia":[{"embeddable":true,"href":"https:\/\/alibabette-editions.com\/en\/wp-json\/wp\/v2\/media\/17188"}],"wp:attachment":[{"href":"https:\/\/alibabette-editions.com\/en\/wp-json\/wp\/v2\/media?parent=17178"}],"wp:term":[{"taxonomy":"product_brand","embeddable":true,"href":"https:\/\/alibabette-editions.com\/en\/wp-json\/wp\/v2\/product_brand?post=17178"},{"taxonomy":"product_cat","embeddable":true,"href":"https:\/\/alibabette-editions.com\/en\/wp-json\/wp\/v2\/product_cat?post=17178"},{"taxonomy":"product_tag","embeddable":true,"href":"https:\/\/alibabette-editions.com\/en\/wp-json\/wp\/v2\/product_tag?post=17178"}],"curies":[{"name":"wp","href":"https:\/\/api.w.org\/{rel}","templated":true}]}}