{"id":17095,"date":"2020-05-25T21:52:18","date_gmt":"2020-05-25T19:52:18","guid":{"rendered":"https:\/\/alibabette-editions.com\/boutique\/les-guirlandes\/guirlande\/tresors-du-japon\/"},"modified":"2024-01-05T15:02:44","modified_gmt":"2024-01-05T14:02:44","slug":"tresors-du-japon","status":"publish","type":"product","link":"https:\/\/alibabette-editions.com\/en\/boutique\/la-petite-deco\/tresors-du-japon\/","title":{"rendered":"Tr\u00e9sors du Japon"},"content":{"rendered":"","protected":false},"excerpt":{"rendered":"<p>Images vintage du Japon, \u00e9tiquettes qui figuraient sur les ballots de soie export\u00e9s vers l\u2019Europe, motifs traditionnels imprim\u00e9s sur papier ou sur tissus\u2026 cette guirlande \u00e9voque le Japon de la fin du XIX<sup>e<\/sup> et du d\u00e9but du XXe si\u00e8cle. On y voit des \u00e9ventails, des oiseaux, des fleurs de cerisier et le Fujiyama\u2026<\/p>\n<p>&nbsp;<\/p>\n<p>Guirlande pr\u00eate \u00e0 suspendre\u00a0compos\u00e9e de 12 cercles de papier fort de 11 cm de diam\u00e8tre, imprim\u00e9s des deux c\u00f4t\u00e9s.<br \/>\nLes cercles sont d\u00e9j\u00e0 mont\u00e9s sur une cordelette de couleur de 3 m de longueur.<br \/>\nLa cordelette peut \u00eatre raccourcie si n\u00e9cessaire.<br \/>\nLes cercles coulissent facilement.<\/p>\n<p>Chaque guirlande est pr\u00e9sent\u00e9e dans une bo\u00eete type \u00ab\u00a0bo\u00eete d\u2019allumettes\u00a0\u00bb de 16 x 16 cm.<br \/>\nCordelette rouge vif.<\/p>\n<p>&nbsp;<\/p>","protected":false},"featured_media":17097,"template":"","meta":[],"product_brand":[],"product_cat":[549,504],"product_tag":[285,530,407,340,345,419],"class_list":{"0":"post-17095","1":"product","2":"type-product","3":"status-publish","4":"has-post-thumbnail","6":"product_cat-la-petite-deco","7":"product_cat-guirlande","8":"product_tag-bleu","9":"product_tag-cercles","10":"product_tag-japon","11":"product_tag-rouge","12":"product_tag-turquoise","13":"product_tag-voyage-en-orient","15":"first","16":"instock","17":"taxable","18":"shipping-taxable","19":"purchasable","20":"product-type-simple"},"yoast_head":"<!-- This site is optimized with the Yoast SEO plugin v26.8 - https:\/\/yoast.com\/product\/yoast-seo-wordpress\/ -->\n<title>Tr\u00e9sors du Japon - Alibabette Editions<\/title>\n<meta name=\"robots\" content=\"index, follow, max-snippet:-1, max-image-preview:large, max-video-preview:-1\" \/>\n<link rel=\"canonical\" href=\"https:\/\/alibabette-editions.com\/en\/boutique\/guirlande\/tresors-du-japon\/\" \/>\n<meta property=\"og:locale\" content=\"en_GB\" \/>\n<meta property=\"og:type\" content=\"article\" \/>\n<meta property=\"og:title\" content=\"Tr\u00e9sors du Japon - Alibabette Editions\" \/>\n<meta property=\"og:description\" content=\"Images vintage du Japon, \u00e9tiquettes qui figuraient sur les ballots de soie export\u00e9s vers l\u2019Europe, motifs traditionnels imprim\u00e9s sur papier ou sur tissus\u2026 cette guirlande \u00e9voque le Japon de la fin du XIXe et du d\u00e9but du XXe si\u00e8cle. On y voit des \u00e9ventails, des oiseaux, des fleurs de cerisier et le Fujiyama\u2026  &nbsp;  Guirlande pr\u00eate \u00e0 suspendre\u00a0compos\u00e9e de 12 cercles de papier fort de 11 cm de diam\u00e8tre, imprim\u00e9s des deux c\u00f4t\u00e9s. Les cercles sont d\u00e9j\u00e0 mont\u00e9s sur une cordelette de couleur de 3 m de longueur. La cordelette peut \u00eatre raccourcie si n\u00e9cessaire. Les cercles coulissent facilement.  Chaque guirlande est pr\u00e9sent\u00e9e dans une bo\u00eete type \u00ab\u00a0bo\u00eete d\u2019allumettes\u00a0\u00bb de 16 x 16 cm. Cordelette rouge vif.  &nbsp;\" \/>\n<meta property=\"og:url\" content=\"https:\/\/alibabette-editions.com\/en\/boutique\/guirlande\/tresors-du-japon\/\" \/>\n<meta property=\"og:site_name\" content=\"Alibabette Editions\" \/>\n<meta property=\"article:modified_time\" content=\"2024-01-05T14:02:44+00:00\" \/>\n<meta property=\"og:image\" content=\"https:\/\/alibabette-editions.com\/wp-content\/uploads\/guir001-r-1.jpg\" \/>\n\t<meta property=\"og:image:width\" content=\"1500\" \/>\n\t<meta property=\"og:image:height\" content=\"1500\" \/>\n\t<meta property=\"og:image:type\" content=\"image\/jpeg\" \/>\n<meta name=\"twitter:card\" content=\"summary_large_image\" \/>\n<script type=\"application\/ld+json\" class=\"yoast-schema-graph\">{\"@context\":\"https:\/\/schema.org\",\"@graph\":[{\"@type\":\"WebPage\",\"@id\":\"https:\/\/alibabette-editions.com\/boutique\/guirlande\/tresors-du-japon\/\",\"url\":\"https:\/\/alibabette-editions.com\/boutique\/guirlande\/tresors-du-japon\/\",\"name\":\"Tr\u00e9sors du Japon - Alibabette Editions\",\"isPartOf\":{\"@id\":\"https:\/\/alibabette-editions.com\/#website\"},\"primaryImageOfPage\":{\"@id\":\"https:\/\/alibabette-editions.com\/boutique\/guirlande\/tresors-du-japon\/#primaryimage\"},\"image\":{\"@id\":\"https:\/\/alibabette-editions.com\/boutique\/guirlande\/tresors-du-japon\/#primaryimage\"},\"thumbnailUrl\":\"https:\/\/alibabette-editions.com\/wp-content\/uploads\/guir001-r-1.jpg\",\"datePublished\":\"2020-05-25T19:52:18+00:00\",\"dateModified\":\"2024-01-05T14:02:44+00:00\",\"breadcrumb\":{\"@id\":\"https:\/\/alibabette-editions.com\/boutique\/guirlande\/tresors-du-japon\/#breadcrumb\"},\"inLanguage\":\"en-GB\",\"potentialAction\":[{\"@type\":\"ReadAction\",\"target\":[\"https:\/\/alibabette-editions.com\/boutique\/guirlande\/tresors-du-japon\/\"]}]},{\"@type\":\"ImageObject\",\"inLanguage\":\"en-GB\",\"@id\":\"https:\/\/alibabette-editions.com\/boutique\/guirlande\/tresors-du-japon\/#primaryimage\",\"url\":\"https:\/\/alibabette-editions.com\/wp-content\/uploads\/guir001-r-1.jpg\",\"contentUrl\":\"https:\/\/alibabette-editions.com\/wp-content\/uploads\/guir001-r-1.jpg\",\"width\":1500,\"height\":1500},{\"@type\":\"BreadcrumbList\",\"@id\":\"https:\/\/alibabette-editions.com\/boutique\/guirlande\/tresors-du-japon\/#breadcrumb\",\"itemListElement\":[{\"@type\":\"ListItem\",\"position\":1,\"name\":\"Accueil\",\"item\":\"https:\/\/alibabette-editions.com\/\"},{\"@type\":\"ListItem\",\"position\":2,\"name\":\"Tout voir\",\"item\":\"https:\/\/alibabette-editions.com\/boutique\/\"},{\"@type\":\"ListItem\",\"position\":3,\"name\":\"Tr\u00e9sors du Japon\"}]},{\"@type\":\"WebSite\",\"@id\":\"https:\/\/alibabette-editions.com\/#website\",\"url\":\"https:\/\/alibabette-editions.com\/\",\"name\":\"Alibabette Editions\",\"description\":\"\",\"potentialAction\":[{\"@type\":\"SearchAction\",\"target\":{\"@type\":\"EntryPoint\",\"urlTemplate\":\"https:\/\/alibabette-editions.com\/?s={search_term_string}\"},\"query-input\":{\"@type\":\"PropertyValueSpecification\",\"valueRequired\":true,\"valueName\":\"search_term_string\"}}],\"inLanguage\":\"en-GB\"}]}<\/script>\n<!-- \/ Yoast SEO plugin. -->","yoast_head_json":{"title":"Tr\u00e9sors du Japon - Alibabette Editions","robots":{"index":"index","follow":"follow","max-snippet":"max-snippet:-1","max-image-preview":"max-image-preview:large","max-video-preview":"max-video-preview:-1"},"canonical":"https:\/\/alibabette-editions.com\/en\/boutique\/guirlande\/tresors-du-japon\/","og_locale":"en_GB","og_type":"article","og_title":"Tr\u00e9sors du Japon - Alibabette Editions","og_description":"Images vintage du Japon, \u00e9tiquettes qui figuraient sur les ballots de soie export\u00e9s vers l\u2019Europe, motifs traditionnels imprim\u00e9s sur papier ou sur tissus\u2026 cette guirlande \u00e9voque le Japon de la fin du XIXe et du d\u00e9but du XXe si\u00e8cle. On y voit des \u00e9ventails, des oiseaux, des fleurs de cerisier et le Fujiyama\u2026  &nbsp;  Guirlande pr\u00eate \u00e0 suspendre\u00a0compos\u00e9e de 12 cercles de papier fort de 11 cm de diam\u00e8tre, imprim\u00e9s des deux c\u00f4t\u00e9s. Les cercles sont d\u00e9j\u00e0 mont\u00e9s sur une cordelette de couleur de 3 m de longueur. La cordelette peut \u00eatre raccourcie si n\u00e9cessaire. Les cercles coulissent facilement.  Chaque guirlande est pr\u00e9sent\u00e9e dans une bo\u00eete type \u00ab\u00a0bo\u00eete d\u2019allumettes\u00a0\u00bb de 16 x 16 cm. Cordelette rouge vif.  &nbsp;","og_url":"https:\/\/alibabette-editions.com\/en\/boutique\/guirlande\/tresors-du-japon\/","og_site_name":"Alibabette Editions","article_modified_time":"2024-01-05T14:02:44+00:00","og_image":[{"width":1500,"height":1500,"url":"https:\/\/alibabette-editions.com\/wp-content\/uploads\/guir001-r-1.jpg","type":"image\/jpeg"}],"twitter_card":"summary_large_image","schema":{"@context":"https:\/\/schema.org","@graph":[{"@type":"WebPage","@id":"https:\/\/alibabette-editions.com\/boutique\/guirlande\/tresors-du-japon\/","url":"https:\/\/alibabette-editions.com\/boutique\/guirlande\/tresors-du-japon\/","name":"Tr\u00e9sors du Japon - Alibabette Editions","isPartOf":{"@id":"https:\/\/alibabette-editions.com\/#website"},"primaryImageOfPage":{"@id":"https:\/\/alibabette-editions.com\/boutique\/guirlande\/tresors-du-japon\/#primaryimage"},"image":{"@id":"https:\/\/alibabette-editions.com\/boutique\/guirlande\/tresors-du-japon\/#primaryimage"},"thumbnailUrl":"https:\/\/alibabette-editions.com\/wp-content\/uploads\/guir001-r-1.jpg","datePublished":"2020-05-25T19:52:18+00:00","dateModified":"2024-01-05T14:02:44+00:00","breadcrumb":{"@id":"https:\/\/alibabette-editions.com\/boutique\/guirlande\/tresors-du-japon\/#breadcrumb"},"inLanguage":"en-GB","potentialAction":[{"@type":"ReadAction","target":["https:\/\/alibabette-editions.com\/boutique\/guirlande\/tresors-du-japon\/"]}]},{"@type":"ImageObject","inLanguage":"en-GB","@id":"https:\/\/alibabette-editions.com\/boutique\/guirlande\/tresors-du-japon\/#primaryimage","url":"https:\/\/alibabette-editions.com\/wp-content\/uploads\/guir001-r-1.jpg","contentUrl":"https:\/\/alibabette-editions.com\/wp-content\/uploads\/guir001-r-1.jpg","width":1500,"height":1500},{"@type":"BreadcrumbList","@id":"https:\/\/alibabette-editions.com\/boutique\/guirlande\/tresors-du-japon\/#breadcrumb","itemListElement":[{"@type":"ListItem","position":1,"name":"Accueil","item":"https:\/\/alibabette-editions.com\/"},{"@type":"ListItem","position":2,"name":"Tout voir","item":"https:\/\/alibabette-editions.com\/boutique\/"},{"@type":"ListItem","position":3,"name":"Tr\u00e9sors du Japon"}]},{"@type":"WebSite","@id":"https:\/\/alibabette-editions.com\/#website","url":"https:\/\/alibabette-editions.com\/","name":"Alibabette Editions","description":"","potentialAction":[{"@type":"SearchAction","target":{"@type":"EntryPoint","urlTemplate":"https:\/\/alibabette-editions.com\/?s={search_term_string}"},"query-input":{"@type":"PropertyValueSpecification","valueRequired":true,"valueName":"search_term_string"}}],"inLanguage":"en-GB"}]}},"_links":{"self":[{"href":"https:\/\/alibabette-editions.com\/en\/wp-json\/wp\/v2\/product\/17095","targetHints":{"allow":["GET"]}}],"collection":[{"href":"https:\/\/alibabette-editions.com\/en\/wp-json\/wp\/v2\/product"}],"about":[{"href":"https:\/\/alibabette-editions.com\/en\/wp-json\/wp\/v2\/types\/product"}],"wp:featuredmedia":[{"embeddable":true,"href":"https:\/\/alibabette-editions.com\/en\/wp-json\/wp\/v2\/media\/17097"}],"wp:attachment":[{"href":"https:\/\/alibabette-editions.com\/en\/wp-json\/wp\/v2\/media?parent=17095"}],"wp:term":[{"taxonomy":"product_brand","embeddable":true,"href":"https:\/\/alibabette-editions.com\/en\/wp-json\/wp\/v2\/product_brand?post=17095"},{"taxonomy":"product_cat","embeddable":true,"href":"https:\/\/alibabette-editions.com\/en\/wp-json\/wp\/v2\/product_cat?post=17095"},{"taxonomy":"product_tag","embeddable":true,"href":"https:\/\/alibabette-editions.com\/en\/wp-json\/wp\/v2\/product_tag?post=17095"}],"curies":[{"name":"wp","href":"https:\/\/api.w.org\/{rel}","templated":true}]}}