{"id":17073,"date":"2020-05-21T16:31:29","date_gmt":"2020-05-21T14:31:29","guid":{"rendered":"https:\/\/alibabette-editions.com\/boutique\/les-cahiers\/mini-cahier\/samaras\/"},"modified":"2023-08-05T06:52:50","modified_gmt":"2023-08-05T04:52:50","slug":"samaras","status":"publish","type":"product","link":"https:\/\/alibabette-editions.com\/en\/boutique\/les-cahiers\/mini-cahier\/samaras\/","title":{"rendered":"Samaras"},"content":{"rendered":"","protected":false},"excerpt":{"rendered":"<p>Nous avons tous jou\u00e9, enfant, avec les samares, ces fruits des \u00e9rables qui tourbillonnent dans l\u2019automne comme des h\u00e9lices d\u2019h\u00e9licopt\u00e8re. Apr\u00e8s l\u2019atterrissage, on peut aussi se les coller sur le nez\u00a0! Leur architecture v\u00e9g\u00e9tale n\u2019en reste pas moins fascinante. Quel perfectionnement\u00a0!<\/p>\n<p>&nbsp;<\/p>\n<p><span class=\"SanitizedHtml\">Format 12 x 17 cm<br \/>\nCahier piqu\u00e9 couture fil \u00e9cru<br \/>\nCoins arrondis<br \/>\nCouverture mate<br \/>\nPapier 100 g ivoire l\u00e9ger<br \/>\n64 pages num\u00e9rot\u00e9es non lign\u00e9es<\/span><\/p>","protected":false},"featured_media":17074,"template":"","meta":[],"product_brand":[],"product_cat":[414],"product_tag":[574,284],"class_list":{"0":"post-17073","1":"product","2":"type-product","3":"status-publish","4":"has-post-thumbnail","6":"product_cat-mini-cahier","7":"product_tag-botanique","8":"product_tag-nature","10":"first","11":"instock","12":"taxable","13":"shipping-taxable","14":"purchasable","15":"product-type-simple"},"yoast_head":"<!-- This site is optimized with the Yoast SEO plugin v26.8 - https:\/\/yoast.com\/product\/yoast-seo-wordpress\/ -->\n<title>Samaras - Alibabette Editions<\/title>\n<meta name=\"robots\" content=\"index, follow, max-snippet:-1, max-image-preview:large, max-video-preview:-1\" \/>\n<link rel=\"canonical\" href=\"https:\/\/alibabette-editions.com\/en\/boutique\/les-cahiers\/mini-cahier\/samaras\/\" \/>\n<meta property=\"og:locale\" content=\"en_GB\" \/>\n<meta property=\"og:type\" content=\"article\" \/>\n<meta property=\"og:title\" content=\"Samaras - Alibabette Editions\" \/>\n<meta property=\"og:description\" content=\"Nous avons tous jou\u00e9, enfant, avec les samares, ces fruits des \u00e9rables qui tourbillonnent dans l\u2019automne comme des h\u00e9lices d\u2019h\u00e9licopt\u00e8re. Apr\u00e8s l\u2019atterrissage, on peut aussi se les coller sur le nez\u00a0! Leur architecture v\u00e9g\u00e9tale n\u2019en reste pas moins fascinante. Quel perfectionnement\u00a0!  &nbsp;  Format 12 x 17 cm Cahier piqu\u00e9 couture fil \u00e9cru Coins arrondis Couverture mate Papier 100 g ivoire l\u00e9ger 64 pages num\u00e9rot\u00e9es non lign\u00e9es\" \/>\n<meta property=\"og:url\" content=\"https:\/\/alibabette-editions.com\/en\/boutique\/les-cahiers\/mini-cahier\/samaras\/\" \/>\n<meta property=\"og:site_name\" content=\"Alibabette Editions\" \/>\n<meta property=\"article:modified_time\" content=\"2023-08-05T04:52:50+00:00\" \/>\n<meta property=\"og:image\" content=\"https:\/\/alibabette-editions.com\/wp-content\/uploads\/ch2p012-r.jpg\" \/>\n\t<meta property=\"og:image:width\" content=\"1500\" \/>\n\t<meta property=\"og:image:height\" content=\"1500\" \/>\n\t<meta property=\"og:image:type\" content=\"image\/jpeg\" \/>\n<meta name=\"twitter:card\" content=\"summary_large_image\" \/>\n<script type=\"application\/ld+json\" class=\"yoast-schema-graph\">{\"@context\":\"https:\/\/schema.org\",\"@graph\":[{\"@type\":\"WebPage\",\"@id\":\"https:\/\/alibabette-editions.com\/boutique\/les-cahiers\/mini-cahier\/samaras\/\",\"url\":\"https:\/\/alibabette-editions.com\/boutique\/les-cahiers\/mini-cahier\/samaras\/\",\"name\":\"Samaras - Alibabette Editions\",\"isPartOf\":{\"@id\":\"https:\/\/alibabette-editions.com\/#website\"},\"primaryImageOfPage\":{\"@id\":\"https:\/\/alibabette-editions.com\/boutique\/les-cahiers\/mini-cahier\/samaras\/#primaryimage\"},\"image\":{\"@id\":\"https:\/\/alibabette-editions.com\/boutique\/les-cahiers\/mini-cahier\/samaras\/#primaryimage\"},\"thumbnailUrl\":\"https:\/\/alibabette-editions.com\/wp-content\/uploads\/ch2p012-r.jpg\",\"datePublished\":\"2020-05-21T14:31:29+00:00\",\"dateModified\":\"2023-08-05T04:52:50+00:00\",\"breadcrumb\":{\"@id\":\"https:\/\/alibabette-editions.com\/boutique\/les-cahiers\/mini-cahier\/samaras\/#breadcrumb\"},\"inLanguage\":\"en-GB\",\"potentialAction\":[{\"@type\":\"ReadAction\",\"target\":[\"https:\/\/alibabette-editions.com\/boutique\/les-cahiers\/mini-cahier\/samaras\/\"]}]},{\"@type\":\"ImageObject\",\"inLanguage\":\"en-GB\",\"@id\":\"https:\/\/alibabette-editions.com\/boutique\/les-cahiers\/mini-cahier\/samaras\/#primaryimage\",\"url\":\"https:\/\/alibabette-editions.com\/wp-content\/uploads\/ch2p012-r.jpg\",\"contentUrl\":\"https:\/\/alibabette-editions.com\/wp-content\/uploads\/ch2p012-r.jpg\",\"width\":1500,\"height\":1500},{\"@type\":\"BreadcrumbList\",\"@id\":\"https:\/\/alibabette-editions.com\/boutique\/les-cahiers\/mini-cahier\/samaras\/#breadcrumb\",\"itemListElement\":[{\"@type\":\"ListItem\",\"position\":1,\"name\":\"Accueil\",\"item\":\"https:\/\/alibabette-editions.com\/\"},{\"@type\":\"ListItem\",\"position\":2,\"name\":\"Tout voir\",\"item\":\"https:\/\/alibabette-editions.com\/boutique\/\"},{\"@type\":\"ListItem\",\"position\":3,\"name\":\"Samaras\"}]},{\"@type\":\"WebSite\",\"@id\":\"https:\/\/alibabette-editions.com\/#website\",\"url\":\"https:\/\/alibabette-editions.com\/\",\"name\":\"Alibabette Editions\",\"description\":\"\",\"potentialAction\":[{\"@type\":\"SearchAction\",\"target\":{\"@type\":\"EntryPoint\",\"urlTemplate\":\"https:\/\/alibabette-editions.com\/?s={search_term_string}\"},\"query-input\":{\"@type\":\"PropertyValueSpecification\",\"valueRequired\":true,\"valueName\":\"search_term_string\"}}],\"inLanguage\":\"en-GB\"}]}<\/script>\n<!-- \/ Yoast SEO plugin. -->","yoast_head_json":{"title":"Samaras - Alibabette Editions","robots":{"index":"index","follow":"follow","max-snippet":"max-snippet:-1","max-image-preview":"max-image-preview:large","max-video-preview":"max-video-preview:-1"},"canonical":"https:\/\/alibabette-editions.com\/en\/boutique\/les-cahiers\/mini-cahier\/samaras\/","og_locale":"en_GB","og_type":"article","og_title":"Samaras - Alibabette Editions","og_description":"Nous avons tous jou\u00e9, enfant, avec les samares, ces fruits des \u00e9rables qui tourbillonnent dans l\u2019automne comme des h\u00e9lices d\u2019h\u00e9licopt\u00e8re. Apr\u00e8s l\u2019atterrissage, on peut aussi se les coller sur le nez\u00a0! Leur architecture v\u00e9g\u00e9tale n\u2019en reste pas moins fascinante. Quel perfectionnement\u00a0!  &nbsp;  Format 12 x 17 cm Cahier piqu\u00e9 couture fil \u00e9cru Coins arrondis Couverture mate Papier 100 g ivoire l\u00e9ger 64 pages num\u00e9rot\u00e9es non lign\u00e9es","og_url":"https:\/\/alibabette-editions.com\/en\/boutique\/les-cahiers\/mini-cahier\/samaras\/","og_site_name":"Alibabette Editions","article_modified_time":"2023-08-05T04:52:50+00:00","og_image":[{"width":1500,"height":1500,"url":"https:\/\/alibabette-editions.com\/wp-content\/uploads\/ch2p012-r.jpg","type":"image\/jpeg"}],"twitter_card":"summary_large_image","schema":{"@context":"https:\/\/schema.org","@graph":[{"@type":"WebPage","@id":"https:\/\/alibabette-editions.com\/boutique\/les-cahiers\/mini-cahier\/samaras\/","url":"https:\/\/alibabette-editions.com\/boutique\/les-cahiers\/mini-cahier\/samaras\/","name":"Samaras - Alibabette Editions","isPartOf":{"@id":"https:\/\/alibabette-editions.com\/#website"},"primaryImageOfPage":{"@id":"https:\/\/alibabette-editions.com\/boutique\/les-cahiers\/mini-cahier\/samaras\/#primaryimage"},"image":{"@id":"https:\/\/alibabette-editions.com\/boutique\/les-cahiers\/mini-cahier\/samaras\/#primaryimage"},"thumbnailUrl":"https:\/\/alibabette-editions.com\/wp-content\/uploads\/ch2p012-r.jpg","datePublished":"2020-05-21T14:31:29+00:00","dateModified":"2023-08-05T04:52:50+00:00","breadcrumb":{"@id":"https:\/\/alibabette-editions.com\/boutique\/les-cahiers\/mini-cahier\/samaras\/#breadcrumb"},"inLanguage":"en-GB","potentialAction":[{"@type":"ReadAction","target":["https:\/\/alibabette-editions.com\/boutique\/les-cahiers\/mini-cahier\/samaras\/"]}]},{"@type":"ImageObject","inLanguage":"en-GB","@id":"https:\/\/alibabette-editions.com\/boutique\/les-cahiers\/mini-cahier\/samaras\/#primaryimage","url":"https:\/\/alibabette-editions.com\/wp-content\/uploads\/ch2p012-r.jpg","contentUrl":"https:\/\/alibabette-editions.com\/wp-content\/uploads\/ch2p012-r.jpg","width":1500,"height":1500},{"@type":"BreadcrumbList","@id":"https:\/\/alibabette-editions.com\/boutique\/les-cahiers\/mini-cahier\/samaras\/#breadcrumb","itemListElement":[{"@type":"ListItem","position":1,"name":"Accueil","item":"https:\/\/alibabette-editions.com\/"},{"@type":"ListItem","position":2,"name":"Tout voir","item":"https:\/\/alibabette-editions.com\/boutique\/"},{"@type":"ListItem","position":3,"name":"Samaras"}]},{"@type":"WebSite","@id":"https:\/\/alibabette-editions.com\/#website","url":"https:\/\/alibabette-editions.com\/","name":"Alibabette Editions","description":"","potentialAction":[{"@type":"SearchAction","target":{"@type":"EntryPoint","urlTemplate":"https:\/\/alibabette-editions.com\/?s={search_term_string}"},"query-input":{"@type":"PropertyValueSpecification","valueRequired":true,"valueName":"search_term_string"}}],"inLanguage":"en-GB"}]}},"_links":{"self":[{"href":"https:\/\/alibabette-editions.com\/en\/wp-json\/wp\/v2\/product\/17073","targetHints":{"allow":["GET"]}}],"collection":[{"href":"https:\/\/alibabette-editions.com\/en\/wp-json\/wp\/v2\/product"}],"about":[{"href":"https:\/\/alibabette-editions.com\/en\/wp-json\/wp\/v2\/types\/product"}],"wp:featuredmedia":[{"embeddable":true,"href":"https:\/\/alibabette-editions.com\/en\/wp-json\/wp\/v2\/media\/17074"}],"wp:attachment":[{"href":"https:\/\/alibabette-editions.com\/en\/wp-json\/wp\/v2\/media?parent=17073"}],"wp:term":[{"taxonomy":"product_brand","embeddable":true,"href":"https:\/\/alibabette-editions.com\/en\/wp-json\/wp\/v2\/product_brand?post=17073"},{"taxonomy":"product_cat","embeddable":true,"href":"https:\/\/alibabette-editions.com\/en\/wp-json\/wp\/v2\/product_cat?post=17073"},{"taxonomy":"product_tag","embeddable":true,"href":"https:\/\/alibabette-editions.com\/en\/wp-json\/wp\/v2\/product_tag?post=17073"}],"curies":[{"name":"wp","href":"https:\/\/api.w.org\/{rel}","templated":true}]}}