{"id":16814,"date":"2019-09-07T15:08:18","date_gmt":"2019-09-07T13:08:18","guid":{"rendered":"https:\/\/alibabette-editions.com\/boutique\/les-cahiers\/cahier\/perruche-parakeet\/"},"modified":"2025-01-05T19:04:50","modified_gmt":"2025-01-05T18:04:50","slug":"perruche-parakeet","status":"publish","type":"product","link":"https:\/\/alibabette-editions.com\/en\/boutique\/les-cahiers\/cahier\/perruche-parakeet\/","title":{"rendered":"Perruche Parakeet"},"content":{"rendered":"","protected":false},"excerpt":{"rendered":"<p>Ces perruches \u00e0 collier (<em>Psittacus torquatus<\/em>), aussi belles que belliqueuses, ont envahi l\u2019Europe. On les rencontre \u00e0 Londres, autour de Paris\u2026 Dans mon jardin, elles d\u00e9vorent les pommes. Edward Lear (1812-1888) avait une vingtaine d\u2019ann\u00e9es quand il r\u00e9alisa cette aquarelle, publi\u00e9e en 1835.<\/p>\n<p>En 4<sup>e<\/sup> de couverture\u2009: une branche de saule, choisie pour sa couleur et ses courbes qui s\u2019accordent \u00e0 celles de notre magnifique perruche. <em>Salix alba<\/em>, illustration extraite du livre de Nicolai Thomae Host sur les saules (1828).<\/p>\n<p>&nbsp;<\/p>\n<p>Format 17 x 22 cm<br \/>\nCahier piqu\u00e9 couture fil \u00e9cru<br \/>\nCoins arrondis<br \/>\nCouverture mate<br \/>\nPapier 100 g ivoire l\u00e9ger<br \/>\n64 pages lign\u00e9es et num\u00e9rot\u00e9es<\/p>","protected":false},"featured_media":16815,"template":"","meta":[],"product_brand":[],"product_cat":[502],"product_tag":[534,284,456],"class_list":{"0":"post-16814","1":"product","2":"type-product","3":"status-publish","4":"has-post-thumbnail","6":"product_cat-cahier","7":"product_tag-aquarelle","8":"product_tag-nature","9":"product_tag-oiseau","11":"first","12":"instock","13":"taxable","14":"shipping-taxable","15":"purchasable","16":"product-type-simple"},"yoast_head":"<!-- This site is optimized with the Yoast SEO plugin v26.8 - https:\/\/yoast.com\/product\/yoast-seo-wordpress\/ -->\n<title>Perruche Parakeet - Alibabette Editions<\/title>\n<meta name=\"robots\" content=\"index, follow, max-snippet:-1, max-image-preview:large, max-video-preview:-1\" \/>\n<link rel=\"canonical\" href=\"https:\/\/alibabette-editions.com\/en\/boutique\/les-cahiers\/cahier\/perruche-parakeet\/\" \/>\n<meta property=\"og:locale\" content=\"en_GB\" \/>\n<meta property=\"og:type\" content=\"article\" \/>\n<meta property=\"og:title\" content=\"Perruche Parakeet - Alibabette Editions\" \/>\n<meta property=\"og:description\" content=\"Ces perruches \u00e0 collier (Psittacus torquatus), aussi belles que belliqueuses, ont envahi l\u2019Europe. On les rencontre \u00e0 Londres, autour de Paris\u2026 Dans mon jardin, elles d\u00e9vorent les pommes. Edward Lear (1812-1888) avait une vingtaine d\u2019ann\u00e9es quand il r\u00e9alisa cette aquarelle, publi\u00e9e en 1835.  En 4e de couverture\u2009: une branche de saule, choisie pour sa couleur et ses courbes qui s\u2019accordent \u00e0 celles de notre magnifique perruche. Salix alba, illustration extraite du livre de Nicolai Thomae Host sur les saules (1828).  &nbsp;  Format 17 x 22 cm Cahier piqu\u00e9 couture fil \u00e9cru Coins arrondis Couverture mate Papier 100 g ivoire l\u00e9ger 64 pages lign\u00e9es et num\u00e9rot\u00e9es\" \/>\n<meta property=\"og:url\" content=\"https:\/\/alibabette-editions.com\/en\/boutique\/les-cahiers\/cahier\/perruche-parakeet\/\" \/>\n<meta property=\"og:site_name\" content=\"Alibabette Editions\" \/>\n<meta property=\"article:modified_time\" content=\"2025-01-05T18:04:50+00:00\" \/>\n<meta property=\"og:image\" content=\"https:\/\/alibabette-editions.com\/wp-content\/uploads\/ch1p-30-r.jpg\" \/>\n\t<meta property=\"og:image:width\" content=\"1500\" \/>\n\t<meta property=\"og:image:height\" content=\"1500\" \/>\n\t<meta property=\"og:image:type\" content=\"image\/jpeg\" \/>\n<meta name=\"twitter:card\" content=\"summary_large_image\" \/>\n<meta name=\"twitter:label1\" content=\"Estimated reading time\" \/>\n\t<meta name=\"twitter:data1\" content=\"1 minute\" \/>\n<script type=\"application\/ld+json\" class=\"yoast-schema-graph\">{\"@context\":\"https:\/\/schema.org\",\"@graph\":[{\"@type\":\"WebPage\",\"@id\":\"https:\/\/alibabette-editions.com\/boutique\/les-cahiers\/cahier\/perruche-parakeet\/\",\"url\":\"https:\/\/alibabette-editions.com\/boutique\/les-cahiers\/cahier\/perruche-parakeet\/\",\"name\":\"Perruche Parakeet - Alibabette Editions\",\"isPartOf\":{\"@id\":\"https:\/\/alibabette-editions.com\/#website\"},\"primaryImageOfPage\":{\"@id\":\"https:\/\/alibabette-editions.com\/boutique\/les-cahiers\/cahier\/perruche-parakeet\/#primaryimage\"},\"image\":{\"@id\":\"https:\/\/alibabette-editions.com\/boutique\/les-cahiers\/cahier\/perruche-parakeet\/#primaryimage\"},\"thumbnailUrl\":\"https:\/\/alibabette-editions.com\/wp-content\/uploads\/ch1p-30-r.jpg\",\"datePublished\":\"2019-09-07T13:08:18+00:00\",\"dateModified\":\"2025-01-05T18:04:50+00:00\",\"breadcrumb\":{\"@id\":\"https:\/\/alibabette-editions.com\/boutique\/les-cahiers\/cahier\/perruche-parakeet\/#breadcrumb\"},\"inLanguage\":\"en-GB\",\"potentialAction\":[{\"@type\":\"ReadAction\",\"target\":[\"https:\/\/alibabette-editions.com\/boutique\/les-cahiers\/cahier\/perruche-parakeet\/\"]}]},{\"@type\":\"ImageObject\",\"inLanguage\":\"en-GB\",\"@id\":\"https:\/\/alibabette-editions.com\/boutique\/les-cahiers\/cahier\/perruche-parakeet\/#primaryimage\",\"url\":\"https:\/\/alibabette-editions.com\/wp-content\/uploads\/ch1p-30-r.jpg\",\"contentUrl\":\"https:\/\/alibabette-editions.com\/wp-content\/uploads\/ch1p-30-r.jpg\",\"width\":1500,\"height\":1500},{\"@type\":\"BreadcrumbList\",\"@id\":\"https:\/\/alibabette-editions.com\/boutique\/les-cahiers\/cahier\/perruche-parakeet\/#breadcrumb\",\"itemListElement\":[{\"@type\":\"ListItem\",\"position\":1,\"name\":\"Accueil\",\"item\":\"https:\/\/alibabette-editions.com\/\"},{\"@type\":\"ListItem\",\"position\":2,\"name\":\"Tout voir\",\"item\":\"https:\/\/alibabette-editions.com\/boutique\/\"},{\"@type\":\"ListItem\",\"position\":3,\"name\":\"Perruche Parakeet\"}]},{\"@type\":\"WebSite\",\"@id\":\"https:\/\/alibabette-editions.com\/#website\",\"url\":\"https:\/\/alibabette-editions.com\/\",\"name\":\"Alibabette Editions\",\"description\":\"\",\"potentialAction\":[{\"@type\":\"SearchAction\",\"target\":{\"@type\":\"EntryPoint\",\"urlTemplate\":\"https:\/\/alibabette-editions.com\/?s={search_term_string}\"},\"query-input\":{\"@type\":\"PropertyValueSpecification\",\"valueRequired\":true,\"valueName\":\"search_term_string\"}}],\"inLanguage\":\"en-GB\"}]}<\/script>\n<!-- \/ Yoast SEO plugin. -->","yoast_head_json":{"title":"Perruche Parakeet - Alibabette Editions","robots":{"index":"index","follow":"follow","max-snippet":"max-snippet:-1","max-image-preview":"max-image-preview:large","max-video-preview":"max-video-preview:-1"},"canonical":"https:\/\/alibabette-editions.com\/en\/boutique\/les-cahiers\/cahier\/perruche-parakeet\/","og_locale":"en_GB","og_type":"article","og_title":"Perruche Parakeet - Alibabette Editions","og_description":"Ces perruches \u00e0 collier (Psittacus torquatus), aussi belles que belliqueuses, ont envahi l\u2019Europe. On les rencontre \u00e0 Londres, autour de Paris\u2026 Dans mon jardin, elles d\u00e9vorent les pommes. Edward Lear (1812-1888) avait une vingtaine d\u2019ann\u00e9es quand il r\u00e9alisa cette aquarelle, publi\u00e9e en 1835.  En 4e de couverture\u2009: une branche de saule, choisie pour sa couleur et ses courbes qui s\u2019accordent \u00e0 celles de notre magnifique perruche. Salix alba, illustration extraite du livre de Nicolai Thomae Host sur les saules (1828).  &nbsp;  Format 17 x 22 cm Cahier piqu\u00e9 couture fil \u00e9cru Coins arrondis Couverture mate Papier 100 g ivoire l\u00e9ger 64 pages lign\u00e9es et num\u00e9rot\u00e9es","og_url":"https:\/\/alibabette-editions.com\/en\/boutique\/les-cahiers\/cahier\/perruche-parakeet\/","og_site_name":"Alibabette Editions","article_modified_time":"2025-01-05T18:04:50+00:00","og_image":[{"width":1500,"height":1500,"url":"https:\/\/alibabette-editions.com\/wp-content\/uploads\/ch1p-30-r.jpg","type":"image\/jpeg"}],"twitter_card":"summary_large_image","twitter_misc":{"Estimated reading time":"1 minute"},"schema":{"@context":"https:\/\/schema.org","@graph":[{"@type":"WebPage","@id":"https:\/\/alibabette-editions.com\/boutique\/les-cahiers\/cahier\/perruche-parakeet\/","url":"https:\/\/alibabette-editions.com\/boutique\/les-cahiers\/cahier\/perruche-parakeet\/","name":"Perruche Parakeet - Alibabette Editions","isPartOf":{"@id":"https:\/\/alibabette-editions.com\/#website"},"primaryImageOfPage":{"@id":"https:\/\/alibabette-editions.com\/boutique\/les-cahiers\/cahier\/perruche-parakeet\/#primaryimage"},"image":{"@id":"https:\/\/alibabette-editions.com\/boutique\/les-cahiers\/cahier\/perruche-parakeet\/#primaryimage"},"thumbnailUrl":"https:\/\/alibabette-editions.com\/wp-content\/uploads\/ch1p-30-r.jpg","datePublished":"2019-09-07T13:08:18+00:00","dateModified":"2025-01-05T18:04:50+00:00","breadcrumb":{"@id":"https:\/\/alibabette-editions.com\/boutique\/les-cahiers\/cahier\/perruche-parakeet\/#breadcrumb"},"inLanguage":"en-GB","potentialAction":[{"@type":"ReadAction","target":["https:\/\/alibabette-editions.com\/boutique\/les-cahiers\/cahier\/perruche-parakeet\/"]}]},{"@type":"ImageObject","inLanguage":"en-GB","@id":"https:\/\/alibabette-editions.com\/boutique\/les-cahiers\/cahier\/perruche-parakeet\/#primaryimage","url":"https:\/\/alibabette-editions.com\/wp-content\/uploads\/ch1p-30-r.jpg","contentUrl":"https:\/\/alibabette-editions.com\/wp-content\/uploads\/ch1p-30-r.jpg","width":1500,"height":1500},{"@type":"BreadcrumbList","@id":"https:\/\/alibabette-editions.com\/boutique\/les-cahiers\/cahier\/perruche-parakeet\/#breadcrumb","itemListElement":[{"@type":"ListItem","position":1,"name":"Accueil","item":"https:\/\/alibabette-editions.com\/"},{"@type":"ListItem","position":2,"name":"Tout voir","item":"https:\/\/alibabette-editions.com\/boutique\/"},{"@type":"ListItem","position":3,"name":"Perruche Parakeet"}]},{"@type":"WebSite","@id":"https:\/\/alibabette-editions.com\/#website","url":"https:\/\/alibabette-editions.com\/","name":"Alibabette Editions","description":"","potentialAction":[{"@type":"SearchAction","target":{"@type":"EntryPoint","urlTemplate":"https:\/\/alibabette-editions.com\/?s={search_term_string}"},"query-input":{"@type":"PropertyValueSpecification","valueRequired":true,"valueName":"search_term_string"}}],"inLanguage":"en-GB"}]}},"_links":{"self":[{"href":"https:\/\/alibabette-editions.com\/en\/wp-json\/wp\/v2\/product\/16814","targetHints":{"allow":["GET"]}}],"collection":[{"href":"https:\/\/alibabette-editions.com\/en\/wp-json\/wp\/v2\/product"}],"about":[{"href":"https:\/\/alibabette-editions.com\/en\/wp-json\/wp\/v2\/types\/product"}],"wp:featuredmedia":[{"embeddable":true,"href":"https:\/\/alibabette-editions.com\/en\/wp-json\/wp\/v2\/media\/16815"}],"wp:attachment":[{"href":"https:\/\/alibabette-editions.com\/en\/wp-json\/wp\/v2\/media?parent=16814"}],"wp:term":[{"taxonomy":"product_brand","embeddable":true,"href":"https:\/\/alibabette-editions.com\/en\/wp-json\/wp\/v2\/product_brand?post=16814"},{"taxonomy":"product_cat","embeddable":true,"href":"https:\/\/alibabette-editions.com\/en\/wp-json\/wp\/v2\/product_cat?post=16814"},{"taxonomy":"product_tag","embeddable":true,"href":"https:\/\/alibabette-editions.com\/en\/wp-json\/wp\/v2\/product_tag?post=16814"}],"curies":[{"name":"wp","href":"https:\/\/api.w.org\/{rel}","templated":true}]}}