{"id":16806,"date":"2019-09-06T09:59:29","date_gmt":"2019-09-06T07:59:29","guid":{"rendered":"https:\/\/alibabette-editions.com\/boutique\/les-sketchbooks\/artbook-a5\/morpion-tic-tac-toe\/"},"modified":"2025-01-05T18:49:51","modified_gmt":"2025-01-05T17:49:51","slug":"morpion-tic-tac-toe","status":"publish","type":"product","link":"https:\/\/alibabette-editions.com\/en\/boutique\/les-sketchbooks\/artbook-a5\/morpion-tic-tac-toe\/","title":{"rendered":"Morpion ou Tic-tac-toe"},"content":{"rendered":"","protected":false},"excerpt":{"rendered":"<p>Une feuille de papier, deux crayons, neuf carr\u00e9s, deux joueurs\u00a0: la partie peut commencer\u00a0! Qui n\u2019y a pas jou\u00e9 plut\u00f4t que de faire ses devoirs\u00a0? Souvenir d\u2019\u00e9cole et de temps libre. Et petite impertinence sur la couverture de cet artbook\u00a0! Allez, qui prend la croix, qui prend le rond\u00a0?<\/p>\n<p>&nbsp;<\/p>\n<p><span style=\"font-size: 0.9rem;\">Format 14 x 21 cm<br \/>\n<\/span><span style=\"font-size: 0.9rem;\">Reliure avec couture apparente\u00a0<\/span><span style=\"font-size: 0.9rem;\">en fil \u00e9cru<br \/>\n<\/span><span style=\"font-size: 0.9rem;\">Ouverture \u00e0 plat<br \/>\n<\/span><span style=\"font-size: 0.9rem;\">Couverture mate<br \/>\n<\/span><span style=\"font-size: 0.9rem;\">Papier \u00e0 dessin non acide ivoire 100 g<br \/>\n<\/span><span style=\"font-size: 0.9rem;\">240 pages<\/span><\/p>","protected":false},"featured_media":16811,"template":"","meta":[],"product_brand":[],"product_cat":[253],"product_tag":[333,332,612,312,325,335],"class_list":{"0":"post-16806","1":"product","2":"type-product","3":"status-publish","4":"has-post-thumbnail","6":"product_cat-artbook-a5","7":"product_tag-carnet-de-croquis","8":"product_tag-couture-apparente","9":"product_tag-ecole","10":"product_tag-noir-et-blanc","11":"product_tag-papier-a-dessin","12":"product_tag-sketchbook","14":"first","15":"instock","16":"taxable","17":"shipping-taxable","18":"purchasable","19":"product-type-simple"},"yoast_head":"<!-- This site is optimized with the Yoast SEO plugin v26.8 - https:\/\/yoast.com\/product\/yoast-seo-wordpress\/ -->\n<title>Morpion ou Tic-tac-toe - Alibabette Editions<\/title>\n<meta name=\"robots\" content=\"index, follow, max-snippet:-1, max-image-preview:large, max-video-preview:-1\" \/>\n<link rel=\"canonical\" href=\"https:\/\/alibabette-editions.com\/en\/boutique\/les-sketchbooks\/artbook-a5\/morpion-tic-tac-toe\/\" \/>\n<meta property=\"og:locale\" content=\"en_GB\" \/>\n<meta property=\"og:type\" content=\"article\" \/>\n<meta property=\"og:title\" content=\"Morpion ou Tic-tac-toe - Alibabette Editions\" \/>\n<meta property=\"og:description\" content=\"Une feuille de papier, deux crayons, neuf carr\u00e9s, deux joueurs\u00a0: la partie peut commencer\u00a0! Qui n\u2019y a pas jou\u00e9 plut\u00f4t que de faire ses devoirs\u00a0? Souvenir d\u2019\u00e9cole et de temps libre. Et petite impertinence sur la couverture de cet artbook\u00a0! Allez, qui prend la croix, qui prend le rond\u00a0?  &nbsp;  Format 14 x 21 cm Reliure avec couture apparente\u00a0en fil \u00e9cru Ouverture \u00e0 plat Couverture mate Papier \u00e0 dessin non acide ivoire 100 g 240 pages\" \/>\n<meta property=\"og:url\" content=\"https:\/\/alibabette-editions.com\/en\/boutique\/les-sketchbooks\/artbook-a5\/morpion-tic-tac-toe\/\" \/>\n<meta property=\"og:site_name\" content=\"Alibabette Editions\" \/>\n<meta property=\"article:modified_time\" content=\"2025-01-05T17:49:51+00:00\" \/>\n<meta property=\"og:image\" content=\"https:\/\/alibabette-editions.com\/wp-content\/uploads\/ab1b016-r.jpg\" \/>\n\t<meta property=\"og:image:width\" content=\"1500\" \/>\n\t<meta property=\"og:image:height\" content=\"1500\" \/>\n\t<meta property=\"og:image:type\" content=\"image\/jpeg\" \/>\n<meta name=\"twitter:card\" content=\"summary_large_image\" \/>\n<meta name=\"twitter:label1\" content=\"Estimated reading time\" \/>\n\t<meta name=\"twitter:data1\" content=\"1 minute\" \/>\n<script type=\"application\/ld+json\" class=\"yoast-schema-graph\">{\"@context\":\"https:\/\/schema.org\",\"@graph\":[{\"@type\":\"WebPage\",\"@id\":\"https:\/\/alibabette-editions.com\/boutique\/les-sketchbooks\/artbook-a5\/morpion-tic-tac-toe\/\",\"url\":\"https:\/\/alibabette-editions.com\/boutique\/les-sketchbooks\/artbook-a5\/morpion-tic-tac-toe\/\",\"name\":\"Morpion ou Tic-tac-toe - Alibabette Editions\",\"isPartOf\":{\"@id\":\"https:\/\/alibabette-editions.com\/#website\"},\"primaryImageOfPage\":{\"@id\":\"https:\/\/alibabette-editions.com\/boutique\/les-sketchbooks\/artbook-a5\/morpion-tic-tac-toe\/#primaryimage\"},\"image\":{\"@id\":\"https:\/\/alibabette-editions.com\/boutique\/les-sketchbooks\/artbook-a5\/morpion-tic-tac-toe\/#primaryimage\"},\"thumbnailUrl\":\"https:\/\/alibabette-editions.com\/wp-content\/uploads\/ab1b016-r.jpg\",\"datePublished\":\"2019-09-06T07:59:29+00:00\",\"dateModified\":\"2025-01-05T17:49:51+00:00\",\"breadcrumb\":{\"@id\":\"https:\/\/alibabette-editions.com\/boutique\/les-sketchbooks\/artbook-a5\/morpion-tic-tac-toe\/#breadcrumb\"},\"inLanguage\":\"en-GB\",\"potentialAction\":[{\"@type\":\"ReadAction\",\"target\":[\"https:\/\/alibabette-editions.com\/boutique\/les-sketchbooks\/artbook-a5\/morpion-tic-tac-toe\/\"]}]},{\"@type\":\"ImageObject\",\"inLanguage\":\"en-GB\",\"@id\":\"https:\/\/alibabette-editions.com\/boutique\/les-sketchbooks\/artbook-a5\/morpion-tic-tac-toe\/#primaryimage\",\"url\":\"https:\/\/alibabette-editions.com\/wp-content\/uploads\/ab1b016-r.jpg\",\"contentUrl\":\"https:\/\/alibabette-editions.com\/wp-content\/uploads\/ab1b016-r.jpg\",\"width\":1500,\"height\":1500},{\"@type\":\"BreadcrumbList\",\"@id\":\"https:\/\/alibabette-editions.com\/boutique\/les-sketchbooks\/artbook-a5\/morpion-tic-tac-toe\/#breadcrumb\",\"itemListElement\":[{\"@type\":\"ListItem\",\"position\":1,\"name\":\"Accueil\",\"item\":\"https:\/\/alibabette-editions.com\/\"},{\"@type\":\"ListItem\",\"position\":2,\"name\":\"Tout voir\",\"item\":\"https:\/\/alibabette-editions.com\/boutique\/\"},{\"@type\":\"ListItem\",\"position\":3,\"name\":\"Morpion ou Tic-tac-toe\"}]},{\"@type\":\"WebSite\",\"@id\":\"https:\/\/alibabette-editions.com\/#website\",\"url\":\"https:\/\/alibabette-editions.com\/\",\"name\":\"Alibabette Editions\",\"description\":\"\",\"potentialAction\":[{\"@type\":\"SearchAction\",\"target\":{\"@type\":\"EntryPoint\",\"urlTemplate\":\"https:\/\/alibabette-editions.com\/?s={search_term_string}\"},\"query-input\":{\"@type\":\"PropertyValueSpecification\",\"valueRequired\":true,\"valueName\":\"search_term_string\"}}],\"inLanguage\":\"en-GB\"}]}<\/script>\n<!-- \/ Yoast SEO plugin. -->","yoast_head_json":{"title":"Morpion ou Tic-tac-toe - Alibabette Editions","robots":{"index":"index","follow":"follow","max-snippet":"max-snippet:-1","max-image-preview":"max-image-preview:large","max-video-preview":"max-video-preview:-1"},"canonical":"https:\/\/alibabette-editions.com\/en\/boutique\/les-sketchbooks\/artbook-a5\/morpion-tic-tac-toe\/","og_locale":"en_GB","og_type":"article","og_title":"Morpion ou Tic-tac-toe - Alibabette Editions","og_description":"Une feuille de papier, deux crayons, neuf carr\u00e9s, deux joueurs\u00a0: la partie peut commencer\u00a0! Qui n\u2019y a pas jou\u00e9 plut\u00f4t que de faire ses devoirs\u00a0? Souvenir d\u2019\u00e9cole et de temps libre. Et petite impertinence sur la couverture de cet artbook\u00a0! Allez, qui prend la croix, qui prend le rond\u00a0?  &nbsp;  Format 14 x 21 cm Reliure avec couture apparente\u00a0en fil \u00e9cru Ouverture \u00e0 plat Couverture mate Papier \u00e0 dessin non acide ivoire 100 g 240 pages","og_url":"https:\/\/alibabette-editions.com\/en\/boutique\/les-sketchbooks\/artbook-a5\/morpion-tic-tac-toe\/","og_site_name":"Alibabette Editions","article_modified_time":"2025-01-05T17:49:51+00:00","og_image":[{"width":1500,"height":1500,"url":"https:\/\/alibabette-editions.com\/wp-content\/uploads\/ab1b016-r.jpg","type":"image\/jpeg"}],"twitter_card":"summary_large_image","twitter_misc":{"Estimated reading time":"1 minute"},"schema":{"@context":"https:\/\/schema.org","@graph":[{"@type":"WebPage","@id":"https:\/\/alibabette-editions.com\/boutique\/les-sketchbooks\/artbook-a5\/morpion-tic-tac-toe\/","url":"https:\/\/alibabette-editions.com\/boutique\/les-sketchbooks\/artbook-a5\/morpion-tic-tac-toe\/","name":"Morpion ou Tic-tac-toe - Alibabette Editions","isPartOf":{"@id":"https:\/\/alibabette-editions.com\/#website"},"primaryImageOfPage":{"@id":"https:\/\/alibabette-editions.com\/boutique\/les-sketchbooks\/artbook-a5\/morpion-tic-tac-toe\/#primaryimage"},"image":{"@id":"https:\/\/alibabette-editions.com\/boutique\/les-sketchbooks\/artbook-a5\/morpion-tic-tac-toe\/#primaryimage"},"thumbnailUrl":"https:\/\/alibabette-editions.com\/wp-content\/uploads\/ab1b016-r.jpg","datePublished":"2019-09-06T07:59:29+00:00","dateModified":"2025-01-05T17:49:51+00:00","breadcrumb":{"@id":"https:\/\/alibabette-editions.com\/boutique\/les-sketchbooks\/artbook-a5\/morpion-tic-tac-toe\/#breadcrumb"},"inLanguage":"en-GB","potentialAction":[{"@type":"ReadAction","target":["https:\/\/alibabette-editions.com\/boutique\/les-sketchbooks\/artbook-a5\/morpion-tic-tac-toe\/"]}]},{"@type":"ImageObject","inLanguage":"en-GB","@id":"https:\/\/alibabette-editions.com\/boutique\/les-sketchbooks\/artbook-a5\/morpion-tic-tac-toe\/#primaryimage","url":"https:\/\/alibabette-editions.com\/wp-content\/uploads\/ab1b016-r.jpg","contentUrl":"https:\/\/alibabette-editions.com\/wp-content\/uploads\/ab1b016-r.jpg","width":1500,"height":1500},{"@type":"BreadcrumbList","@id":"https:\/\/alibabette-editions.com\/boutique\/les-sketchbooks\/artbook-a5\/morpion-tic-tac-toe\/#breadcrumb","itemListElement":[{"@type":"ListItem","position":1,"name":"Accueil","item":"https:\/\/alibabette-editions.com\/"},{"@type":"ListItem","position":2,"name":"Tout voir","item":"https:\/\/alibabette-editions.com\/boutique\/"},{"@type":"ListItem","position":3,"name":"Morpion ou Tic-tac-toe"}]},{"@type":"WebSite","@id":"https:\/\/alibabette-editions.com\/#website","url":"https:\/\/alibabette-editions.com\/","name":"Alibabette Editions","description":"","potentialAction":[{"@type":"SearchAction","target":{"@type":"EntryPoint","urlTemplate":"https:\/\/alibabette-editions.com\/?s={search_term_string}"},"query-input":{"@type":"PropertyValueSpecification","valueRequired":true,"valueName":"search_term_string"}}],"inLanguage":"en-GB"}]}},"_links":{"self":[{"href":"https:\/\/alibabette-editions.com\/en\/wp-json\/wp\/v2\/product\/16806","targetHints":{"allow":["GET"]}}],"collection":[{"href":"https:\/\/alibabette-editions.com\/en\/wp-json\/wp\/v2\/product"}],"about":[{"href":"https:\/\/alibabette-editions.com\/en\/wp-json\/wp\/v2\/types\/product"}],"wp:featuredmedia":[{"embeddable":true,"href":"https:\/\/alibabette-editions.com\/en\/wp-json\/wp\/v2\/media\/16811"}],"wp:attachment":[{"href":"https:\/\/alibabette-editions.com\/en\/wp-json\/wp\/v2\/media?parent=16806"}],"wp:term":[{"taxonomy":"product_brand","embeddable":true,"href":"https:\/\/alibabette-editions.com\/en\/wp-json\/wp\/v2\/product_brand?post=16806"},{"taxonomy":"product_cat","embeddable":true,"href":"https:\/\/alibabette-editions.com\/en\/wp-json\/wp\/v2\/product_cat?post=16806"},{"taxonomy":"product_tag","embeddable":true,"href":"https:\/\/alibabette-editions.com\/en\/wp-json\/wp\/v2\/product_tag?post=16806"}],"curies":[{"name":"wp","href":"https:\/\/api.w.org\/{rel}","templated":true}]}}