{"id":16801,"date":"2019-09-06T09:55:06","date_gmt":"2019-09-06T07:55:06","guid":{"rendered":"https:\/\/alibabette-editions.com\/boutique\/les-sketchbooks\/artbook-a5\/holi\/"},"modified":"2025-01-05T18:50:30","modified_gmt":"2025-01-05T17:50:30","slug":"holi","status":"publish","type":"product","link":"https:\/\/alibabette-editions.com\/en\/boutique\/les-sketchbooks\/artbook-a5\/holi\/","title":{"rendered":"Holi"},"content":{"rendered":"","protected":false},"excerpt":{"rendered":"<p>Holi, c\u2019est la f\u00eate hindoue des couleurs, qui c\u00e9l\u00e8bre aussi l\u2019arriv\u00e9e du printemps et le triomphe du bien sur le mal. La f\u00eate a lieu lors de la premi\u00e8re pleine lune. Apr\u00e8s avoir allum\u00e9 partout de grands feux de joie, les habitants s\u2019habillent en blanc et d\u00e9ambulent dans les rues en se lan\u00e7ant des poign\u00e9es de pigments de toutes les couleurs. \u00c0 l\u2019origine, c\u2019\u00e9tait des cendres dont les Hindous se couvraient le visage.<\/p>\n<p>&nbsp;<\/p>\n<p><span style=\"font-size: 0.9rem;\">Format 14 x 21 cm<br \/>\n<\/span><span style=\"font-size: 0.9rem;\">Reliure avec couture apparente\u00a0<\/span><span style=\"font-size: 0.9rem;\">en fil \u00e9cru<br \/>\n<\/span><span style=\"font-size: 0.9rem;\">Ouverture \u00e0 plat<br \/>\n<\/span><span style=\"font-size: 0.9rem;\">Couverture mate<br \/>\n<\/span><span style=\"font-size: 0.9rem;\">Papier \u00e0 dessin non acide ivoire 100 g<br \/>\n<\/span><span style=\"font-size: 0.9rem;\">240 pages<\/span><\/p>","protected":false},"featured_media":16804,"template":"","meta":[],"product_brand":[],"product_cat":[253],"product_tag":[285,333,332,449,585,325,335,345,419],"class_list":{"0":"post-16801","1":"product","2":"type-product","3":"status-publish","4":"has-post-thumbnail","6":"product_cat-artbook-a5","7":"product_tag-bleu","8":"product_tag-carnet-de-croquis","9":"product_tag-couture-apparente","10":"product_tag-inde","11":"product_tag-ocean","12":"product_tag-papier-a-dessin","13":"product_tag-sketchbook","14":"product_tag-turquoise","15":"product_tag-voyage-en-orient","17":"first","18":"instock","19":"taxable","20":"shipping-taxable","21":"purchasable","22":"product-type-simple"},"yoast_head":"<!-- This site is optimized with the Yoast SEO plugin v26.8 - https:\/\/yoast.com\/product\/yoast-seo-wordpress\/ -->\n<title>Holi - Alibabette Editions<\/title>\n<meta name=\"robots\" content=\"index, follow, max-snippet:-1, max-image-preview:large, max-video-preview:-1\" \/>\n<link rel=\"canonical\" href=\"https:\/\/alibabette-editions.com\/en\/boutique\/les-sketchbooks\/artbook-a5\/holi\/\" \/>\n<meta property=\"og:locale\" content=\"en_GB\" \/>\n<meta property=\"og:type\" content=\"article\" \/>\n<meta property=\"og:title\" content=\"Holi - Alibabette Editions\" \/>\n<meta property=\"og:description\" content=\"Holi, c\u2019est la f\u00eate hindoue des couleurs, qui c\u00e9l\u00e8bre aussi l\u2019arriv\u00e9e du printemps et le triomphe du bien sur le mal. La f\u00eate a lieu lors de la premi\u00e8re pleine lune. Apr\u00e8s avoir allum\u00e9 partout de grands feux de joie, les habitants s\u2019habillent en blanc et d\u00e9ambulent dans les rues en se lan\u00e7ant des poign\u00e9es de pigments de toutes les couleurs. \u00c0 l\u2019origine, c\u2019\u00e9tait des cendres dont les Hindous se couvraient le visage.  &nbsp;  Format 14 x 21 cm Reliure avec couture apparente\u00a0en fil \u00e9cru Ouverture \u00e0 plat Couverture mate Papier \u00e0 dessin non acide ivoire 100 g 240 pages\" \/>\n<meta property=\"og:url\" content=\"https:\/\/alibabette-editions.com\/en\/boutique\/les-sketchbooks\/artbook-a5\/holi\/\" \/>\n<meta property=\"og:site_name\" content=\"Alibabette Editions\" \/>\n<meta property=\"article:modified_time\" content=\"2025-01-05T17:50:30+00:00\" \/>\n<meta property=\"og:image\" content=\"https:\/\/alibabette-editions.com\/wp-content\/uploads\/ab1b015-r.jpg\" \/>\n\t<meta property=\"og:image:width\" content=\"1500\" \/>\n\t<meta property=\"og:image:height\" content=\"1500\" \/>\n\t<meta property=\"og:image:type\" content=\"image\/jpeg\" \/>\n<meta name=\"twitter:card\" content=\"summary_large_image\" \/>\n<meta name=\"twitter:label1\" content=\"Estimated reading time\" \/>\n\t<meta name=\"twitter:data1\" content=\"1 minute\" \/>\n<script type=\"application\/ld+json\" class=\"yoast-schema-graph\">{\"@context\":\"https:\/\/schema.org\",\"@graph\":[{\"@type\":\"WebPage\",\"@id\":\"https:\/\/alibabette-editions.com\/boutique\/les-sketchbooks\/artbook-a5\/holi\/\",\"url\":\"https:\/\/alibabette-editions.com\/boutique\/les-sketchbooks\/artbook-a5\/holi\/\",\"name\":\"Holi - Alibabette Editions\",\"isPartOf\":{\"@id\":\"https:\/\/alibabette-editions.com\/#website\"},\"primaryImageOfPage\":{\"@id\":\"https:\/\/alibabette-editions.com\/boutique\/les-sketchbooks\/artbook-a5\/holi\/#primaryimage\"},\"image\":{\"@id\":\"https:\/\/alibabette-editions.com\/boutique\/les-sketchbooks\/artbook-a5\/holi\/#primaryimage\"},\"thumbnailUrl\":\"https:\/\/alibabette-editions.com\/wp-content\/uploads\/ab1b015-r.jpg\",\"datePublished\":\"2019-09-06T07:55:06+00:00\",\"dateModified\":\"2025-01-05T17:50:30+00:00\",\"breadcrumb\":{\"@id\":\"https:\/\/alibabette-editions.com\/boutique\/les-sketchbooks\/artbook-a5\/holi\/#breadcrumb\"},\"inLanguage\":\"en-GB\",\"potentialAction\":[{\"@type\":\"ReadAction\",\"target\":[\"https:\/\/alibabette-editions.com\/boutique\/les-sketchbooks\/artbook-a5\/holi\/\"]}]},{\"@type\":\"ImageObject\",\"inLanguage\":\"en-GB\",\"@id\":\"https:\/\/alibabette-editions.com\/boutique\/les-sketchbooks\/artbook-a5\/holi\/#primaryimage\",\"url\":\"https:\/\/alibabette-editions.com\/wp-content\/uploads\/ab1b015-r.jpg\",\"contentUrl\":\"https:\/\/alibabette-editions.com\/wp-content\/uploads\/ab1b015-r.jpg\",\"width\":1500,\"height\":1500},{\"@type\":\"BreadcrumbList\",\"@id\":\"https:\/\/alibabette-editions.com\/boutique\/les-sketchbooks\/artbook-a5\/holi\/#breadcrumb\",\"itemListElement\":[{\"@type\":\"ListItem\",\"position\":1,\"name\":\"Accueil\",\"item\":\"https:\/\/alibabette-editions.com\/\"},{\"@type\":\"ListItem\",\"position\":2,\"name\":\"Tout voir\",\"item\":\"https:\/\/alibabette-editions.com\/boutique\/\"},{\"@type\":\"ListItem\",\"position\":3,\"name\":\"Holi\"}]},{\"@type\":\"WebSite\",\"@id\":\"https:\/\/alibabette-editions.com\/#website\",\"url\":\"https:\/\/alibabette-editions.com\/\",\"name\":\"Alibabette Editions\",\"description\":\"\",\"potentialAction\":[{\"@type\":\"SearchAction\",\"target\":{\"@type\":\"EntryPoint\",\"urlTemplate\":\"https:\/\/alibabette-editions.com\/?s={search_term_string}\"},\"query-input\":{\"@type\":\"PropertyValueSpecification\",\"valueRequired\":true,\"valueName\":\"search_term_string\"}}],\"inLanguage\":\"en-GB\"}]}<\/script>\n<!-- \/ Yoast SEO plugin. -->","yoast_head_json":{"title":"Holi - Alibabette Editions","robots":{"index":"index","follow":"follow","max-snippet":"max-snippet:-1","max-image-preview":"max-image-preview:large","max-video-preview":"max-video-preview:-1"},"canonical":"https:\/\/alibabette-editions.com\/en\/boutique\/les-sketchbooks\/artbook-a5\/holi\/","og_locale":"en_GB","og_type":"article","og_title":"Holi - Alibabette Editions","og_description":"Holi, c\u2019est la f\u00eate hindoue des couleurs, qui c\u00e9l\u00e8bre aussi l\u2019arriv\u00e9e du printemps et le triomphe du bien sur le mal. La f\u00eate a lieu lors de la premi\u00e8re pleine lune. Apr\u00e8s avoir allum\u00e9 partout de grands feux de joie, les habitants s\u2019habillent en blanc et d\u00e9ambulent dans les rues en se lan\u00e7ant des poign\u00e9es de pigments de toutes les couleurs. \u00c0 l\u2019origine, c\u2019\u00e9tait des cendres dont les Hindous se couvraient le visage.  &nbsp;  Format 14 x 21 cm Reliure avec couture apparente\u00a0en fil \u00e9cru Ouverture \u00e0 plat Couverture mate Papier \u00e0 dessin non acide ivoire 100 g 240 pages","og_url":"https:\/\/alibabette-editions.com\/en\/boutique\/les-sketchbooks\/artbook-a5\/holi\/","og_site_name":"Alibabette Editions","article_modified_time":"2025-01-05T17:50:30+00:00","og_image":[{"width":1500,"height":1500,"url":"https:\/\/alibabette-editions.com\/wp-content\/uploads\/ab1b015-r.jpg","type":"image\/jpeg"}],"twitter_card":"summary_large_image","twitter_misc":{"Estimated reading time":"1 minute"},"schema":{"@context":"https:\/\/schema.org","@graph":[{"@type":"WebPage","@id":"https:\/\/alibabette-editions.com\/boutique\/les-sketchbooks\/artbook-a5\/holi\/","url":"https:\/\/alibabette-editions.com\/boutique\/les-sketchbooks\/artbook-a5\/holi\/","name":"Holi - Alibabette Editions","isPartOf":{"@id":"https:\/\/alibabette-editions.com\/#website"},"primaryImageOfPage":{"@id":"https:\/\/alibabette-editions.com\/boutique\/les-sketchbooks\/artbook-a5\/holi\/#primaryimage"},"image":{"@id":"https:\/\/alibabette-editions.com\/boutique\/les-sketchbooks\/artbook-a5\/holi\/#primaryimage"},"thumbnailUrl":"https:\/\/alibabette-editions.com\/wp-content\/uploads\/ab1b015-r.jpg","datePublished":"2019-09-06T07:55:06+00:00","dateModified":"2025-01-05T17:50:30+00:00","breadcrumb":{"@id":"https:\/\/alibabette-editions.com\/boutique\/les-sketchbooks\/artbook-a5\/holi\/#breadcrumb"},"inLanguage":"en-GB","potentialAction":[{"@type":"ReadAction","target":["https:\/\/alibabette-editions.com\/boutique\/les-sketchbooks\/artbook-a5\/holi\/"]}]},{"@type":"ImageObject","inLanguage":"en-GB","@id":"https:\/\/alibabette-editions.com\/boutique\/les-sketchbooks\/artbook-a5\/holi\/#primaryimage","url":"https:\/\/alibabette-editions.com\/wp-content\/uploads\/ab1b015-r.jpg","contentUrl":"https:\/\/alibabette-editions.com\/wp-content\/uploads\/ab1b015-r.jpg","width":1500,"height":1500},{"@type":"BreadcrumbList","@id":"https:\/\/alibabette-editions.com\/boutique\/les-sketchbooks\/artbook-a5\/holi\/#breadcrumb","itemListElement":[{"@type":"ListItem","position":1,"name":"Accueil","item":"https:\/\/alibabette-editions.com\/"},{"@type":"ListItem","position":2,"name":"Tout voir","item":"https:\/\/alibabette-editions.com\/boutique\/"},{"@type":"ListItem","position":3,"name":"Holi"}]},{"@type":"WebSite","@id":"https:\/\/alibabette-editions.com\/#website","url":"https:\/\/alibabette-editions.com\/","name":"Alibabette Editions","description":"","potentialAction":[{"@type":"SearchAction","target":{"@type":"EntryPoint","urlTemplate":"https:\/\/alibabette-editions.com\/?s={search_term_string}"},"query-input":{"@type":"PropertyValueSpecification","valueRequired":true,"valueName":"search_term_string"}}],"inLanguage":"en-GB"}]}},"_links":{"self":[{"href":"https:\/\/alibabette-editions.com\/en\/wp-json\/wp\/v2\/product\/16801","targetHints":{"allow":["GET"]}}],"collection":[{"href":"https:\/\/alibabette-editions.com\/en\/wp-json\/wp\/v2\/product"}],"about":[{"href":"https:\/\/alibabette-editions.com\/en\/wp-json\/wp\/v2\/types\/product"}],"wp:featuredmedia":[{"embeddable":true,"href":"https:\/\/alibabette-editions.com\/en\/wp-json\/wp\/v2\/media\/16804"}],"wp:attachment":[{"href":"https:\/\/alibabette-editions.com\/en\/wp-json\/wp\/v2\/media?parent=16801"}],"wp:term":[{"taxonomy":"product_brand","embeddable":true,"href":"https:\/\/alibabette-editions.com\/en\/wp-json\/wp\/v2\/product_brand?post=16801"},{"taxonomy":"product_cat","embeddable":true,"href":"https:\/\/alibabette-editions.com\/en\/wp-json\/wp\/v2\/product_cat?post=16801"},{"taxonomy":"product_tag","embeddable":true,"href":"https:\/\/alibabette-editions.com\/en\/wp-json\/wp\/v2\/product_tag?post=16801"}],"curies":[{"name":"wp","href":"https:\/\/api.w.org\/{rel}","templated":true}]}}