{"id":16720,"date":"2019-05-31T18:14:28","date_gmt":"2019-05-31T16:14:28","guid":{"rendered":"https:\/\/alibabette-editions.com\/boutique\/les-sketchbooks\/pocket-artbook\/gauguin-sieste\/"},"modified":"2023-08-05T06:52:48","modified_gmt":"2023-08-05T04:52:48","slug":"gauguin-sieste","status":"publish","type":"product","link":"https:\/\/alibabette-editions.com\/en\/boutique\/les-sketchbooks\/pocket-artbook\/gauguin-sieste\/","title":{"rendered":"Gauguin &#8211; Sieste"},"content":{"rendered":"","protected":false},"excerpt":{"rendered":"<p>Quelle gr\u00e2ce et quel abandon dans cette <em>Sieste<\/em> sur laquelle Paul Gauguin (1848-1903) a travaill\u00e9 pendant presque deux ans, entre 1892 et 1894\u00a0! Reprenant, modifiant sans cesse. Ainsi, \u00e0 la place du panier (premier plan \u00e0 droite) il y avait \u00e0 l\u2019origine un petit chien.<\/p>\n<p>Format 12 x 17 cm<br \/>\nReliure avec couture apparente en fil \u00e9cru<br \/>\nOuverture \u00e0 plat<br \/>\nPapier \u00e0 dessin non acide 100 g<br \/>\n144 pages<\/p>","protected":false},"featured_media":16723,"template":"","meta":[],"product_brand":[],"product_cat":[610],"product_tag":[421,333,332,585,325,335,419],"class_list":{"0":"post-16720","1":"product","2":"type-product","3":"status-publish","4":"has-post-thumbnail","6":"product_cat-pocket-artbook","7":"product_tag-balade-au-musee","8":"product_tag-carnet-de-croquis","9":"product_tag-couture-apparente","10":"product_tag-ocean","11":"product_tag-papier-a-dessin","12":"product_tag-sketchbook","13":"product_tag-voyage-en-orient","15":"first","16":"instock","17":"taxable","18":"shipping-taxable","19":"purchasable","20":"product-type-simple"},"yoast_head":"<!-- This site is optimized with the Yoast SEO plugin v26.8 - https:\/\/yoast.com\/product\/yoast-seo-wordpress\/ -->\n<title>Gauguin - Sieste - Alibabette Editions<\/title>\n<meta name=\"robots\" content=\"index, follow, max-snippet:-1, max-image-preview:large, max-video-preview:-1\" \/>\n<link rel=\"canonical\" href=\"https:\/\/alibabette-editions.com\/en\/boutique\/les-sketchbooks\/pocket-artbook\/gauguin-sieste\/\" \/>\n<meta property=\"og:locale\" content=\"en_GB\" \/>\n<meta property=\"og:type\" content=\"article\" \/>\n<meta property=\"og:title\" content=\"Gauguin - Sieste - Alibabette Editions\" \/>\n<meta property=\"og:description\" content=\"Quelle gr\u00e2ce et quel abandon dans cette Sieste sur laquelle Paul Gauguin (1848-1903) a travaill\u00e9 pendant presque deux ans, entre 1892 et 1894\u00a0! Reprenant, modifiant sans cesse. Ainsi, \u00e0 la place du panier (premier plan \u00e0 droite) il y avait \u00e0 l\u2019origine un petit chien.  Format 12 x 17 cm Reliure avec couture apparente en fil \u00e9cru Ouverture \u00e0 plat Papier \u00e0 dessin non acide 100 g 144 pages\" \/>\n<meta property=\"og:url\" content=\"https:\/\/alibabette-editions.com\/en\/boutique\/les-sketchbooks\/pocket-artbook\/gauguin-sieste\/\" \/>\n<meta property=\"og:site_name\" content=\"Alibabette Editions\" \/>\n<meta property=\"article:modified_time\" content=\"2023-08-05T04:52:48+00:00\" \/>\n<meta property=\"og:image\" content=\"https:\/\/alibabette-editions.com\/wp-content\/uploads\/ab2b016-r.jpg\" \/>\n\t<meta property=\"og:image:width\" content=\"1500\" \/>\n\t<meta property=\"og:image:height\" content=\"1500\" \/>\n\t<meta property=\"og:image:type\" content=\"image\/jpeg\" \/>\n<meta name=\"twitter:card\" content=\"summary_large_image\" \/>\n<script type=\"application\/ld+json\" class=\"yoast-schema-graph\">{\"@context\":\"https:\/\/schema.org\",\"@graph\":[{\"@type\":\"WebPage\",\"@id\":\"https:\/\/alibabette-editions.com\/boutique\/les-sketchbooks\/pocket-artbook\/gauguin-sieste\/\",\"url\":\"https:\/\/alibabette-editions.com\/boutique\/les-sketchbooks\/pocket-artbook\/gauguin-sieste\/\",\"name\":\"Gauguin - Sieste - Alibabette Editions\",\"isPartOf\":{\"@id\":\"https:\/\/alibabette-editions.com\/#website\"},\"primaryImageOfPage\":{\"@id\":\"https:\/\/alibabette-editions.com\/boutique\/les-sketchbooks\/pocket-artbook\/gauguin-sieste\/#primaryimage\"},\"image\":{\"@id\":\"https:\/\/alibabette-editions.com\/boutique\/les-sketchbooks\/pocket-artbook\/gauguin-sieste\/#primaryimage\"},\"thumbnailUrl\":\"https:\/\/alibabette-editions.com\/wp-content\/uploads\/ab2b016-r.jpg\",\"datePublished\":\"2019-05-31T16:14:28+00:00\",\"dateModified\":\"2023-08-05T04:52:48+00:00\",\"breadcrumb\":{\"@id\":\"https:\/\/alibabette-editions.com\/boutique\/les-sketchbooks\/pocket-artbook\/gauguin-sieste\/#breadcrumb\"},\"inLanguage\":\"en-GB\",\"potentialAction\":[{\"@type\":\"ReadAction\",\"target\":[\"https:\/\/alibabette-editions.com\/boutique\/les-sketchbooks\/pocket-artbook\/gauguin-sieste\/\"]}]},{\"@type\":\"ImageObject\",\"inLanguage\":\"en-GB\",\"@id\":\"https:\/\/alibabette-editions.com\/boutique\/les-sketchbooks\/pocket-artbook\/gauguin-sieste\/#primaryimage\",\"url\":\"https:\/\/alibabette-editions.com\/wp-content\/uploads\/ab2b016-r.jpg\",\"contentUrl\":\"https:\/\/alibabette-editions.com\/wp-content\/uploads\/ab2b016-r.jpg\",\"width\":1500,\"height\":1500},{\"@type\":\"BreadcrumbList\",\"@id\":\"https:\/\/alibabette-editions.com\/boutique\/les-sketchbooks\/pocket-artbook\/gauguin-sieste\/#breadcrumb\",\"itemListElement\":[{\"@type\":\"ListItem\",\"position\":1,\"name\":\"Accueil\",\"item\":\"https:\/\/alibabette-editions.com\/\"},{\"@type\":\"ListItem\",\"position\":2,\"name\":\"Tout voir\",\"item\":\"https:\/\/alibabette-editions.com\/boutique\/\"},{\"@type\":\"ListItem\",\"position\":3,\"name\":\"Gauguin &#8211; Sieste\"}]},{\"@type\":\"WebSite\",\"@id\":\"https:\/\/alibabette-editions.com\/#website\",\"url\":\"https:\/\/alibabette-editions.com\/\",\"name\":\"Alibabette Editions\",\"description\":\"\",\"potentialAction\":[{\"@type\":\"SearchAction\",\"target\":{\"@type\":\"EntryPoint\",\"urlTemplate\":\"https:\/\/alibabette-editions.com\/?s={search_term_string}\"},\"query-input\":{\"@type\":\"PropertyValueSpecification\",\"valueRequired\":true,\"valueName\":\"search_term_string\"}}],\"inLanguage\":\"en-GB\"}]}<\/script>\n<!-- \/ Yoast SEO plugin. -->","yoast_head_json":{"title":"Gauguin - Sieste - Alibabette Editions","robots":{"index":"index","follow":"follow","max-snippet":"max-snippet:-1","max-image-preview":"max-image-preview:large","max-video-preview":"max-video-preview:-1"},"canonical":"https:\/\/alibabette-editions.com\/en\/boutique\/les-sketchbooks\/pocket-artbook\/gauguin-sieste\/","og_locale":"en_GB","og_type":"article","og_title":"Gauguin - Sieste - Alibabette Editions","og_description":"Quelle gr\u00e2ce et quel abandon dans cette Sieste sur laquelle Paul Gauguin (1848-1903) a travaill\u00e9 pendant presque deux ans, entre 1892 et 1894\u00a0! Reprenant, modifiant sans cesse. Ainsi, \u00e0 la place du panier (premier plan \u00e0 droite) il y avait \u00e0 l\u2019origine un petit chien.  Format 12 x 17 cm Reliure avec couture apparente en fil \u00e9cru Ouverture \u00e0 plat Papier \u00e0 dessin non acide 100 g 144 pages","og_url":"https:\/\/alibabette-editions.com\/en\/boutique\/les-sketchbooks\/pocket-artbook\/gauguin-sieste\/","og_site_name":"Alibabette Editions","article_modified_time":"2023-08-05T04:52:48+00:00","og_image":[{"width":1500,"height":1500,"url":"https:\/\/alibabette-editions.com\/wp-content\/uploads\/ab2b016-r.jpg","type":"image\/jpeg"}],"twitter_card":"summary_large_image","schema":{"@context":"https:\/\/schema.org","@graph":[{"@type":"WebPage","@id":"https:\/\/alibabette-editions.com\/boutique\/les-sketchbooks\/pocket-artbook\/gauguin-sieste\/","url":"https:\/\/alibabette-editions.com\/boutique\/les-sketchbooks\/pocket-artbook\/gauguin-sieste\/","name":"Gauguin - Sieste - Alibabette Editions","isPartOf":{"@id":"https:\/\/alibabette-editions.com\/#website"},"primaryImageOfPage":{"@id":"https:\/\/alibabette-editions.com\/boutique\/les-sketchbooks\/pocket-artbook\/gauguin-sieste\/#primaryimage"},"image":{"@id":"https:\/\/alibabette-editions.com\/boutique\/les-sketchbooks\/pocket-artbook\/gauguin-sieste\/#primaryimage"},"thumbnailUrl":"https:\/\/alibabette-editions.com\/wp-content\/uploads\/ab2b016-r.jpg","datePublished":"2019-05-31T16:14:28+00:00","dateModified":"2023-08-05T04:52:48+00:00","breadcrumb":{"@id":"https:\/\/alibabette-editions.com\/boutique\/les-sketchbooks\/pocket-artbook\/gauguin-sieste\/#breadcrumb"},"inLanguage":"en-GB","potentialAction":[{"@type":"ReadAction","target":["https:\/\/alibabette-editions.com\/boutique\/les-sketchbooks\/pocket-artbook\/gauguin-sieste\/"]}]},{"@type":"ImageObject","inLanguage":"en-GB","@id":"https:\/\/alibabette-editions.com\/boutique\/les-sketchbooks\/pocket-artbook\/gauguin-sieste\/#primaryimage","url":"https:\/\/alibabette-editions.com\/wp-content\/uploads\/ab2b016-r.jpg","contentUrl":"https:\/\/alibabette-editions.com\/wp-content\/uploads\/ab2b016-r.jpg","width":1500,"height":1500},{"@type":"BreadcrumbList","@id":"https:\/\/alibabette-editions.com\/boutique\/les-sketchbooks\/pocket-artbook\/gauguin-sieste\/#breadcrumb","itemListElement":[{"@type":"ListItem","position":1,"name":"Accueil","item":"https:\/\/alibabette-editions.com\/"},{"@type":"ListItem","position":2,"name":"Tout voir","item":"https:\/\/alibabette-editions.com\/boutique\/"},{"@type":"ListItem","position":3,"name":"Gauguin &#8211; Sieste"}]},{"@type":"WebSite","@id":"https:\/\/alibabette-editions.com\/#website","url":"https:\/\/alibabette-editions.com\/","name":"Alibabette Editions","description":"","potentialAction":[{"@type":"SearchAction","target":{"@type":"EntryPoint","urlTemplate":"https:\/\/alibabette-editions.com\/?s={search_term_string}"},"query-input":{"@type":"PropertyValueSpecification","valueRequired":true,"valueName":"search_term_string"}}],"inLanguage":"en-GB"}]}},"_links":{"self":[{"href":"https:\/\/alibabette-editions.com\/en\/wp-json\/wp\/v2\/product\/16720","targetHints":{"allow":["GET"]}}],"collection":[{"href":"https:\/\/alibabette-editions.com\/en\/wp-json\/wp\/v2\/product"}],"about":[{"href":"https:\/\/alibabette-editions.com\/en\/wp-json\/wp\/v2\/types\/product"}],"wp:featuredmedia":[{"embeddable":true,"href":"https:\/\/alibabette-editions.com\/en\/wp-json\/wp\/v2\/media\/16723"}],"wp:attachment":[{"href":"https:\/\/alibabette-editions.com\/en\/wp-json\/wp\/v2\/media?parent=16720"}],"wp:term":[{"taxonomy":"product_brand","embeddable":true,"href":"https:\/\/alibabette-editions.com\/en\/wp-json\/wp\/v2\/product_brand?post=16720"},{"taxonomy":"product_cat","embeddable":true,"href":"https:\/\/alibabette-editions.com\/en\/wp-json\/wp\/v2\/product_cat?post=16720"},{"taxonomy":"product_tag","embeddable":true,"href":"https:\/\/alibabette-editions.com\/en\/wp-json\/wp\/v2\/product_tag?post=16720"}],"curies":[{"name":"wp","href":"https:\/\/api.w.org\/{rel}","templated":true}]}}