{"id":16709,"date":"2019-05-31T18:06:30","date_gmt":"2019-05-31T16:06:30","guid":{"rendered":"https:\/\/alibabette-editions.com\/boutique\/les-sketchbooks\/pocket-artbook\/monet-pont\/"},"modified":"2025-03-11T19:09:58","modified_gmt":"2025-03-11T18:09:58","slug":"monet-pont","status":"publish","type":"product","link":"https:\/\/alibabette-editions.com\/en\/boutique\/les-sketchbooks\/pocket-artbook\/monet-pont\/","title":{"rendered":"Monet &#8211; Pont"},"content":{"rendered":"","protected":false},"excerpt":{"rendered":"<p>Ce pont qui enjambe l\u2019\u00e9tang aux nymph\u00e9as de Giverny date de 1899. Claude Monet (1840-1926) a achet\u00e9 la maison de Giverny en 1893 et compos\u00e9 le jardin pour le peindre. Durant l\u2019\u00e9t\u00e9 1899, il r\u00e9alise plusieurs toiles de ce pont sous toutes ses formes et sous toutes les lumi\u00e8res. Le tableau est d\u00e9sormais visible au MET, Metropolitan Museum of Art de New York.<\/p>\n<p>Format 12 x 17 cm<br \/>\nReliure avec couture apparente en fil \u00e9cru<br \/>\nOuverture \u00e0 plat<br \/>\nPapier \u00e0 dessin non acide 100 g<br \/>\n144 pages<\/p>","protected":false},"featured_media":16713,"template":"","meta":[],"product_brand":[],"product_cat":[610],"product_tag":[421,333,332,325,335,525],"class_list":{"0":"post-16709","1":"product","2":"type-product","3":"status-publish","4":"has-post-thumbnail","6":"product_cat-pocket-artbook","7":"product_tag-balade-au-musee","8":"product_tag-carnet-de-croquis","9":"product_tag-couture-apparente","10":"product_tag-papier-a-dessin","11":"product_tag-sketchbook","12":"product_tag-summertime","14":"first","15":"instock","16":"taxable","17":"shipping-taxable","18":"purchasable","19":"product-type-simple"},"yoast_head":"<!-- This site is optimized with the Yoast SEO plugin v26.8 - https:\/\/yoast.com\/product\/yoast-seo-wordpress\/ -->\n<title>Monet - Pont - Alibabette Editions<\/title>\n<meta name=\"robots\" content=\"index, follow, max-snippet:-1, max-image-preview:large, max-video-preview:-1\" \/>\n<link rel=\"canonical\" href=\"https:\/\/alibabette-editions.com\/en\/boutique\/les-sketchbooks\/pocket-artbook\/monet-pont\/\" \/>\n<meta property=\"og:locale\" content=\"en_GB\" \/>\n<meta property=\"og:type\" content=\"article\" \/>\n<meta property=\"og:title\" content=\"Monet - Pont - Alibabette Editions\" \/>\n<meta property=\"og:description\" content=\"Ce pont qui enjambe l\u2019\u00e9tang aux nymph\u00e9as de Giverny date de 1899. Claude Monet (1840-1926) a achet\u00e9 la maison de Giverny en 1893 et compos\u00e9 le jardin pour le peindre. Durant l\u2019\u00e9t\u00e9 1899, il r\u00e9alise plusieurs toiles de ce pont sous toutes ses formes et sous toutes les lumi\u00e8res. Le tableau est d\u00e9sormais visible au MET, Metropolitan Museum of Art de New York.  Format 12 x 17 cm Reliure avec couture apparente en fil \u00e9cru Ouverture \u00e0 plat Papier \u00e0 dessin non acide 100 g 144 pages\" \/>\n<meta property=\"og:url\" content=\"https:\/\/alibabette-editions.com\/en\/boutique\/les-sketchbooks\/pocket-artbook\/monet-pont\/\" \/>\n<meta property=\"og:site_name\" content=\"Alibabette Editions\" \/>\n<meta property=\"article:modified_time\" content=\"2025-03-11T18:09:58+00:00\" \/>\n<meta property=\"og:image\" content=\"https:\/\/alibabette-editions.com\/wp-content\/uploads\/ab2b009-r.jpg\" \/>\n\t<meta property=\"og:image:width\" content=\"1500\" \/>\n\t<meta property=\"og:image:height\" content=\"1500\" \/>\n\t<meta property=\"og:image:type\" content=\"image\/jpeg\" \/>\n<meta name=\"twitter:card\" content=\"summary_large_image\" \/>\n<script type=\"application\/ld+json\" class=\"yoast-schema-graph\">{\"@context\":\"https:\/\/schema.org\",\"@graph\":[{\"@type\":\"WebPage\",\"@id\":\"https:\/\/alibabette-editions.com\/boutique\/les-sketchbooks\/pocket-artbook\/monet-pont\/\",\"url\":\"https:\/\/alibabette-editions.com\/boutique\/les-sketchbooks\/pocket-artbook\/monet-pont\/\",\"name\":\"Monet - Pont - Alibabette Editions\",\"isPartOf\":{\"@id\":\"https:\/\/alibabette-editions.com\/#website\"},\"primaryImageOfPage\":{\"@id\":\"https:\/\/alibabette-editions.com\/boutique\/les-sketchbooks\/pocket-artbook\/monet-pont\/#primaryimage\"},\"image\":{\"@id\":\"https:\/\/alibabette-editions.com\/boutique\/les-sketchbooks\/pocket-artbook\/monet-pont\/#primaryimage\"},\"thumbnailUrl\":\"https:\/\/alibabette-editions.com\/wp-content\/uploads\/ab2b009-r.jpg\",\"datePublished\":\"2019-05-31T16:06:30+00:00\",\"dateModified\":\"2025-03-11T18:09:58+00:00\",\"breadcrumb\":{\"@id\":\"https:\/\/alibabette-editions.com\/boutique\/les-sketchbooks\/pocket-artbook\/monet-pont\/#breadcrumb\"},\"inLanguage\":\"en-GB\",\"potentialAction\":[{\"@type\":\"ReadAction\",\"target\":[\"https:\/\/alibabette-editions.com\/boutique\/les-sketchbooks\/pocket-artbook\/monet-pont\/\"]}]},{\"@type\":\"ImageObject\",\"inLanguage\":\"en-GB\",\"@id\":\"https:\/\/alibabette-editions.com\/boutique\/les-sketchbooks\/pocket-artbook\/monet-pont\/#primaryimage\",\"url\":\"https:\/\/alibabette-editions.com\/wp-content\/uploads\/ab2b009-r.jpg\",\"contentUrl\":\"https:\/\/alibabette-editions.com\/wp-content\/uploads\/ab2b009-r.jpg\",\"width\":1500,\"height\":1500},{\"@type\":\"BreadcrumbList\",\"@id\":\"https:\/\/alibabette-editions.com\/boutique\/les-sketchbooks\/pocket-artbook\/monet-pont\/#breadcrumb\",\"itemListElement\":[{\"@type\":\"ListItem\",\"position\":1,\"name\":\"Accueil\",\"item\":\"https:\/\/alibabette-editions.com\/\"},{\"@type\":\"ListItem\",\"position\":2,\"name\":\"Tout voir\",\"item\":\"https:\/\/alibabette-editions.com\/boutique\/\"},{\"@type\":\"ListItem\",\"position\":3,\"name\":\"Monet &#8211; Pont\"}]},{\"@type\":\"WebSite\",\"@id\":\"https:\/\/alibabette-editions.com\/#website\",\"url\":\"https:\/\/alibabette-editions.com\/\",\"name\":\"Alibabette Editions\",\"description\":\"\",\"potentialAction\":[{\"@type\":\"SearchAction\",\"target\":{\"@type\":\"EntryPoint\",\"urlTemplate\":\"https:\/\/alibabette-editions.com\/?s={search_term_string}\"},\"query-input\":{\"@type\":\"PropertyValueSpecification\",\"valueRequired\":true,\"valueName\":\"search_term_string\"}}],\"inLanguage\":\"en-GB\"}]}<\/script>\n<!-- \/ Yoast SEO plugin. -->","yoast_head_json":{"title":"Monet - Pont - Alibabette Editions","robots":{"index":"index","follow":"follow","max-snippet":"max-snippet:-1","max-image-preview":"max-image-preview:large","max-video-preview":"max-video-preview:-1"},"canonical":"https:\/\/alibabette-editions.com\/en\/boutique\/les-sketchbooks\/pocket-artbook\/monet-pont\/","og_locale":"en_GB","og_type":"article","og_title":"Monet - Pont - Alibabette Editions","og_description":"Ce pont qui enjambe l\u2019\u00e9tang aux nymph\u00e9as de Giverny date de 1899. Claude Monet (1840-1926) a achet\u00e9 la maison de Giverny en 1893 et compos\u00e9 le jardin pour le peindre. Durant l\u2019\u00e9t\u00e9 1899, il r\u00e9alise plusieurs toiles de ce pont sous toutes ses formes et sous toutes les lumi\u00e8res. Le tableau est d\u00e9sormais visible au MET, Metropolitan Museum of Art de New York.  Format 12 x 17 cm Reliure avec couture apparente en fil \u00e9cru Ouverture \u00e0 plat Papier \u00e0 dessin non acide 100 g 144 pages","og_url":"https:\/\/alibabette-editions.com\/en\/boutique\/les-sketchbooks\/pocket-artbook\/monet-pont\/","og_site_name":"Alibabette Editions","article_modified_time":"2025-03-11T18:09:58+00:00","og_image":[{"width":1500,"height":1500,"url":"https:\/\/alibabette-editions.com\/wp-content\/uploads\/ab2b009-r.jpg","type":"image\/jpeg"}],"twitter_card":"summary_large_image","schema":{"@context":"https:\/\/schema.org","@graph":[{"@type":"WebPage","@id":"https:\/\/alibabette-editions.com\/boutique\/les-sketchbooks\/pocket-artbook\/monet-pont\/","url":"https:\/\/alibabette-editions.com\/boutique\/les-sketchbooks\/pocket-artbook\/monet-pont\/","name":"Monet - Pont - Alibabette Editions","isPartOf":{"@id":"https:\/\/alibabette-editions.com\/#website"},"primaryImageOfPage":{"@id":"https:\/\/alibabette-editions.com\/boutique\/les-sketchbooks\/pocket-artbook\/monet-pont\/#primaryimage"},"image":{"@id":"https:\/\/alibabette-editions.com\/boutique\/les-sketchbooks\/pocket-artbook\/monet-pont\/#primaryimage"},"thumbnailUrl":"https:\/\/alibabette-editions.com\/wp-content\/uploads\/ab2b009-r.jpg","datePublished":"2019-05-31T16:06:30+00:00","dateModified":"2025-03-11T18:09:58+00:00","breadcrumb":{"@id":"https:\/\/alibabette-editions.com\/boutique\/les-sketchbooks\/pocket-artbook\/monet-pont\/#breadcrumb"},"inLanguage":"en-GB","potentialAction":[{"@type":"ReadAction","target":["https:\/\/alibabette-editions.com\/boutique\/les-sketchbooks\/pocket-artbook\/monet-pont\/"]}]},{"@type":"ImageObject","inLanguage":"en-GB","@id":"https:\/\/alibabette-editions.com\/boutique\/les-sketchbooks\/pocket-artbook\/monet-pont\/#primaryimage","url":"https:\/\/alibabette-editions.com\/wp-content\/uploads\/ab2b009-r.jpg","contentUrl":"https:\/\/alibabette-editions.com\/wp-content\/uploads\/ab2b009-r.jpg","width":1500,"height":1500},{"@type":"BreadcrumbList","@id":"https:\/\/alibabette-editions.com\/boutique\/les-sketchbooks\/pocket-artbook\/monet-pont\/#breadcrumb","itemListElement":[{"@type":"ListItem","position":1,"name":"Accueil","item":"https:\/\/alibabette-editions.com\/"},{"@type":"ListItem","position":2,"name":"Tout voir","item":"https:\/\/alibabette-editions.com\/boutique\/"},{"@type":"ListItem","position":3,"name":"Monet &#8211; Pont"}]},{"@type":"WebSite","@id":"https:\/\/alibabette-editions.com\/#website","url":"https:\/\/alibabette-editions.com\/","name":"Alibabette Editions","description":"","potentialAction":[{"@type":"SearchAction","target":{"@type":"EntryPoint","urlTemplate":"https:\/\/alibabette-editions.com\/?s={search_term_string}"},"query-input":{"@type":"PropertyValueSpecification","valueRequired":true,"valueName":"search_term_string"}}],"inLanguage":"en-GB"}]}},"_links":{"self":[{"href":"https:\/\/alibabette-editions.com\/en\/wp-json\/wp\/v2\/product\/16709","targetHints":{"allow":["GET"]}}],"collection":[{"href":"https:\/\/alibabette-editions.com\/en\/wp-json\/wp\/v2\/product"}],"about":[{"href":"https:\/\/alibabette-editions.com\/en\/wp-json\/wp\/v2\/types\/product"}],"wp:featuredmedia":[{"embeddable":true,"href":"https:\/\/alibabette-editions.com\/en\/wp-json\/wp\/v2\/media\/16713"}],"wp:attachment":[{"href":"https:\/\/alibabette-editions.com\/en\/wp-json\/wp\/v2\/media?parent=16709"}],"wp:term":[{"taxonomy":"product_brand","embeddable":true,"href":"https:\/\/alibabette-editions.com\/en\/wp-json\/wp\/v2\/product_brand?post=16709"},{"taxonomy":"product_cat","embeddable":true,"href":"https:\/\/alibabette-editions.com\/en\/wp-json\/wp\/v2\/product_cat?post=16709"},{"taxonomy":"product_tag","embeddable":true,"href":"https:\/\/alibabette-editions.com\/en\/wp-json\/wp\/v2\/product_tag?post=16709"}],"curies":[{"name":"wp","href":"https:\/\/api.w.org\/{rel}","templated":true}]}}