{"id":16684,"date":"2019-05-31T17:27:47","date_gmt":"2019-05-31T15:27:47","guid":{"rendered":"https:\/\/alibabette-editions.com\/boutique\/les-sketchbooks\/pocket-artbook\/picasso-baigneuses\/"},"modified":"2023-08-05T06:52:47","modified_gmt":"2023-08-05T04:52:47","slug":"picasso-baigneuses","status":"publish","type":"product","link":"https:\/\/alibabette-editions.com\/en\/boutique\/les-sketchbooks\/pocket-artbook\/picasso-baigneuses\/","title":{"rendered":"Picasso &#8211; Baigneuses"},"content":{"rendered":"","protected":false},"excerpt":{"rendered":"<p><em>Les Baigneuses<\/em>, peintes par Pablo Picasso (1881-1973) durant l\u2019\u00e9t\u00e9 1918, lors d\u2019un s\u00e9jour \u00e0 Biarritz, font partie des collections du mus\u00e9e Picasso de Paris. Picasso vient d\u2019\u00e9pouser la danseuse des Ballets russes Olga Khokhlova. Et c\u2019est comme si ces baigneuses \u00e9taient habit\u00e9es par une danse int\u00e9rieure\u2026<br \/>\n\u00a9 Succession Picasso<\/p>\n<p>Format 12 x 17 cm<br \/>\nReliure avec couture apparente en fil \u00e9cru<br \/>\nOuverture \u00e0 plat<br \/>\nPapier \u00e0 dessin non acide 100 g<br \/>\n144 pages<\/p>","protected":false},"featured_media":16681,"template":"","meta":[],"product_brand":[],"product_cat":[610],"product_tag":[421,333,332,598,325,335,525],"class_list":{"0":"post-16684","1":"product","2":"type-product","3":"status-publish","4":"has-post-thumbnail","6":"product_cat-pocket-artbook","7":"product_tag-balade-au-musee","8":"product_tag-carnet-de-croquis","9":"product_tag-couture-apparente","10":"product_tag-mer","11":"product_tag-papier-a-dessin","12":"product_tag-sketchbook","13":"product_tag-summertime","15":"first","16":"instock","17":"taxable","18":"shipping-taxable","19":"purchasable","20":"product-type-simple"},"yoast_head":"<!-- This site is optimized with the Yoast SEO plugin v26.8 - https:\/\/yoast.com\/product\/yoast-seo-wordpress\/ -->\n<title>Picasso - Baigneuses - Alibabette Editions<\/title>\n<meta name=\"robots\" content=\"index, follow, max-snippet:-1, max-image-preview:large, max-video-preview:-1\" \/>\n<link rel=\"canonical\" href=\"https:\/\/alibabette-editions.com\/en\/boutique\/les-sketchbooks\/pocket-artbook\/picasso-baigneuses\/\" \/>\n<meta property=\"og:locale\" content=\"en_GB\" \/>\n<meta property=\"og:type\" content=\"article\" \/>\n<meta property=\"og:title\" content=\"Picasso - Baigneuses - Alibabette Editions\" \/>\n<meta property=\"og:description\" content=\"Les Baigneuses, peintes par Pablo Picasso (1881-1973) durant l\u2019\u00e9t\u00e9 1918, lors d\u2019un s\u00e9jour \u00e0 Biarritz, font partie des collections du mus\u00e9e Picasso de Paris. Picasso vient d\u2019\u00e9pouser la danseuse des Ballets russes Olga Khokhlova. Et c\u2019est comme si ces baigneuses \u00e9taient habit\u00e9es par une danse int\u00e9rieure\u2026 \u00a9 Succession Picasso  Format 12 x 17 cm Reliure avec couture apparente en fil \u00e9cru Ouverture \u00e0 plat Papier \u00e0 dessin non acide 100 g 144 pages\" \/>\n<meta property=\"og:url\" content=\"https:\/\/alibabette-editions.com\/en\/boutique\/les-sketchbooks\/pocket-artbook\/picasso-baigneuses\/\" \/>\n<meta property=\"og:site_name\" content=\"Alibabette Editions\" \/>\n<meta property=\"article:modified_time\" content=\"2023-08-05T04:52:47+00:00\" \/>\n<meta property=\"og:image\" content=\"https:\/\/alibabette-editions.com\/wp-content\/uploads\/ab2b007-r.jpg\" \/>\n\t<meta property=\"og:image:width\" content=\"1500\" \/>\n\t<meta property=\"og:image:height\" content=\"1500\" \/>\n\t<meta property=\"og:image:type\" content=\"image\/jpeg\" \/>\n<meta name=\"twitter:card\" content=\"summary_large_image\" \/>\n<script type=\"application\/ld+json\" class=\"yoast-schema-graph\">{\"@context\":\"https:\/\/schema.org\",\"@graph\":[{\"@type\":\"WebPage\",\"@id\":\"https:\/\/alibabette-editions.com\/boutique\/les-sketchbooks\/pocket-artbook\/picasso-baigneuses\/\",\"url\":\"https:\/\/alibabette-editions.com\/boutique\/les-sketchbooks\/pocket-artbook\/picasso-baigneuses\/\",\"name\":\"Picasso - Baigneuses - Alibabette Editions\",\"isPartOf\":{\"@id\":\"https:\/\/alibabette-editions.com\/#website\"},\"primaryImageOfPage\":{\"@id\":\"https:\/\/alibabette-editions.com\/boutique\/les-sketchbooks\/pocket-artbook\/picasso-baigneuses\/#primaryimage\"},\"image\":{\"@id\":\"https:\/\/alibabette-editions.com\/boutique\/les-sketchbooks\/pocket-artbook\/picasso-baigneuses\/#primaryimage\"},\"thumbnailUrl\":\"https:\/\/alibabette-editions.com\/wp-content\/uploads\/ab2b007-r.jpg\",\"datePublished\":\"2019-05-31T15:27:47+00:00\",\"dateModified\":\"2023-08-05T04:52:47+00:00\",\"breadcrumb\":{\"@id\":\"https:\/\/alibabette-editions.com\/boutique\/les-sketchbooks\/pocket-artbook\/picasso-baigneuses\/#breadcrumb\"},\"inLanguage\":\"en-GB\",\"potentialAction\":[{\"@type\":\"ReadAction\",\"target\":[\"https:\/\/alibabette-editions.com\/boutique\/les-sketchbooks\/pocket-artbook\/picasso-baigneuses\/\"]}]},{\"@type\":\"ImageObject\",\"inLanguage\":\"en-GB\",\"@id\":\"https:\/\/alibabette-editions.com\/boutique\/les-sketchbooks\/pocket-artbook\/picasso-baigneuses\/#primaryimage\",\"url\":\"https:\/\/alibabette-editions.com\/wp-content\/uploads\/ab2b007-r.jpg\",\"contentUrl\":\"https:\/\/alibabette-editions.com\/wp-content\/uploads\/ab2b007-r.jpg\",\"width\":1500,\"height\":1500},{\"@type\":\"BreadcrumbList\",\"@id\":\"https:\/\/alibabette-editions.com\/boutique\/les-sketchbooks\/pocket-artbook\/picasso-baigneuses\/#breadcrumb\",\"itemListElement\":[{\"@type\":\"ListItem\",\"position\":1,\"name\":\"Accueil\",\"item\":\"https:\/\/alibabette-editions.com\/\"},{\"@type\":\"ListItem\",\"position\":2,\"name\":\"Tout voir\",\"item\":\"https:\/\/alibabette-editions.com\/boutique\/\"},{\"@type\":\"ListItem\",\"position\":3,\"name\":\"Picasso &#8211; Baigneuses\"}]},{\"@type\":\"WebSite\",\"@id\":\"https:\/\/alibabette-editions.com\/#website\",\"url\":\"https:\/\/alibabette-editions.com\/\",\"name\":\"Alibabette Editions\",\"description\":\"\",\"potentialAction\":[{\"@type\":\"SearchAction\",\"target\":{\"@type\":\"EntryPoint\",\"urlTemplate\":\"https:\/\/alibabette-editions.com\/?s={search_term_string}\"},\"query-input\":{\"@type\":\"PropertyValueSpecification\",\"valueRequired\":true,\"valueName\":\"search_term_string\"}}],\"inLanguage\":\"en-GB\"}]}<\/script>\n<!-- \/ Yoast SEO plugin. -->","yoast_head_json":{"title":"Picasso - Baigneuses - Alibabette Editions","robots":{"index":"index","follow":"follow","max-snippet":"max-snippet:-1","max-image-preview":"max-image-preview:large","max-video-preview":"max-video-preview:-1"},"canonical":"https:\/\/alibabette-editions.com\/en\/boutique\/les-sketchbooks\/pocket-artbook\/picasso-baigneuses\/","og_locale":"en_GB","og_type":"article","og_title":"Picasso - Baigneuses - Alibabette Editions","og_description":"Les Baigneuses, peintes par Pablo Picasso (1881-1973) durant l\u2019\u00e9t\u00e9 1918, lors d\u2019un s\u00e9jour \u00e0 Biarritz, font partie des collections du mus\u00e9e Picasso de Paris. Picasso vient d\u2019\u00e9pouser la danseuse des Ballets russes Olga Khokhlova. Et c\u2019est comme si ces baigneuses \u00e9taient habit\u00e9es par une danse int\u00e9rieure\u2026 \u00a9 Succession Picasso  Format 12 x 17 cm Reliure avec couture apparente en fil \u00e9cru Ouverture \u00e0 plat Papier \u00e0 dessin non acide 100 g 144 pages","og_url":"https:\/\/alibabette-editions.com\/en\/boutique\/les-sketchbooks\/pocket-artbook\/picasso-baigneuses\/","og_site_name":"Alibabette Editions","article_modified_time":"2023-08-05T04:52:47+00:00","og_image":[{"width":1500,"height":1500,"url":"https:\/\/alibabette-editions.com\/wp-content\/uploads\/ab2b007-r.jpg","type":"image\/jpeg"}],"twitter_card":"summary_large_image","schema":{"@context":"https:\/\/schema.org","@graph":[{"@type":"WebPage","@id":"https:\/\/alibabette-editions.com\/boutique\/les-sketchbooks\/pocket-artbook\/picasso-baigneuses\/","url":"https:\/\/alibabette-editions.com\/boutique\/les-sketchbooks\/pocket-artbook\/picasso-baigneuses\/","name":"Picasso - Baigneuses - Alibabette Editions","isPartOf":{"@id":"https:\/\/alibabette-editions.com\/#website"},"primaryImageOfPage":{"@id":"https:\/\/alibabette-editions.com\/boutique\/les-sketchbooks\/pocket-artbook\/picasso-baigneuses\/#primaryimage"},"image":{"@id":"https:\/\/alibabette-editions.com\/boutique\/les-sketchbooks\/pocket-artbook\/picasso-baigneuses\/#primaryimage"},"thumbnailUrl":"https:\/\/alibabette-editions.com\/wp-content\/uploads\/ab2b007-r.jpg","datePublished":"2019-05-31T15:27:47+00:00","dateModified":"2023-08-05T04:52:47+00:00","breadcrumb":{"@id":"https:\/\/alibabette-editions.com\/boutique\/les-sketchbooks\/pocket-artbook\/picasso-baigneuses\/#breadcrumb"},"inLanguage":"en-GB","potentialAction":[{"@type":"ReadAction","target":["https:\/\/alibabette-editions.com\/boutique\/les-sketchbooks\/pocket-artbook\/picasso-baigneuses\/"]}]},{"@type":"ImageObject","inLanguage":"en-GB","@id":"https:\/\/alibabette-editions.com\/boutique\/les-sketchbooks\/pocket-artbook\/picasso-baigneuses\/#primaryimage","url":"https:\/\/alibabette-editions.com\/wp-content\/uploads\/ab2b007-r.jpg","contentUrl":"https:\/\/alibabette-editions.com\/wp-content\/uploads\/ab2b007-r.jpg","width":1500,"height":1500},{"@type":"BreadcrumbList","@id":"https:\/\/alibabette-editions.com\/boutique\/les-sketchbooks\/pocket-artbook\/picasso-baigneuses\/#breadcrumb","itemListElement":[{"@type":"ListItem","position":1,"name":"Accueil","item":"https:\/\/alibabette-editions.com\/"},{"@type":"ListItem","position":2,"name":"Tout voir","item":"https:\/\/alibabette-editions.com\/boutique\/"},{"@type":"ListItem","position":3,"name":"Picasso &#8211; Baigneuses"}]},{"@type":"WebSite","@id":"https:\/\/alibabette-editions.com\/#website","url":"https:\/\/alibabette-editions.com\/","name":"Alibabette Editions","description":"","potentialAction":[{"@type":"SearchAction","target":{"@type":"EntryPoint","urlTemplate":"https:\/\/alibabette-editions.com\/?s={search_term_string}"},"query-input":{"@type":"PropertyValueSpecification","valueRequired":true,"valueName":"search_term_string"}}],"inLanguage":"en-GB"}]}},"_links":{"self":[{"href":"https:\/\/alibabette-editions.com\/en\/wp-json\/wp\/v2\/product\/16684","targetHints":{"allow":["GET"]}}],"collection":[{"href":"https:\/\/alibabette-editions.com\/en\/wp-json\/wp\/v2\/product"}],"about":[{"href":"https:\/\/alibabette-editions.com\/en\/wp-json\/wp\/v2\/types\/product"}],"wp:featuredmedia":[{"embeddable":true,"href":"https:\/\/alibabette-editions.com\/en\/wp-json\/wp\/v2\/media\/16681"}],"wp:attachment":[{"href":"https:\/\/alibabette-editions.com\/en\/wp-json\/wp\/v2\/media?parent=16684"}],"wp:term":[{"taxonomy":"product_brand","embeddable":true,"href":"https:\/\/alibabette-editions.com\/en\/wp-json\/wp\/v2\/product_brand?post=16684"},{"taxonomy":"product_cat","embeddable":true,"href":"https:\/\/alibabette-editions.com\/en\/wp-json\/wp\/v2\/product_cat?post=16684"},{"taxonomy":"product_tag","embeddable":true,"href":"https:\/\/alibabette-editions.com\/en\/wp-json\/wp\/v2\/product_tag?post=16684"}],"curies":[{"name":"wp","href":"https:\/\/api.w.org\/{rel}","templated":true}]}}