{"id":16529,"date":"2019-03-05T19:30:05","date_gmt":"2019-03-05T18:30:05","guid":{"rendered":"https:\/\/alibabette-editions.com\/boutique\/la-petite-deco\/les-vide-poches\/cap-ferrat\/"},"modified":"2023-08-05T06:52:46","modified_gmt":"2023-08-05T04:52:46","slug":"cap-ferrat","status":"publish","type":"product","link":"https:\/\/alibabette-editions.com\/en\/boutique\/la-petite-deco\/les-vide-poches\/cap-ferrat\/","title":{"rendered":"Cap Ferrat"},"content":{"rendered":"","protected":false},"excerpt":{"rendered":"<p>En dessinant cette \u00e9toile double \u00e0 huit branches, j\u2019ai pens\u00e9 \u00e0 Jean Cocteau. Un soleil de Cocteau\u00a0! Alors, ce nom de Cap Ferrat m\u2019est venu, en souvenir de la villa Santo Sospir, \u00e0 la pointe de Saint-Jean-Cap-Ferrat, que Cocteau a enti\u00e8rement d\u00e9cor\u00e9e de fresques. J\u2019aimerais tant la visiter, mais elle actuellement est en restauration.<\/p>\n<p>&nbsp;<\/p>\n<p>Format\u00a0: 18 x 18 cm (15 x 15 cm \u00e0 l\u2019int\u00e9rieur), hauteur 3,2 cm<br \/>\nCarton recouvert de papier grain\u00e9 mat<\/p>","protected":false},"featured_media":16522,"template":"","meta":[],"product_brand":[],"product_cat":[605],"product_tag":[421,609,427],"class_list":{"0":"post-16529","1":"product","2":"type-product","3":"status-publish","4":"has-post-thumbnail","6":"product_cat-les-vide-poches","7":"product_tag-balade-au-musee","8":"product_tag-etoile","9":"product_tag-motif-geometrique","11":"first","12":"instock","13":"taxable","14":"shipping-taxable","15":"purchasable","16":"product-type-simple"},"yoast_head":"<!-- This site is optimized with the Yoast SEO plugin v26.8 - https:\/\/yoast.com\/product\/yoast-seo-wordpress\/ -->\n<title>Cap Ferrat - Alibabette Editions<\/title>\n<meta name=\"robots\" content=\"index, follow, max-snippet:-1, max-image-preview:large, max-video-preview:-1\" \/>\n<link rel=\"canonical\" href=\"https:\/\/alibabette-editions.com\/en\/boutique\/la-petite-deco\/les-vide-poches\/cap-ferrat\/\" \/>\n<meta property=\"og:locale\" content=\"en_GB\" \/>\n<meta property=\"og:type\" content=\"article\" \/>\n<meta property=\"og:title\" content=\"Cap Ferrat - Alibabette Editions\" \/>\n<meta property=\"og:description\" content=\"En dessinant cette \u00e9toile double \u00e0 huit branches, j\u2019ai pens\u00e9 \u00e0 Jean Cocteau. Un soleil de Cocteau\u00a0! Alors, ce nom de Cap Ferrat m\u2019est venu, en souvenir de la villa Santo Sospir, \u00e0 la pointe de Saint-Jean-Cap-Ferrat, que Cocteau a enti\u00e8rement d\u00e9cor\u00e9e de fresques. J\u2019aimerais tant la visiter, mais elle actuellement est en restauration.  &nbsp;  Format\u00a0: 18 x 18 cm (15 x 15 cm \u00e0 l\u2019int\u00e9rieur), hauteur 3,2 cm Carton recouvert de papier grain\u00e9 mat\" \/>\n<meta property=\"og:url\" content=\"https:\/\/alibabette-editions.com\/en\/boutique\/la-petite-deco\/les-vide-poches\/cap-ferrat\/\" \/>\n<meta property=\"og:site_name\" content=\"Alibabette Editions\" \/>\n<meta property=\"article:modified_time\" content=\"2023-08-05T04:52:46+00:00\" \/>\n<meta property=\"og:image\" content=\"https:\/\/alibabette-editions.com\/wp-content\/uploads\/vp004.jpg\" \/>\n\t<meta property=\"og:image:width\" content=\"1500\" \/>\n\t<meta property=\"og:image:height\" content=\"1500\" \/>\n\t<meta property=\"og:image:type\" content=\"image\/jpeg\" \/>\n<meta name=\"twitter:card\" content=\"summary_large_image\" \/>\n<script type=\"application\/ld+json\" class=\"yoast-schema-graph\">{\"@context\":\"https:\/\/schema.org\",\"@graph\":[{\"@type\":\"WebPage\",\"@id\":\"https:\/\/alibabette-editions.com\/boutique\/la-petite-deco\/les-vide-poches\/cap-ferrat\/\",\"url\":\"https:\/\/alibabette-editions.com\/boutique\/la-petite-deco\/les-vide-poches\/cap-ferrat\/\",\"name\":\"Cap Ferrat - Alibabette Editions\",\"isPartOf\":{\"@id\":\"https:\/\/alibabette-editions.com\/#website\"},\"primaryImageOfPage\":{\"@id\":\"https:\/\/alibabette-editions.com\/boutique\/la-petite-deco\/les-vide-poches\/cap-ferrat\/#primaryimage\"},\"image\":{\"@id\":\"https:\/\/alibabette-editions.com\/boutique\/la-petite-deco\/les-vide-poches\/cap-ferrat\/#primaryimage\"},\"thumbnailUrl\":\"https:\/\/alibabette-editions.com\/wp-content\/uploads\/vp004.jpg\",\"datePublished\":\"2019-03-05T18:30:05+00:00\",\"dateModified\":\"2023-08-05T04:52:46+00:00\",\"breadcrumb\":{\"@id\":\"https:\/\/alibabette-editions.com\/boutique\/la-petite-deco\/les-vide-poches\/cap-ferrat\/#breadcrumb\"},\"inLanguage\":\"en-GB\",\"potentialAction\":[{\"@type\":\"ReadAction\",\"target\":[\"https:\/\/alibabette-editions.com\/boutique\/la-petite-deco\/les-vide-poches\/cap-ferrat\/\"]}]},{\"@type\":\"ImageObject\",\"inLanguage\":\"en-GB\",\"@id\":\"https:\/\/alibabette-editions.com\/boutique\/la-petite-deco\/les-vide-poches\/cap-ferrat\/#primaryimage\",\"url\":\"https:\/\/alibabette-editions.com\/wp-content\/uploads\/vp004.jpg\",\"contentUrl\":\"https:\/\/alibabette-editions.com\/wp-content\/uploads\/vp004.jpg\",\"width\":1500,\"height\":1500},{\"@type\":\"BreadcrumbList\",\"@id\":\"https:\/\/alibabette-editions.com\/boutique\/la-petite-deco\/les-vide-poches\/cap-ferrat\/#breadcrumb\",\"itemListElement\":[{\"@type\":\"ListItem\",\"position\":1,\"name\":\"Accueil\",\"item\":\"https:\/\/alibabette-editions.com\/\"},{\"@type\":\"ListItem\",\"position\":2,\"name\":\"Tout voir\",\"item\":\"https:\/\/alibabette-editions.com\/boutique\/\"},{\"@type\":\"ListItem\",\"position\":3,\"name\":\"Cap Ferrat\"}]},{\"@type\":\"WebSite\",\"@id\":\"https:\/\/alibabette-editions.com\/#website\",\"url\":\"https:\/\/alibabette-editions.com\/\",\"name\":\"Alibabette Editions\",\"description\":\"\",\"potentialAction\":[{\"@type\":\"SearchAction\",\"target\":{\"@type\":\"EntryPoint\",\"urlTemplate\":\"https:\/\/alibabette-editions.com\/?s={search_term_string}\"},\"query-input\":{\"@type\":\"PropertyValueSpecification\",\"valueRequired\":true,\"valueName\":\"search_term_string\"}}],\"inLanguage\":\"en-GB\"}]}<\/script>\n<!-- \/ Yoast SEO plugin. -->","yoast_head_json":{"title":"Cap Ferrat - Alibabette Editions","robots":{"index":"index","follow":"follow","max-snippet":"max-snippet:-1","max-image-preview":"max-image-preview:large","max-video-preview":"max-video-preview:-1"},"canonical":"https:\/\/alibabette-editions.com\/en\/boutique\/la-petite-deco\/les-vide-poches\/cap-ferrat\/","og_locale":"en_GB","og_type":"article","og_title":"Cap Ferrat - Alibabette Editions","og_description":"En dessinant cette \u00e9toile double \u00e0 huit branches, j\u2019ai pens\u00e9 \u00e0 Jean Cocteau. Un soleil de Cocteau\u00a0! Alors, ce nom de Cap Ferrat m\u2019est venu, en souvenir de la villa Santo Sospir, \u00e0 la pointe de Saint-Jean-Cap-Ferrat, que Cocteau a enti\u00e8rement d\u00e9cor\u00e9e de fresques. J\u2019aimerais tant la visiter, mais elle actuellement est en restauration.  &nbsp;  Format\u00a0: 18 x 18 cm (15 x 15 cm \u00e0 l\u2019int\u00e9rieur), hauteur 3,2 cm Carton recouvert de papier grain\u00e9 mat","og_url":"https:\/\/alibabette-editions.com\/en\/boutique\/la-petite-deco\/les-vide-poches\/cap-ferrat\/","og_site_name":"Alibabette Editions","article_modified_time":"2023-08-05T04:52:46+00:00","og_image":[{"width":1500,"height":1500,"url":"https:\/\/alibabette-editions.com\/wp-content\/uploads\/vp004.jpg","type":"image\/jpeg"}],"twitter_card":"summary_large_image","schema":{"@context":"https:\/\/schema.org","@graph":[{"@type":"WebPage","@id":"https:\/\/alibabette-editions.com\/boutique\/la-petite-deco\/les-vide-poches\/cap-ferrat\/","url":"https:\/\/alibabette-editions.com\/boutique\/la-petite-deco\/les-vide-poches\/cap-ferrat\/","name":"Cap Ferrat - Alibabette Editions","isPartOf":{"@id":"https:\/\/alibabette-editions.com\/#website"},"primaryImageOfPage":{"@id":"https:\/\/alibabette-editions.com\/boutique\/la-petite-deco\/les-vide-poches\/cap-ferrat\/#primaryimage"},"image":{"@id":"https:\/\/alibabette-editions.com\/boutique\/la-petite-deco\/les-vide-poches\/cap-ferrat\/#primaryimage"},"thumbnailUrl":"https:\/\/alibabette-editions.com\/wp-content\/uploads\/vp004.jpg","datePublished":"2019-03-05T18:30:05+00:00","dateModified":"2023-08-05T04:52:46+00:00","breadcrumb":{"@id":"https:\/\/alibabette-editions.com\/boutique\/la-petite-deco\/les-vide-poches\/cap-ferrat\/#breadcrumb"},"inLanguage":"en-GB","potentialAction":[{"@type":"ReadAction","target":["https:\/\/alibabette-editions.com\/boutique\/la-petite-deco\/les-vide-poches\/cap-ferrat\/"]}]},{"@type":"ImageObject","inLanguage":"en-GB","@id":"https:\/\/alibabette-editions.com\/boutique\/la-petite-deco\/les-vide-poches\/cap-ferrat\/#primaryimage","url":"https:\/\/alibabette-editions.com\/wp-content\/uploads\/vp004.jpg","contentUrl":"https:\/\/alibabette-editions.com\/wp-content\/uploads\/vp004.jpg","width":1500,"height":1500},{"@type":"BreadcrumbList","@id":"https:\/\/alibabette-editions.com\/boutique\/la-petite-deco\/les-vide-poches\/cap-ferrat\/#breadcrumb","itemListElement":[{"@type":"ListItem","position":1,"name":"Accueil","item":"https:\/\/alibabette-editions.com\/"},{"@type":"ListItem","position":2,"name":"Tout voir","item":"https:\/\/alibabette-editions.com\/boutique\/"},{"@type":"ListItem","position":3,"name":"Cap Ferrat"}]},{"@type":"WebSite","@id":"https:\/\/alibabette-editions.com\/#website","url":"https:\/\/alibabette-editions.com\/","name":"Alibabette Editions","description":"","potentialAction":[{"@type":"SearchAction","target":{"@type":"EntryPoint","urlTemplate":"https:\/\/alibabette-editions.com\/?s={search_term_string}"},"query-input":{"@type":"PropertyValueSpecification","valueRequired":true,"valueName":"search_term_string"}}],"inLanguage":"en-GB"}]}},"_links":{"self":[{"href":"https:\/\/alibabette-editions.com\/en\/wp-json\/wp\/v2\/product\/16529","targetHints":{"allow":["GET"]}}],"collection":[{"href":"https:\/\/alibabette-editions.com\/en\/wp-json\/wp\/v2\/product"}],"about":[{"href":"https:\/\/alibabette-editions.com\/en\/wp-json\/wp\/v2\/types\/product"}],"wp:featuredmedia":[{"embeddable":true,"href":"https:\/\/alibabette-editions.com\/en\/wp-json\/wp\/v2\/media\/16522"}],"wp:attachment":[{"href":"https:\/\/alibabette-editions.com\/en\/wp-json\/wp\/v2\/media?parent=16529"}],"wp:term":[{"taxonomy":"product_brand","embeddable":true,"href":"https:\/\/alibabette-editions.com\/en\/wp-json\/wp\/v2\/product_brand?post=16529"},{"taxonomy":"product_cat","embeddable":true,"href":"https:\/\/alibabette-editions.com\/en\/wp-json\/wp\/v2\/product_cat?post=16529"},{"taxonomy":"product_tag","embeddable":true,"href":"https:\/\/alibabette-editions.com\/en\/wp-json\/wp\/v2\/product_tag?post=16529"}],"curies":[{"name":"wp","href":"https:\/\/api.w.org\/{rel}","templated":true}]}}