{"id":16477,"date":"2019-03-01T09:00:03","date_gmt":"2019-03-01T08:00:03","guid":{"rendered":"https:\/\/alibabette-editions.com\/boutique\/la-petite-deco\/les-dessous-de-verre\/gabrielle\/"},"modified":"2023-08-05T06:52:36","modified_gmt":"2023-08-05T04:52:36","slug":"gabrielle","status":"publish","type":"product","link":"https:\/\/alibabette-editions.com\/en\/boutique\/la-petite-deco\/les-dessous-de-verre\/gabrielle\/","title":{"rendered":"Gabrielle"},"content":{"rendered":"","protected":false},"excerpt":{"rendered":"<p>Pour cet assemblage de papiers et de motifs Art d\u00e9co, le pr\u00e9nom d\u2019une grande dame de la couture qui l\u2019a si magnifiquement port\u00e9 dans les ann\u00e9es 1930.<\/p>\n<p>&nbsp;<\/p>\n<p>4 dessous-de-verre pr\u00e9sent\u00e9s dans un coffret noir (22 x 22 cm)<br \/>\nChaque dessous-de-verre mesure 10 x 10 cm<br \/>\nComposition\u00a0: mdf, li\u00e8ge, papier<br \/>\nVernis mat<\/p>","protected":false},"featured_media":16478,"template":"","meta":[],"product_brand":[],"product_cat":[604],"product_tag":[287,418],"class_list":{"0":"post-16477","1":"product","2":"type-product","3":"status-publish","4":"has-post-thumbnail","6":"product_cat-les-dessous-de-verre","7":"product_tag-art-deco","8":"product_tag-fou-de-couleurs","10":"first","11":"instock","12":"taxable","13":"shipping-taxable","14":"purchasable","15":"product-type-simple"},"yoast_head":"<!-- This site is optimized with the Yoast SEO plugin v26.8 - https:\/\/yoast.com\/product\/yoast-seo-wordpress\/ -->\n<title>Gabrielle - Alibabette Editions<\/title>\n<meta name=\"robots\" content=\"index, follow, max-snippet:-1, max-image-preview:large, max-video-preview:-1\" \/>\n<link rel=\"canonical\" href=\"https:\/\/alibabette-editions.com\/en\/boutique\/la-petite-deco\/les-dessous-de-verre\/gabrielle\/\" \/>\n<meta property=\"og:locale\" content=\"en_GB\" \/>\n<meta property=\"og:type\" content=\"article\" \/>\n<meta property=\"og:title\" content=\"Gabrielle - Alibabette Editions\" \/>\n<meta property=\"og:description\" content=\"Pour cet assemblage de papiers et de motifs Art d\u00e9co, le pr\u00e9nom d\u2019une grande dame de la couture qui l\u2019a si magnifiquement port\u00e9 dans les ann\u00e9es 1930.  &nbsp;  4 dessous-de-verre pr\u00e9sent\u00e9s dans un coffret noir (22 x 22 cm) Chaque dessous-de-verre mesure 10 x 10 cm Composition\u00a0: mdf, li\u00e8ge, papier Vernis mat\" \/>\n<meta property=\"og:url\" content=\"https:\/\/alibabette-editions.com\/en\/boutique\/la-petite-deco\/les-dessous-de-verre\/gabrielle\/\" \/>\n<meta property=\"og:site_name\" content=\"Alibabette Editions\" \/>\n<meta property=\"article:modified_time\" content=\"2023-08-05T04:52:36+00:00\" \/>\n<meta property=\"og:image\" content=\"https:\/\/alibabette-editions.com\/wp-content\/uploads\/dv001.jpg\" \/>\n\t<meta property=\"og:image:width\" content=\"1500\" \/>\n\t<meta property=\"og:image:height\" content=\"1500\" \/>\n\t<meta property=\"og:image:type\" content=\"image\/jpeg\" \/>\n<meta name=\"twitter:card\" content=\"summary_large_image\" \/>\n<script type=\"application\/ld+json\" class=\"yoast-schema-graph\">{\"@context\":\"https:\/\/schema.org\",\"@graph\":[{\"@type\":\"WebPage\",\"@id\":\"https:\/\/alibabette-editions.com\/boutique\/la-petite-deco\/les-dessous-de-verre\/gabrielle\/\",\"url\":\"https:\/\/alibabette-editions.com\/boutique\/la-petite-deco\/les-dessous-de-verre\/gabrielle\/\",\"name\":\"Gabrielle - Alibabette Editions\",\"isPartOf\":{\"@id\":\"https:\/\/alibabette-editions.com\/#website\"},\"primaryImageOfPage\":{\"@id\":\"https:\/\/alibabette-editions.com\/boutique\/la-petite-deco\/les-dessous-de-verre\/gabrielle\/#primaryimage\"},\"image\":{\"@id\":\"https:\/\/alibabette-editions.com\/boutique\/la-petite-deco\/les-dessous-de-verre\/gabrielle\/#primaryimage\"},\"thumbnailUrl\":\"https:\/\/alibabette-editions.com\/wp-content\/uploads\/dv001.jpg\",\"datePublished\":\"2019-03-01T08:00:03+00:00\",\"dateModified\":\"2023-08-05T04:52:36+00:00\",\"breadcrumb\":{\"@id\":\"https:\/\/alibabette-editions.com\/boutique\/la-petite-deco\/les-dessous-de-verre\/gabrielle\/#breadcrumb\"},\"inLanguage\":\"en-GB\",\"potentialAction\":[{\"@type\":\"ReadAction\",\"target\":[\"https:\/\/alibabette-editions.com\/boutique\/la-petite-deco\/les-dessous-de-verre\/gabrielle\/\"]}]},{\"@type\":\"ImageObject\",\"inLanguage\":\"en-GB\",\"@id\":\"https:\/\/alibabette-editions.com\/boutique\/la-petite-deco\/les-dessous-de-verre\/gabrielle\/#primaryimage\",\"url\":\"https:\/\/alibabette-editions.com\/wp-content\/uploads\/dv001.jpg\",\"contentUrl\":\"https:\/\/alibabette-editions.com\/wp-content\/uploads\/dv001.jpg\",\"width\":1500,\"height\":1500},{\"@type\":\"BreadcrumbList\",\"@id\":\"https:\/\/alibabette-editions.com\/boutique\/la-petite-deco\/les-dessous-de-verre\/gabrielle\/#breadcrumb\",\"itemListElement\":[{\"@type\":\"ListItem\",\"position\":1,\"name\":\"Accueil\",\"item\":\"https:\/\/alibabette-editions.com\/\"},{\"@type\":\"ListItem\",\"position\":2,\"name\":\"Tout voir\",\"item\":\"https:\/\/alibabette-editions.com\/boutique\/\"},{\"@type\":\"ListItem\",\"position\":3,\"name\":\"Gabrielle\"}]},{\"@type\":\"WebSite\",\"@id\":\"https:\/\/alibabette-editions.com\/#website\",\"url\":\"https:\/\/alibabette-editions.com\/\",\"name\":\"Alibabette Editions\",\"description\":\"\",\"potentialAction\":[{\"@type\":\"SearchAction\",\"target\":{\"@type\":\"EntryPoint\",\"urlTemplate\":\"https:\/\/alibabette-editions.com\/?s={search_term_string}\"},\"query-input\":{\"@type\":\"PropertyValueSpecification\",\"valueRequired\":true,\"valueName\":\"search_term_string\"}}],\"inLanguage\":\"en-GB\"}]}<\/script>\n<!-- \/ Yoast SEO plugin. -->","yoast_head_json":{"title":"Gabrielle - Alibabette Editions","robots":{"index":"index","follow":"follow","max-snippet":"max-snippet:-1","max-image-preview":"max-image-preview:large","max-video-preview":"max-video-preview:-1"},"canonical":"https:\/\/alibabette-editions.com\/en\/boutique\/la-petite-deco\/les-dessous-de-verre\/gabrielle\/","og_locale":"en_GB","og_type":"article","og_title":"Gabrielle - Alibabette Editions","og_description":"Pour cet assemblage de papiers et de motifs Art d\u00e9co, le pr\u00e9nom d\u2019une grande dame de la couture qui l\u2019a si magnifiquement port\u00e9 dans les ann\u00e9es 1930.  &nbsp;  4 dessous-de-verre pr\u00e9sent\u00e9s dans un coffret noir (22 x 22 cm) Chaque dessous-de-verre mesure 10 x 10 cm Composition\u00a0: mdf, li\u00e8ge, papier Vernis mat","og_url":"https:\/\/alibabette-editions.com\/en\/boutique\/la-petite-deco\/les-dessous-de-verre\/gabrielle\/","og_site_name":"Alibabette Editions","article_modified_time":"2023-08-05T04:52:36+00:00","og_image":[{"width":1500,"height":1500,"url":"https:\/\/alibabette-editions.com\/wp-content\/uploads\/dv001.jpg","type":"image\/jpeg"}],"twitter_card":"summary_large_image","schema":{"@context":"https:\/\/schema.org","@graph":[{"@type":"WebPage","@id":"https:\/\/alibabette-editions.com\/boutique\/la-petite-deco\/les-dessous-de-verre\/gabrielle\/","url":"https:\/\/alibabette-editions.com\/boutique\/la-petite-deco\/les-dessous-de-verre\/gabrielle\/","name":"Gabrielle - Alibabette Editions","isPartOf":{"@id":"https:\/\/alibabette-editions.com\/#website"},"primaryImageOfPage":{"@id":"https:\/\/alibabette-editions.com\/boutique\/la-petite-deco\/les-dessous-de-verre\/gabrielle\/#primaryimage"},"image":{"@id":"https:\/\/alibabette-editions.com\/boutique\/la-petite-deco\/les-dessous-de-verre\/gabrielle\/#primaryimage"},"thumbnailUrl":"https:\/\/alibabette-editions.com\/wp-content\/uploads\/dv001.jpg","datePublished":"2019-03-01T08:00:03+00:00","dateModified":"2023-08-05T04:52:36+00:00","breadcrumb":{"@id":"https:\/\/alibabette-editions.com\/boutique\/la-petite-deco\/les-dessous-de-verre\/gabrielle\/#breadcrumb"},"inLanguage":"en-GB","potentialAction":[{"@type":"ReadAction","target":["https:\/\/alibabette-editions.com\/boutique\/la-petite-deco\/les-dessous-de-verre\/gabrielle\/"]}]},{"@type":"ImageObject","inLanguage":"en-GB","@id":"https:\/\/alibabette-editions.com\/boutique\/la-petite-deco\/les-dessous-de-verre\/gabrielle\/#primaryimage","url":"https:\/\/alibabette-editions.com\/wp-content\/uploads\/dv001.jpg","contentUrl":"https:\/\/alibabette-editions.com\/wp-content\/uploads\/dv001.jpg","width":1500,"height":1500},{"@type":"BreadcrumbList","@id":"https:\/\/alibabette-editions.com\/boutique\/la-petite-deco\/les-dessous-de-verre\/gabrielle\/#breadcrumb","itemListElement":[{"@type":"ListItem","position":1,"name":"Accueil","item":"https:\/\/alibabette-editions.com\/"},{"@type":"ListItem","position":2,"name":"Tout voir","item":"https:\/\/alibabette-editions.com\/boutique\/"},{"@type":"ListItem","position":3,"name":"Gabrielle"}]},{"@type":"WebSite","@id":"https:\/\/alibabette-editions.com\/#website","url":"https:\/\/alibabette-editions.com\/","name":"Alibabette Editions","description":"","potentialAction":[{"@type":"SearchAction","target":{"@type":"EntryPoint","urlTemplate":"https:\/\/alibabette-editions.com\/?s={search_term_string}"},"query-input":{"@type":"PropertyValueSpecification","valueRequired":true,"valueName":"search_term_string"}}],"inLanguage":"en-GB"}]}},"_links":{"self":[{"href":"https:\/\/alibabette-editions.com\/en\/wp-json\/wp\/v2\/product\/16477","targetHints":{"allow":["GET"]}}],"collection":[{"href":"https:\/\/alibabette-editions.com\/en\/wp-json\/wp\/v2\/product"}],"about":[{"href":"https:\/\/alibabette-editions.com\/en\/wp-json\/wp\/v2\/types\/product"}],"wp:featuredmedia":[{"embeddable":true,"href":"https:\/\/alibabette-editions.com\/en\/wp-json\/wp\/v2\/media\/16478"}],"wp:attachment":[{"href":"https:\/\/alibabette-editions.com\/en\/wp-json\/wp\/v2\/media?parent=16477"}],"wp:term":[{"taxonomy":"product_brand","embeddable":true,"href":"https:\/\/alibabette-editions.com\/en\/wp-json\/wp\/v2\/product_brand?post=16477"},{"taxonomy":"product_cat","embeddable":true,"href":"https:\/\/alibabette-editions.com\/en\/wp-json\/wp\/v2\/product_cat?post=16477"},{"taxonomy":"product_tag","embeddable":true,"href":"https:\/\/alibabette-editions.com\/en\/wp-json\/wp\/v2\/product_tag?post=16477"}],"curies":[{"name":"wp","href":"https:\/\/api.w.org\/{rel}","templated":true}]}}