{"id":16409,"date":"2019-01-11T01:05:50","date_gmt":"2019-01-11T00:05:50","guid":{"rendered":"https:\/\/alibabette-editions.com\/boutique\/la-petite-deco\/les-plateaux\/la-nuit\/"},"modified":"2023-08-05T06:52:35","modified_gmt":"2023-08-05T04:52:35","slug":"la-nuit","status":"publish","type":"product","link":"https:\/\/alibabette-editions.com\/en\/boutique\/la-petite-deco\/les-plateaux\/la-nuit\/","title":{"rendered":"La Nuit"},"content":{"rendered":"","protected":false},"excerpt":{"rendered":"<p>Une Lune au doux visage, un sablier, une horloge, la course des plan\u00e8tes et\u2026 les cl\u00e9s des songes. Voil\u00e0 un petit cabinet de curiosit\u00e9s que votre tasse de caf\u00e9 et votre croissant appr\u00e9cieront\u00a0! Allez, on se r\u00e9veille\u00a0! Gravures XIX<sup>e<\/sup> si\u00e8cle.<\/p>\n<p>&nbsp;<\/p>\n<p>&nbsp;<\/p>\n<p>Format de ce plateau : 36 x 20 cm (hauteur 1,5 cm)<br \/>\nForme \u00e9pur\u00e9e, coin arrondis, finition mate<br \/>\nComposition\u00a0: pure m\u00e9lamine<br \/>\nContact alimentaire et lave-vaisselle autoris\u00e9s<\/p>","protected":false},"featured_media":16414,"template":"","meta":[],"product_brand":[],"product_cat":[599],"product_tag":[602,528,312,340],"class_list":{"0":"post-16409","1":"product","2":"type-product","3":"status-publish","4":"has-post-thumbnail","6":"product_cat-les-plateaux","7":"product_tag-astronomie","8":"product_tag-gravure","9":"product_tag-noir-et-blanc","10":"product_tag-rouge","12":"first","13":"instock","14":"taxable","15":"shipping-taxable","16":"purchasable","17":"product-type-simple"},"yoast_head":"<!-- This site is optimized with the Yoast SEO plugin v26.8 - https:\/\/yoast.com\/product\/yoast-seo-wordpress\/ -->\n<title>La Nuit - Alibabette Editions<\/title>\n<meta name=\"robots\" content=\"index, follow, max-snippet:-1, max-image-preview:large, max-video-preview:-1\" \/>\n<link rel=\"canonical\" href=\"https:\/\/alibabette-editions.com\/en\/boutique\/la-petite-deco\/les-plateaux\/la-nuit\/\" \/>\n<meta property=\"og:locale\" content=\"en_GB\" \/>\n<meta property=\"og:type\" content=\"article\" \/>\n<meta property=\"og:title\" content=\"La Nuit - Alibabette Editions\" \/>\n<meta property=\"og:description\" content=\"Une Lune au doux visage, un sablier, une horloge, la course des plan\u00e8tes et\u2026 les cl\u00e9s des songes. Voil\u00e0 un petit cabinet de curiosit\u00e9s que votre tasse de caf\u00e9 et votre croissant appr\u00e9cieront\u00a0! Allez, on se r\u00e9veille\u00a0! Gravures XIXe si\u00e8cle.  &nbsp;  &nbsp;  Format de ce plateau : 36 x 20 cm (hauteur 1,5 cm) Forme \u00e9pur\u00e9e, coin arrondis, finition mate Composition\u00a0: pure m\u00e9lamine Contact alimentaire et lave-vaisselle autoris\u00e9s\" \/>\n<meta property=\"og:url\" content=\"https:\/\/alibabette-editions.com\/en\/boutique\/la-petite-deco\/les-plateaux\/la-nuit\/\" \/>\n<meta property=\"og:site_name\" content=\"Alibabette Editions\" \/>\n<meta property=\"article:modified_time\" content=\"2023-08-05T04:52:35+00:00\" \/>\n<meta property=\"og:image\" content=\"https:\/\/alibabette-editions.com\/wp-content\/uploads\/plm008.jpg\" \/>\n\t<meta property=\"og:image:width\" content=\"1500\" \/>\n\t<meta property=\"og:image:height\" content=\"1500\" \/>\n\t<meta property=\"og:image:type\" content=\"image\/jpeg\" \/>\n<meta name=\"twitter:card\" content=\"summary_large_image\" \/>\n<script type=\"application\/ld+json\" class=\"yoast-schema-graph\">{\"@context\":\"https:\/\/schema.org\",\"@graph\":[{\"@type\":\"WebPage\",\"@id\":\"https:\/\/alibabette-editions.com\/boutique\/la-petite-deco\/les-plateaux\/la-nuit\/\",\"url\":\"https:\/\/alibabette-editions.com\/boutique\/la-petite-deco\/les-plateaux\/la-nuit\/\",\"name\":\"La Nuit - Alibabette Editions\",\"isPartOf\":{\"@id\":\"https:\/\/alibabette-editions.com\/#website\"},\"primaryImageOfPage\":{\"@id\":\"https:\/\/alibabette-editions.com\/boutique\/la-petite-deco\/les-plateaux\/la-nuit\/#primaryimage\"},\"image\":{\"@id\":\"https:\/\/alibabette-editions.com\/boutique\/la-petite-deco\/les-plateaux\/la-nuit\/#primaryimage\"},\"thumbnailUrl\":\"https:\/\/alibabette-editions.com\/wp-content\/uploads\/plm008.jpg\",\"datePublished\":\"2019-01-11T00:05:50+00:00\",\"dateModified\":\"2023-08-05T04:52:35+00:00\",\"breadcrumb\":{\"@id\":\"https:\/\/alibabette-editions.com\/boutique\/la-petite-deco\/les-plateaux\/la-nuit\/#breadcrumb\"},\"inLanguage\":\"en-GB\",\"potentialAction\":[{\"@type\":\"ReadAction\",\"target\":[\"https:\/\/alibabette-editions.com\/boutique\/la-petite-deco\/les-plateaux\/la-nuit\/\"]}]},{\"@type\":\"ImageObject\",\"inLanguage\":\"en-GB\",\"@id\":\"https:\/\/alibabette-editions.com\/boutique\/la-petite-deco\/les-plateaux\/la-nuit\/#primaryimage\",\"url\":\"https:\/\/alibabette-editions.com\/wp-content\/uploads\/plm008.jpg\",\"contentUrl\":\"https:\/\/alibabette-editions.com\/wp-content\/uploads\/plm008.jpg\",\"width\":1500,\"height\":1500},{\"@type\":\"BreadcrumbList\",\"@id\":\"https:\/\/alibabette-editions.com\/boutique\/la-petite-deco\/les-plateaux\/la-nuit\/#breadcrumb\",\"itemListElement\":[{\"@type\":\"ListItem\",\"position\":1,\"name\":\"Accueil\",\"item\":\"https:\/\/alibabette-editions.com\/\"},{\"@type\":\"ListItem\",\"position\":2,\"name\":\"Tout voir\",\"item\":\"https:\/\/alibabette-editions.com\/boutique\/\"},{\"@type\":\"ListItem\",\"position\":3,\"name\":\"La Nuit\"}]},{\"@type\":\"WebSite\",\"@id\":\"https:\/\/alibabette-editions.com\/#website\",\"url\":\"https:\/\/alibabette-editions.com\/\",\"name\":\"Alibabette Editions\",\"description\":\"\",\"potentialAction\":[{\"@type\":\"SearchAction\",\"target\":{\"@type\":\"EntryPoint\",\"urlTemplate\":\"https:\/\/alibabette-editions.com\/?s={search_term_string}\"},\"query-input\":{\"@type\":\"PropertyValueSpecification\",\"valueRequired\":true,\"valueName\":\"search_term_string\"}}],\"inLanguage\":\"en-GB\"}]}<\/script>\n<!-- \/ Yoast SEO plugin. -->","yoast_head_json":{"title":"La Nuit - Alibabette Editions","robots":{"index":"index","follow":"follow","max-snippet":"max-snippet:-1","max-image-preview":"max-image-preview:large","max-video-preview":"max-video-preview:-1"},"canonical":"https:\/\/alibabette-editions.com\/en\/boutique\/la-petite-deco\/les-plateaux\/la-nuit\/","og_locale":"en_GB","og_type":"article","og_title":"La Nuit - Alibabette Editions","og_description":"Une Lune au doux visage, un sablier, une horloge, la course des plan\u00e8tes et\u2026 les cl\u00e9s des songes. Voil\u00e0 un petit cabinet de curiosit\u00e9s que votre tasse de caf\u00e9 et votre croissant appr\u00e9cieront\u00a0! Allez, on se r\u00e9veille\u00a0! Gravures XIXe si\u00e8cle.  &nbsp;  &nbsp;  Format de ce plateau : 36 x 20 cm (hauteur 1,5 cm) Forme \u00e9pur\u00e9e, coin arrondis, finition mate Composition\u00a0: pure m\u00e9lamine Contact alimentaire et lave-vaisselle autoris\u00e9s","og_url":"https:\/\/alibabette-editions.com\/en\/boutique\/la-petite-deco\/les-plateaux\/la-nuit\/","og_site_name":"Alibabette Editions","article_modified_time":"2023-08-05T04:52:35+00:00","og_image":[{"width":1500,"height":1500,"url":"https:\/\/alibabette-editions.com\/wp-content\/uploads\/plm008.jpg","type":"image\/jpeg"}],"twitter_card":"summary_large_image","schema":{"@context":"https:\/\/schema.org","@graph":[{"@type":"WebPage","@id":"https:\/\/alibabette-editions.com\/boutique\/la-petite-deco\/les-plateaux\/la-nuit\/","url":"https:\/\/alibabette-editions.com\/boutique\/la-petite-deco\/les-plateaux\/la-nuit\/","name":"La Nuit - Alibabette Editions","isPartOf":{"@id":"https:\/\/alibabette-editions.com\/#website"},"primaryImageOfPage":{"@id":"https:\/\/alibabette-editions.com\/boutique\/la-petite-deco\/les-plateaux\/la-nuit\/#primaryimage"},"image":{"@id":"https:\/\/alibabette-editions.com\/boutique\/la-petite-deco\/les-plateaux\/la-nuit\/#primaryimage"},"thumbnailUrl":"https:\/\/alibabette-editions.com\/wp-content\/uploads\/plm008.jpg","datePublished":"2019-01-11T00:05:50+00:00","dateModified":"2023-08-05T04:52:35+00:00","breadcrumb":{"@id":"https:\/\/alibabette-editions.com\/boutique\/la-petite-deco\/les-plateaux\/la-nuit\/#breadcrumb"},"inLanguage":"en-GB","potentialAction":[{"@type":"ReadAction","target":["https:\/\/alibabette-editions.com\/boutique\/la-petite-deco\/les-plateaux\/la-nuit\/"]}]},{"@type":"ImageObject","inLanguage":"en-GB","@id":"https:\/\/alibabette-editions.com\/boutique\/la-petite-deco\/les-plateaux\/la-nuit\/#primaryimage","url":"https:\/\/alibabette-editions.com\/wp-content\/uploads\/plm008.jpg","contentUrl":"https:\/\/alibabette-editions.com\/wp-content\/uploads\/plm008.jpg","width":1500,"height":1500},{"@type":"BreadcrumbList","@id":"https:\/\/alibabette-editions.com\/boutique\/la-petite-deco\/les-plateaux\/la-nuit\/#breadcrumb","itemListElement":[{"@type":"ListItem","position":1,"name":"Accueil","item":"https:\/\/alibabette-editions.com\/"},{"@type":"ListItem","position":2,"name":"Tout voir","item":"https:\/\/alibabette-editions.com\/boutique\/"},{"@type":"ListItem","position":3,"name":"La Nuit"}]},{"@type":"WebSite","@id":"https:\/\/alibabette-editions.com\/#website","url":"https:\/\/alibabette-editions.com\/","name":"Alibabette Editions","description":"","potentialAction":[{"@type":"SearchAction","target":{"@type":"EntryPoint","urlTemplate":"https:\/\/alibabette-editions.com\/?s={search_term_string}"},"query-input":{"@type":"PropertyValueSpecification","valueRequired":true,"valueName":"search_term_string"}}],"inLanguage":"en-GB"}]}},"_links":{"self":[{"href":"https:\/\/alibabette-editions.com\/en\/wp-json\/wp\/v2\/product\/16409","targetHints":{"allow":["GET"]}}],"collection":[{"href":"https:\/\/alibabette-editions.com\/en\/wp-json\/wp\/v2\/product"}],"about":[{"href":"https:\/\/alibabette-editions.com\/en\/wp-json\/wp\/v2\/types\/product"}],"wp:featuredmedia":[{"embeddable":true,"href":"https:\/\/alibabette-editions.com\/en\/wp-json\/wp\/v2\/media\/16414"}],"wp:attachment":[{"href":"https:\/\/alibabette-editions.com\/en\/wp-json\/wp\/v2\/media?parent=16409"}],"wp:term":[{"taxonomy":"product_brand","embeddable":true,"href":"https:\/\/alibabette-editions.com\/en\/wp-json\/wp\/v2\/product_brand?post=16409"},{"taxonomy":"product_cat","embeddable":true,"href":"https:\/\/alibabette-editions.com\/en\/wp-json\/wp\/v2\/product_cat?post=16409"},{"taxonomy":"product_tag","embeddable":true,"href":"https:\/\/alibabette-editions.com\/en\/wp-json\/wp\/v2\/product_tag?post=16409"}],"curies":[{"name":"wp","href":"https:\/\/api.w.org\/{rel}","templated":true}]}}