{"id":16285,"date":"2018-08-23T16:31:26","date_gmt":"2018-08-23T14:31:26","guid":{"rendered":"https:\/\/alibabette-editions.com\/boutique\/les-guirlandes\/guirlande\/tresors-de-flore\/"},"modified":"2023-08-05T06:52:35","modified_gmt":"2023-08-05T04:52:35","slug":"tresors-de-flore","status":"publish","type":"product","link":"https:\/\/alibabette-editions.com\/en\/boutique\/la-petite-deco\/tresors-de-flore\/","title":{"rendered":"Tr\u00e9sors de flore"},"content":{"rendered":"","protected":false},"excerpt":{"rendered":"<p>Vingt-quatre illustrations botaniques, provenant de diff\u00e9rents auteurs et de diff\u00e9rentes p\u00e9riodes, ornent cette guirlande \u00e0 suspendre. Mais toutes ont un point commun\u00a0: elles c\u00e9l\u00e8brent la beaut\u00e9 des plantes, fleur exotique ou simple foug\u00e8re\u2026<\/p>\n<p>&nbsp;<\/p>\n<p>Guirlande pr\u00eate \u00e0 suspendre\u00a0compos\u00e9e de 12 cercles de papier fort de 11 cm de diam\u00e8tre, imprim\u00e9s des deux c\u00f4t\u00e9s.<br \/>\nLes cercles sont d\u00e9j\u00e0 mont\u00e9s sur une cordelette de couleur de 3 m de longueur.<br \/>\nLa cordelette peut \u00eatre raccourcie si n\u00e9cessaire.<br \/>\nLes cercles coulissent facilement.<\/p>\n<p>Chaque guirlande est pr\u00e9sent\u00e9e dans une bo\u00eete type \u00ab\u00a0bo\u00eete d\u2019allumettes\u00a0\u00bb de 16 x 16 cm.<br \/>\nCordelette vert tilleul.<\/p>\n<p>&nbsp;<\/p>","protected":false},"featured_media":16263,"template":"","meta":[],"product_brand":[],"product_cat":[549,504],"product_tag":[574,530,528,284],"class_list":{"0":"post-16285","1":"product","2":"type-product","3":"status-publish","4":"has-post-thumbnail","6":"product_cat-la-petite-deco","7":"product_cat-guirlande","8":"product_tag-botanique","9":"product_tag-cercles","10":"product_tag-gravure","11":"product_tag-nature","13":"first","14":"instock","15":"taxable","16":"shipping-taxable","17":"purchasable","18":"product-type-simple"},"yoast_head":"<!-- This site is optimized with the Yoast SEO plugin v26.8 - https:\/\/yoast.com\/product\/yoast-seo-wordpress\/ -->\n<title>Tr\u00e9sors de flore - Alibabette Editions<\/title>\n<meta name=\"robots\" content=\"index, follow, max-snippet:-1, max-image-preview:large, max-video-preview:-1\" \/>\n<link rel=\"canonical\" href=\"https:\/\/alibabette-editions.com\/en\/boutique\/les-guirlandes\/guirlande\/tresors-de-flore\/\" \/>\n<meta property=\"og:locale\" content=\"en_GB\" \/>\n<meta property=\"og:type\" content=\"article\" \/>\n<meta property=\"og:title\" content=\"Tr\u00e9sors de flore - Alibabette Editions\" \/>\n<meta property=\"og:description\" content=\"Vingt-quatre illustrations botaniques, provenant de diff\u00e9rents auteurs et de diff\u00e9rentes p\u00e9riodes, ornent cette guirlande \u00e0 suspendre. Mais toutes ont un point commun\u00a0: elles c\u00e9l\u00e8brent la beaut\u00e9 des plantes, fleur exotique ou simple foug\u00e8re\u2026  &nbsp;  Guirlande pr\u00eate \u00e0 suspendre\u00a0compos\u00e9e de 12 cercles de papier fort de 11 cm de diam\u00e8tre, imprim\u00e9s des deux c\u00f4t\u00e9s. Les cercles sont d\u00e9j\u00e0 mont\u00e9s sur une cordelette de couleur de 3 m de longueur. La cordelette peut \u00eatre raccourcie si n\u00e9cessaire. Les cercles coulissent facilement.  Chaque guirlande est pr\u00e9sent\u00e9e dans une bo\u00eete type \u00ab\u00a0bo\u00eete d\u2019allumettes\u00a0\u00bb de 16 x 16 cm. Cordelette vert tilleul.  &nbsp;\" \/>\n<meta property=\"og:url\" content=\"https:\/\/alibabette-editions.com\/en\/boutique\/les-guirlandes\/guirlande\/tresors-de-flore\/\" \/>\n<meta property=\"og:site_name\" content=\"Alibabette Editions\" \/>\n<meta property=\"article:modified_time\" content=\"2023-08-05T04:52:35+00:00\" \/>\n<meta property=\"og:image\" content=\"https:\/\/alibabette-editions.com\/wp-content\/uploads\/guir004-r-1-scaled.jpg\" \/>\n\t<meta property=\"og:image:width\" content=\"2560\" \/>\n\t<meta property=\"og:image:height\" content=\"2560\" \/>\n\t<meta property=\"og:image:type\" content=\"image\/jpeg\" \/>\n<meta name=\"twitter:card\" content=\"summary_large_image\" \/>\n<script type=\"application\/ld+json\" class=\"yoast-schema-graph\">{\"@context\":\"https:\/\/schema.org\",\"@graph\":[{\"@type\":\"WebPage\",\"@id\":\"https:\/\/alibabette-editions.com\/boutique\/les-guirlandes\/guirlande\/tresors-de-flore\/\",\"url\":\"https:\/\/alibabette-editions.com\/boutique\/les-guirlandes\/guirlande\/tresors-de-flore\/\",\"name\":\"Tr\u00e9sors de flore - Alibabette Editions\",\"isPartOf\":{\"@id\":\"https:\/\/alibabette-editions.com\/#website\"},\"primaryImageOfPage\":{\"@id\":\"https:\/\/alibabette-editions.com\/boutique\/les-guirlandes\/guirlande\/tresors-de-flore\/#primaryimage\"},\"image\":{\"@id\":\"https:\/\/alibabette-editions.com\/boutique\/les-guirlandes\/guirlande\/tresors-de-flore\/#primaryimage\"},\"thumbnailUrl\":\"https:\/\/alibabette-editions.com\/wp-content\/uploads\/guir004-r-1-scaled.jpg\",\"datePublished\":\"2018-08-23T14:31:26+00:00\",\"dateModified\":\"2023-08-05T04:52:35+00:00\",\"breadcrumb\":{\"@id\":\"https:\/\/alibabette-editions.com\/boutique\/les-guirlandes\/guirlande\/tresors-de-flore\/#breadcrumb\"},\"inLanguage\":\"en-GB\",\"potentialAction\":[{\"@type\":\"ReadAction\",\"target\":[\"https:\/\/alibabette-editions.com\/boutique\/les-guirlandes\/guirlande\/tresors-de-flore\/\"]}]},{\"@type\":\"ImageObject\",\"inLanguage\":\"en-GB\",\"@id\":\"https:\/\/alibabette-editions.com\/boutique\/les-guirlandes\/guirlande\/tresors-de-flore\/#primaryimage\",\"url\":\"https:\/\/alibabette-editions.com\/wp-content\/uploads\/guir004-r-1-scaled.jpg\",\"contentUrl\":\"https:\/\/alibabette-editions.com\/wp-content\/uploads\/guir004-r-1-scaled.jpg\",\"width\":2560,\"height\":2560},{\"@type\":\"BreadcrumbList\",\"@id\":\"https:\/\/alibabette-editions.com\/boutique\/les-guirlandes\/guirlande\/tresors-de-flore\/#breadcrumb\",\"itemListElement\":[{\"@type\":\"ListItem\",\"position\":1,\"name\":\"Accueil\",\"item\":\"https:\/\/alibabette-editions.com\/\"},{\"@type\":\"ListItem\",\"position\":2,\"name\":\"Tout voir\",\"item\":\"https:\/\/alibabette-editions.com\/boutique\/\"},{\"@type\":\"ListItem\",\"position\":3,\"name\":\"Tr\u00e9sors de flore\"}]},{\"@type\":\"WebSite\",\"@id\":\"https:\/\/alibabette-editions.com\/#website\",\"url\":\"https:\/\/alibabette-editions.com\/\",\"name\":\"Alibabette Editions\",\"description\":\"\",\"potentialAction\":[{\"@type\":\"SearchAction\",\"target\":{\"@type\":\"EntryPoint\",\"urlTemplate\":\"https:\/\/alibabette-editions.com\/?s={search_term_string}\"},\"query-input\":{\"@type\":\"PropertyValueSpecification\",\"valueRequired\":true,\"valueName\":\"search_term_string\"}}],\"inLanguage\":\"en-GB\"}]}<\/script>\n<!-- \/ Yoast SEO plugin. -->","yoast_head_json":{"title":"Tr\u00e9sors de flore - Alibabette Editions","robots":{"index":"index","follow":"follow","max-snippet":"max-snippet:-1","max-image-preview":"max-image-preview:large","max-video-preview":"max-video-preview:-1"},"canonical":"https:\/\/alibabette-editions.com\/en\/boutique\/les-guirlandes\/guirlande\/tresors-de-flore\/","og_locale":"en_GB","og_type":"article","og_title":"Tr\u00e9sors de flore - Alibabette Editions","og_description":"Vingt-quatre illustrations botaniques, provenant de diff\u00e9rents auteurs et de diff\u00e9rentes p\u00e9riodes, ornent cette guirlande \u00e0 suspendre. Mais toutes ont un point commun\u00a0: elles c\u00e9l\u00e8brent la beaut\u00e9 des plantes, fleur exotique ou simple foug\u00e8re\u2026  &nbsp;  Guirlande pr\u00eate \u00e0 suspendre\u00a0compos\u00e9e de 12 cercles de papier fort de 11 cm de diam\u00e8tre, imprim\u00e9s des deux c\u00f4t\u00e9s. Les cercles sont d\u00e9j\u00e0 mont\u00e9s sur une cordelette de couleur de 3 m de longueur. La cordelette peut \u00eatre raccourcie si n\u00e9cessaire. Les cercles coulissent facilement.  Chaque guirlande est pr\u00e9sent\u00e9e dans une bo\u00eete type \u00ab\u00a0bo\u00eete d\u2019allumettes\u00a0\u00bb de 16 x 16 cm. Cordelette vert tilleul.  &nbsp;","og_url":"https:\/\/alibabette-editions.com\/en\/boutique\/les-guirlandes\/guirlande\/tresors-de-flore\/","og_site_name":"Alibabette Editions","article_modified_time":"2023-08-05T04:52:35+00:00","og_image":[{"width":2560,"height":2560,"url":"https:\/\/alibabette-editions.com\/wp-content\/uploads\/guir004-r-1-scaled.jpg","type":"image\/jpeg"}],"twitter_card":"summary_large_image","schema":{"@context":"https:\/\/schema.org","@graph":[{"@type":"WebPage","@id":"https:\/\/alibabette-editions.com\/boutique\/les-guirlandes\/guirlande\/tresors-de-flore\/","url":"https:\/\/alibabette-editions.com\/boutique\/les-guirlandes\/guirlande\/tresors-de-flore\/","name":"Tr\u00e9sors de flore - Alibabette Editions","isPartOf":{"@id":"https:\/\/alibabette-editions.com\/#website"},"primaryImageOfPage":{"@id":"https:\/\/alibabette-editions.com\/boutique\/les-guirlandes\/guirlande\/tresors-de-flore\/#primaryimage"},"image":{"@id":"https:\/\/alibabette-editions.com\/boutique\/les-guirlandes\/guirlande\/tresors-de-flore\/#primaryimage"},"thumbnailUrl":"https:\/\/alibabette-editions.com\/wp-content\/uploads\/guir004-r-1-scaled.jpg","datePublished":"2018-08-23T14:31:26+00:00","dateModified":"2023-08-05T04:52:35+00:00","breadcrumb":{"@id":"https:\/\/alibabette-editions.com\/boutique\/les-guirlandes\/guirlande\/tresors-de-flore\/#breadcrumb"},"inLanguage":"en-GB","potentialAction":[{"@type":"ReadAction","target":["https:\/\/alibabette-editions.com\/boutique\/les-guirlandes\/guirlande\/tresors-de-flore\/"]}]},{"@type":"ImageObject","inLanguage":"en-GB","@id":"https:\/\/alibabette-editions.com\/boutique\/les-guirlandes\/guirlande\/tresors-de-flore\/#primaryimage","url":"https:\/\/alibabette-editions.com\/wp-content\/uploads\/guir004-r-1-scaled.jpg","contentUrl":"https:\/\/alibabette-editions.com\/wp-content\/uploads\/guir004-r-1-scaled.jpg","width":2560,"height":2560},{"@type":"BreadcrumbList","@id":"https:\/\/alibabette-editions.com\/boutique\/les-guirlandes\/guirlande\/tresors-de-flore\/#breadcrumb","itemListElement":[{"@type":"ListItem","position":1,"name":"Accueil","item":"https:\/\/alibabette-editions.com\/"},{"@type":"ListItem","position":2,"name":"Tout voir","item":"https:\/\/alibabette-editions.com\/boutique\/"},{"@type":"ListItem","position":3,"name":"Tr\u00e9sors de flore"}]},{"@type":"WebSite","@id":"https:\/\/alibabette-editions.com\/#website","url":"https:\/\/alibabette-editions.com\/","name":"Alibabette Editions","description":"","potentialAction":[{"@type":"SearchAction","target":{"@type":"EntryPoint","urlTemplate":"https:\/\/alibabette-editions.com\/?s={search_term_string}"},"query-input":{"@type":"PropertyValueSpecification","valueRequired":true,"valueName":"search_term_string"}}],"inLanguage":"en-GB"}]}},"_links":{"self":[{"href":"https:\/\/alibabette-editions.com\/en\/wp-json\/wp\/v2\/product\/16285","targetHints":{"allow":["GET"]}}],"collection":[{"href":"https:\/\/alibabette-editions.com\/en\/wp-json\/wp\/v2\/product"}],"about":[{"href":"https:\/\/alibabette-editions.com\/en\/wp-json\/wp\/v2\/types\/product"}],"wp:featuredmedia":[{"embeddable":true,"href":"https:\/\/alibabette-editions.com\/en\/wp-json\/wp\/v2\/media\/16263"}],"wp:attachment":[{"href":"https:\/\/alibabette-editions.com\/en\/wp-json\/wp\/v2\/media?parent=16285"}],"wp:term":[{"taxonomy":"product_brand","embeddable":true,"href":"https:\/\/alibabette-editions.com\/en\/wp-json\/wp\/v2\/product_brand?post=16285"},{"taxonomy":"product_cat","embeddable":true,"href":"https:\/\/alibabette-editions.com\/en\/wp-json\/wp\/v2\/product_cat?post=16285"},{"taxonomy":"product_tag","embeddable":true,"href":"https:\/\/alibabette-editions.com\/en\/wp-json\/wp\/v2\/product_tag?post=16285"}],"curies":[{"name":"wp","href":"https:\/\/api.w.org\/{rel}","templated":true}]}}