{"id":16276,"date":"2018-08-23T16:04:17","date_gmt":"2018-08-23T14:04:17","guid":{"rendered":"https:\/\/alibabette-editions.com\/boutique\/les-guirlandes\/guirlande\/curiosites-n-2\/"},"modified":"2023-08-05T06:52:35","modified_gmt":"2023-08-05T04:52:35","slug":"curiosites-n-2","status":"publish","type":"product","link":"https:\/\/alibabette-editions.com\/en\/boutique\/la-petite-deco\/curiosites-n-2\/","title":{"rendered":"Curiosit\u00e9s n\u00b0 2"},"content":{"rendered":"","protected":false},"excerpt":{"rendered":"<p>La nature, comme l\u2019ing\u00e9nieur, aime que le monde tourne rond\u00a0! La preuve en 24 illustrations. Cette guirlande \u00e0 suspendre en compl\u00e8te une autre\u00a0: le Cabinet de curiosit\u00e9s.<\/p>\n<p>&nbsp;<\/p>\n<p>Guirlande pr\u00eate \u00e0 suspendre\u00a0compos\u00e9e de 12 cercles de papier fort de 11 cm de diam\u00e8tre, imprim\u00e9s des deux c\u00f4t\u00e9s.<br \/>\nLes cercles sont d\u00e9j\u00e0 mont\u00e9s sur une cordelette de couleur de 3 m de longueur. La cordelette peut \u00eatre raccourcie si n\u00e9cessaire. Les cercles coulissent facilement.<\/p>\n<p>Chaque guirlande est pr\u00e9sent\u00e9e dans une bo\u00eete type \u00ab\u00a0bo\u00eete d\u2019allumettes\u00a0\u00bb de 16 x 16 cm.<br \/>\nCordelette rose fuchsia.<\/p>\n<p>&nbsp;<\/p>","protected":false},"featured_media":16277,"template":"","meta":[],"product_brand":[],"product_cat":[549,504],"product_tag":[530,528,312],"class_list":{"0":"post-16276","1":"product","2":"type-product","3":"status-publish","4":"has-post-thumbnail","6":"product_cat-la-petite-deco","7":"product_cat-guirlande","8":"product_tag-cercles","9":"product_tag-gravure","10":"product_tag-noir-et-blanc","12":"first","13":"instock","14":"taxable","15":"shipping-taxable","16":"purchasable","17":"product-type-simple"},"yoast_head":"<!-- This site is optimized with the Yoast SEO plugin v26.8 - https:\/\/yoast.com\/product\/yoast-seo-wordpress\/ -->\n<title>Curiosit\u00e9s n\u00b0 2 - Alibabette Editions<\/title>\n<meta name=\"robots\" content=\"index, follow, max-snippet:-1, max-image-preview:large, max-video-preview:-1\" \/>\n<link rel=\"canonical\" href=\"https:\/\/alibabette-editions.com\/en\/boutique\/les-guirlandes\/guirlande\/curiosites-n-2\/\" \/>\n<meta property=\"og:locale\" content=\"en_GB\" \/>\n<meta property=\"og:type\" content=\"article\" \/>\n<meta property=\"og:title\" content=\"Curiosit\u00e9s n\u00b0 2 - Alibabette Editions\" \/>\n<meta property=\"og:description\" content=\"La nature, comme l\u2019ing\u00e9nieur, aime que le monde tourne rond\u00a0! La preuve en 24 illustrations. Cette guirlande \u00e0 suspendre en compl\u00e8te une autre\u00a0: le Cabinet de curiosit\u00e9s.  &nbsp;  Guirlande pr\u00eate \u00e0 suspendre\u00a0compos\u00e9e de 12 cercles de papier fort de 11 cm de diam\u00e8tre, imprim\u00e9s des deux c\u00f4t\u00e9s. Les cercles sont d\u00e9j\u00e0 mont\u00e9s sur une cordelette de couleur de 3 m de longueur. La cordelette peut \u00eatre raccourcie si n\u00e9cessaire. Les cercles coulissent facilement.  Chaque guirlande est pr\u00e9sent\u00e9e dans une bo\u00eete type \u00ab\u00a0bo\u00eete d\u2019allumettes\u00a0\u00bb de 16 x 16 cm. Cordelette rose fuchsia.  &nbsp;\" \/>\n<meta property=\"og:url\" content=\"https:\/\/alibabette-editions.com\/en\/boutique\/les-guirlandes\/guirlande\/curiosites-n-2\/\" \/>\n<meta property=\"og:site_name\" content=\"Alibabette Editions\" \/>\n<meta property=\"article:modified_time\" content=\"2023-08-05T04:52:35+00:00\" \/>\n<meta property=\"og:image\" content=\"https:\/\/alibabette-editions.com\/wp-content\/uploads\/guir005-r.jpg\" \/>\n\t<meta property=\"og:image:width\" content=\"1500\" \/>\n\t<meta property=\"og:image:height\" content=\"1500\" \/>\n\t<meta property=\"og:image:type\" content=\"image\/jpeg\" \/>\n<meta name=\"twitter:card\" content=\"summary_large_image\" \/>\n<script type=\"application\/ld+json\" class=\"yoast-schema-graph\">{\"@context\":\"https:\/\/schema.org\",\"@graph\":[{\"@type\":\"WebPage\",\"@id\":\"https:\/\/alibabette-editions.com\/boutique\/les-guirlandes\/guirlande\/curiosites-n-2\/\",\"url\":\"https:\/\/alibabette-editions.com\/boutique\/les-guirlandes\/guirlande\/curiosites-n-2\/\",\"name\":\"Curiosit\u00e9s n\u00b0 2 - Alibabette Editions\",\"isPartOf\":{\"@id\":\"https:\/\/alibabette-editions.com\/#website\"},\"primaryImageOfPage\":{\"@id\":\"https:\/\/alibabette-editions.com\/boutique\/les-guirlandes\/guirlande\/curiosites-n-2\/#primaryimage\"},\"image\":{\"@id\":\"https:\/\/alibabette-editions.com\/boutique\/les-guirlandes\/guirlande\/curiosites-n-2\/#primaryimage\"},\"thumbnailUrl\":\"https:\/\/alibabette-editions.com\/wp-content\/uploads\/guir005-r.jpg\",\"datePublished\":\"2018-08-23T14:04:17+00:00\",\"dateModified\":\"2023-08-05T04:52:35+00:00\",\"breadcrumb\":{\"@id\":\"https:\/\/alibabette-editions.com\/boutique\/les-guirlandes\/guirlande\/curiosites-n-2\/#breadcrumb\"},\"inLanguage\":\"en-GB\",\"potentialAction\":[{\"@type\":\"ReadAction\",\"target\":[\"https:\/\/alibabette-editions.com\/boutique\/les-guirlandes\/guirlande\/curiosites-n-2\/\"]}]},{\"@type\":\"ImageObject\",\"inLanguage\":\"en-GB\",\"@id\":\"https:\/\/alibabette-editions.com\/boutique\/les-guirlandes\/guirlande\/curiosites-n-2\/#primaryimage\",\"url\":\"https:\/\/alibabette-editions.com\/wp-content\/uploads\/guir005-r.jpg\",\"contentUrl\":\"https:\/\/alibabette-editions.com\/wp-content\/uploads\/guir005-r.jpg\",\"width\":1500,\"height\":1500},{\"@type\":\"BreadcrumbList\",\"@id\":\"https:\/\/alibabette-editions.com\/boutique\/les-guirlandes\/guirlande\/curiosites-n-2\/#breadcrumb\",\"itemListElement\":[{\"@type\":\"ListItem\",\"position\":1,\"name\":\"Accueil\",\"item\":\"https:\/\/alibabette-editions.com\/\"},{\"@type\":\"ListItem\",\"position\":2,\"name\":\"Tout voir\",\"item\":\"https:\/\/alibabette-editions.com\/boutique\/\"},{\"@type\":\"ListItem\",\"position\":3,\"name\":\"Curiosit\u00e9s n\u00b0 2\"}]},{\"@type\":\"WebSite\",\"@id\":\"https:\/\/alibabette-editions.com\/#website\",\"url\":\"https:\/\/alibabette-editions.com\/\",\"name\":\"Alibabette Editions\",\"description\":\"\",\"potentialAction\":[{\"@type\":\"SearchAction\",\"target\":{\"@type\":\"EntryPoint\",\"urlTemplate\":\"https:\/\/alibabette-editions.com\/?s={search_term_string}\"},\"query-input\":{\"@type\":\"PropertyValueSpecification\",\"valueRequired\":true,\"valueName\":\"search_term_string\"}}],\"inLanguage\":\"en-GB\"}]}<\/script>\n<!-- \/ Yoast SEO plugin. -->","yoast_head_json":{"title":"Curiosit\u00e9s n\u00b0 2 - Alibabette Editions","robots":{"index":"index","follow":"follow","max-snippet":"max-snippet:-1","max-image-preview":"max-image-preview:large","max-video-preview":"max-video-preview:-1"},"canonical":"https:\/\/alibabette-editions.com\/en\/boutique\/les-guirlandes\/guirlande\/curiosites-n-2\/","og_locale":"en_GB","og_type":"article","og_title":"Curiosit\u00e9s n\u00b0 2 - Alibabette Editions","og_description":"La nature, comme l\u2019ing\u00e9nieur, aime que le monde tourne rond\u00a0! La preuve en 24 illustrations. Cette guirlande \u00e0 suspendre en compl\u00e8te une autre\u00a0: le Cabinet de curiosit\u00e9s.  &nbsp;  Guirlande pr\u00eate \u00e0 suspendre\u00a0compos\u00e9e de 12 cercles de papier fort de 11 cm de diam\u00e8tre, imprim\u00e9s des deux c\u00f4t\u00e9s. Les cercles sont d\u00e9j\u00e0 mont\u00e9s sur une cordelette de couleur de 3 m de longueur. La cordelette peut \u00eatre raccourcie si n\u00e9cessaire. Les cercles coulissent facilement.  Chaque guirlande est pr\u00e9sent\u00e9e dans une bo\u00eete type \u00ab\u00a0bo\u00eete d\u2019allumettes\u00a0\u00bb de 16 x 16 cm. Cordelette rose fuchsia.  &nbsp;","og_url":"https:\/\/alibabette-editions.com\/en\/boutique\/les-guirlandes\/guirlande\/curiosites-n-2\/","og_site_name":"Alibabette Editions","article_modified_time":"2023-08-05T04:52:35+00:00","og_image":[{"width":1500,"height":1500,"url":"https:\/\/alibabette-editions.com\/wp-content\/uploads\/guir005-r.jpg","type":"image\/jpeg"}],"twitter_card":"summary_large_image","schema":{"@context":"https:\/\/schema.org","@graph":[{"@type":"WebPage","@id":"https:\/\/alibabette-editions.com\/boutique\/les-guirlandes\/guirlande\/curiosites-n-2\/","url":"https:\/\/alibabette-editions.com\/boutique\/les-guirlandes\/guirlande\/curiosites-n-2\/","name":"Curiosit\u00e9s n\u00b0 2 - Alibabette Editions","isPartOf":{"@id":"https:\/\/alibabette-editions.com\/#website"},"primaryImageOfPage":{"@id":"https:\/\/alibabette-editions.com\/boutique\/les-guirlandes\/guirlande\/curiosites-n-2\/#primaryimage"},"image":{"@id":"https:\/\/alibabette-editions.com\/boutique\/les-guirlandes\/guirlande\/curiosites-n-2\/#primaryimage"},"thumbnailUrl":"https:\/\/alibabette-editions.com\/wp-content\/uploads\/guir005-r.jpg","datePublished":"2018-08-23T14:04:17+00:00","dateModified":"2023-08-05T04:52:35+00:00","breadcrumb":{"@id":"https:\/\/alibabette-editions.com\/boutique\/les-guirlandes\/guirlande\/curiosites-n-2\/#breadcrumb"},"inLanguage":"en-GB","potentialAction":[{"@type":"ReadAction","target":["https:\/\/alibabette-editions.com\/boutique\/les-guirlandes\/guirlande\/curiosites-n-2\/"]}]},{"@type":"ImageObject","inLanguage":"en-GB","@id":"https:\/\/alibabette-editions.com\/boutique\/les-guirlandes\/guirlande\/curiosites-n-2\/#primaryimage","url":"https:\/\/alibabette-editions.com\/wp-content\/uploads\/guir005-r.jpg","contentUrl":"https:\/\/alibabette-editions.com\/wp-content\/uploads\/guir005-r.jpg","width":1500,"height":1500},{"@type":"BreadcrumbList","@id":"https:\/\/alibabette-editions.com\/boutique\/les-guirlandes\/guirlande\/curiosites-n-2\/#breadcrumb","itemListElement":[{"@type":"ListItem","position":1,"name":"Accueil","item":"https:\/\/alibabette-editions.com\/"},{"@type":"ListItem","position":2,"name":"Tout voir","item":"https:\/\/alibabette-editions.com\/boutique\/"},{"@type":"ListItem","position":3,"name":"Curiosit\u00e9s n\u00b0 2"}]},{"@type":"WebSite","@id":"https:\/\/alibabette-editions.com\/#website","url":"https:\/\/alibabette-editions.com\/","name":"Alibabette Editions","description":"","potentialAction":[{"@type":"SearchAction","target":{"@type":"EntryPoint","urlTemplate":"https:\/\/alibabette-editions.com\/?s={search_term_string}"},"query-input":{"@type":"PropertyValueSpecification","valueRequired":true,"valueName":"search_term_string"}}],"inLanguage":"en-GB"}]}},"_links":{"self":[{"href":"https:\/\/alibabette-editions.com\/en\/wp-json\/wp\/v2\/product\/16276","targetHints":{"allow":["GET"]}}],"collection":[{"href":"https:\/\/alibabette-editions.com\/en\/wp-json\/wp\/v2\/product"}],"about":[{"href":"https:\/\/alibabette-editions.com\/en\/wp-json\/wp\/v2\/types\/product"}],"wp:featuredmedia":[{"embeddable":true,"href":"https:\/\/alibabette-editions.com\/en\/wp-json\/wp\/v2\/media\/16277"}],"wp:attachment":[{"href":"https:\/\/alibabette-editions.com\/en\/wp-json\/wp\/v2\/media?parent=16276"}],"wp:term":[{"taxonomy":"product_brand","embeddable":true,"href":"https:\/\/alibabette-editions.com\/en\/wp-json\/wp\/v2\/product_brand?post=16276"},{"taxonomy":"product_cat","embeddable":true,"href":"https:\/\/alibabette-editions.com\/en\/wp-json\/wp\/v2\/product_cat?post=16276"},{"taxonomy":"product_tag","embeddable":true,"href":"https:\/\/alibabette-editions.com\/en\/wp-json\/wp\/v2\/product_tag?post=16276"}],"curies":[{"name":"wp","href":"https:\/\/api.w.org\/{rel}","templated":true}]}}