{"id":16231,"date":"2018-08-14T08:50:45","date_gmt":"2018-08-14T06:50:45","guid":{"rendered":"https:\/\/alibabette-editions.com\/boutique\/les-carnets\/carnet-a5\/dix-petits-bols\/"},"modified":"2025-01-06T10:06:21","modified_gmt":"2025-01-06T09:06:21","slug":"dix-petits-bols","status":"publish","type":"product","link":"https:\/\/alibabette-editions.com\/en\/boutique\/les-carnets\/carnet-a5\/dix-petits-bols\/","title":{"rendered":"Dix petits bols"},"content":{"rendered":"","protected":false},"excerpt":{"rendered":"<p>Voyons, voyons\u2026 sur la couverture, il y a six petits bols. \u00c0 l\u2019arri\u00e8re, trois. Ce qui nous fait neuf petits bols\u2026 Et si le dixi\u00e8me \u00e9tait \u00e0 l\u2019int\u00e9rieur\u00a0? Vous y d\u00e9couvrirez aussi deux belles images japonaises du XIX<sup>e<\/sup> si\u00e8cle, sur le th\u00e8me du th\u00e9 bien s\u00fbr.<br \/>\nTh\u00e9 que vous pourrez d\u00e9guster sur les plateaux aux\u00a0m\u00eames motifs d\u00e9clin\u00e9s : <em>Six petits bols<\/em> et <em>Neuf petits bols.<\/em><\/p>\n<p>&nbsp;<\/p>\n<p>Format 15 x 21 cm<br \/>\nBroch\u00e9 dos carr\u00e9<br \/>\nCoins arrondis<br \/>\nCouverture soft-touch<br \/>\nPapier 100 g ivoire l\u00e9ger<br \/>\n100 pages lign\u00e9es et num\u00e9rot\u00e9es<br \/>\nGardes quadri<\/p>","protected":false},"featured_media":16232,"template":"","meta":[],"product_brand":[],"product_cat":[251],"product_tag":[528,407,340,419],"class_list":{"0":"post-16231","1":"product","2":"type-product","3":"status-publish","4":"has-post-thumbnail","6":"product_cat-carnet-a5","7":"product_tag-gravure","8":"product_tag-japon","9":"product_tag-rouge","10":"product_tag-voyage-en-orient","12":"first","13":"instock","14":"taxable","15":"shipping-taxable","16":"purchasable","17":"product-type-simple"},"yoast_head":"<!-- This site is optimized with the Yoast SEO plugin v26.8 - https:\/\/yoast.com\/product\/yoast-seo-wordpress\/ -->\n<title>Dix petits bols - Alibabette Editions<\/title>\n<meta name=\"robots\" content=\"index, follow, max-snippet:-1, max-image-preview:large, max-video-preview:-1\" \/>\n<link rel=\"canonical\" href=\"https:\/\/alibabette-editions.com\/en\/boutique\/les-carnets\/carnet-a5\/dix-petits-bols\/\" \/>\n<meta property=\"og:locale\" content=\"en_GB\" \/>\n<meta property=\"og:type\" content=\"article\" \/>\n<meta property=\"og:title\" content=\"Dix petits bols - Alibabette Editions\" \/>\n<meta property=\"og:description\" content=\"Voyons, voyons\u2026 sur la couverture, il y a six petits bols. \u00c0 l\u2019arri\u00e8re, trois. Ce qui nous fait neuf petits bols\u2026 Et si le dixi\u00e8me \u00e9tait \u00e0 l\u2019int\u00e9rieur\u00a0? Vous y d\u00e9couvrirez aussi deux belles images japonaises du XIXe si\u00e8cle, sur le th\u00e8me du th\u00e9 bien s\u00fbr. Th\u00e9 que vous pourrez d\u00e9guster sur les plateaux aux\u00a0m\u00eames motifs d\u00e9clin\u00e9s : Six petits bols et Neuf petits bols.  &nbsp;  Format 15 x 21 cm Broch\u00e9 dos carr\u00e9 Coins arrondis Couverture soft-touch Papier 100 g ivoire l\u00e9ger 100 pages lign\u00e9es et num\u00e9rot\u00e9es Gardes quadri\" \/>\n<meta property=\"og:url\" content=\"https:\/\/alibabette-editions.com\/en\/boutique\/les-carnets\/carnet-a5\/dix-petits-bols\/\" \/>\n<meta property=\"og:site_name\" content=\"Alibabette Editions\" \/>\n<meta property=\"article:modified_time\" content=\"2025-01-06T09:06:21+00:00\" \/>\n<meta property=\"og:image\" content=\"https:\/\/alibabette-editions.com\/wp-content\/uploads\/ca1b015-r.jpg\" \/>\n\t<meta property=\"og:image:width\" content=\"1500\" \/>\n\t<meta property=\"og:image:height\" content=\"1500\" \/>\n\t<meta property=\"og:image:type\" content=\"image\/jpeg\" \/>\n<meta name=\"twitter:card\" content=\"summary_large_image\" \/>\n<meta name=\"twitter:label1\" content=\"Estimated reading time\" \/>\n\t<meta name=\"twitter:data1\" content=\"1 minute\" \/>\n<script type=\"application\/ld+json\" class=\"yoast-schema-graph\">{\"@context\":\"https:\/\/schema.org\",\"@graph\":[{\"@type\":\"WebPage\",\"@id\":\"https:\/\/alibabette-editions.com\/boutique\/les-carnets\/carnet-a5\/dix-petits-bols\/\",\"url\":\"https:\/\/alibabette-editions.com\/boutique\/les-carnets\/carnet-a5\/dix-petits-bols\/\",\"name\":\"Dix petits bols - Alibabette Editions\",\"isPartOf\":{\"@id\":\"https:\/\/alibabette-editions.com\/#website\"},\"primaryImageOfPage\":{\"@id\":\"https:\/\/alibabette-editions.com\/boutique\/les-carnets\/carnet-a5\/dix-petits-bols\/#primaryimage\"},\"image\":{\"@id\":\"https:\/\/alibabette-editions.com\/boutique\/les-carnets\/carnet-a5\/dix-petits-bols\/#primaryimage\"},\"thumbnailUrl\":\"https:\/\/alibabette-editions.com\/wp-content\/uploads\/ca1b015-r.jpg\",\"datePublished\":\"2018-08-14T06:50:45+00:00\",\"dateModified\":\"2025-01-06T09:06:21+00:00\",\"breadcrumb\":{\"@id\":\"https:\/\/alibabette-editions.com\/boutique\/les-carnets\/carnet-a5\/dix-petits-bols\/#breadcrumb\"},\"inLanguage\":\"en-GB\",\"potentialAction\":[{\"@type\":\"ReadAction\",\"target\":[\"https:\/\/alibabette-editions.com\/boutique\/les-carnets\/carnet-a5\/dix-petits-bols\/\"]}]},{\"@type\":\"ImageObject\",\"inLanguage\":\"en-GB\",\"@id\":\"https:\/\/alibabette-editions.com\/boutique\/les-carnets\/carnet-a5\/dix-petits-bols\/#primaryimage\",\"url\":\"https:\/\/alibabette-editions.com\/wp-content\/uploads\/ca1b015-r.jpg\",\"contentUrl\":\"https:\/\/alibabette-editions.com\/wp-content\/uploads\/ca1b015-r.jpg\",\"width\":1500,\"height\":1500},{\"@type\":\"BreadcrumbList\",\"@id\":\"https:\/\/alibabette-editions.com\/boutique\/les-carnets\/carnet-a5\/dix-petits-bols\/#breadcrumb\",\"itemListElement\":[{\"@type\":\"ListItem\",\"position\":1,\"name\":\"Accueil\",\"item\":\"https:\/\/alibabette-editions.com\/\"},{\"@type\":\"ListItem\",\"position\":2,\"name\":\"Tout voir\",\"item\":\"https:\/\/alibabette-editions.com\/boutique\/\"},{\"@type\":\"ListItem\",\"position\":3,\"name\":\"Dix petits bols\"}]},{\"@type\":\"WebSite\",\"@id\":\"https:\/\/alibabette-editions.com\/#website\",\"url\":\"https:\/\/alibabette-editions.com\/\",\"name\":\"Alibabette Editions\",\"description\":\"\",\"potentialAction\":[{\"@type\":\"SearchAction\",\"target\":{\"@type\":\"EntryPoint\",\"urlTemplate\":\"https:\/\/alibabette-editions.com\/?s={search_term_string}\"},\"query-input\":{\"@type\":\"PropertyValueSpecification\",\"valueRequired\":true,\"valueName\":\"search_term_string\"}}],\"inLanguage\":\"en-GB\"}]}<\/script>\n<!-- \/ Yoast SEO plugin. -->","yoast_head_json":{"title":"Dix petits bols - Alibabette Editions","robots":{"index":"index","follow":"follow","max-snippet":"max-snippet:-1","max-image-preview":"max-image-preview:large","max-video-preview":"max-video-preview:-1"},"canonical":"https:\/\/alibabette-editions.com\/en\/boutique\/les-carnets\/carnet-a5\/dix-petits-bols\/","og_locale":"en_GB","og_type":"article","og_title":"Dix petits bols - Alibabette Editions","og_description":"Voyons, voyons\u2026 sur la couverture, il y a six petits bols. \u00c0 l\u2019arri\u00e8re, trois. Ce qui nous fait neuf petits bols\u2026 Et si le dixi\u00e8me \u00e9tait \u00e0 l\u2019int\u00e9rieur\u00a0? Vous y d\u00e9couvrirez aussi deux belles images japonaises du XIXe si\u00e8cle, sur le th\u00e8me du th\u00e9 bien s\u00fbr. Th\u00e9 que vous pourrez d\u00e9guster sur les plateaux aux\u00a0m\u00eames motifs d\u00e9clin\u00e9s : Six petits bols et Neuf petits bols.  &nbsp;  Format 15 x 21 cm Broch\u00e9 dos carr\u00e9 Coins arrondis Couverture soft-touch Papier 100 g ivoire l\u00e9ger 100 pages lign\u00e9es et num\u00e9rot\u00e9es Gardes quadri","og_url":"https:\/\/alibabette-editions.com\/en\/boutique\/les-carnets\/carnet-a5\/dix-petits-bols\/","og_site_name":"Alibabette Editions","article_modified_time":"2025-01-06T09:06:21+00:00","og_image":[{"width":1500,"height":1500,"url":"https:\/\/alibabette-editions.com\/wp-content\/uploads\/ca1b015-r.jpg","type":"image\/jpeg"}],"twitter_card":"summary_large_image","twitter_misc":{"Estimated reading time":"1 minute"},"schema":{"@context":"https:\/\/schema.org","@graph":[{"@type":"WebPage","@id":"https:\/\/alibabette-editions.com\/boutique\/les-carnets\/carnet-a5\/dix-petits-bols\/","url":"https:\/\/alibabette-editions.com\/boutique\/les-carnets\/carnet-a5\/dix-petits-bols\/","name":"Dix petits bols - Alibabette Editions","isPartOf":{"@id":"https:\/\/alibabette-editions.com\/#website"},"primaryImageOfPage":{"@id":"https:\/\/alibabette-editions.com\/boutique\/les-carnets\/carnet-a5\/dix-petits-bols\/#primaryimage"},"image":{"@id":"https:\/\/alibabette-editions.com\/boutique\/les-carnets\/carnet-a5\/dix-petits-bols\/#primaryimage"},"thumbnailUrl":"https:\/\/alibabette-editions.com\/wp-content\/uploads\/ca1b015-r.jpg","datePublished":"2018-08-14T06:50:45+00:00","dateModified":"2025-01-06T09:06:21+00:00","breadcrumb":{"@id":"https:\/\/alibabette-editions.com\/boutique\/les-carnets\/carnet-a5\/dix-petits-bols\/#breadcrumb"},"inLanguage":"en-GB","potentialAction":[{"@type":"ReadAction","target":["https:\/\/alibabette-editions.com\/boutique\/les-carnets\/carnet-a5\/dix-petits-bols\/"]}]},{"@type":"ImageObject","inLanguage":"en-GB","@id":"https:\/\/alibabette-editions.com\/boutique\/les-carnets\/carnet-a5\/dix-petits-bols\/#primaryimage","url":"https:\/\/alibabette-editions.com\/wp-content\/uploads\/ca1b015-r.jpg","contentUrl":"https:\/\/alibabette-editions.com\/wp-content\/uploads\/ca1b015-r.jpg","width":1500,"height":1500},{"@type":"BreadcrumbList","@id":"https:\/\/alibabette-editions.com\/boutique\/les-carnets\/carnet-a5\/dix-petits-bols\/#breadcrumb","itemListElement":[{"@type":"ListItem","position":1,"name":"Accueil","item":"https:\/\/alibabette-editions.com\/"},{"@type":"ListItem","position":2,"name":"Tout voir","item":"https:\/\/alibabette-editions.com\/boutique\/"},{"@type":"ListItem","position":3,"name":"Dix petits bols"}]},{"@type":"WebSite","@id":"https:\/\/alibabette-editions.com\/#website","url":"https:\/\/alibabette-editions.com\/","name":"Alibabette Editions","description":"","potentialAction":[{"@type":"SearchAction","target":{"@type":"EntryPoint","urlTemplate":"https:\/\/alibabette-editions.com\/?s={search_term_string}"},"query-input":{"@type":"PropertyValueSpecification","valueRequired":true,"valueName":"search_term_string"}}],"inLanguage":"en-GB"}]}},"_links":{"self":[{"href":"https:\/\/alibabette-editions.com\/en\/wp-json\/wp\/v2\/product\/16231","targetHints":{"allow":["GET"]}}],"collection":[{"href":"https:\/\/alibabette-editions.com\/en\/wp-json\/wp\/v2\/product"}],"about":[{"href":"https:\/\/alibabette-editions.com\/en\/wp-json\/wp\/v2\/types\/product"}],"wp:featuredmedia":[{"embeddable":true,"href":"https:\/\/alibabette-editions.com\/en\/wp-json\/wp\/v2\/media\/16232"}],"wp:attachment":[{"href":"https:\/\/alibabette-editions.com\/en\/wp-json\/wp\/v2\/media?parent=16231"}],"wp:term":[{"taxonomy":"product_brand","embeddable":true,"href":"https:\/\/alibabette-editions.com\/en\/wp-json\/wp\/v2\/product_brand?post=16231"},{"taxonomy":"product_cat","embeddable":true,"href":"https:\/\/alibabette-editions.com\/en\/wp-json\/wp\/v2\/product_cat?post=16231"},{"taxonomy":"product_tag","embeddable":true,"href":"https:\/\/alibabette-editions.com\/en\/wp-json\/wp\/v2\/product_tag?post=16231"}],"curies":[{"name":"wp","href":"https:\/\/api.w.org\/{rel}","templated":true}]}}