{"id":16181,"date":"2018-06-11T10:57:49","date_gmt":"2018-06-11T08:57:49","guid":{"rendered":"https:\/\/alibabette-editions.com\/boutique\/les-cahiers\/cahier\/ma-petite-cherie\/"},"modified":"2025-01-05T19:15:19","modified_gmt":"2025-01-05T18:15:19","slug":"ma-petite-cherie","status":"publish","type":"product","link":"https:\/\/alibabette-editions.com\/en\/boutique\/les-cahiers\/cahier\/ma-petite-cherie\/","title":{"rendered":"Ma petite ch\u00e9rie"},"content":{"rendered":"","protected":false},"excerpt":{"rendered":"<p>\u00ab\u00a0Black &amp; White\u00a0\u00bb\u00a0: il y avait le whisky aux deux chiens, une chanson de Gainsbourg, un film avec Brooke Shields, un jeu vid\u00e9o\u2026 voil\u00e0 les deux chats amoureux\u00a0! \u00c9videmment, la \u00ab\u00a0fille\u00a0\u00bb est blanche et le \u00ab\u00a0gar\u00e7on\u00a0\u00bb noir. C\u2019est bizarre qu\u2019on n\u2019imagine pas le contraire\u2026<\/p>\n<p>Illustration anonyme figurant sur une carte postale des ann\u00e9es 1920. Coll. part. I.M.\/Kharbine-Tapabor<\/p>\n<p>&nbsp;<\/p>\n<p>Format 17 x 22 cm<br \/>\nCahier piqu\u00e9 couture fil \u00e9cru<br \/>\nCoins arrondis<br \/>\nCouverture mate<br \/>\nPapier 100 g ivoire l\u00e9ger<br \/>\n64 pages lign\u00e9es et num\u00e9rot\u00e9es<\/p>","protected":false},"featured_media":16182,"template":"","meta":[],"product_brand":[],"product_cat":[502],"product_tag":[588,583,312,346,337],"class_list":{"0":"post-16181","1":"product","2":"type-product","3":"status-publish","4":"has-post-thumbnail","6":"product_cat-cahier","7":"product_tag-amour-toujours","8":"product_tag-chien","9":"product_tag-noir-et-blanc","10":"product_tag-rayures","11":"product_tag-tranche-rayee","13":"first","14":"instock","15":"taxable","16":"shipping-taxable","17":"purchasable","18":"product-type-simple"},"yoast_head":"<!-- This site is optimized with the Yoast SEO plugin v26.8 - https:\/\/yoast.com\/product\/yoast-seo-wordpress\/ -->\n<title>Ma petite ch\u00e9rie - Alibabette Editions<\/title>\n<meta name=\"robots\" content=\"index, follow, max-snippet:-1, max-image-preview:large, max-video-preview:-1\" \/>\n<link rel=\"canonical\" href=\"https:\/\/alibabette-editions.com\/en\/boutique\/les-cahiers\/cahier\/ma-petite-cherie\/\" \/>\n<meta property=\"og:locale\" content=\"en_GB\" \/>\n<meta property=\"og:type\" content=\"article\" \/>\n<meta property=\"og:title\" content=\"Ma petite ch\u00e9rie - Alibabette Editions\" \/>\n<meta property=\"og:description\" content=\"\u00ab\u00a0Black &amp; White\u00a0\u00bb\u00a0: il y avait le whisky aux deux chiens, une chanson de Gainsbourg, un film avec Brooke Shields, un jeu vid\u00e9o\u2026 voil\u00e0 les deux chats amoureux\u00a0! \u00c9videmment, la \u00ab\u00a0fille\u00a0\u00bb est blanche et le \u00ab\u00a0gar\u00e7on\u00a0\u00bb noir. C\u2019est bizarre qu\u2019on n\u2019imagine pas le contraire\u2026  Illustration anonyme figurant sur une carte postale des ann\u00e9es 1920. Coll. part. I.M.\/Kharbine-Tapabor  &nbsp;  Format 17 x 22 cm Cahier piqu\u00e9 couture fil \u00e9cru Coins arrondis Couverture mate Papier 100 g ivoire l\u00e9ger 64 pages lign\u00e9es et num\u00e9rot\u00e9es\" \/>\n<meta property=\"og:url\" content=\"https:\/\/alibabette-editions.com\/en\/boutique\/les-cahiers\/cahier\/ma-petite-cherie\/\" \/>\n<meta property=\"og:site_name\" content=\"Alibabette Editions\" \/>\n<meta property=\"article:modified_time\" content=\"2025-01-05T18:15:19+00:00\" \/>\n<meta property=\"og:image\" content=\"https:\/\/alibabette-editions.com\/wp-content\/uploads\/ch1p022-r.jpg\" \/>\n\t<meta property=\"og:image:width\" content=\"1500\" \/>\n\t<meta property=\"og:image:height\" content=\"1500\" \/>\n\t<meta property=\"og:image:type\" content=\"image\/jpeg\" \/>\n<meta name=\"twitter:card\" content=\"summary_large_image\" \/>\n<meta name=\"twitter:label1\" content=\"Estimated reading time\" \/>\n\t<meta name=\"twitter:data1\" content=\"1 minute\" \/>\n<script type=\"application\/ld+json\" class=\"yoast-schema-graph\">{\"@context\":\"https:\/\/schema.org\",\"@graph\":[{\"@type\":\"WebPage\",\"@id\":\"https:\/\/alibabette-editions.com\/boutique\/les-cahiers\/cahier\/ma-petite-cherie\/\",\"url\":\"https:\/\/alibabette-editions.com\/boutique\/les-cahiers\/cahier\/ma-petite-cherie\/\",\"name\":\"Ma petite ch\u00e9rie - Alibabette Editions\",\"isPartOf\":{\"@id\":\"https:\/\/alibabette-editions.com\/#website\"},\"primaryImageOfPage\":{\"@id\":\"https:\/\/alibabette-editions.com\/boutique\/les-cahiers\/cahier\/ma-petite-cherie\/#primaryimage\"},\"image\":{\"@id\":\"https:\/\/alibabette-editions.com\/boutique\/les-cahiers\/cahier\/ma-petite-cherie\/#primaryimage\"},\"thumbnailUrl\":\"https:\/\/alibabette-editions.com\/wp-content\/uploads\/ch1p022-r.jpg\",\"datePublished\":\"2018-06-11T08:57:49+00:00\",\"dateModified\":\"2025-01-05T18:15:19+00:00\",\"breadcrumb\":{\"@id\":\"https:\/\/alibabette-editions.com\/boutique\/les-cahiers\/cahier\/ma-petite-cherie\/#breadcrumb\"},\"inLanguage\":\"en-GB\",\"potentialAction\":[{\"@type\":\"ReadAction\",\"target\":[\"https:\/\/alibabette-editions.com\/boutique\/les-cahiers\/cahier\/ma-petite-cherie\/\"]}]},{\"@type\":\"ImageObject\",\"inLanguage\":\"en-GB\",\"@id\":\"https:\/\/alibabette-editions.com\/boutique\/les-cahiers\/cahier\/ma-petite-cherie\/#primaryimage\",\"url\":\"https:\/\/alibabette-editions.com\/wp-content\/uploads\/ch1p022-r.jpg\",\"contentUrl\":\"https:\/\/alibabette-editions.com\/wp-content\/uploads\/ch1p022-r.jpg\",\"width\":1500,\"height\":1500},{\"@type\":\"BreadcrumbList\",\"@id\":\"https:\/\/alibabette-editions.com\/boutique\/les-cahiers\/cahier\/ma-petite-cherie\/#breadcrumb\",\"itemListElement\":[{\"@type\":\"ListItem\",\"position\":1,\"name\":\"Accueil\",\"item\":\"https:\/\/alibabette-editions.com\/\"},{\"@type\":\"ListItem\",\"position\":2,\"name\":\"Tout voir\",\"item\":\"https:\/\/alibabette-editions.com\/boutique\/\"},{\"@type\":\"ListItem\",\"position\":3,\"name\":\"Ma petite ch\u00e9rie\"}]},{\"@type\":\"WebSite\",\"@id\":\"https:\/\/alibabette-editions.com\/#website\",\"url\":\"https:\/\/alibabette-editions.com\/\",\"name\":\"Alibabette Editions\",\"description\":\"\",\"potentialAction\":[{\"@type\":\"SearchAction\",\"target\":{\"@type\":\"EntryPoint\",\"urlTemplate\":\"https:\/\/alibabette-editions.com\/?s={search_term_string}\"},\"query-input\":{\"@type\":\"PropertyValueSpecification\",\"valueRequired\":true,\"valueName\":\"search_term_string\"}}],\"inLanguage\":\"en-GB\"}]}<\/script>\n<!-- \/ Yoast SEO plugin. -->","yoast_head_json":{"title":"Ma petite ch\u00e9rie - Alibabette Editions","robots":{"index":"index","follow":"follow","max-snippet":"max-snippet:-1","max-image-preview":"max-image-preview:large","max-video-preview":"max-video-preview:-1"},"canonical":"https:\/\/alibabette-editions.com\/en\/boutique\/les-cahiers\/cahier\/ma-petite-cherie\/","og_locale":"en_GB","og_type":"article","og_title":"Ma petite ch\u00e9rie - Alibabette Editions","og_description":"\u00ab\u00a0Black &amp; White\u00a0\u00bb\u00a0: il y avait le whisky aux deux chiens, une chanson de Gainsbourg, un film avec Brooke Shields, un jeu vid\u00e9o\u2026 voil\u00e0 les deux chats amoureux\u00a0! \u00c9videmment, la \u00ab\u00a0fille\u00a0\u00bb est blanche et le \u00ab\u00a0gar\u00e7on\u00a0\u00bb noir. C\u2019est bizarre qu\u2019on n\u2019imagine pas le contraire\u2026  Illustration anonyme figurant sur une carte postale des ann\u00e9es 1920. Coll. part. I.M.\/Kharbine-Tapabor  &nbsp;  Format 17 x 22 cm Cahier piqu\u00e9 couture fil \u00e9cru Coins arrondis Couverture mate Papier 100 g ivoire l\u00e9ger 64 pages lign\u00e9es et num\u00e9rot\u00e9es","og_url":"https:\/\/alibabette-editions.com\/en\/boutique\/les-cahiers\/cahier\/ma-petite-cherie\/","og_site_name":"Alibabette Editions","article_modified_time":"2025-01-05T18:15:19+00:00","og_image":[{"width":1500,"height":1500,"url":"https:\/\/alibabette-editions.com\/wp-content\/uploads\/ch1p022-r.jpg","type":"image\/jpeg"}],"twitter_card":"summary_large_image","twitter_misc":{"Estimated reading time":"1 minute"},"schema":{"@context":"https:\/\/schema.org","@graph":[{"@type":"WebPage","@id":"https:\/\/alibabette-editions.com\/boutique\/les-cahiers\/cahier\/ma-petite-cherie\/","url":"https:\/\/alibabette-editions.com\/boutique\/les-cahiers\/cahier\/ma-petite-cherie\/","name":"Ma petite ch\u00e9rie - Alibabette Editions","isPartOf":{"@id":"https:\/\/alibabette-editions.com\/#website"},"primaryImageOfPage":{"@id":"https:\/\/alibabette-editions.com\/boutique\/les-cahiers\/cahier\/ma-petite-cherie\/#primaryimage"},"image":{"@id":"https:\/\/alibabette-editions.com\/boutique\/les-cahiers\/cahier\/ma-petite-cherie\/#primaryimage"},"thumbnailUrl":"https:\/\/alibabette-editions.com\/wp-content\/uploads\/ch1p022-r.jpg","datePublished":"2018-06-11T08:57:49+00:00","dateModified":"2025-01-05T18:15:19+00:00","breadcrumb":{"@id":"https:\/\/alibabette-editions.com\/boutique\/les-cahiers\/cahier\/ma-petite-cherie\/#breadcrumb"},"inLanguage":"en-GB","potentialAction":[{"@type":"ReadAction","target":["https:\/\/alibabette-editions.com\/boutique\/les-cahiers\/cahier\/ma-petite-cherie\/"]}]},{"@type":"ImageObject","inLanguage":"en-GB","@id":"https:\/\/alibabette-editions.com\/boutique\/les-cahiers\/cahier\/ma-petite-cherie\/#primaryimage","url":"https:\/\/alibabette-editions.com\/wp-content\/uploads\/ch1p022-r.jpg","contentUrl":"https:\/\/alibabette-editions.com\/wp-content\/uploads\/ch1p022-r.jpg","width":1500,"height":1500},{"@type":"BreadcrumbList","@id":"https:\/\/alibabette-editions.com\/boutique\/les-cahiers\/cahier\/ma-petite-cherie\/#breadcrumb","itemListElement":[{"@type":"ListItem","position":1,"name":"Accueil","item":"https:\/\/alibabette-editions.com\/"},{"@type":"ListItem","position":2,"name":"Tout voir","item":"https:\/\/alibabette-editions.com\/boutique\/"},{"@type":"ListItem","position":3,"name":"Ma petite ch\u00e9rie"}]},{"@type":"WebSite","@id":"https:\/\/alibabette-editions.com\/#website","url":"https:\/\/alibabette-editions.com\/","name":"Alibabette Editions","description":"","potentialAction":[{"@type":"SearchAction","target":{"@type":"EntryPoint","urlTemplate":"https:\/\/alibabette-editions.com\/?s={search_term_string}"},"query-input":{"@type":"PropertyValueSpecification","valueRequired":true,"valueName":"search_term_string"}}],"inLanguage":"en-GB"}]}},"_links":{"self":[{"href":"https:\/\/alibabette-editions.com\/en\/wp-json\/wp\/v2\/product\/16181","targetHints":{"allow":["GET"]}}],"collection":[{"href":"https:\/\/alibabette-editions.com\/en\/wp-json\/wp\/v2\/product"}],"about":[{"href":"https:\/\/alibabette-editions.com\/en\/wp-json\/wp\/v2\/types\/product"}],"wp:featuredmedia":[{"embeddable":true,"href":"https:\/\/alibabette-editions.com\/en\/wp-json\/wp\/v2\/media\/16182"}],"wp:attachment":[{"href":"https:\/\/alibabette-editions.com\/en\/wp-json\/wp\/v2\/media?parent=16181"}],"wp:term":[{"taxonomy":"product_brand","embeddable":true,"href":"https:\/\/alibabette-editions.com\/en\/wp-json\/wp\/v2\/product_brand?post=16181"},{"taxonomy":"product_cat","embeddable":true,"href":"https:\/\/alibabette-editions.com\/en\/wp-json\/wp\/v2\/product_cat?post=16181"},{"taxonomy":"product_tag","embeddable":true,"href":"https:\/\/alibabette-editions.com\/en\/wp-json\/wp\/v2\/product_tag?post=16181"}],"curies":[{"name":"wp","href":"https:\/\/api.w.org\/{rel}","templated":true}]}}