{"id":16114,"date":"2018-02-26T19:46:49","date_gmt":"2018-02-26T18:46:49","guid":{"rendered":"https:\/\/alibabette-editions.com\/boutique\/les-carnets\/carnet-a5\/opera\/"},"modified":"2025-01-06T10:02:23","modified_gmt":"2025-01-06T09:02:23","slug":"opera","status":"publish","type":"product","link":"https:\/\/alibabette-editions.com\/en\/boutique\/les-carnets\/carnet-a5\/opera\/","title":{"rendered":"Op\u00e9ra"},"content":{"rendered":"","protected":false},"excerpt":{"rendered":"<p><em>A nice cup of tea?<\/em> La gravure figurant sur la couverture reproduit le d\u00e9cor qui ornait les murs d\u2019un c\u00e9l\u00e8bre salon de th\u00e9 du quartier de l\u2019Op\u00e9ra, \u00e0 Paris, \u00e0 la fin du XIX<sup>e <\/sup>si\u00e8cle.<\/p>\n<p>&nbsp;<\/p>\n<p>Format 15 x 21 cm<br \/>\nBroch\u00e9 dos carr\u00e9<br \/>\nCoins arrondis<br \/>\nCouverture soft-touch<br \/>\nPapier 100 g ivoire l\u00e9ger<br \/>\n100 pages lign\u00e9es et num\u00e9rot\u00e9es<br \/>\nGardes quadri<\/p>","protected":false},"featured_media":16115,"template":"","meta":[],"product_brand":[],"product_cat":[251],"product_tag":[526,528,354,419],"class_list":{"0":"post-16114","1":"product","2":"type-product","3":"status-publish","4":"has-post-thumbnail","6":"product_cat-carnet-a5","7":"product_tag-chine","8":"product_tag-gravure","9":"product_tag-patchwork","10":"product_tag-voyage-en-orient","12":"first","13":"instock","14":"taxable","15":"shipping-taxable","16":"purchasable","17":"product-type-simple"},"yoast_head":"<!-- This site is optimized with the Yoast SEO plugin v26.8 - https:\/\/yoast.com\/product\/yoast-seo-wordpress\/ -->\n<title>Op\u00e9ra - Alibabette Editions<\/title>\n<meta name=\"robots\" content=\"index, follow, max-snippet:-1, max-image-preview:large, max-video-preview:-1\" \/>\n<link rel=\"canonical\" href=\"https:\/\/alibabette-editions.com\/en\/boutique\/les-carnets\/carnet-a5\/opera\/\" \/>\n<meta property=\"og:locale\" content=\"en_GB\" \/>\n<meta property=\"og:type\" content=\"article\" \/>\n<meta property=\"og:title\" content=\"Op\u00e9ra - Alibabette Editions\" \/>\n<meta property=\"og:description\" content=\"A nice cup of tea? La gravure figurant sur la couverture reproduit le d\u00e9cor qui ornait les murs d\u2019un c\u00e9l\u00e8bre salon de th\u00e9 du quartier de l\u2019Op\u00e9ra, \u00e0 Paris, \u00e0 la fin du XIXe si\u00e8cle.  &nbsp;  Format 15 x 21 cm Broch\u00e9 dos carr\u00e9 Coins arrondis Couverture soft-touch Papier 100 g ivoire l\u00e9ger 100 pages lign\u00e9es et num\u00e9rot\u00e9es Gardes quadri\" \/>\n<meta property=\"og:url\" content=\"https:\/\/alibabette-editions.com\/en\/boutique\/les-carnets\/carnet-a5\/opera\/\" \/>\n<meta property=\"og:site_name\" content=\"Alibabette Editions\" \/>\n<meta property=\"article:modified_time\" content=\"2025-01-06T09:02:23+00:00\" \/>\n<meta property=\"og:image\" content=\"https:\/\/alibabette-editions.com\/wp-content\/uploads\/ca1b013-r.jpg\" \/>\n\t<meta property=\"og:image:width\" content=\"1500\" \/>\n\t<meta property=\"og:image:height\" content=\"1500\" \/>\n\t<meta property=\"og:image:type\" content=\"image\/jpeg\" \/>\n<meta name=\"twitter:card\" content=\"summary_large_image\" \/>\n<meta name=\"twitter:label1\" content=\"Estimated reading time\" \/>\n\t<meta name=\"twitter:data1\" content=\"1 minute\" \/>\n<script type=\"application\/ld+json\" class=\"yoast-schema-graph\">{\"@context\":\"https:\/\/schema.org\",\"@graph\":[{\"@type\":\"WebPage\",\"@id\":\"https:\/\/alibabette-editions.com\/boutique\/les-carnets\/carnet-a5\/opera\/\",\"url\":\"https:\/\/alibabette-editions.com\/boutique\/les-carnets\/carnet-a5\/opera\/\",\"name\":\"Op\u00e9ra - Alibabette Editions\",\"isPartOf\":{\"@id\":\"https:\/\/alibabette-editions.com\/#website\"},\"primaryImageOfPage\":{\"@id\":\"https:\/\/alibabette-editions.com\/boutique\/les-carnets\/carnet-a5\/opera\/#primaryimage\"},\"image\":{\"@id\":\"https:\/\/alibabette-editions.com\/boutique\/les-carnets\/carnet-a5\/opera\/#primaryimage\"},\"thumbnailUrl\":\"https:\/\/alibabette-editions.com\/wp-content\/uploads\/ca1b013-r.jpg\",\"datePublished\":\"2018-02-26T18:46:49+00:00\",\"dateModified\":\"2025-01-06T09:02:23+00:00\",\"breadcrumb\":{\"@id\":\"https:\/\/alibabette-editions.com\/boutique\/les-carnets\/carnet-a5\/opera\/#breadcrumb\"},\"inLanguage\":\"en-GB\",\"potentialAction\":[{\"@type\":\"ReadAction\",\"target\":[\"https:\/\/alibabette-editions.com\/boutique\/les-carnets\/carnet-a5\/opera\/\"]}]},{\"@type\":\"ImageObject\",\"inLanguage\":\"en-GB\",\"@id\":\"https:\/\/alibabette-editions.com\/boutique\/les-carnets\/carnet-a5\/opera\/#primaryimage\",\"url\":\"https:\/\/alibabette-editions.com\/wp-content\/uploads\/ca1b013-r.jpg\",\"contentUrl\":\"https:\/\/alibabette-editions.com\/wp-content\/uploads\/ca1b013-r.jpg\",\"width\":1500,\"height\":1500},{\"@type\":\"BreadcrumbList\",\"@id\":\"https:\/\/alibabette-editions.com\/boutique\/les-carnets\/carnet-a5\/opera\/#breadcrumb\",\"itemListElement\":[{\"@type\":\"ListItem\",\"position\":1,\"name\":\"Accueil\",\"item\":\"https:\/\/alibabette-editions.com\/\"},{\"@type\":\"ListItem\",\"position\":2,\"name\":\"Tout voir\",\"item\":\"https:\/\/alibabette-editions.com\/boutique\/\"},{\"@type\":\"ListItem\",\"position\":3,\"name\":\"Op\u00e9ra\"}]},{\"@type\":\"WebSite\",\"@id\":\"https:\/\/alibabette-editions.com\/#website\",\"url\":\"https:\/\/alibabette-editions.com\/\",\"name\":\"Alibabette Editions\",\"description\":\"\",\"potentialAction\":[{\"@type\":\"SearchAction\",\"target\":{\"@type\":\"EntryPoint\",\"urlTemplate\":\"https:\/\/alibabette-editions.com\/?s={search_term_string}\"},\"query-input\":{\"@type\":\"PropertyValueSpecification\",\"valueRequired\":true,\"valueName\":\"search_term_string\"}}],\"inLanguage\":\"en-GB\"}]}<\/script>\n<!-- \/ Yoast SEO plugin. -->","yoast_head_json":{"title":"Op\u00e9ra - Alibabette Editions","robots":{"index":"index","follow":"follow","max-snippet":"max-snippet:-1","max-image-preview":"max-image-preview:large","max-video-preview":"max-video-preview:-1"},"canonical":"https:\/\/alibabette-editions.com\/en\/boutique\/les-carnets\/carnet-a5\/opera\/","og_locale":"en_GB","og_type":"article","og_title":"Op\u00e9ra - Alibabette Editions","og_description":"A nice cup of tea? La gravure figurant sur la couverture reproduit le d\u00e9cor qui ornait les murs d\u2019un c\u00e9l\u00e8bre salon de th\u00e9 du quartier de l\u2019Op\u00e9ra, \u00e0 Paris, \u00e0 la fin du XIXe si\u00e8cle.  &nbsp;  Format 15 x 21 cm Broch\u00e9 dos carr\u00e9 Coins arrondis Couverture soft-touch Papier 100 g ivoire l\u00e9ger 100 pages lign\u00e9es et num\u00e9rot\u00e9es Gardes quadri","og_url":"https:\/\/alibabette-editions.com\/en\/boutique\/les-carnets\/carnet-a5\/opera\/","og_site_name":"Alibabette Editions","article_modified_time":"2025-01-06T09:02:23+00:00","og_image":[{"width":1500,"height":1500,"url":"https:\/\/alibabette-editions.com\/wp-content\/uploads\/ca1b013-r.jpg","type":"image\/jpeg"}],"twitter_card":"summary_large_image","twitter_misc":{"Estimated reading time":"1 minute"},"schema":{"@context":"https:\/\/schema.org","@graph":[{"@type":"WebPage","@id":"https:\/\/alibabette-editions.com\/boutique\/les-carnets\/carnet-a5\/opera\/","url":"https:\/\/alibabette-editions.com\/boutique\/les-carnets\/carnet-a5\/opera\/","name":"Op\u00e9ra - Alibabette Editions","isPartOf":{"@id":"https:\/\/alibabette-editions.com\/#website"},"primaryImageOfPage":{"@id":"https:\/\/alibabette-editions.com\/boutique\/les-carnets\/carnet-a5\/opera\/#primaryimage"},"image":{"@id":"https:\/\/alibabette-editions.com\/boutique\/les-carnets\/carnet-a5\/opera\/#primaryimage"},"thumbnailUrl":"https:\/\/alibabette-editions.com\/wp-content\/uploads\/ca1b013-r.jpg","datePublished":"2018-02-26T18:46:49+00:00","dateModified":"2025-01-06T09:02:23+00:00","breadcrumb":{"@id":"https:\/\/alibabette-editions.com\/boutique\/les-carnets\/carnet-a5\/opera\/#breadcrumb"},"inLanguage":"en-GB","potentialAction":[{"@type":"ReadAction","target":["https:\/\/alibabette-editions.com\/boutique\/les-carnets\/carnet-a5\/opera\/"]}]},{"@type":"ImageObject","inLanguage":"en-GB","@id":"https:\/\/alibabette-editions.com\/boutique\/les-carnets\/carnet-a5\/opera\/#primaryimage","url":"https:\/\/alibabette-editions.com\/wp-content\/uploads\/ca1b013-r.jpg","contentUrl":"https:\/\/alibabette-editions.com\/wp-content\/uploads\/ca1b013-r.jpg","width":1500,"height":1500},{"@type":"BreadcrumbList","@id":"https:\/\/alibabette-editions.com\/boutique\/les-carnets\/carnet-a5\/opera\/#breadcrumb","itemListElement":[{"@type":"ListItem","position":1,"name":"Accueil","item":"https:\/\/alibabette-editions.com\/"},{"@type":"ListItem","position":2,"name":"Tout voir","item":"https:\/\/alibabette-editions.com\/boutique\/"},{"@type":"ListItem","position":3,"name":"Op\u00e9ra"}]},{"@type":"WebSite","@id":"https:\/\/alibabette-editions.com\/#website","url":"https:\/\/alibabette-editions.com\/","name":"Alibabette Editions","description":"","potentialAction":[{"@type":"SearchAction","target":{"@type":"EntryPoint","urlTemplate":"https:\/\/alibabette-editions.com\/?s={search_term_string}"},"query-input":{"@type":"PropertyValueSpecification","valueRequired":true,"valueName":"search_term_string"}}],"inLanguage":"en-GB"}]}},"_links":{"self":[{"href":"https:\/\/alibabette-editions.com\/en\/wp-json\/wp\/v2\/product\/16114","targetHints":{"allow":["GET"]}}],"collection":[{"href":"https:\/\/alibabette-editions.com\/en\/wp-json\/wp\/v2\/product"}],"about":[{"href":"https:\/\/alibabette-editions.com\/en\/wp-json\/wp\/v2\/types\/product"}],"wp:featuredmedia":[{"embeddable":true,"href":"https:\/\/alibabette-editions.com\/en\/wp-json\/wp\/v2\/media\/16115"}],"wp:attachment":[{"href":"https:\/\/alibabette-editions.com\/en\/wp-json\/wp\/v2\/media?parent=16114"}],"wp:term":[{"taxonomy":"product_brand","embeddable":true,"href":"https:\/\/alibabette-editions.com\/en\/wp-json\/wp\/v2\/product_brand?post=16114"},{"taxonomy":"product_cat","embeddable":true,"href":"https:\/\/alibabette-editions.com\/en\/wp-json\/wp\/v2\/product_cat?post=16114"},{"taxonomy":"product_tag","embeddable":true,"href":"https:\/\/alibabette-editions.com\/en\/wp-json\/wp\/v2\/product_tag?post=16114"}],"curies":[{"name":"wp","href":"https:\/\/api.w.org\/{rel}","templated":true}]}}