{"id":16093,"date":"2018-02-26T18:58:20","date_gmt":"2018-02-26T17:58:20","guid":{"rendered":"https:\/\/alibabette-editions.com\/boutique\/les-coloriages\/curiosites\/"},"modified":"2023-08-05T06:52:34","modified_gmt":"2023-08-05T04:52:34","slug":"curiosites","status":"publish","type":"product","link":"https:\/\/alibabette-editions.com\/en\/boutique\/les-coloriages\/les-grandes-gravures\/curiosites\/","title":{"rendered":"Curiosit\u00e9s"},"content":{"rendered":"","protected":false},"excerpt":{"rendered":"<p>Voil\u00e0 un joli petit cabinet de curiosit\u00e9s \u00e0 colorier, tr\u00e8s semblable \u00e0 ceux qui, d\u00e8s la Renaissance, rassemblaient toutes sortes de \u00ab\u00a0merveilles\u00a0\u00bb de la nature\u00a0: animaux exotiques, fossiles, coquillages\u2026<br \/>\nIllustration originale de Happy Remix Productions<\/p>\n<p>Gravure \u00e0 colorier<br \/>\nFormat 30 x 40\u2009cm (standard pour encadrements)<br \/>\nChaque set contient 1 feuille de papier aquarelle 300\u00a0g blanc naturel<br \/>\n+ 1 feuille de papier 100\u2009g (imprim\u00e9e avec la m\u00eame image) pour essais.<br \/>\nLe papier convient \u00e0 toutes techniques de coloriage\u2009: aquarelle, crayons, pastels, feutres, etc.<\/p>","protected":false},"featured_media":16096,"template":"","meta":[],"product_brand":[],"product_cat":[540,542],"product_tag":[],"class_list":{"0":"post-16093","1":"product","2":"type-product","3":"status-publish","4":"has-post-thumbnail","6":"product_cat-les-coloriages","7":"product_cat-les-grandes-gravures","9":"first","10":"instock","11":"taxable","12":"shipping-taxable","13":"purchasable","14":"product-type-simple"},"yoast_head":"<!-- This site is optimized with the Yoast SEO plugin v26.8 - https:\/\/yoast.com\/product\/yoast-seo-wordpress\/ -->\n<title>Curiosit\u00e9s - Alibabette Editions<\/title>\n<meta name=\"robots\" content=\"index, follow, max-snippet:-1, max-image-preview:large, max-video-preview:-1\" \/>\n<link rel=\"canonical\" href=\"https:\/\/alibabette-editions.com\/en\/boutique\/les-coloriages\/les-grandes-gravures\/curiosites\/\" \/>\n<meta property=\"og:locale\" content=\"en_GB\" \/>\n<meta property=\"og:type\" content=\"article\" \/>\n<meta property=\"og:title\" content=\"Curiosit\u00e9s - Alibabette Editions\" \/>\n<meta property=\"og:description\" content=\"Voil\u00e0 un joli petit cabinet de curiosit\u00e9s \u00e0 colorier, tr\u00e8s semblable \u00e0 ceux qui, d\u00e8s la Renaissance, rassemblaient toutes sortes de \u00ab\u00a0merveilles\u00a0\u00bb de la nature\u00a0: animaux exotiques, fossiles, coquillages\u2026 Illustration originale de Happy Remix Productions  Gravure \u00e0 colorier Format 30 x 40\u2009cm (standard pour encadrements) Chaque set contient 1 feuille de papier aquarelle 300\u00a0g blanc naturel + 1 feuille de papier 100\u2009g (imprim\u00e9e avec la m\u00eame image) pour essais. Le papier convient \u00e0 toutes techniques de coloriage\u2009: aquarelle, crayons, pastels, feutres, etc.\" \/>\n<meta property=\"og:url\" content=\"https:\/\/alibabette-editions.com\/en\/boutique\/les-coloriages\/les-grandes-gravures\/curiosites\/\" \/>\n<meta property=\"og:site_name\" content=\"Alibabette Editions\" \/>\n<meta property=\"article:modified_time\" content=\"2023-08-05T04:52:34+00:00\" \/>\n<meta property=\"og:image\" content=\"https:\/\/alibabette-editions.com\/wp-content\/uploads\/col4011-g.jpg\" \/>\n\t<meta property=\"og:image:width\" content=\"1500\" \/>\n\t<meta property=\"og:image:height\" content=\"1500\" \/>\n\t<meta property=\"og:image:type\" content=\"image\/jpeg\" \/>\n<meta name=\"twitter:card\" content=\"summary_large_image\" \/>\n<script type=\"application\/ld+json\" class=\"yoast-schema-graph\">{\"@context\":\"https:\/\/schema.org\",\"@graph\":[{\"@type\":\"WebPage\",\"@id\":\"https:\/\/alibabette-editions.com\/boutique\/les-coloriages\/les-grandes-gravures\/curiosites\/\",\"url\":\"https:\/\/alibabette-editions.com\/boutique\/les-coloriages\/les-grandes-gravures\/curiosites\/\",\"name\":\"Curiosit\u00e9s - Alibabette Editions\",\"isPartOf\":{\"@id\":\"https:\/\/alibabette-editions.com\/#website\"},\"primaryImageOfPage\":{\"@id\":\"https:\/\/alibabette-editions.com\/boutique\/les-coloriages\/les-grandes-gravures\/curiosites\/#primaryimage\"},\"image\":{\"@id\":\"https:\/\/alibabette-editions.com\/boutique\/les-coloriages\/les-grandes-gravures\/curiosites\/#primaryimage\"},\"thumbnailUrl\":\"https:\/\/alibabette-editions.com\/wp-content\/uploads\/col4011-g.jpg\",\"datePublished\":\"2018-02-26T17:58:20+00:00\",\"dateModified\":\"2023-08-05T04:52:34+00:00\",\"breadcrumb\":{\"@id\":\"https:\/\/alibabette-editions.com\/boutique\/les-coloriages\/les-grandes-gravures\/curiosites\/#breadcrumb\"},\"inLanguage\":\"en-GB\",\"potentialAction\":[{\"@type\":\"ReadAction\",\"target\":[\"https:\/\/alibabette-editions.com\/boutique\/les-coloriages\/les-grandes-gravures\/curiosites\/\"]}]},{\"@type\":\"ImageObject\",\"inLanguage\":\"en-GB\",\"@id\":\"https:\/\/alibabette-editions.com\/boutique\/les-coloriages\/les-grandes-gravures\/curiosites\/#primaryimage\",\"url\":\"https:\/\/alibabette-editions.com\/wp-content\/uploads\/col4011-g.jpg\",\"contentUrl\":\"https:\/\/alibabette-editions.com\/wp-content\/uploads\/col4011-g.jpg\",\"width\":1500,\"height\":1500},{\"@type\":\"BreadcrumbList\",\"@id\":\"https:\/\/alibabette-editions.com\/boutique\/les-coloriages\/les-grandes-gravures\/curiosites\/#breadcrumb\",\"itemListElement\":[{\"@type\":\"ListItem\",\"position\":1,\"name\":\"Accueil\",\"item\":\"https:\/\/alibabette-editions.com\/\"},{\"@type\":\"ListItem\",\"position\":2,\"name\":\"Tout voir\",\"item\":\"https:\/\/alibabette-editions.com\/boutique\/\"},{\"@type\":\"ListItem\",\"position\":3,\"name\":\"Curiosit\u00e9s\"}]},{\"@type\":\"WebSite\",\"@id\":\"https:\/\/alibabette-editions.com\/#website\",\"url\":\"https:\/\/alibabette-editions.com\/\",\"name\":\"Alibabette Editions\",\"description\":\"\",\"potentialAction\":[{\"@type\":\"SearchAction\",\"target\":{\"@type\":\"EntryPoint\",\"urlTemplate\":\"https:\/\/alibabette-editions.com\/?s={search_term_string}\"},\"query-input\":{\"@type\":\"PropertyValueSpecification\",\"valueRequired\":true,\"valueName\":\"search_term_string\"}}],\"inLanguage\":\"en-GB\"}]}<\/script>\n<!-- \/ Yoast SEO plugin. -->","yoast_head_json":{"title":"Curiosit\u00e9s - Alibabette Editions","robots":{"index":"index","follow":"follow","max-snippet":"max-snippet:-1","max-image-preview":"max-image-preview:large","max-video-preview":"max-video-preview:-1"},"canonical":"https:\/\/alibabette-editions.com\/en\/boutique\/les-coloriages\/les-grandes-gravures\/curiosites\/","og_locale":"en_GB","og_type":"article","og_title":"Curiosit\u00e9s - Alibabette Editions","og_description":"Voil\u00e0 un joli petit cabinet de curiosit\u00e9s \u00e0 colorier, tr\u00e8s semblable \u00e0 ceux qui, d\u00e8s la Renaissance, rassemblaient toutes sortes de \u00ab\u00a0merveilles\u00a0\u00bb de la nature\u00a0: animaux exotiques, fossiles, coquillages\u2026 Illustration originale de Happy Remix Productions  Gravure \u00e0 colorier Format 30 x 40\u2009cm (standard pour encadrements) Chaque set contient 1 feuille de papier aquarelle 300\u00a0g blanc naturel + 1 feuille de papier 100\u2009g (imprim\u00e9e avec la m\u00eame image) pour essais. Le papier convient \u00e0 toutes techniques de coloriage\u2009: aquarelle, crayons, pastels, feutres, etc.","og_url":"https:\/\/alibabette-editions.com\/en\/boutique\/les-coloriages\/les-grandes-gravures\/curiosites\/","og_site_name":"Alibabette Editions","article_modified_time":"2023-08-05T04:52:34+00:00","og_image":[{"width":1500,"height":1500,"url":"https:\/\/alibabette-editions.com\/wp-content\/uploads\/col4011-g.jpg","type":"image\/jpeg"}],"twitter_card":"summary_large_image","schema":{"@context":"https:\/\/schema.org","@graph":[{"@type":"WebPage","@id":"https:\/\/alibabette-editions.com\/boutique\/les-coloriages\/les-grandes-gravures\/curiosites\/","url":"https:\/\/alibabette-editions.com\/boutique\/les-coloriages\/les-grandes-gravures\/curiosites\/","name":"Curiosit\u00e9s - Alibabette Editions","isPartOf":{"@id":"https:\/\/alibabette-editions.com\/#website"},"primaryImageOfPage":{"@id":"https:\/\/alibabette-editions.com\/boutique\/les-coloriages\/les-grandes-gravures\/curiosites\/#primaryimage"},"image":{"@id":"https:\/\/alibabette-editions.com\/boutique\/les-coloriages\/les-grandes-gravures\/curiosites\/#primaryimage"},"thumbnailUrl":"https:\/\/alibabette-editions.com\/wp-content\/uploads\/col4011-g.jpg","datePublished":"2018-02-26T17:58:20+00:00","dateModified":"2023-08-05T04:52:34+00:00","breadcrumb":{"@id":"https:\/\/alibabette-editions.com\/boutique\/les-coloriages\/les-grandes-gravures\/curiosites\/#breadcrumb"},"inLanguage":"en-GB","potentialAction":[{"@type":"ReadAction","target":["https:\/\/alibabette-editions.com\/boutique\/les-coloriages\/les-grandes-gravures\/curiosites\/"]}]},{"@type":"ImageObject","inLanguage":"en-GB","@id":"https:\/\/alibabette-editions.com\/boutique\/les-coloriages\/les-grandes-gravures\/curiosites\/#primaryimage","url":"https:\/\/alibabette-editions.com\/wp-content\/uploads\/col4011-g.jpg","contentUrl":"https:\/\/alibabette-editions.com\/wp-content\/uploads\/col4011-g.jpg","width":1500,"height":1500},{"@type":"BreadcrumbList","@id":"https:\/\/alibabette-editions.com\/boutique\/les-coloriages\/les-grandes-gravures\/curiosites\/#breadcrumb","itemListElement":[{"@type":"ListItem","position":1,"name":"Accueil","item":"https:\/\/alibabette-editions.com\/"},{"@type":"ListItem","position":2,"name":"Tout voir","item":"https:\/\/alibabette-editions.com\/boutique\/"},{"@type":"ListItem","position":3,"name":"Curiosit\u00e9s"}]},{"@type":"WebSite","@id":"https:\/\/alibabette-editions.com\/#website","url":"https:\/\/alibabette-editions.com\/","name":"Alibabette Editions","description":"","potentialAction":[{"@type":"SearchAction","target":{"@type":"EntryPoint","urlTemplate":"https:\/\/alibabette-editions.com\/?s={search_term_string}"},"query-input":{"@type":"PropertyValueSpecification","valueRequired":true,"valueName":"search_term_string"}}],"inLanguage":"en-GB"}]}},"_links":{"self":[{"href":"https:\/\/alibabette-editions.com\/en\/wp-json\/wp\/v2\/product\/16093","targetHints":{"allow":["GET"]}}],"collection":[{"href":"https:\/\/alibabette-editions.com\/en\/wp-json\/wp\/v2\/product"}],"about":[{"href":"https:\/\/alibabette-editions.com\/en\/wp-json\/wp\/v2\/types\/product"}],"wp:featuredmedia":[{"embeddable":true,"href":"https:\/\/alibabette-editions.com\/en\/wp-json\/wp\/v2\/media\/16096"}],"wp:attachment":[{"href":"https:\/\/alibabette-editions.com\/en\/wp-json\/wp\/v2\/media?parent=16093"}],"wp:term":[{"taxonomy":"product_brand","embeddable":true,"href":"https:\/\/alibabette-editions.com\/en\/wp-json\/wp\/v2\/product_brand?post=16093"},{"taxonomy":"product_cat","embeddable":true,"href":"https:\/\/alibabette-editions.com\/en\/wp-json\/wp\/v2\/product_cat?post=16093"},{"taxonomy":"product_tag","embeddable":true,"href":"https:\/\/alibabette-editions.com\/en\/wp-json\/wp\/v2\/product_tag?post=16093"}],"curies":[{"name":"wp","href":"https:\/\/api.w.org\/{rel}","templated":true}]}}