{"id":16046,"date":"2018-02-13T15:52:04","date_gmt":"2018-02-13T14:52:04","guid":{"rendered":"https:\/\/alibabette-editions.com\/boutique\/les-etiquettes-les-sticky-notes\/chemises\/tennis-club\/"},"modified":"2023-08-05T06:52:32","modified_gmt":"2023-08-05T04:52:32","slug":"tennis-club","status":"publish","type":"product","link":"https:\/\/alibabette-editions.com\/en\/boutique\/ranger-s-organiser\/chemises\/tennis-club\/","title":{"rendered":"Tennis club"},"content":{"rendered":"","protected":false},"excerpt":{"rendered":"<p>Des chemises carton pour tout ranger et que ce soit beau sur le bureau\u00a0!<\/p>\n<p>Toujours chic et \u00e9l\u00e9gante\u00a0: la rayure tennis\u00a0! Sur fond marine pour l\u2019hiver, et blanc cass\u00e9 pour l\u2019\u00e9t\u00e9. Soyons fou, osons les carreaux, en demi-saison\u00a0!!<\/p>\n<p>&nbsp;<\/p>\n<p>&nbsp;<\/p>\n<p>Set de 3 chemises assorties<\/p>\n<p>Format des chemises 24 x 32 cm<br \/>\nCarte 300 g mate<br \/>\n\u00c9tiquette sur la chemise pour noter ce qu\u2019elle contient<\/p>\n<p>Grande \u00e9tiquette \u00e0 l\u2019int\u00e9rieur pour d\u00e9tailler le contenu de la chemise ou noter des renseignements utiles (n\u00b0 de t\u00e9l\u00e9phone, dates, r\u00e9f\u00e9rences, etc.)<\/p>","protected":false},"featured_media":16048,"template":"","meta":[],"product_brand":[],"product_cat":[572],"product_tag":[321,346],"class_list":{"0":"post-16046","1":"product","2":"type-product","3":"status-publish","4":"has-post-thumbnail","6":"product_cat-chemises","7":"product_tag-pour-un-homme","8":"product_tag-rayures","10":"first","11":"instock","12":"taxable","13":"shipping-taxable","14":"purchasable","15":"product-type-simple"},"yoast_head":"<!-- This site is optimized with the Yoast SEO plugin v26.8 - https:\/\/yoast.com\/product\/yoast-seo-wordpress\/ -->\n<title>Tennis club - Alibabette Editions<\/title>\n<meta name=\"robots\" content=\"index, follow, max-snippet:-1, max-image-preview:large, max-video-preview:-1\" \/>\n<link rel=\"canonical\" href=\"https:\/\/alibabette-editions.com\/en\/boutique\/ranger-s-organiser\/chemises\/tennis-club\/\" \/>\n<meta property=\"og:locale\" content=\"en_GB\" \/>\n<meta property=\"og:type\" content=\"article\" \/>\n<meta property=\"og:title\" content=\"Tennis club - Alibabette Editions\" \/>\n<meta property=\"og:description\" content=\"Des chemises carton pour tout ranger et que ce soit beau sur le bureau\u00a0! Toujours chic et \u00e9l\u00e9gante\u00a0: la rayure tennis\u00a0! Sur fond marine pour l\u2019hiver, et blanc cass\u00e9 pour l\u2019\u00e9t\u00e9. Soyons fou, osons les carreaux, en demi-saison\u00a0!! &nbsp; &nbsp; Set de 3 chemises assorties Format des chemises 24 x 32 cm Carte 300 g mate \u00c9tiquette sur la chemise pour noter ce qu\u2019elle contient Grande \u00e9tiquette \u00e0 l\u2019int\u00e9rieur pour d\u00e9tailler le contenu de la chemise ou noter des renseignements utiles (n\u00b0 de t\u00e9l\u00e9phone, dates, r\u00e9f\u00e9rences, etc.)\" \/>\n<meta property=\"og:url\" content=\"https:\/\/alibabette-editions.com\/en\/boutique\/ranger-s-organiser\/chemises\/tennis-club\/\" \/>\n<meta property=\"og:site_name\" content=\"Alibabette Editions\" \/>\n<meta property=\"article:modified_time\" content=\"2023-08-05T04:52:32+00:00\" \/>\n<meta property=\"og:image\" content=\"https:\/\/alibabette-editions.com\/wp-content\/uploads\/chem03-abc-r.jpg\" \/>\n\t<meta property=\"og:image:width\" content=\"1500\" \/>\n\t<meta property=\"og:image:height\" content=\"1500\" \/>\n\t<meta property=\"og:image:type\" content=\"image\/jpeg\" \/>\n<meta name=\"twitter:card\" content=\"summary_large_image\" \/>\n<script type=\"application\/ld+json\" class=\"yoast-schema-graph\">{\"@context\":\"https:\/\/schema.org\",\"@graph\":[{\"@type\":\"WebPage\",\"@id\":\"https:\/\/alibabette-editions.com\/boutique\/ranger-s-organiser\/chemises\/tennis-club\/\",\"url\":\"https:\/\/alibabette-editions.com\/boutique\/ranger-s-organiser\/chemises\/tennis-club\/\",\"name\":\"Tennis club - Alibabette Editions\",\"isPartOf\":{\"@id\":\"https:\/\/alibabette-editions.com\/#website\"},\"primaryImageOfPage\":{\"@id\":\"https:\/\/alibabette-editions.com\/boutique\/ranger-s-organiser\/chemises\/tennis-club\/#primaryimage\"},\"image\":{\"@id\":\"https:\/\/alibabette-editions.com\/boutique\/ranger-s-organiser\/chemises\/tennis-club\/#primaryimage\"},\"thumbnailUrl\":\"https:\/\/alibabette-editions.com\/wp-content\/uploads\/chem03-abc-r.jpg\",\"datePublished\":\"2018-02-13T14:52:04+00:00\",\"dateModified\":\"2023-08-05T04:52:32+00:00\",\"breadcrumb\":{\"@id\":\"https:\/\/alibabette-editions.com\/boutique\/ranger-s-organiser\/chemises\/tennis-club\/#breadcrumb\"},\"inLanguage\":\"en-GB\",\"potentialAction\":[{\"@type\":\"ReadAction\",\"target\":[\"https:\/\/alibabette-editions.com\/boutique\/ranger-s-organiser\/chemises\/tennis-club\/\"]}]},{\"@type\":\"ImageObject\",\"inLanguage\":\"en-GB\",\"@id\":\"https:\/\/alibabette-editions.com\/boutique\/ranger-s-organiser\/chemises\/tennis-club\/#primaryimage\",\"url\":\"https:\/\/alibabette-editions.com\/wp-content\/uploads\/chem03-abc-r.jpg\",\"contentUrl\":\"https:\/\/alibabette-editions.com\/wp-content\/uploads\/chem03-abc-r.jpg\",\"width\":1500,\"height\":1500},{\"@type\":\"BreadcrumbList\",\"@id\":\"https:\/\/alibabette-editions.com\/boutique\/ranger-s-organiser\/chemises\/tennis-club\/#breadcrumb\",\"itemListElement\":[{\"@type\":\"ListItem\",\"position\":1,\"name\":\"Accueil\",\"item\":\"https:\/\/alibabette-editions.com\/\"},{\"@type\":\"ListItem\",\"position\":2,\"name\":\"Tout voir\",\"item\":\"https:\/\/alibabette-editions.com\/boutique\/\"},{\"@type\":\"ListItem\",\"position\":3,\"name\":\"Tennis club\"}]},{\"@type\":\"WebSite\",\"@id\":\"https:\/\/alibabette-editions.com\/#website\",\"url\":\"https:\/\/alibabette-editions.com\/\",\"name\":\"Alibabette Editions\",\"description\":\"\",\"potentialAction\":[{\"@type\":\"SearchAction\",\"target\":{\"@type\":\"EntryPoint\",\"urlTemplate\":\"https:\/\/alibabette-editions.com\/?s={search_term_string}\"},\"query-input\":{\"@type\":\"PropertyValueSpecification\",\"valueRequired\":true,\"valueName\":\"search_term_string\"}}],\"inLanguage\":\"en-GB\"}]}<\/script>\n<!-- \/ Yoast SEO plugin. -->","yoast_head_json":{"title":"Tennis club - Alibabette Editions","robots":{"index":"index","follow":"follow","max-snippet":"max-snippet:-1","max-image-preview":"max-image-preview:large","max-video-preview":"max-video-preview:-1"},"canonical":"https:\/\/alibabette-editions.com\/en\/boutique\/ranger-s-organiser\/chemises\/tennis-club\/","og_locale":"en_GB","og_type":"article","og_title":"Tennis club - Alibabette Editions","og_description":"Des chemises carton pour tout ranger et que ce soit beau sur le bureau\u00a0! Toujours chic et \u00e9l\u00e9gante\u00a0: la rayure tennis\u00a0! Sur fond marine pour l\u2019hiver, et blanc cass\u00e9 pour l\u2019\u00e9t\u00e9. Soyons fou, osons les carreaux, en demi-saison\u00a0!! &nbsp; &nbsp; Set de 3 chemises assorties Format des chemises 24 x 32 cm Carte 300 g mate \u00c9tiquette sur la chemise pour noter ce qu\u2019elle contient Grande \u00e9tiquette \u00e0 l\u2019int\u00e9rieur pour d\u00e9tailler le contenu de la chemise ou noter des renseignements utiles (n\u00b0 de t\u00e9l\u00e9phone, dates, r\u00e9f\u00e9rences, etc.)","og_url":"https:\/\/alibabette-editions.com\/en\/boutique\/ranger-s-organiser\/chemises\/tennis-club\/","og_site_name":"Alibabette Editions","article_modified_time":"2023-08-05T04:52:32+00:00","og_image":[{"width":1500,"height":1500,"url":"https:\/\/alibabette-editions.com\/wp-content\/uploads\/chem03-abc-r.jpg","type":"image\/jpeg"}],"twitter_card":"summary_large_image","schema":{"@context":"https:\/\/schema.org","@graph":[{"@type":"WebPage","@id":"https:\/\/alibabette-editions.com\/boutique\/ranger-s-organiser\/chemises\/tennis-club\/","url":"https:\/\/alibabette-editions.com\/boutique\/ranger-s-organiser\/chemises\/tennis-club\/","name":"Tennis club - Alibabette Editions","isPartOf":{"@id":"https:\/\/alibabette-editions.com\/#website"},"primaryImageOfPage":{"@id":"https:\/\/alibabette-editions.com\/boutique\/ranger-s-organiser\/chemises\/tennis-club\/#primaryimage"},"image":{"@id":"https:\/\/alibabette-editions.com\/boutique\/ranger-s-organiser\/chemises\/tennis-club\/#primaryimage"},"thumbnailUrl":"https:\/\/alibabette-editions.com\/wp-content\/uploads\/chem03-abc-r.jpg","datePublished":"2018-02-13T14:52:04+00:00","dateModified":"2023-08-05T04:52:32+00:00","breadcrumb":{"@id":"https:\/\/alibabette-editions.com\/boutique\/ranger-s-organiser\/chemises\/tennis-club\/#breadcrumb"},"inLanguage":"en-GB","potentialAction":[{"@type":"ReadAction","target":["https:\/\/alibabette-editions.com\/boutique\/ranger-s-organiser\/chemises\/tennis-club\/"]}]},{"@type":"ImageObject","inLanguage":"en-GB","@id":"https:\/\/alibabette-editions.com\/boutique\/ranger-s-organiser\/chemises\/tennis-club\/#primaryimage","url":"https:\/\/alibabette-editions.com\/wp-content\/uploads\/chem03-abc-r.jpg","contentUrl":"https:\/\/alibabette-editions.com\/wp-content\/uploads\/chem03-abc-r.jpg","width":1500,"height":1500},{"@type":"BreadcrumbList","@id":"https:\/\/alibabette-editions.com\/boutique\/ranger-s-organiser\/chemises\/tennis-club\/#breadcrumb","itemListElement":[{"@type":"ListItem","position":1,"name":"Accueil","item":"https:\/\/alibabette-editions.com\/"},{"@type":"ListItem","position":2,"name":"Tout voir","item":"https:\/\/alibabette-editions.com\/boutique\/"},{"@type":"ListItem","position":3,"name":"Tennis club"}]},{"@type":"WebSite","@id":"https:\/\/alibabette-editions.com\/#website","url":"https:\/\/alibabette-editions.com\/","name":"Alibabette Editions","description":"","potentialAction":[{"@type":"SearchAction","target":{"@type":"EntryPoint","urlTemplate":"https:\/\/alibabette-editions.com\/?s={search_term_string}"},"query-input":{"@type":"PropertyValueSpecification","valueRequired":true,"valueName":"search_term_string"}}],"inLanguage":"en-GB"}]}},"_links":{"self":[{"href":"https:\/\/alibabette-editions.com\/en\/wp-json\/wp\/v2\/product\/16046","targetHints":{"allow":["GET"]}}],"collection":[{"href":"https:\/\/alibabette-editions.com\/en\/wp-json\/wp\/v2\/product"}],"about":[{"href":"https:\/\/alibabette-editions.com\/en\/wp-json\/wp\/v2\/types\/product"}],"wp:featuredmedia":[{"embeddable":true,"href":"https:\/\/alibabette-editions.com\/en\/wp-json\/wp\/v2\/media\/16048"}],"wp:attachment":[{"href":"https:\/\/alibabette-editions.com\/en\/wp-json\/wp\/v2\/media?parent=16046"}],"wp:term":[{"taxonomy":"product_brand","embeddable":true,"href":"https:\/\/alibabette-editions.com\/en\/wp-json\/wp\/v2\/product_brand?post=16046"},{"taxonomy":"product_cat","embeddable":true,"href":"https:\/\/alibabette-editions.com\/en\/wp-json\/wp\/v2\/product_cat?post=16046"},{"taxonomy":"product_tag","embeddable":true,"href":"https:\/\/alibabette-editions.com\/en\/wp-json\/wp\/v2\/product_tag?post=16046"}],"curies":[{"name":"wp","href":"https:\/\/api.w.org\/{rel}","templated":true}]}}