{"id":15655,"date":"2017-02-17T18:29:14","date_gmt":"2017-02-17T17:29:14","guid":{"rendered":"http:\/\/www.alibabette-editions.info\/boutique\/les-coloriages\/chats-de-paris\/"},"modified":"2023-08-13T08:11:00","modified_gmt":"2023-08-13T06:11:00","slug":"chats-de-paris","status":"publish","type":"product","link":"https:\/\/alibabette-editions.com\/en\/boutique\/les-coloriages\/les-grandes-gravures\/chats-de-paris\/","title":{"rendered":"Les chats de Paris"},"content":{"rendered":"","protected":false},"excerpt":{"rendered":"<p>Gravure \u00e0 colorier<br \/>\nFormat 30 x 40\u2009cm (standard pour encadrements)<br \/>\nChaque set contient 1 feuille de papier aquarelle 300\u00a0g blanc naturel<br \/>\n+ 1 feuille de papier 100\u2009g (imprim\u00e9e avec la m\u00eame image) pour essais.<br \/>\nLe papier convient \u00e0 toutes techniques de coloriage\u2009: aquarelle, crayons, pastels, feutres, etc.<br \/>\nIllustration originale de Grandville (1803-1847) adapt\u00e9e par Happy Remix Productions. Bien s\u00fbr, la tour Eiffel a \u00e9t\u00e9 ajout\u00e9e puisqu\u2019elle a \u00e9t\u00e9 construite bien apr\u00e8s la mort de Grandville.<\/p>","protected":false},"featured_media":21200,"template":"","meta":[],"product_brand":[],"product_cat":[540,542],"product_tag":[580,528,325,280,591,281,417],"class_list":{"0":"post-15655","1":"product","2":"type-product","3":"status-publish","4":"has-post-thumbnail","6":"product_cat-les-coloriages","7":"product_cat-les-grandes-gravures","8":"product_tag-crayons-de-couleur","9":"product_tag-gravure","10":"product_tag-papier-a-dessin","11":"product_tag-paris","12":"product_tag-paris-for-ever","13":"product_tag-tour-eiffel","14":"product_tag-vintage","16":"first","17":"instock","18":"taxable","19":"shipping-taxable","20":"purchasable","21":"product-type-simple"},"yoast_head":"<!-- This site is optimized with the Yoast SEO plugin v26.8 - https:\/\/yoast.com\/product\/yoast-seo-wordpress\/ -->\n<title>Les chats de Paris - Alibabette Editions<\/title>\n<meta name=\"robots\" content=\"index, follow, max-snippet:-1, max-image-preview:large, max-video-preview:-1\" \/>\n<link rel=\"canonical\" href=\"https:\/\/alibabette-editions.com\/en\/boutique\/les-coloriages\/les-grandes-gravures\/chats-de-paris\/\" \/>\n<meta property=\"og:locale\" content=\"en_GB\" \/>\n<meta property=\"og:type\" content=\"article\" \/>\n<meta property=\"og:title\" content=\"Les chats de Paris - Alibabette Editions\" \/>\n<meta property=\"og:description\" content=\"Gravure \u00e0 colorier Format 30 x 40\u2009cm (standard pour encadrements) Chaque set contient 1 feuille de papier aquarelle 300\u00a0g blanc naturel + 1 feuille de papier 100\u2009g (imprim\u00e9e avec la m\u00eame image) pour essais. Le papier convient \u00e0 toutes techniques de coloriage\u2009: aquarelle, crayons, pastels, feutres, etc. Illustration originale de Grandville (1803-1847) adapt\u00e9e par Happy Remix Productions. Bien s\u00fbr, la tour Eiffel a \u00e9t\u00e9 ajout\u00e9e puisqu\u2019elle a \u00e9t\u00e9 construite bien apr\u00e8s la mort de Grandville.\" \/>\n<meta property=\"og:url\" content=\"https:\/\/alibabette-editions.com\/en\/boutique\/les-coloriages\/les-grandes-gravures\/chats-de-paris\/\" \/>\n<meta property=\"og:site_name\" content=\"Alibabette Editions\" \/>\n<meta property=\"article:modified_time\" content=\"2023-08-13T06:11:00+00:00\" \/>\n<meta property=\"og:image\" content=\"https:\/\/alibabette-editions.com\/wp-content\/uploads\/COL4003-G.jpeg\" \/>\n\t<meta property=\"og:image:width\" content=\"1500\" \/>\n\t<meta property=\"og:image:height\" content=\"1500\" \/>\n\t<meta property=\"og:image:type\" content=\"image\/jpeg\" \/>\n<meta name=\"twitter:card\" content=\"summary_large_image\" \/>\n<script type=\"application\/ld+json\" class=\"yoast-schema-graph\">{\"@context\":\"https:\/\/schema.org\",\"@graph\":[{\"@type\":\"WebPage\",\"@id\":\"https:\/\/alibabette-editions.com\/boutique\/les-coloriages\/les-grandes-gravures\/chats-de-paris\/\",\"url\":\"https:\/\/alibabette-editions.com\/boutique\/les-coloriages\/les-grandes-gravures\/chats-de-paris\/\",\"name\":\"Les chats de Paris - Alibabette Editions\",\"isPartOf\":{\"@id\":\"https:\/\/alibabette-editions.com\/#website\"},\"primaryImageOfPage\":{\"@id\":\"https:\/\/alibabette-editions.com\/boutique\/les-coloriages\/les-grandes-gravures\/chats-de-paris\/#primaryimage\"},\"image\":{\"@id\":\"https:\/\/alibabette-editions.com\/boutique\/les-coloriages\/les-grandes-gravures\/chats-de-paris\/#primaryimage\"},\"thumbnailUrl\":\"https:\/\/alibabette-editions.com\/wp-content\/uploads\/COL4003-G.jpeg\",\"datePublished\":\"2017-02-17T17:29:14+00:00\",\"dateModified\":\"2023-08-13T06:11:00+00:00\",\"breadcrumb\":{\"@id\":\"https:\/\/alibabette-editions.com\/boutique\/les-coloriages\/les-grandes-gravures\/chats-de-paris\/#breadcrumb\"},\"inLanguage\":\"en-GB\",\"potentialAction\":[{\"@type\":\"ReadAction\",\"target\":[\"https:\/\/alibabette-editions.com\/boutique\/les-coloriages\/les-grandes-gravures\/chats-de-paris\/\"]}]},{\"@type\":\"ImageObject\",\"inLanguage\":\"en-GB\",\"@id\":\"https:\/\/alibabette-editions.com\/boutique\/les-coloriages\/les-grandes-gravures\/chats-de-paris\/#primaryimage\",\"url\":\"https:\/\/alibabette-editions.com\/wp-content\/uploads\/COL4003-G.jpeg\",\"contentUrl\":\"https:\/\/alibabette-editions.com\/wp-content\/uploads\/COL4003-G.jpeg\",\"width\":1500,\"height\":1500},{\"@type\":\"BreadcrumbList\",\"@id\":\"https:\/\/alibabette-editions.com\/boutique\/les-coloriages\/les-grandes-gravures\/chats-de-paris\/#breadcrumb\",\"itemListElement\":[{\"@type\":\"ListItem\",\"position\":1,\"name\":\"Accueil\",\"item\":\"https:\/\/alibabette-editions.com\/\"},{\"@type\":\"ListItem\",\"position\":2,\"name\":\"Tout voir\",\"item\":\"https:\/\/alibabette-editions.com\/boutique\/\"},{\"@type\":\"ListItem\",\"position\":3,\"name\":\"Les chats de Paris\"}]},{\"@type\":\"WebSite\",\"@id\":\"https:\/\/alibabette-editions.com\/#website\",\"url\":\"https:\/\/alibabette-editions.com\/\",\"name\":\"Alibabette Editions\",\"description\":\"\",\"potentialAction\":[{\"@type\":\"SearchAction\",\"target\":{\"@type\":\"EntryPoint\",\"urlTemplate\":\"https:\/\/alibabette-editions.com\/?s={search_term_string}\"},\"query-input\":{\"@type\":\"PropertyValueSpecification\",\"valueRequired\":true,\"valueName\":\"search_term_string\"}}],\"inLanguage\":\"en-GB\"}]}<\/script>\n<!-- \/ Yoast SEO plugin. -->","yoast_head_json":{"title":"Les chats de Paris - Alibabette Editions","robots":{"index":"index","follow":"follow","max-snippet":"max-snippet:-1","max-image-preview":"max-image-preview:large","max-video-preview":"max-video-preview:-1"},"canonical":"https:\/\/alibabette-editions.com\/en\/boutique\/les-coloriages\/les-grandes-gravures\/chats-de-paris\/","og_locale":"en_GB","og_type":"article","og_title":"Les chats de Paris - Alibabette Editions","og_description":"Gravure \u00e0 colorier Format 30 x 40\u2009cm (standard pour encadrements) Chaque set contient 1 feuille de papier aquarelle 300\u00a0g blanc naturel + 1 feuille de papier 100\u2009g (imprim\u00e9e avec la m\u00eame image) pour essais. Le papier convient \u00e0 toutes techniques de coloriage\u2009: aquarelle, crayons, pastels, feutres, etc. Illustration originale de Grandville (1803-1847) adapt\u00e9e par Happy Remix Productions. Bien s\u00fbr, la tour Eiffel a \u00e9t\u00e9 ajout\u00e9e puisqu\u2019elle a \u00e9t\u00e9 construite bien apr\u00e8s la mort de Grandville.","og_url":"https:\/\/alibabette-editions.com\/en\/boutique\/les-coloriages\/les-grandes-gravures\/chats-de-paris\/","og_site_name":"Alibabette Editions","article_modified_time":"2023-08-13T06:11:00+00:00","og_image":[{"width":1500,"height":1500,"url":"https:\/\/alibabette-editions.com\/wp-content\/uploads\/COL4003-G.jpeg","type":"image\/jpeg"}],"twitter_card":"summary_large_image","schema":{"@context":"https:\/\/schema.org","@graph":[{"@type":"WebPage","@id":"https:\/\/alibabette-editions.com\/boutique\/les-coloriages\/les-grandes-gravures\/chats-de-paris\/","url":"https:\/\/alibabette-editions.com\/boutique\/les-coloriages\/les-grandes-gravures\/chats-de-paris\/","name":"Les chats de Paris - Alibabette Editions","isPartOf":{"@id":"https:\/\/alibabette-editions.com\/#website"},"primaryImageOfPage":{"@id":"https:\/\/alibabette-editions.com\/boutique\/les-coloriages\/les-grandes-gravures\/chats-de-paris\/#primaryimage"},"image":{"@id":"https:\/\/alibabette-editions.com\/boutique\/les-coloriages\/les-grandes-gravures\/chats-de-paris\/#primaryimage"},"thumbnailUrl":"https:\/\/alibabette-editions.com\/wp-content\/uploads\/COL4003-G.jpeg","datePublished":"2017-02-17T17:29:14+00:00","dateModified":"2023-08-13T06:11:00+00:00","breadcrumb":{"@id":"https:\/\/alibabette-editions.com\/boutique\/les-coloriages\/les-grandes-gravures\/chats-de-paris\/#breadcrumb"},"inLanguage":"en-GB","potentialAction":[{"@type":"ReadAction","target":["https:\/\/alibabette-editions.com\/boutique\/les-coloriages\/les-grandes-gravures\/chats-de-paris\/"]}]},{"@type":"ImageObject","inLanguage":"en-GB","@id":"https:\/\/alibabette-editions.com\/boutique\/les-coloriages\/les-grandes-gravures\/chats-de-paris\/#primaryimage","url":"https:\/\/alibabette-editions.com\/wp-content\/uploads\/COL4003-G.jpeg","contentUrl":"https:\/\/alibabette-editions.com\/wp-content\/uploads\/COL4003-G.jpeg","width":1500,"height":1500},{"@type":"BreadcrumbList","@id":"https:\/\/alibabette-editions.com\/boutique\/les-coloriages\/les-grandes-gravures\/chats-de-paris\/#breadcrumb","itemListElement":[{"@type":"ListItem","position":1,"name":"Accueil","item":"https:\/\/alibabette-editions.com\/"},{"@type":"ListItem","position":2,"name":"Tout voir","item":"https:\/\/alibabette-editions.com\/boutique\/"},{"@type":"ListItem","position":3,"name":"Les chats de Paris"}]},{"@type":"WebSite","@id":"https:\/\/alibabette-editions.com\/#website","url":"https:\/\/alibabette-editions.com\/","name":"Alibabette Editions","description":"","potentialAction":[{"@type":"SearchAction","target":{"@type":"EntryPoint","urlTemplate":"https:\/\/alibabette-editions.com\/?s={search_term_string}"},"query-input":{"@type":"PropertyValueSpecification","valueRequired":true,"valueName":"search_term_string"}}],"inLanguage":"en-GB"}]}},"_links":{"self":[{"href":"https:\/\/alibabette-editions.com\/en\/wp-json\/wp\/v2\/product\/15655","targetHints":{"allow":["GET"]}}],"collection":[{"href":"https:\/\/alibabette-editions.com\/en\/wp-json\/wp\/v2\/product"}],"about":[{"href":"https:\/\/alibabette-editions.com\/en\/wp-json\/wp\/v2\/types\/product"}],"wp:featuredmedia":[{"embeddable":true,"href":"https:\/\/alibabette-editions.com\/en\/wp-json\/wp\/v2\/media\/21200"}],"wp:attachment":[{"href":"https:\/\/alibabette-editions.com\/en\/wp-json\/wp\/v2\/media?parent=15655"}],"wp:term":[{"taxonomy":"product_brand","embeddable":true,"href":"https:\/\/alibabette-editions.com\/en\/wp-json\/wp\/v2\/product_brand?post=15655"},{"taxonomy":"product_cat","embeddable":true,"href":"https:\/\/alibabette-editions.com\/en\/wp-json\/wp\/v2\/product_cat?post=15655"},{"taxonomy":"product_tag","embeddable":true,"href":"https:\/\/alibabette-editions.com\/en\/wp-json\/wp\/v2\/product_tag?post=15655"}],"curies":[{"name":"wp","href":"https:\/\/api.w.org\/{rel}","templated":true}]}}