{"id":15652,"date":"2017-02-17T18:12:10","date_gmt":"2017-02-17T17:12:10","guid":{"rendered":"http:\/\/www.alibabette-editions.info\/boutique\/les-coloriages\/what-time-is-it\/"},"modified":"2023-08-12T15:31:52","modified_gmt":"2023-08-12T13:31:52","slug":"what-time-is-it","status":"publish","type":"product","link":"https:\/\/alibabette-editions.com\/en\/boutique\/les-coloriages\/les-grandes-gravures\/what-time-is-it\/","title":{"rendered":"What time is it ?"},"content":{"rendered":"","protected":false},"excerpt":{"rendered":"<p>Gravure \u00e0 colorier<br \/>\nFormat 30 x 40\u2009cm (standard pour encadrements)<br \/>\nChaque set contient 1 feuille de papier aquarelle 300\u00a0g blanc naturel<br \/>\n+ 1 feuille de papier 100\u2009g (imprim\u00e9e avec la m\u00eame image) pour essais.<br \/>\nLe papier convient \u00e0 toutes techniques de coloriage\u2009: aquarelle, crayons, pastels, feutres, etc.<br \/>\nIllustration originale de John Tenniel (1820-1914) adapt\u00e9e par Happy Remix Productions. On s\u2019en souvient, The White Rabbit, dessin\u00e9 pour l\u2019\u00e9dition originale d\u2019<em>Alice au pays des merveilles <\/em>de Lewis Carroll, en 1865, est \u00ab\u00a0en retard, toujours en retard\u00a0\u00bb. Montre gousset ou pas\u00a0!<\/p>","protected":false},"featured_media":21180,"template":"","meta":[],"product_brand":[],"product_cat":[540,542],"product_tag":[580,528,325,417],"class_list":{"0":"post-15652","1":"product","2":"type-product","3":"status-publish","4":"has-post-thumbnail","6":"product_cat-les-coloriages","7":"product_cat-les-grandes-gravures","8":"product_tag-crayons-de-couleur","9":"product_tag-gravure","10":"product_tag-papier-a-dessin","11":"product_tag-vintage","13":"first","14":"instock","15":"taxable","16":"shipping-taxable","17":"purchasable","18":"product-type-simple"},"yoast_head":"<!-- This site is optimized with the Yoast SEO plugin v26.8 - https:\/\/yoast.com\/product\/yoast-seo-wordpress\/ -->\n<title>What time is it ? - Alibabette Editions<\/title>\n<meta name=\"robots\" content=\"index, follow, max-snippet:-1, max-image-preview:large, max-video-preview:-1\" \/>\n<link rel=\"canonical\" href=\"https:\/\/alibabette-editions.com\/en\/boutique\/les-coloriages\/les-grandes-gravures\/what-time-is-it\/\" \/>\n<meta property=\"og:locale\" content=\"en_GB\" \/>\n<meta property=\"og:type\" content=\"article\" \/>\n<meta property=\"og:title\" content=\"What time is it ? - Alibabette Editions\" \/>\n<meta property=\"og:description\" content=\"Gravure \u00e0 colorier Format 30 x 40\u2009cm (standard pour encadrements) Chaque set contient 1 feuille de papier aquarelle 300\u00a0g blanc naturel + 1 feuille de papier 100\u2009g (imprim\u00e9e avec la m\u00eame image) pour essais. Le papier convient \u00e0 toutes techniques de coloriage\u2009: aquarelle, crayons, pastels, feutres, etc. Illustration originale de John Tenniel (1820-1914) adapt\u00e9e par Happy Remix Productions. On s\u2019en souvient, The White Rabbit, dessin\u00e9 pour l\u2019\u00e9dition originale d\u2019Alice au pays des merveilles de Lewis Carroll, en 1865, est \u00ab\u00a0en retard, toujours en retard\u00a0\u00bb. Montre gousset ou pas\u00a0!\" \/>\n<meta property=\"og:url\" content=\"https:\/\/alibabette-editions.com\/en\/boutique\/les-coloriages\/les-grandes-gravures\/what-time-is-it\/\" \/>\n<meta property=\"og:site_name\" content=\"Alibabette Editions\" \/>\n<meta property=\"article:modified_time\" content=\"2023-08-12T13:31:52+00:00\" \/>\n<meta property=\"og:image\" content=\"https:\/\/alibabette-editions.com\/wp-content\/uploads\/COL4002-What-time-is-it.jpeg\" \/>\n\t<meta property=\"og:image:width\" content=\"1500\" \/>\n\t<meta property=\"og:image:height\" content=\"1500\" \/>\n\t<meta property=\"og:image:type\" content=\"image\/jpeg\" \/>\n<meta name=\"twitter:card\" content=\"summary_large_image\" \/>\n<script type=\"application\/ld+json\" class=\"yoast-schema-graph\">{\"@context\":\"https:\/\/schema.org\",\"@graph\":[{\"@type\":\"WebPage\",\"@id\":\"https:\/\/alibabette-editions.com\/boutique\/les-coloriages\/les-grandes-gravures\/what-time-is-it\/\",\"url\":\"https:\/\/alibabette-editions.com\/boutique\/les-coloriages\/les-grandes-gravures\/what-time-is-it\/\",\"name\":\"What time is it ? - Alibabette Editions\",\"isPartOf\":{\"@id\":\"https:\/\/alibabette-editions.com\/#website\"},\"primaryImageOfPage\":{\"@id\":\"https:\/\/alibabette-editions.com\/boutique\/les-coloriages\/les-grandes-gravures\/what-time-is-it\/#primaryimage\"},\"image\":{\"@id\":\"https:\/\/alibabette-editions.com\/boutique\/les-coloriages\/les-grandes-gravures\/what-time-is-it\/#primaryimage\"},\"thumbnailUrl\":\"https:\/\/alibabette-editions.com\/wp-content\/uploads\/COL4002-What-time-is-it.jpeg\",\"datePublished\":\"2017-02-17T17:12:10+00:00\",\"dateModified\":\"2023-08-12T13:31:52+00:00\",\"breadcrumb\":{\"@id\":\"https:\/\/alibabette-editions.com\/boutique\/les-coloriages\/les-grandes-gravures\/what-time-is-it\/#breadcrumb\"},\"inLanguage\":\"en-GB\",\"potentialAction\":[{\"@type\":\"ReadAction\",\"target\":[\"https:\/\/alibabette-editions.com\/boutique\/les-coloriages\/les-grandes-gravures\/what-time-is-it\/\"]}]},{\"@type\":\"ImageObject\",\"inLanguage\":\"en-GB\",\"@id\":\"https:\/\/alibabette-editions.com\/boutique\/les-coloriages\/les-grandes-gravures\/what-time-is-it\/#primaryimage\",\"url\":\"https:\/\/alibabette-editions.com\/wp-content\/uploads\/COL4002-What-time-is-it.jpeg\",\"contentUrl\":\"https:\/\/alibabette-editions.com\/wp-content\/uploads\/COL4002-What-time-is-it.jpeg\",\"width\":1500,\"height\":1500},{\"@type\":\"BreadcrumbList\",\"@id\":\"https:\/\/alibabette-editions.com\/boutique\/les-coloriages\/les-grandes-gravures\/what-time-is-it\/#breadcrumb\",\"itemListElement\":[{\"@type\":\"ListItem\",\"position\":1,\"name\":\"Accueil\",\"item\":\"https:\/\/alibabette-editions.com\/\"},{\"@type\":\"ListItem\",\"position\":2,\"name\":\"Tout voir\",\"item\":\"https:\/\/alibabette-editions.com\/boutique\/\"},{\"@type\":\"ListItem\",\"position\":3,\"name\":\"What time is it ?\"}]},{\"@type\":\"WebSite\",\"@id\":\"https:\/\/alibabette-editions.com\/#website\",\"url\":\"https:\/\/alibabette-editions.com\/\",\"name\":\"Alibabette Editions\",\"description\":\"\",\"potentialAction\":[{\"@type\":\"SearchAction\",\"target\":{\"@type\":\"EntryPoint\",\"urlTemplate\":\"https:\/\/alibabette-editions.com\/?s={search_term_string}\"},\"query-input\":{\"@type\":\"PropertyValueSpecification\",\"valueRequired\":true,\"valueName\":\"search_term_string\"}}],\"inLanguage\":\"en-GB\"}]}<\/script>\n<!-- \/ Yoast SEO plugin. -->","yoast_head_json":{"title":"What time is it ? - Alibabette Editions","robots":{"index":"index","follow":"follow","max-snippet":"max-snippet:-1","max-image-preview":"max-image-preview:large","max-video-preview":"max-video-preview:-1"},"canonical":"https:\/\/alibabette-editions.com\/en\/boutique\/les-coloriages\/les-grandes-gravures\/what-time-is-it\/","og_locale":"en_GB","og_type":"article","og_title":"What time is it ? - Alibabette Editions","og_description":"Gravure \u00e0 colorier Format 30 x 40\u2009cm (standard pour encadrements) Chaque set contient 1 feuille de papier aquarelle 300\u00a0g blanc naturel + 1 feuille de papier 100\u2009g (imprim\u00e9e avec la m\u00eame image) pour essais. Le papier convient \u00e0 toutes techniques de coloriage\u2009: aquarelle, crayons, pastels, feutres, etc. Illustration originale de John Tenniel (1820-1914) adapt\u00e9e par Happy Remix Productions. On s\u2019en souvient, The White Rabbit, dessin\u00e9 pour l\u2019\u00e9dition originale d\u2019Alice au pays des merveilles de Lewis Carroll, en 1865, est \u00ab\u00a0en retard, toujours en retard\u00a0\u00bb. Montre gousset ou pas\u00a0!","og_url":"https:\/\/alibabette-editions.com\/en\/boutique\/les-coloriages\/les-grandes-gravures\/what-time-is-it\/","og_site_name":"Alibabette Editions","article_modified_time":"2023-08-12T13:31:52+00:00","og_image":[{"width":1500,"height":1500,"url":"https:\/\/alibabette-editions.com\/wp-content\/uploads\/COL4002-What-time-is-it.jpeg","type":"image\/jpeg"}],"twitter_card":"summary_large_image","schema":{"@context":"https:\/\/schema.org","@graph":[{"@type":"WebPage","@id":"https:\/\/alibabette-editions.com\/boutique\/les-coloriages\/les-grandes-gravures\/what-time-is-it\/","url":"https:\/\/alibabette-editions.com\/boutique\/les-coloriages\/les-grandes-gravures\/what-time-is-it\/","name":"What time is it ? - Alibabette Editions","isPartOf":{"@id":"https:\/\/alibabette-editions.com\/#website"},"primaryImageOfPage":{"@id":"https:\/\/alibabette-editions.com\/boutique\/les-coloriages\/les-grandes-gravures\/what-time-is-it\/#primaryimage"},"image":{"@id":"https:\/\/alibabette-editions.com\/boutique\/les-coloriages\/les-grandes-gravures\/what-time-is-it\/#primaryimage"},"thumbnailUrl":"https:\/\/alibabette-editions.com\/wp-content\/uploads\/COL4002-What-time-is-it.jpeg","datePublished":"2017-02-17T17:12:10+00:00","dateModified":"2023-08-12T13:31:52+00:00","breadcrumb":{"@id":"https:\/\/alibabette-editions.com\/boutique\/les-coloriages\/les-grandes-gravures\/what-time-is-it\/#breadcrumb"},"inLanguage":"en-GB","potentialAction":[{"@type":"ReadAction","target":["https:\/\/alibabette-editions.com\/boutique\/les-coloriages\/les-grandes-gravures\/what-time-is-it\/"]}]},{"@type":"ImageObject","inLanguage":"en-GB","@id":"https:\/\/alibabette-editions.com\/boutique\/les-coloriages\/les-grandes-gravures\/what-time-is-it\/#primaryimage","url":"https:\/\/alibabette-editions.com\/wp-content\/uploads\/COL4002-What-time-is-it.jpeg","contentUrl":"https:\/\/alibabette-editions.com\/wp-content\/uploads\/COL4002-What-time-is-it.jpeg","width":1500,"height":1500},{"@type":"BreadcrumbList","@id":"https:\/\/alibabette-editions.com\/boutique\/les-coloriages\/les-grandes-gravures\/what-time-is-it\/#breadcrumb","itemListElement":[{"@type":"ListItem","position":1,"name":"Accueil","item":"https:\/\/alibabette-editions.com\/"},{"@type":"ListItem","position":2,"name":"Tout voir","item":"https:\/\/alibabette-editions.com\/boutique\/"},{"@type":"ListItem","position":3,"name":"What time is it ?"}]},{"@type":"WebSite","@id":"https:\/\/alibabette-editions.com\/#website","url":"https:\/\/alibabette-editions.com\/","name":"Alibabette Editions","description":"","potentialAction":[{"@type":"SearchAction","target":{"@type":"EntryPoint","urlTemplate":"https:\/\/alibabette-editions.com\/?s={search_term_string}"},"query-input":{"@type":"PropertyValueSpecification","valueRequired":true,"valueName":"search_term_string"}}],"inLanguage":"en-GB"}]}},"_links":{"self":[{"href":"https:\/\/alibabette-editions.com\/en\/wp-json\/wp\/v2\/product\/15652","targetHints":{"allow":["GET"]}}],"collection":[{"href":"https:\/\/alibabette-editions.com\/en\/wp-json\/wp\/v2\/product"}],"about":[{"href":"https:\/\/alibabette-editions.com\/en\/wp-json\/wp\/v2\/types\/product"}],"wp:featuredmedia":[{"embeddable":true,"href":"https:\/\/alibabette-editions.com\/en\/wp-json\/wp\/v2\/media\/21180"}],"wp:attachment":[{"href":"https:\/\/alibabette-editions.com\/en\/wp-json\/wp\/v2\/media?parent=15652"}],"wp:term":[{"taxonomy":"product_brand","embeddable":true,"href":"https:\/\/alibabette-editions.com\/en\/wp-json\/wp\/v2\/product_brand?post=15652"},{"taxonomy":"product_cat","embeddable":true,"href":"https:\/\/alibabette-editions.com\/en\/wp-json\/wp\/v2\/product_cat?post=15652"},{"taxonomy":"product_tag","embeddable":true,"href":"https:\/\/alibabette-editions.com\/en\/wp-json\/wp\/v2\/product_tag?post=15652"}],"curies":[{"name":"wp","href":"https:\/\/api.w.org\/{rel}","templated":true}]}}