{"id":15319,"date":"2016-07-28T12:00:38","date_gmt":"2016-07-28T10:00:38","guid":{"rendered":"http:\/\/www.alibabette-editions.info\/produit\/matelot-eiffel\/"},"modified":"2025-01-05T19:06:28","modified_gmt":"2025-01-05T18:06:28","slug":"matelot-eiffel","status":"publish","type":"product","link":"https:\/\/alibabette-editions.com\/en\/boutique\/les-cahiers\/cahier\/matelot-eiffel\/","title":{"rendered":"Matelot Eiffel"},"content":{"rendered":"","protected":false},"excerpt":{"rendered":"<p>La marini\u00e8re, c\u2019est tout un art. Non seulement il faut savoir la porter, mais le nombre de ses rayures est r\u00e9gi\u2026 par un d\u00e9cret\u00a0!<\/p>\n<p>Pour l\u2019\u00e9l\u00e9gance, se reporter \u00e0 Coco Chanel, Brigitte Bardot, Jean Paul Gaultier ou John Wayne\u00a0!<br \/>\nQuant au d\u00e9cret, qui date du 27 mars 1858, il stipule\u00a0: \u00ab Le corps de la chemise devra compter 21 rayures blanches, chacune deux fois plus large que les 20 \u00e0 21 rayures bleu indigo. \u00bb Ce d\u00e9cret dressait la liste officielle des tenues des matelots de la Marine Nationale. Vous voil\u00e0 inform\u00e9s !<\/p>\n<p>Pour \u00eatre assorti au beau vermillon de notre tour nationale, le fil de couture de ce cahier est rouge vif.<\/p>\n<p>Format 17 x 22 cm<br \/>\nCahier piqu\u00e9 couture fil \u00e9cru<br \/>\nCoins arrondis<br \/>\nCouverture mate<br \/>\nPapier 100 g ivoire l\u00e9ger<br \/>\n64 pages lign\u00e9es et num\u00e9rot\u00e9es<\/p>","protected":false},"featured_media":15294,"template":"","meta":[],"product_brand":[],"product_cat":[502],"product_tag":[382,427,280,321,281],"class_list":{"0":"post-15319","1":"product","2":"type-product","3":"status-publish","4":"has-post-thumbnail","6":"product_cat-cahier","7":"product_tag-bleu-blanc-rouge","8":"product_tag-motif-geometrique","9":"product_tag-paris","10":"product_tag-pour-un-homme","11":"product_tag-tour-eiffel","13":"first","14":"instock","15":"taxable","16":"shipping-taxable","17":"purchasable","18":"product-type-simple"},"yoast_head":"<!-- This site is optimized with the Yoast SEO plugin v26.8 - https:\/\/yoast.com\/product\/yoast-seo-wordpress\/ -->\n<title>Matelot Eiffel - Alibabette Editions<\/title>\n<meta name=\"robots\" content=\"index, follow, max-snippet:-1, max-image-preview:large, max-video-preview:-1\" \/>\n<link rel=\"canonical\" href=\"https:\/\/alibabette-editions.com\/en\/boutique\/les-cahiers\/cahier\/matelot-eiffel\/\" \/>\n<meta property=\"og:locale\" content=\"en_GB\" \/>\n<meta property=\"og:type\" content=\"article\" \/>\n<meta property=\"og:title\" content=\"Matelot Eiffel - Alibabette Editions\" \/>\n<meta property=\"og:description\" content=\"La marini\u00e8re, c\u2019est tout un art. Non seulement il faut savoir la porter, mais le nombre de ses rayures est r\u00e9gi\u2026 par un d\u00e9cret\u00a0!  Pour l\u2019\u00e9l\u00e9gance, se reporter \u00e0 Coco Chanel, Brigitte Bardot, Jean Paul Gaultier ou John Wayne\u00a0! Quant au d\u00e9cret, qui date du 27 mars 1858, il stipule\u00a0: \u00ab Le corps de la chemise devra compter 21 rayures blanches, chacune deux fois plus large que les 20 \u00e0 21 rayures bleu indigo. \u00bb Ce d\u00e9cret dressait la liste officielle des tenues des matelots de la Marine Nationale. Vous voil\u00e0 inform\u00e9s !  Pour \u00eatre assorti au beau vermillon de notre tour nationale, le fil de couture de ce cahier est rouge vif.  Format 17 x 22 cm Cahier piqu\u00e9 couture fil \u00e9cru Coins arrondis Couverture mate Papier 100 g ivoire l\u00e9ger 64 pages lign\u00e9es et num\u00e9rot\u00e9es\" \/>\n<meta property=\"og:url\" content=\"https:\/\/alibabette-editions.com\/en\/boutique\/les-cahiers\/cahier\/matelot-eiffel\/\" \/>\n<meta property=\"og:site_name\" content=\"Alibabette Editions\" \/>\n<meta property=\"article:modified_time\" content=\"2025-01-05T18:06:28+00:00\" \/>\n<meta property=\"og:image\" content=\"https:\/\/alibabette-editions.com\/wp-content\/uploads\/ch1p013-r-1.jpg\" \/>\n\t<meta property=\"og:image:width\" content=\"1500\" \/>\n\t<meta property=\"og:image:height\" content=\"1500\" \/>\n\t<meta property=\"og:image:type\" content=\"image\/jpeg\" \/>\n<meta name=\"twitter:card\" content=\"summary_large_image\" \/>\n<meta name=\"twitter:label1\" content=\"Estimated reading time\" \/>\n\t<meta name=\"twitter:data1\" content=\"1 minute\" \/>\n<script type=\"application\/ld+json\" class=\"yoast-schema-graph\">{\"@context\":\"https:\/\/schema.org\",\"@graph\":[{\"@type\":\"WebPage\",\"@id\":\"https:\/\/alibabette-editions.com\/boutique\/les-cahiers\/cahier\/matelot-eiffel\/\",\"url\":\"https:\/\/alibabette-editions.com\/boutique\/les-cahiers\/cahier\/matelot-eiffel\/\",\"name\":\"Matelot Eiffel - Alibabette Editions\",\"isPartOf\":{\"@id\":\"https:\/\/alibabette-editions.com\/#website\"},\"primaryImageOfPage\":{\"@id\":\"https:\/\/alibabette-editions.com\/boutique\/les-cahiers\/cahier\/matelot-eiffel\/#primaryimage\"},\"image\":{\"@id\":\"https:\/\/alibabette-editions.com\/boutique\/les-cahiers\/cahier\/matelot-eiffel\/#primaryimage\"},\"thumbnailUrl\":\"https:\/\/alibabette-editions.com\/wp-content\/uploads\/ch1p013-r-1.jpg\",\"datePublished\":\"2016-07-28T10:00:38+00:00\",\"dateModified\":\"2025-01-05T18:06:28+00:00\",\"breadcrumb\":{\"@id\":\"https:\/\/alibabette-editions.com\/boutique\/les-cahiers\/cahier\/matelot-eiffel\/#breadcrumb\"},\"inLanguage\":\"en-GB\",\"potentialAction\":[{\"@type\":\"ReadAction\",\"target\":[\"https:\/\/alibabette-editions.com\/boutique\/les-cahiers\/cahier\/matelot-eiffel\/\"]}]},{\"@type\":\"ImageObject\",\"inLanguage\":\"en-GB\",\"@id\":\"https:\/\/alibabette-editions.com\/boutique\/les-cahiers\/cahier\/matelot-eiffel\/#primaryimage\",\"url\":\"https:\/\/alibabette-editions.com\/wp-content\/uploads\/ch1p013-r-1.jpg\",\"contentUrl\":\"https:\/\/alibabette-editions.com\/wp-content\/uploads\/ch1p013-r-1.jpg\",\"width\":1500,\"height\":1500},{\"@type\":\"BreadcrumbList\",\"@id\":\"https:\/\/alibabette-editions.com\/boutique\/les-cahiers\/cahier\/matelot-eiffel\/#breadcrumb\",\"itemListElement\":[{\"@type\":\"ListItem\",\"position\":1,\"name\":\"Accueil\",\"item\":\"https:\/\/alibabette-editions.com\/\"},{\"@type\":\"ListItem\",\"position\":2,\"name\":\"Tout voir\",\"item\":\"https:\/\/alibabette-editions.com\/boutique\/\"},{\"@type\":\"ListItem\",\"position\":3,\"name\":\"Matelot Eiffel\"}]},{\"@type\":\"WebSite\",\"@id\":\"https:\/\/alibabette-editions.com\/#website\",\"url\":\"https:\/\/alibabette-editions.com\/\",\"name\":\"Alibabette Editions\",\"description\":\"\",\"potentialAction\":[{\"@type\":\"SearchAction\",\"target\":{\"@type\":\"EntryPoint\",\"urlTemplate\":\"https:\/\/alibabette-editions.com\/?s={search_term_string}\"},\"query-input\":{\"@type\":\"PropertyValueSpecification\",\"valueRequired\":true,\"valueName\":\"search_term_string\"}}],\"inLanguage\":\"en-GB\"}]}<\/script>\n<!-- \/ Yoast SEO plugin. -->","yoast_head_json":{"title":"Matelot Eiffel - Alibabette Editions","robots":{"index":"index","follow":"follow","max-snippet":"max-snippet:-1","max-image-preview":"max-image-preview:large","max-video-preview":"max-video-preview:-1"},"canonical":"https:\/\/alibabette-editions.com\/en\/boutique\/les-cahiers\/cahier\/matelot-eiffel\/","og_locale":"en_GB","og_type":"article","og_title":"Matelot Eiffel - Alibabette Editions","og_description":"La marini\u00e8re, c\u2019est tout un art. Non seulement il faut savoir la porter, mais le nombre de ses rayures est r\u00e9gi\u2026 par un d\u00e9cret\u00a0!  Pour l\u2019\u00e9l\u00e9gance, se reporter \u00e0 Coco Chanel, Brigitte Bardot, Jean Paul Gaultier ou John Wayne\u00a0! Quant au d\u00e9cret, qui date du 27 mars 1858, il stipule\u00a0: \u00ab Le corps de la chemise devra compter 21 rayures blanches, chacune deux fois plus large que les 20 \u00e0 21 rayures bleu indigo. \u00bb Ce d\u00e9cret dressait la liste officielle des tenues des matelots de la Marine Nationale. Vous voil\u00e0 inform\u00e9s !  Pour \u00eatre assorti au beau vermillon de notre tour nationale, le fil de couture de ce cahier est rouge vif.  Format 17 x 22 cm Cahier piqu\u00e9 couture fil \u00e9cru Coins arrondis Couverture mate Papier 100 g ivoire l\u00e9ger 64 pages lign\u00e9es et num\u00e9rot\u00e9es","og_url":"https:\/\/alibabette-editions.com\/en\/boutique\/les-cahiers\/cahier\/matelot-eiffel\/","og_site_name":"Alibabette Editions","article_modified_time":"2025-01-05T18:06:28+00:00","og_image":[{"width":1500,"height":1500,"url":"https:\/\/alibabette-editions.com\/wp-content\/uploads\/ch1p013-r-1.jpg","type":"image\/jpeg"}],"twitter_card":"summary_large_image","twitter_misc":{"Estimated reading time":"1 minute"},"schema":{"@context":"https:\/\/schema.org","@graph":[{"@type":"WebPage","@id":"https:\/\/alibabette-editions.com\/boutique\/les-cahiers\/cahier\/matelot-eiffel\/","url":"https:\/\/alibabette-editions.com\/boutique\/les-cahiers\/cahier\/matelot-eiffel\/","name":"Matelot Eiffel - Alibabette Editions","isPartOf":{"@id":"https:\/\/alibabette-editions.com\/#website"},"primaryImageOfPage":{"@id":"https:\/\/alibabette-editions.com\/boutique\/les-cahiers\/cahier\/matelot-eiffel\/#primaryimage"},"image":{"@id":"https:\/\/alibabette-editions.com\/boutique\/les-cahiers\/cahier\/matelot-eiffel\/#primaryimage"},"thumbnailUrl":"https:\/\/alibabette-editions.com\/wp-content\/uploads\/ch1p013-r-1.jpg","datePublished":"2016-07-28T10:00:38+00:00","dateModified":"2025-01-05T18:06:28+00:00","breadcrumb":{"@id":"https:\/\/alibabette-editions.com\/boutique\/les-cahiers\/cahier\/matelot-eiffel\/#breadcrumb"},"inLanguage":"en-GB","potentialAction":[{"@type":"ReadAction","target":["https:\/\/alibabette-editions.com\/boutique\/les-cahiers\/cahier\/matelot-eiffel\/"]}]},{"@type":"ImageObject","inLanguage":"en-GB","@id":"https:\/\/alibabette-editions.com\/boutique\/les-cahiers\/cahier\/matelot-eiffel\/#primaryimage","url":"https:\/\/alibabette-editions.com\/wp-content\/uploads\/ch1p013-r-1.jpg","contentUrl":"https:\/\/alibabette-editions.com\/wp-content\/uploads\/ch1p013-r-1.jpg","width":1500,"height":1500},{"@type":"BreadcrumbList","@id":"https:\/\/alibabette-editions.com\/boutique\/les-cahiers\/cahier\/matelot-eiffel\/#breadcrumb","itemListElement":[{"@type":"ListItem","position":1,"name":"Accueil","item":"https:\/\/alibabette-editions.com\/"},{"@type":"ListItem","position":2,"name":"Tout voir","item":"https:\/\/alibabette-editions.com\/boutique\/"},{"@type":"ListItem","position":3,"name":"Matelot Eiffel"}]},{"@type":"WebSite","@id":"https:\/\/alibabette-editions.com\/#website","url":"https:\/\/alibabette-editions.com\/","name":"Alibabette Editions","description":"","potentialAction":[{"@type":"SearchAction","target":{"@type":"EntryPoint","urlTemplate":"https:\/\/alibabette-editions.com\/?s={search_term_string}"},"query-input":{"@type":"PropertyValueSpecification","valueRequired":true,"valueName":"search_term_string"}}],"inLanguage":"en-GB"}]}},"_links":{"self":[{"href":"https:\/\/alibabette-editions.com\/en\/wp-json\/wp\/v2\/product\/15319","targetHints":{"allow":["GET"]}}],"collection":[{"href":"https:\/\/alibabette-editions.com\/en\/wp-json\/wp\/v2\/product"}],"about":[{"href":"https:\/\/alibabette-editions.com\/en\/wp-json\/wp\/v2\/types\/product"}],"wp:featuredmedia":[{"embeddable":true,"href":"https:\/\/alibabette-editions.com\/en\/wp-json\/wp\/v2\/media\/15294"}],"wp:attachment":[{"href":"https:\/\/alibabette-editions.com\/en\/wp-json\/wp\/v2\/media?parent=15319"}],"wp:term":[{"taxonomy":"product_brand","embeddable":true,"href":"https:\/\/alibabette-editions.com\/en\/wp-json\/wp\/v2\/product_brand?post=15319"},{"taxonomy":"product_cat","embeddable":true,"href":"https:\/\/alibabette-editions.com\/en\/wp-json\/wp\/v2\/product_cat?post=15319"},{"taxonomy":"product_tag","embeddable":true,"href":"https:\/\/alibabette-editions.com\/en\/wp-json\/wp\/v2\/product_tag?post=15319"}],"curies":[{"name":"wp","href":"https:\/\/api.w.org\/{rel}","templated":true}]}}