{"id":15053,"date":"2016-06-15T10:00:54","date_gmt":"2016-06-15T08:00:54","guid":{"rendered":"http:\/\/www.alibabette-editions.info\/produit\/soirs-bleus\/"},"modified":"2025-01-06T10:03:28","modified_gmt":"2025-01-06T09:03:28","slug":"soirs-bleus","status":"publish","type":"product","link":"https:\/\/alibabette-editions.com\/en\/boutique\/les-carnets\/carnet-a5\/soirs-bleus\/","title":{"rendered":"Soirs bleus"},"content":{"rendered":"","protected":false},"excerpt":{"rendered":"<p>Bleu roi et or, comme le plafond de la Sainte-Chapelle. Ou comme un ciel nocturne d&#8217;\u00e9t\u00e9 piqu\u00e9 d&#8217;\u00e9toiles dor\u00e9es. J&#8217;ai pens\u00e9 \u00e0 Rimbaud : &#8220;Par les soirs bleus d&#8217;\u00e9t\u00e9, j&#8217;irai dans les sentiers&#8230;&#8221; Il a \u00e9crit ce po\u00e8me \u00e0 la toute fin du XIXe si\u00e8cle. Les nuits d&#8217;\u00e9t\u00e9 sont toujours aussi bleues. De ce bleu profond et exaltant qui rend amoureux et aussi un tout petit peu malheureux.<\/p>\n<p>Format 15 x 21 cm<br \/>\nBroch\u00e9 dos carr\u00e9<br \/>\nCoins arrondis<br \/>\nCouverture soft-touch<br \/>\nPapier 100 g ivoire l\u00e9ger<br \/>\n100 pages lign\u00e9es et num\u00e9rot\u00e9es<br \/>\nGardes quadri<\/p>","protected":false},"featured_media":15047,"template":"","meta":[],"product_brand":[],"product_cat":[251],"product_tag":[285,418,284,373,372,354,419],"class_list":{"0":"post-15053","1":"product","2":"type-product","3":"status-publish","4":"has-post-thumbnail","6":"product_cat-carnet-a5","7":"product_tag-bleu","8":"product_tag-fou-de-couleurs","9":"product_tag-nature","10":"product_tag-or","11":"product_tag-papiers-anciens","12":"product_tag-patchwork","13":"product_tag-voyage-en-orient","15":"first","16":"instock","17":"taxable","18":"shipping-taxable","19":"purchasable","20":"product-type-simple"},"yoast_head":"<!-- This site is optimized with the Yoast SEO plugin v26.8 - https:\/\/yoast.com\/product\/yoast-seo-wordpress\/ -->\n<title>Soirs bleus - Alibabette Editions<\/title>\n<meta name=\"robots\" content=\"index, follow, max-snippet:-1, max-image-preview:large, max-video-preview:-1\" \/>\n<link rel=\"canonical\" href=\"https:\/\/alibabette-editions.com\/en\/boutique\/les-carnets\/carnet-a5\/soirs-bleus\/\" \/>\n<meta property=\"og:locale\" content=\"en_GB\" \/>\n<meta property=\"og:type\" content=\"article\" \/>\n<meta property=\"og:title\" content=\"Soirs bleus - Alibabette Editions\" \/>\n<meta property=\"og:description\" content=\"Bleu roi et or, comme le plafond de la Sainte-Chapelle. Ou comme un ciel nocturne d&#039;\u00e9t\u00e9 piqu\u00e9 d&#039;\u00e9toiles dor\u00e9es. J&#039;ai pens\u00e9 \u00e0 Rimbaud : &quot;Par les soirs bleus d&#039;\u00e9t\u00e9, j&#039;irai dans les sentiers...&quot; Il a \u00e9crit ce po\u00e8me \u00e0 la toute fin du XIXe si\u00e8cle. Les nuits d&#039;\u00e9t\u00e9 sont toujours aussi bleues. De ce bleu profond et exaltant qui rend amoureux et aussi un tout petit peu malheureux.  Format 15 x 21 cm Broch\u00e9 dos carr\u00e9 Coins arrondis Couverture soft-touch Papier 100 g ivoire l\u00e9ger 100 pages lign\u00e9es et num\u00e9rot\u00e9es Gardes quadri\" \/>\n<meta property=\"og:url\" content=\"https:\/\/alibabette-editions.com\/en\/boutique\/les-carnets\/carnet-a5\/soirs-bleus\/\" \/>\n<meta property=\"og:site_name\" content=\"Alibabette Editions\" \/>\n<meta property=\"article:modified_time\" content=\"2025-01-06T09:03:28+00:00\" \/>\n<meta property=\"og:image\" content=\"https:\/\/alibabette-editions.com\/wp-content\/uploads\/ca1b011-r.jpg\" \/>\n\t<meta property=\"og:image:width\" content=\"1500\" \/>\n\t<meta property=\"og:image:height\" content=\"1500\" \/>\n\t<meta property=\"og:image:type\" content=\"image\/jpeg\" \/>\n<meta name=\"twitter:card\" content=\"summary_large_image\" \/>\n<meta name=\"twitter:label1\" content=\"Estimated reading time\" \/>\n\t<meta name=\"twitter:data1\" content=\"1 minute\" \/>\n<script type=\"application\/ld+json\" class=\"yoast-schema-graph\">{\"@context\":\"https:\/\/schema.org\",\"@graph\":[{\"@type\":\"WebPage\",\"@id\":\"https:\/\/alibabette-editions.com\/boutique\/les-carnets\/carnet-a5\/soirs-bleus\/\",\"url\":\"https:\/\/alibabette-editions.com\/boutique\/les-carnets\/carnet-a5\/soirs-bleus\/\",\"name\":\"Soirs bleus - Alibabette Editions\",\"isPartOf\":{\"@id\":\"https:\/\/alibabette-editions.com\/#website\"},\"primaryImageOfPage\":{\"@id\":\"https:\/\/alibabette-editions.com\/boutique\/les-carnets\/carnet-a5\/soirs-bleus\/#primaryimage\"},\"image\":{\"@id\":\"https:\/\/alibabette-editions.com\/boutique\/les-carnets\/carnet-a5\/soirs-bleus\/#primaryimage\"},\"thumbnailUrl\":\"https:\/\/alibabette-editions.com\/wp-content\/uploads\/ca1b011-r.jpg\",\"datePublished\":\"2016-06-15T08:00:54+00:00\",\"dateModified\":\"2025-01-06T09:03:28+00:00\",\"breadcrumb\":{\"@id\":\"https:\/\/alibabette-editions.com\/boutique\/les-carnets\/carnet-a5\/soirs-bleus\/#breadcrumb\"},\"inLanguage\":\"en-GB\",\"potentialAction\":[{\"@type\":\"ReadAction\",\"target\":[\"https:\/\/alibabette-editions.com\/boutique\/les-carnets\/carnet-a5\/soirs-bleus\/\"]}]},{\"@type\":\"ImageObject\",\"inLanguage\":\"en-GB\",\"@id\":\"https:\/\/alibabette-editions.com\/boutique\/les-carnets\/carnet-a5\/soirs-bleus\/#primaryimage\",\"url\":\"https:\/\/alibabette-editions.com\/wp-content\/uploads\/ca1b011-r.jpg\",\"contentUrl\":\"https:\/\/alibabette-editions.com\/wp-content\/uploads\/ca1b011-r.jpg\",\"width\":1500,\"height\":1500},{\"@type\":\"BreadcrumbList\",\"@id\":\"https:\/\/alibabette-editions.com\/boutique\/les-carnets\/carnet-a5\/soirs-bleus\/#breadcrumb\",\"itemListElement\":[{\"@type\":\"ListItem\",\"position\":1,\"name\":\"Accueil\",\"item\":\"https:\/\/alibabette-editions.com\/\"},{\"@type\":\"ListItem\",\"position\":2,\"name\":\"Tout voir\",\"item\":\"https:\/\/alibabette-editions.com\/boutique\/\"},{\"@type\":\"ListItem\",\"position\":3,\"name\":\"Soirs bleus\"}]},{\"@type\":\"WebSite\",\"@id\":\"https:\/\/alibabette-editions.com\/#website\",\"url\":\"https:\/\/alibabette-editions.com\/\",\"name\":\"Alibabette Editions\",\"description\":\"\",\"potentialAction\":[{\"@type\":\"SearchAction\",\"target\":{\"@type\":\"EntryPoint\",\"urlTemplate\":\"https:\/\/alibabette-editions.com\/?s={search_term_string}\"},\"query-input\":{\"@type\":\"PropertyValueSpecification\",\"valueRequired\":true,\"valueName\":\"search_term_string\"}}],\"inLanguage\":\"en-GB\"}]}<\/script>\n<!-- \/ Yoast SEO plugin. -->","yoast_head_json":{"title":"Soirs bleus - Alibabette Editions","robots":{"index":"index","follow":"follow","max-snippet":"max-snippet:-1","max-image-preview":"max-image-preview:large","max-video-preview":"max-video-preview:-1"},"canonical":"https:\/\/alibabette-editions.com\/en\/boutique\/les-carnets\/carnet-a5\/soirs-bleus\/","og_locale":"en_GB","og_type":"article","og_title":"Soirs bleus - Alibabette Editions","og_description":"Bleu roi et or, comme le plafond de la Sainte-Chapelle. Ou comme un ciel nocturne d'\u00e9t\u00e9 piqu\u00e9 d'\u00e9toiles dor\u00e9es. J'ai pens\u00e9 \u00e0 Rimbaud : \"Par les soirs bleus d'\u00e9t\u00e9, j'irai dans les sentiers...\" Il a \u00e9crit ce po\u00e8me \u00e0 la toute fin du XIXe si\u00e8cle. Les nuits d'\u00e9t\u00e9 sont toujours aussi bleues. De ce bleu profond et exaltant qui rend amoureux et aussi un tout petit peu malheureux.  Format 15 x 21 cm Broch\u00e9 dos carr\u00e9 Coins arrondis Couverture soft-touch Papier 100 g ivoire l\u00e9ger 100 pages lign\u00e9es et num\u00e9rot\u00e9es Gardes quadri","og_url":"https:\/\/alibabette-editions.com\/en\/boutique\/les-carnets\/carnet-a5\/soirs-bleus\/","og_site_name":"Alibabette Editions","article_modified_time":"2025-01-06T09:03:28+00:00","og_image":[{"width":1500,"height":1500,"url":"https:\/\/alibabette-editions.com\/wp-content\/uploads\/ca1b011-r.jpg","type":"image\/jpeg"}],"twitter_card":"summary_large_image","twitter_misc":{"Estimated reading time":"1 minute"},"schema":{"@context":"https:\/\/schema.org","@graph":[{"@type":"WebPage","@id":"https:\/\/alibabette-editions.com\/boutique\/les-carnets\/carnet-a5\/soirs-bleus\/","url":"https:\/\/alibabette-editions.com\/boutique\/les-carnets\/carnet-a5\/soirs-bleus\/","name":"Soirs bleus - Alibabette Editions","isPartOf":{"@id":"https:\/\/alibabette-editions.com\/#website"},"primaryImageOfPage":{"@id":"https:\/\/alibabette-editions.com\/boutique\/les-carnets\/carnet-a5\/soirs-bleus\/#primaryimage"},"image":{"@id":"https:\/\/alibabette-editions.com\/boutique\/les-carnets\/carnet-a5\/soirs-bleus\/#primaryimage"},"thumbnailUrl":"https:\/\/alibabette-editions.com\/wp-content\/uploads\/ca1b011-r.jpg","datePublished":"2016-06-15T08:00:54+00:00","dateModified":"2025-01-06T09:03:28+00:00","breadcrumb":{"@id":"https:\/\/alibabette-editions.com\/boutique\/les-carnets\/carnet-a5\/soirs-bleus\/#breadcrumb"},"inLanguage":"en-GB","potentialAction":[{"@type":"ReadAction","target":["https:\/\/alibabette-editions.com\/boutique\/les-carnets\/carnet-a5\/soirs-bleus\/"]}]},{"@type":"ImageObject","inLanguage":"en-GB","@id":"https:\/\/alibabette-editions.com\/boutique\/les-carnets\/carnet-a5\/soirs-bleus\/#primaryimage","url":"https:\/\/alibabette-editions.com\/wp-content\/uploads\/ca1b011-r.jpg","contentUrl":"https:\/\/alibabette-editions.com\/wp-content\/uploads\/ca1b011-r.jpg","width":1500,"height":1500},{"@type":"BreadcrumbList","@id":"https:\/\/alibabette-editions.com\/boutique\/les-carnets\/carnet-a5\/soirs-bleus\/#breadcrumb","itemListElement":[{"@type":"ListItem","position":1,"name":"Accueil","item":"https:\/\/alibabette-editions.com\/"},{"@type":"ListItem","position":2,"name":"Tout voir","item":"https:\/\/alibabette-editions.com\/boutique\/"},{"@type":"ListItem","position":3,"name":"Soirs bleus"}]},{"@type":"WebSite","@id":"https:\/\/alibabette-editions.com\/#website","url":"https:\/\/alibabette-editions.com\/","name":"Alibabette Editions","description":"","potentialAction":[{"@type":"SearchAction","target":{"@type":"EntryPoint","urlTemplate":"https:\/\/alibabette-editions.com\/?s={search_term_string}"},"query-input":{"@type":"PropertyValueSpecification","valueRequired":true,"valueName":"search_term_string"}}],"inLanguage":"en-GB"}]}},"_links":{"self":[{"href":"https:\/\/alibabette-editions.com\/en\/wp-json\/wp\/v2\/product\/15053","targetHints":{"allow":["GET"]}}],"collection":[{"href":"https:\/\/alibabette-editions.com\/en\/wp-json\/wp\/v2\/product"}],"about":[{"href":"https:\/\/alibabette-editions.com\/en\/wp-json\/wp\/v2\/types\/product"}],"wp:featuredmedia":[{"embeddable":true,"href":"https:\/\/alibabette-editions.com\/en\/wp-json\/wp\/v2\/media\/15047"}],"wp:attachment":[{"href":"https:\/\/alibabette-editions.com\/en\/wp-json\/wp\/v2\/media?parent=15053"}],"wp:term":[{"taxonomy":"product_brand","embeddable":true,"href":"https:\/\/alibabette-editions.com\/en\/wp-json\/wp\/v2\/product_brand?post=15053"},{"taxonomy":"product_cat","embeddable":true,"href":"https:\/\/alibabette-editions.com\/en\/wp-json\/wp\/v2\/product_cat?post=15053"},{"taxonomy":"product_tag","embeddable":true,"href":"https:\/\/alibabette-editions.com\/en\/wp-json\/wp\/v2\/product_tag?post=15053"}],"curies":[{"name":"wp","href":"https:\/\/api.w.org\/{rel}","templated":true}]}}