{"id":14973,"date":"2016-06-11T12:00:51","date_gmt":"2016-06-11T10:00:51","guid":{"rendered":"http:\/\/www.alibabette-editions.info\/?post_type=product&#038;p=14973"},"modified":"2025-01-05T18:53:19","modified_gmt":"2025-01-05T17:53:19","slug":"30-nuances","status":"publish","type":"product","link":"https:\/\/alibabette-editions.com\/en\/boutique\/les-sketchbooks\/artbook-a5\/30-nuances\/","title":{"rendered":"30 Nuances"},"content":{"rendered":"","protected":false},"excerpt":{"rendered":"<p>30 nuances \u2026 pas grises du tout\u00a0!<br \/>\nLes nuanciers, de peinture, de pastels, d\u2019aquarelle, d\u2019encres, mais aussi de laine, de coton perl\u00e9, de fil\u2026 me fascinent.\u00a0 Jusqu\u2019\u00e0 quelle subtilit\u00e9 de nuance peut-on aller avant que l\u2019\u0153il ne fasse plus la diff\u00e9rence\u00a0?<\/p>\n<p>Format 14 x 21 cm<br \/>\nReliure avec couture apparente<br \/>\nen fil \u00e9cru<br \/>\nOuverture \u00e0 plat<br \/>\nCouverture mate<br \/>\nPapier \u00e0 dessin non acide ivoire 100 g<br \/>\n240 pages<\/p>","protected":false},"featured_media":14999,"template":"","meta":[],"product_brand":[],"product_cat":[253],"product_tag":[332,418,329,325,321,335,417],"class_list":{"0":"post-14973","1":"product","2":"type-product","3":"status-publish","4":"has-post-thumbnail","6":"product_cat-artbook-a5","7":"product_tag-couture-apparente","8":"product_tag-fou-de-couleurs","9":"product_tag-nuancier","10":"product_tag-papier-a-dessin","11":"product_tag-pour-un-homme","12":"product_tag-sketchbook","13":"product_tag-vintage","15":"first","16":"instock","17":"taxable","18":"shipping-taxable","19":"purchasable","20":"product-type-simple"},"yoast_head":"<!-- This site is optimized with the Yoast SEO plugin v26.8 - https:\/\/yoast.com\/product\/yoast-seo-wordpress\/ -->\n<title>30 Nuances - Alibabette Editions<\/title>\n<meta name=\"robots\" content=\"index, follow, max-snippet:-1, max-image-preview:large, max-video-preview:-1\" \/>\n<link rel=\"canonical\" href=\"https:\/\/alibabette-editions.com\/en\/boutique\/les-sketchbooks\/artbook-a5\/30-nuances\/\" \/>\n<meta property=\"og:locale\" content=\"en_GB\" \/>\n<meta property=\"og:type\" content=\"article\" \/>\n<meta property=\"og:title\" content=\"30 Nuances - Alibabette Editions\" \/>\n<meta property=\"og:description\" content=\"30 nuances \u2026 pas grises du tout\u00a0! Les nuanciers, de peinture, de pastels, d\u2019aquarelle, d\u2019encres, mais aussi de laine, de coton perl\u00e9, de fil\u2026 me fascinent.\u00a0 Jusqu\u2019\u00e0 quelle subtilit\u00e9 de nuance peut-on aller avant que l\u2019\u0153il ne fasse plus la diff\u00e9rence\u00a0?  Format 14 x 21 cm Reliure avec couture apparente en fil \u00e9cru Ouverture \u00e0 plat Couverture mate Papier \u00e0 dessin non acide ivoire 100 g 240 pages\" \/>\n<meta property=\"og:url\" content=\"https:\/\/alibabette-editions.com\/en\/boutique\/les-sketchbooks\/artbook-a5\/30-nuances\/\" \/>\n<meta property=\"og:site_name\" content=\"Alibabette Editions\" \/>\n<meta property=\"article:modified_time\" content=\"2025-01-05T17:53:19+00:00\" \/>\n<meta property=\"og:image\" content=\"https:\/\/alibabette-editions.com\/wp-content\/uploads\/ab1b001-r.jpg\" \/>\n\t<meta property=\"og:image:width\" content=\"1500\" \/>\n\t<meta property=\"og:image:height\" content=\"1500\" \/>\n\t<meta property=\"og:image:type\" content=\"image\/jpeg\" \/>\n<meta name=\"twitter:card\" content=\"summary_large_image\" \/>\n<meta name=\"twitter:label1\" content=\"Estimated reading time\" \/>\n\t<meta name=\"twitter:data1\" content=\"1 minute\" \/>\n<script type=\"application\/ld+json\" class=\"yoast-schema-graph\">{\"@context\":\"https:\/\/schema.org\",\"@graph\":[{\"@type\":\"WebPage\",\"@id\":\"https:\/\/alibabette-editions.com\/boutique\/les-sketchbooks\/artbook-a5\/30-nuances\/\",\"url\":\"https:\/\/alibabette-editions.com\/boutique\/les-sketchbooks\/artbook-a5\/30-nuances\/\",\"name\":\"30 Nuances - Alibabette Editions\",\"isPartOf\":{\"@id\":\"https:\/\/alibabette-editions.com\/#website\"},\"primaryImageOfPage\":{\"@id\":\"https:\/\/alibabette-editions.com\/boutique\/les-sketchbooks\/artbook-a5\/30-nuances\/#primaryimage\"},\"image\":{\"@id\":\"https:\/\/alibabette-editions.com\/boutique\/les-sketchbooks\/artbook-a5\/30-nuances\/#primaryimage\"},\"thumbnailUrl\":\"https:\/\/alibabette-editions.com\/wp-content\/uploads\/ab1b001-r.jpg\",\"datePublished\":\"2016-06-11T10:00:51+00:00\",\"dateModified\":\"2025-01-05T17:53:19+00:00\",\"breadcrumb\":{\"@id\":\"https:\/\/alibabette-editions.com\/boutique\/les-sketchbooks\/artbook-a5\/30-nuances\/#breadcrumb\"},\"inLanguage\":\"en-GB\",\"potentialAction\":[{\"@type\":\"ReadAction\",\"target\":[\"https:\/\/alibabette-editions.com\/boutique\/les-sketchbooks\/artbook-a5\/30-nuances\/\"]}]},{\"@type\":\"ImageObject\",\"inLanguage\":\"en-GB\",\"@id\":\"https:\/\/alibabette-editions.com\/boutique\/les-sketchbooks\/artbook-a5\/30-nuances\/#primaryimage\",\"url\":\"https:\/\/alibabette-editions.com\/wp-content\/uploads\/ab1b001-r.jpg\",\"contentUrl\":\"https:\/\/alibabette-editions.com\/wp-content\/uploads\/ab1b001-r.jpg\",\"width\":1500,\"height\":1500},{\"@type\":\"BreadcrumbList\",\"@id\":\"https:\/\/alibabette-editions.com\/boutique\/les-sketchbooks\/artbook-a5\/30-nuances\/#breadcrumb\",\"itemListElement\":[{\"@type\":\"ListItem\",\"position\":1,\"name\":\"Accueil\",\"item\":\"https:\/\/alibabette-editions.com\/\"},{\"@type\":\"ListItem\",\"position\":2,\"name\":\"Tout voir\",\"item\":\"https:\/\/alibabette-editions.com\/boutique\/\"},{\"@type\":\"ListItem\",\"position\":3,\"name\":\"30 Nuances\"}]},{\"@type\":\"WebSite\",\"@id\":\"https:\/\/alibabette-editions.com\/#website\",\"url\":\"https:\/\/alibabette-editions.com\/\",\"name\":\"Alibabette Editions\",\"description\":\"\",\"potentialAction\":[{\"@type\":\"SearchAction\",\"target\":{\"@type\":\"EntryPoint\",\"urlTemplate\":\"https:\/\/alibabette-editions.com\/?s={search_term_string}\"},\"query-input\":{\"@type\":\"PropertyValueSpecification\",\"valueRequired\":true,\"valueName\":\"search_term_string\"}}],\"inLanguage\":\"en-GB\"}]}<\/script>\n<!-- \/ Yoast SEO plugin. -->","yoast_head_json":{"title":"30 Nuances - Alibabette Editions","robots":{"index":"index","follow":"follow","max-snippet":"max-snippet:-1","max-image-preview":"max-image-preview:large","max-video-preview":"max-video-preview:-1"},"canonical":"https:\/\/alibabette-editions.com\/en\/boutique\/les-sketchbooks\/artbook-a5\/30-nuances\/","og_locale":"en_GB","og_type":"article","og_title":"30 Nuances - Alibabette Editions","og_description":"30 nuances \u2026 pas grises du tout\u00a0! Les nuanciers, de peinture, de pastels, d\u2019aquarelle, d\u2019encres, mais aussi de laine, de coton perl\u00e9, de fil\u2026 me fascinent.\u00a0 Jusqu\u2019\u00e0 quelle subtilit\u00e9 de nuance peut-on aller avant que l\u2019\u0153il ne fasse plus la diff\u00e9rence\u00a0?  Format 14 x 21 cm Reliure avec couture apparente en fil \u00e9cru Ouverture \u00e0 plat Couverture mate Papier \u00e0 dessin non acide ivoire 100 g 240 pages","og_url":"https:\/\/alibabette-editions.com\/en\/boutique\/les-sketchbooks\/artbook-a5\/30-nuances\/","og_site_name":"Alibabette Editions","article_modified_time":"2025-01-05T17:53:19+00:00","og_image":[{"width":1500,"height":1500,"url":"https:\/\/alibabette-editions.com\/wp-content\/uploads\/ab1b001-r.jpg","type":"image\/jpeg"}],"twitter_card":"summary_large_image","twitter_misc":{"Estimated reading time":"1 minute"},"schema":{"@context":"https:\/\/schema.org","@graph":[{"@type":"WebPage","@id":"https:\/\/alibabette-editions.com\/boutique\/les-sketchbooks\/artbook-a5\/30-nuances\/","url":"https:\/\/alibabette-editions.com\/boutique\/les-sketchbooks\/artbook-a5\/30-nuances\/","name":"30 Nuances - Alibabette Editions","isPartOf":{"@id":"https:\/\/alibabette-editions.com\/#website"},"primaryImageOfPage":{"@id":"https:\/\/alibabette-editions.com\/boutique\/les-sketchbooks\/artbook-a5\/30-nuances\/#primaryimage"},"image":{"@id":"https:\/\/alibabette-editions.com\/boutique\/les-sketchbooks\/artbook-a5\/30-nuances\/#primaryimage"},"thumbnailUrl":"https:\/\/alibabette-editions.com\/wp-content\/uploads\/ab1b001-r.jpg","datePublished":"2016-06-11T10:00:51+00:00","dateModified":"2025-01-05T17:53:19+00:00","breadcrumb":{"@id":"https:\/\/alibabette-editions.com\/boutique\/les-sketchbooks\/artbook-a5\/30-nuances\/#breadcrumb"},"inLanguage":"en-GB","potentialAction":[{"@type":"ReadAction","target":["https:\/\/alibabette-editions.com\/boutique\/les-sketchbooks\/artbook-a5\/30-nuances\/"]}]},{"@type":"ImageObject","inLanguage":"en-GB","@id":"https:\/\/alibabette-editions.com\/boutique\/les-sketchbooks\/artbook-a5\/30-nuances\/#primaryimage","url":"https:\/\/alibabette-editions.com\/wp-content\/uploads\/ab1b001-r.jpg","contentUrl":"https:\/\/alibabette-editions.com\/wp-content\/uploads\/ab1b001-r.jpg","width":1500,"height":1500},{"@type":"BreadcrumbList","@id":"https:\/\/alibabette-editions.com\/boutique\/les-sketchbooks\/artbook-a5\/30-nuances\/#breadcrumb","itemListElement":[{"@type":"ListItem","position":1,"name":"Accueil","item":"https:\/\/alibabette-editions.com\/"},{"@type":"ListItem","position":2,"name":"Tout voir","item":"https:\/\/alibabette-editions.com\/boutique\/"},{"@type":"ListItem","position":3,"name":"30 Nuances"}]},{"@type":"WebSite","@id":"https:\/\/alibabette-editions.com\/#website","url":"https:\/\/alibabette-editions.com\/","name":"Alibabette Editions","description":"","potentialAction":[{"@type":"SearchAction","target":{"@type":"EntryPoint","urlTemplate":"https:\/\/alibabette-editions.com\/?s={search_term_string}"},"query-input":{"@type":"PropertyValueSpecification","valueRequired":true,"valueName":"search_term_string"}}],"inLanguage":"en-GB"}]}},"_links":{"self":[{"href":"https:\/\/alibabette-editions.com\/en\/wp-json\/wp\/v2\/product\/14973","targetHints":{"allow":["GET"]}}],"collection":[{"href":"https:\/\/alibabette-editions.com\/en\/wp-json\/wp\/v2\/product"}],"about":[{"href":"https:\/\/alibabette-editions.com\/en\/wp-json\/wp\/v2\/types\/product"}],"wp:featuredmedia":[{"embeddable":true,"href":"https:\/\/alibabette-editions.com\/en\/wp-json\/wp\/v2\/media\/14999"}],"wp:attachment":[{"href":"https:\/\/alibabette-editions.com\/en\/wp-json\/wp\/v2\/media?parent=14973"}],"wp:term":[{"taxonomy":"product_brand","embeddable":true,"href":"https:\/\/alibabette-editions.com\/en\/wp-json\/wp\/v2\/product_brand?post=14973"},{"taxonomy":"product_cat","embeddable":true,"href":"https:\/\/alibabette-editions.com\/en\/wp-json\/wp\/v2\/product_cat?post=14973"},{"taxonomy":"product_tag","embeddable":true,"href":"https:\/\/alibabette-editions.com\/en\/wp-json\/wp\/v2\/product_tag?post=14973"}],"curies":[{"name":"wp","href":"https:\/\/api.w.org\/{rel}","templated":true}]}}