{"id":19439,"date":"2022-05-31T09:02:19","date_gmt":"2022-05-31T07:02:19","guid":{"rendered":"https:\/\/alibabette-editions.com\/?page_id=19439"},"modified":"2022-05-31T09:23:08","modified_gmt":"2022-05-31T07:23:08","slug":"nos-produits1","status":"publish","type":"page","link":"https:\/\/alibabette-editions.com\/en\/nos-produits1\/","title":{"rendered":"Nos produits1"},"content":{"rendered":"<div data-elementor-type=\"wp-page\" data-elementor-id=\"19439\" class=\"elementor elementor-19439\">\n\t\t\t\t\t\t<section class=\"elementor-section elementor-top-section elementor-element elementor-element-cb6a4ae elementor-section-full_width elementor-section-height-min-height elementor-section-stretched elementor-section-height-default elementor-section-items-middle\" data-id=\"cb6a4ae\" data-element_type=\"section\" data-settings=\"{&quot;stretch_section&quot;:&quot;section-stretched&quot;,&quot;background_background&quot;:&quot;classic&quot;,&quot;shape_divider_bottom&quot;:&quot;arrow&quot;,&quot;shape_divider_bottom_negative&quot;:&quot;yes&quot;}\">\n\t\t\t\t\t\t\t<div class=\"elementor-background-overlay\"><\/div>\n\t\t\t\t\t\t<div class=\"elementor-shape elementor-shape-bottom\" aria-hidden=\"true\" data-negative=\"true\">\n\t\t\t<svg xmlns=\"http:\/\/www.w3.org\/2000\/svg\" viewbox=\"0 0 700 10\" preserveaspectratio=\"none\">\n\t<path class=\"elementor-shape-fill\" d=\"M360 0L350 9.9 340 0 0 0 0 10 700 10 700 0\"\/>\n<\/svg>\t\t<\/div>\n\t\t\t\t\t<div class=\"elementor-container elementor-column-gap-default\">\n\t\t\t\t\t<div class=\"elementor-column elementor-col-100 elementor-top-column elementor-element elementor-element-07bd940\" data-id=\"07bd940\" data-element_type=\"column\">\n\t\t\t<div class=\"elementor-widget-wrap elementor-element-populated\">\n\t\t\t\t\t\t<div class=\"elementor-element elementor-element-bd9e4ae elementor-widget elementor-widget-heading\" data-id=\"bd9e4ae\" data-element_type=\"widget\" data-widget_type=\"heading.default\">\n\t\t\t\t<div class=\"elementor-widget-container\">\n\t\t\t\t\t<h2 class=\"elementor-heading-title elementor-size-default\">Nos Produits<\/h2>\t\t\t\t<\/div>\n\t\t\t\t<\/div>\n\t\t\t\t\t<\/div>\n\t\t<\/div>\n\t\t\t\t\t<\/div>\n\t\t<\/section>\n\t\t\t\t<section class=\"elementor-section elementor-top-section elementor-element elementor-element-7d9e366f elementor-section-boxed elementor-section-height-default elementor-section-height-default\" data-id=\"7d9e366f\" data-element_type=\"section\">\n\t\t\t\t\t\t<div class=\"elementor-container elementor-column-gap-default\">\n\t\t\t\t\t<div class=\"elementor-column elementor-col-100 elementor-top-column elementor-element elementor-element-11602aa9\" data-id=\"11602aa9\" data-element_type=\"column\">\n\t\t\t<div class=\"elementor-widget-wrap\">\n\t\t\t\t\t\t\t<\/div>\n\t\t<\/div>\n\t\t\t\t\t<\/div>\n\t\t<\/section>\n\t\t\t\t<section class=\"elementor-section elementor-top-section elementor-element elementor-element-d8c1776 elementor-section-full_width elementor-section-stretched elementor-section-height-default elementor-section-height-default\" data-id=\"d8c1776\" data-element_type=\"section\" data-settings=\"{&quot;stretch_section&quot;:&quot;section-stretched&quot;,&quot;background_background&quot;:&quot;classic&quot;}\">\n\t\t\t\t\t\t<div class=\"elementor-container elementor-column-gap-default\">\n\t\t\t\t\t<div class=\"elementor-column elementor-col-100 elementor-top-column elementor-element elementor-element-ed8966c\" data-id=\"ed8966c\" data-element_type=\"column\">\n\t\t\t<div class=\"elementor-widget-wrap elementor-element-populated\">\n\t\t\t\t\t\t<div class=\"elementor-element elementor-element-749bd68 elementor-widget-divider--view-line_text elementor-widget-divider--element-align-center elementor-widget elementor-widget-divider\" data-id=\"749bd68\" data-element_type=\"widget\" data-widget_type=\"divider.default\">\n\t\t\t\t<div class=\"elementor-widget-container\">\n\t\t\t\t\t\t\t<div class=\"elementor-divider\">\n\t\t\t<span class=\"elementor-divider-separator\">\n\t\t\t\t\t\t\t<span class=\"elementor-divider__text elementor-divider__element\">\n\t\t\t\tJust order\t\t\t\t<\/span>\n\t\t\t\t\t\t<\/span>\n\t\t<\/div>\n\t\t\t\t\t\t<\/div>\n\t\t\t\t<\/div>\n\t\t\t\t<section class=\"elementor-section elementor-inner-section elementor-element elementor-element-eebfa4e elementor-section-boxed elementor-section-height-default elementor-section-height-default\" data-id=\"eebfa4e\" data-element_type=\"section\">\n\t\t\t\t\t\t<div class=\"elementor-container elementor-column-gap-default\">\n\t\t\t\t\t<div class=\"elementor-column elementor-col-33 elementor-inner-column elementor-element elementor-element-1a615f0\" data-id=\"1a615f0\" data-element_type=\"column\">\n\t\t\t<div class=\"elementor-widget-wrap elementor-element-populated\">\n\t\t\t\t\t\t<div class=\"elementor-element elementor-element-3ca5b39 elementor-view-stacked homeiconshadow elementor-shape-circle elementor-position-block-start elementor-mobile-position-block-start elementor-widget elementor-widget-icon-box\" data-id=\"3ca5b39\" data-element_type=\"widget\" data-widget_type=\"icon-box.default\">\n\t\t\t\t<div class=\"elementor-widget-container\">\n\t\t\t\t\t\t\t<div class=\"elementor-icon-box-wrapper\">\n\n\t\t\t\t\t\t<div class=\"elementor-icon-box-icon\">\n\t\t\t\t<span  class=\"elementor-icon\">\n\t\t\t\t<svg xmlns=\"http:\/\/www.w3.org\/2000\/svg\" xmlns:xlink=\"http:\/\/www.w3.org\/1999\/xlink\" id=\"Layer_1\" data-name=\"Layer 1\" viewbox=\"0 0 200 200\"><defs><style>.cls-1{fill:none;}.cls-2{isolation:isolate;}.cls-3{clip-path:url(#clip-path);}.cls-4{fill:#b6aa7c;}.cls-5{clip-path:url(#clip-path-2);}<\/style><clippath id=\"clip-path\"><rect class=\"cls-1\" x=\"5.54\" y=\"16.98\" width=\"188.93\" height=\"166.05\"><\/rect><\/clippath><clippath id=\"clip-path-2\"><rect class=\"cls-1\" x=\"5.54\" y=\"17.71\" width=\"188.93\" height=\"165.31\"><\/rect><\/clippath><\/defs><title>LOGO<\/title><g class=\"cls-2\"><g class=\"cls-3\"><path class=\"cls-4\" d=\"M159,89.38a3.69,3.69,0,1,0,3.69,3.69A3.69,3.69,0,0,0,159,89.38\"><\/path><path class=\"cls-4\" d=\"M168.31,34.07,67.57,116.54,19.1,98.37Zm-6.92,125.85L96.6,134,184.72,32.88Zm-77.2,5.9,8.48-25.44,11.84,4.74Zm3.43-32.74a3.85,3.85,0,0,0-.73,1.29l-9.6,28.81-5.11-40.87,86.64-70.94Zm-79.69-31,57,21.35c1.55,12.38,7.09,56.76,7.13,57a3.69,3.69,0,0,0,6.25,2l0,0,33.66-34.28,50.89,20.36a3.69,3.69,0,0,0,5-2.76L194.4,21A3.68,3.68,0,0,0,189.32,17L7.76,95.21a3.7,3.7,0,0,0,.17,6.85\"><\/path><\/g><\/g><g class=\"cls-5\"><g class=\"cls-2\"><g class=\"cls-3\"><path class=\"cls-4\" d=\"M157.59,104a3.69,3.69,0,0,0-4.12,3.21l-4.51,36a3.69,3.69,0,0,0,7.32.91l4.51-36a3.7,3.7,0,0,0-3.2-4.13\"><\/path><\/g><\/g><\/g><\/svg>\t\t\t\t<\/span>\n\t\t\t<\/div>\n\t\t\t\n\t\t\t\t\t\t<div class=\"elementor-icon-box-content\">\n\n\t\t\t\t\t\t\t\t\t<h3 class=\"elementor-icon-box-title\">\n\t\t\t\t\t\t<span  >\n\t\t\t\t\t\t\tLivraison rapide\t\t\t\t\t\t<\/span>\n\t\t\t\t\t<\/h3>\n\t\t\t\t\n\t\t\t\t\t\t\t\t\t<p class=\"elementor-icon-box-description\">\n\t\t\t\t\t\tVotre commande sera pr\u00e9par\u00e9e et envoy\u00e9e par la poste d\u00e8s le lendemain. Vous serez averti par mail de la date de l\u2019envoi.\t\t\t\t\t<\/p>\n\t\t\t\t\n\t\t\t<\/div>\n\t\t\t\n\t\t<\/div>\n\t\t\t\t\t\t<\/div>\n\t\t\t\t<\/div>\n\t\t\t\t\t<\/div>\n\t\t<\/div>\n\t\t\t\t<div class=\"elementor-column elementor-col-33 elementor-inner-column elementor-element elementor-element-6d84e49\" data-id=\"6d84e49\" data-element_type=\"column\">\n\t\t\t<div class=\"elementor-widget-wrap elementor-element-populated\">\n\t\t\t\t\t\t<div class=\"elementor-element elementor-element-d522e90 elementor-view-stacked homeiconshadow elementor-shape-circle elementor-position-block-start elementor-mobile-position-block-start elementor-widget elementor-widget-icon-box\" data-id=\"d522e90\" data-element_type=\"widget\" data-widget_type=\"icon-box.default\">\n\t\t\t\t<div class=\"elementor-widget-container\">\n\t\t\t\t\t\t\t<div class=\"elementor-icon-box-wrapper\">\n\n\t\t\t\t\t\t<div class=\"elementor-icon-box-icon\">\n\t\t\t\t<span  class=\"elementor-icon\">\n\t\t\t\t<svg xmlns=\"http:\/\/www.w3.org\/2000\/svg\" xmlns:xlink=\"http:\/\/www.w3.org\/1999\/xlink\" id=\"Layer_1\" data-name=\"Layer 1\" viewbox=\"0 0 200 200\"><defs><style>.cls-1{fill:none;}.cls-2{clip-path:url(#clip-path);}.cls-3{isolation:isolate;}.cls-4{clip-path:url(#clip-path-2);}.cls-5{fill:#b6aa7c;}<\/style><clippath id=\"clip-path\"><rect class=\"cls-1\" x=\"15.75\" y=\"16.1\" width=\"168.51\" height=\"167.8\"><\/rect><\/clippath><clippath id=\"clip-path-2\"><rect class=\"cls-1\" x=\"15.74\" y=\"15.74\" width=\"168.52\" height=\"168.52\"><\/rect><\/clippath><\/defs><title>LOGO<\/title><g class=\"cls-2\"><g class=\"cls-3\"><g class=\"cls-4\"><path class=\"cls-5\" d=\"M165.51,162.56a2.46,2.46,0,0,0-1.28,2.16v12.39l-17.88-10.56,7.16-1.22.07,0,.18,0,.13,0,.17-.07.12,0,.16-.09a.41.41,0,0,0,.11-.07.83.83,0,0,0,.15-.11l.1-.07.15-.14.07-.08c.06-.06.11-.13.16-.19l0-.05c.06-.09.11-.18.16-.27L164,147.46,177,156.22ZM137,150.16l.63-.73L138,149c.32-.38.64-.76,1-1.15l0,0c1.54-1.88,3-3.84,4.45-5.87l.56-.82.68-1c.25-.37.49-.75.74-1.13s.4-.61.59-.92c.33-.51.65-1,1-1.55.22-.35.43-.7.64-1.06s.5-.83.74-1.26.55-.95.82-1.43l.44-.79c.36-.64.7-1.29,1-1.94.12-.22.24-.44.35-.67l.24-.46a55.31,55.31,0,0,1,12.45,8.46L152.4,158.9a46.45,46.45,0,0,0-4.5-3.24h0l-.1-.06-.5-.31-.17-.1-.83-.5,0,0,0,0-.33-.19-.56-.32-.31-.18h0l-.06,0h0a67.71,67.71,0,0,0-8-3.7v0m7.32,10.38.48-1,.05,0,.54.34.18.11.46.3.26.18.42.29.26.17.38.27.18.14-3.92.66ZM63.05,150.18a67.71,67.71,0,0,0-7.95,3.7h0l-.06,0h0l-.31.18-.56.32-.33.19,0,0,0,0c-.3.17-.59.34-.87.52l-.13.08-.5.31-.1.06h0a46.45,46.45,0,0,0-4.5,3.24l-8.08-15.42-3.2-6.13a54.33,54.33,0,0,1,12.45-8.45c.25.5.51,1,.77,1.49l.41.75c.34.63.68,1.26,1,1.88.08.14.16.28.23.42a104.68,104.68,0,0,0,8.71,13l.22.28.78,1c.13.16.27.32.4.49L62,149l1,1.21M34.49,162.56,23,156.22,36,147.46,44.72,164a2.26,2.26,0,0,0,.16.26.86.86,0,0,0,.07.1l.12.14a1.59,1.59,0,0,0,.13.13l.08.08.18.14.06.05.2.12.05,0,.24.1h0a1.29,1.29,0,0,0,.26.08h0l.16,0,7.16,1.22L35.77,177.11V164.72a2.46,2.46,0,0,0-1.28-2.16m18.2-1.34.39-.28.25-.17.42-.29.27-.18.45-.3.18-.11.54-.34.05,0L56.43,162l-3.92-.66.18-.13m130.47-6.85-16.9-11.3,2.63-5a2.48,2.48,0,0,0-.31-2.75c-.2-.23-4.77-5.51-15.2-10.84a140.08,140.08,0,0,0,9-26.55,181.73,181.73,0,0,0,4.21-54.51,2.47,2.47,0,0,0-2.2-2.2,130.33,130.33,0,0,1-45.62-13.71,104,104,0,0,1-17.16-10.81,2.45,2.45,0,0,0-3.16,0c-.25.2-25.07,20.63-62.78,24.52a2.47,2.47,0,0,0-2.2,2.2A168.18,168.18,0,0,0,33.54,71a2.47,2.47,0,0,0,4.92-.38,175.72,175.72,0,0,1-.26-24.75A135.44,135.44,0,0,0,83.67,31.8,115.06,115.06,0,0,0,100,21.7a115.06,115.06,0,0,0,16.33,10.1A135.44,135.44,0,0,0,161.8,45.88a182.57,182.57,0,0,1-4.25,50.9,134,134,0,0,1-9.72,27.89c-.12.23-.24.46-.35.7-.25.51-.51,1-.77,1.52l-.44.85c-.27.52-.55,1-.83,1.55s-.47.86-.71,1.28-.43.77-.65,1.14-.44.76-.67,1.13l-.48.81c-.53.86-1.06,1.71-1.61,2.56l-.12.18-.86,1.3-.38.55q-2.58,3.75-5.42,7.16l0,0-1.12,1.31-.89,1-.18.2-1,1.12-.05.05A87.9,87.9,0,0,1,100,170.57a88.78,88.78,0,0,1-36.27-27.31l-.11-.14c-.22-.28-.45-.57-.67-.87A103,103,0,0,1,52.1,124.52a2.91,2.91,0,0,0-.25-.42c-5.66-11.76-10-26.11-12.36-43.63a2.47,2.47,0,0,0-4.9.65,151,151,0,0,0,12,43.34c-10.43,5.33-15,10.61-15.2,10.84a2.48,2.48,0,0,0-.31,2.75l2.63,5-16.9,11.31a2.45,2.45,0,0,0-1.09,2.15A2.49,2.49,0,0,0,17,158.59l13.81,7.59v15.25a2.46,2.46,0,0,0,3.72,2.12L62,167.37l.05,0,.08-.06.14-.1.07-.06.17-.15,0,0a1.68,1.68,0,0,0,.18-.21h0v0c0-.08.11-.16.15-.24l0-.05c0-.09.09-.18.13-.27l0-.05a2.17,2.17,0,0,0,.07-.24.25.25,0,0,0,0-.07,2.93,2.93,0,0,0,.05-.29v0a2.44,2.44,0,0,0,0-.27v-.06a1.53,1.53,0,0,0,0-.3v0a2.3,2.3,0,0,0-.06-.28.14.14,0,0,1,0-.07c0-.09-.07-.19-.12-.28l-3.38-7.06a64.93,64.93,0,0,1,7.12-3,93.1,93.1,0,0,0,32.41,21.43,2.52,2.52,0,0,0,1.82,0,93.19,93.19,0,0,0,32.41-21.43,64.93,64.93,0,0,1,7.12,3l-3.38,7.06a1.62,1.62,0,0,0-.11.28l0,.07a2.8,2.8,0,0,0-.06.28v0l0,.3v.06a2.44,2.44,0,0,0,0,.27v0a2.5,2.5,0,0,0,0,.29s0,.05,0,.07a2.17,2.17,0,0,0,.07.24l0,.05c0,.09.08.18.13.27l0,.05c0,.08.1.16.15.24v0h0c.06.07.11.14.18.21l0,0,.17.15.07.06.14.1.08.06.05,0,27.42,16.18a2.43,2.43,0,0,0,1.25.35,2.47,2.47,0,0,0,2.47-2.47V166.18L183,158.59a2.48,2.48,0,0,0,.18-4.22\"><\/path><path class=\"cls-5\" d=\"M151.43,73.75a123,123,0,0,0-.14-17.9,2.47,2.47,0,0,0-2.21-2.2c-28.46-2.94-47.31-18.4-47.5-18.55a2.45,2.45,0,0,0-3.16,0c-.19.15-19,15.61-47.51,18.55a2.47,2.47,0,0,0-2.2,2.2,134.71,134.71,0,0,0,.56,26.28c1.58,13.81,5.95,33.72,17.89,50.17a2.47,2.47,0,0,0,2,1,2.5,2.5,0,0,0,1.44-.47,2.47,2.47,0,0,0,.55-3.45c-11.28-15.55-15.45-34.52-17-47.71a137.92,137.92,0,0,1-.71-23.37A101.33,101.33,0,0,0,100,40.12a101.22,101.22,0,0,0,46.53,18.2,134.53,134.53,0,0,1,0,15.15,2.46,2.46,0,1,0,4.92.28\"><\/path><path class=\"cls-5\" d=\"M99.09,157.11a2.52,2.52,0,0,0,1.82,0c15.91-6.33,28.36-17.35,37-32.75,6.4-11.41,10.64-25,12.59-40.44a2.47,2.47,0,0,0-4.9-.62C140.12,126.7,118,144.7,100,152.15A66.77,66.77,0,0,1,77.33,136.8a2.46,2.46,0,1,0-3.55,3.42,71.6,71.6,0,0,0,25.31,16.89\"><\/path><path class=\"cls-5\" d=\"M76.72,92.71a3.71,3.71,0,0,1,5.25,0l9.68,9.68a2.47,2.47,0,0,0,1.74.72,2.51,2.51,0,0,0,1.75-.72l23.72-23.73a3.71,3.71,0,0,1,5.24,5.25L96,112a3.72,3.72,0,0,1-5.24,0l-14-14a3.72,3.72,0,0,1,0-5.24M93.39,118a8.59,8.59,0,0,0,6.11-2.53L127.59,87.4a8.64,8.64,0,1,0-12.22-12.23l-22,22-7.93-7.93a8.64,8.64,0,0,0-12.23,12.22l14,14A8.59,8.59,0,0,0,93.39,118\"><\/path><\/g><\/g><\/g><\/svg>\t\t\t\t<\/span>\n\t\t\t<\/div>\n\t\t\t\n\t\t\t\t\t\t<div class=\"elementor-icon-box-content\">\n\n\t\t\t\t\t\t\t\t\t<h3 class=\"elementor-icon-box-title\">\n\t\t\t\t\t\t<span  >\n\t\t\t\t\t\t\tSecure payment\t\t\t\t\t\t<\/span>\n\t\t\t\t\t<\/h3>\n\t\t\t\t\n\t\t\t\t\t\t\t\t\t<p class=\"elementor-icon-box-description\">\n\t\t\t\t\t\tSelon m\u00e9canismes du paiement sur le site.\t\t\t\t\t<\/p>\n\t\t\t\t\n\t\t\t<\/div>\n\t\t\t\n\t\t<\/div>\n\t\t\t\t\t\t<\/div>\n\t\t\t\t<\/div>\n\t\t\t\t\t<\/div>\n\t\t<\/div>\n\t\t\t\t<div class=\"elementor-column elementor-col-33 elementor-inner-column elementor-element elementor-element-3fbcff0\" data-id=\"3fbcff0\" data-element_type=\"column\">\n\t\t\t<div class=\"elementor-widget-wrap elementor-element-populated\">\n\t\t\t\t\t\t<div class=\"elementor-element elementor-element-5d28156 elementor-view-stacked homeiconshadow elementor-shape-circle elementor-position-block-start elementor-mobile-position-block-start elementor-widget elementor-widget-icon-box\" data-id=\"5d28156\" data-element_type=\"widget\" data-widget_type=\"icon-box.default\">\n\t\t\t\t<div class=\"elementor-widget-container\">\n\t\t\t\t\t\t\t<div class=\"elementor-icon-box-wrapper\">\n\n\t\t\t\t\t\t<div class=\"elementor-icon-box-icon\">\n\t\t\t\t<span  class=\"elementor-icon\">\n\t\t\t\t<svg xmlns=\"http:\/\/www.w3.org\/2000\/svg\" xmlns:xlink=\"http:\/\/www.w3.org\/1999\/xlink\" id=\"Layer_1\" data-name=\"Layer 1\" viewbox=\"0 0 200 200\"><defs><style>.cls-1{fill:none;}.cls-2{clip-path:url(#clip-path);}.cls-3{isolation:isolate;}.cls-4{fill:#b6aa7c;}.cls-5{clip-path:url(#clip-path-4);}.cls-6{clip-path:url(#clip-path-5);}.cls-7{clip-path:url(#clip-path-6);}.cls-8{fill:#fff;}<\/style><clippath id=\"clip-path\"><rect class=\"cls-1\" x=\"21.73\" y=\"16.33\" width=\"156.55\" height=\"167.34\"><\/rect><\/clippath><clippath id=\"clip-path-4\"><rect class=\"cls-1\" x=\"21.73\" y=\"16.33\" width=\"156.55\" height=\"168.02\"><\/rect><\/clippath><clippath id=\"clip-path-5\"><rect class=\"cls-1\" x=\"-597.61\" y=\"44.14\" width=\"192.94\" height=\"80.87\"><\/rect><\/clippath><clippath id=\"clip-path-6\"><rect class=\"cls-1\" x=\"-1157.96\" y=\"37.14\" width=\"1312.92\" height=\"2815\"><\/rect><\/clippath><\/defs><title>LOGO<\/title><g class=\"cls-2\"><g class=\"cls-3\"><g class=\"cls-2\"><path class=\"cls-4\" d=\"M173.37,142.91l-70.92,34.24V93.69l16.91-8.16a2.45,2.45,0,0,0-2.12-4.41L100,89.44l-6.78-3.27a2.44,2.44,0,1,0-2.13,4.4l6.46,3.12v83.46L26.63,142.91V59.45l54,26.08a2.48,2.48,0,0,0,1.06.24,2.45,2.45,0,0,0,1.06-4.65L29.81,55.56l24.3-11.73L127.59,79.3l0,0v29.35a2.45,2.45,0,0,0,1.14,2.08,2.54,2.54,0,0,0,1.31.37,2.48,2.48,0,0,0,1.06-.24l18.3-8.84a2.45,2.45,0,0,0,1.38-2.2V70.34l22.56-10.89Zm-27.45-70.2V98.32l-13.41,6.48V79.18ZM74.19,34.23l70.09,33.84L129.92,75l-70-33.83ZM100,21.67l70.19,33.89-20.35,9.82a1.91,1.91,0,0,0-.41-.26L79.72,31.46Zm76.88,31.68-75.82-36.6a2.46,2.46,0,0,0-2.12,0L23.12,53.35a2.45,2.45,0,0,0-1.38,2.21v88.89a2.44,2.44,0,0,0,1.38,2.2l75.82,36.6a2.46,2.46,0,0,0,2.12,0l75.82-36.6a2.44,2.44,0,0,0,1.38-2.2V55.56a2.46,2.46,0,0,0-1.38-2.21\"><\/path><\/g><\/g><\/g><g class=\"cls-2\"><g class=\"cls-3\"><g class=\"cls-5\"><path class=\"cls-4\" d=\"M46.82,133.42l-11.13-5.37a2.45,2.45,0,0,0-2.13,4.41l11.13,5.37a2.48,2.48,0,0,0,1.06.24,2.45,2.45,0,0,0,1.07-4.65\"><\/path><path class=\"cls-4\" d=\"M57.06,126.76,35.71,116.45a2.45,2.45,0,1,0-2.13,4.41l21.35,10.3a2.36,2.36,0,0,0,1.06.25,2.45,2.45,0,0,0,1.07-4.65\"><\/path><\/g><\/g><\/g><g class=\"cls-6\"><g class=\"cls-7\"><rect class=\"cls-8\" x=\"-404.67\" y=\"37.14\" width=\"559.63\" height=\"7\"><\/rect><rect class=\"cls-8\" x=\"-404.67\" y=\"125.01\" width=\"559.63\" height=\"2727.13\"><\/rect><\/g><\/g><\/svg>\t\t\t\t<\/span>\n\t\t\t<\/div>\n\t\t\t\n\t\t\t\t\t\t<div class=\"elementor-icon-box-content\">\n\n\t\t\t\t\t\t\t\t\t<h3 class=\"elementor-icon-box-title\">\n\t\t\t\t\t\t<span  >\n\t\t\t\t\t\t\tReturns\t\t\t\t\t\t<\/span>\n\t\t\t\t\t<\/h3>\n\t\t\t\t\n\t\t\t\t\t\t\t\t\t<p class=\"elementor-icon-box-description\">\n\t\t\t\t\t\tYou have 14 days to return your order or report a problem. See full details in the Terms and Conditions.\t\t\t\t\t<\/p>\n\t\t\t\t\n\t\t\t<\/div>\n\t\t\t\n\t\t<\/div>\n\t\t\t\t\t\t<\/div>\n\t\t\t\t<\/div>\n\t\t\t\t\t<\/div>\n\t\t<\/div>\n\t\t\t\t\t<\/div>\n\t\t<\/section>\n\t\t\t\t\t<\/div>\n\t\t<\/div>\n\t\t\t\t\t<\/div>\n\t\t<\/section>\n\t\t\t\t<\/div>","protected":false},"excerpt":{"rendered":"<p>Nos Produits All La petite deco Les coloriages Les Cahiers Les carnets Les sketchbooks Les calendriers Les guirlandes Ranger &amp; s&#039;organiser &nbsp;&nbsp;Back Cahier Twins Mini-cahier Cahier Cahier \u00e0 double spirale &nbsp;&nbsp;Back Calendrier &nbsp;&nbsp;Back \u00c9tiquettes Sticky Notes Chemises &nbsp;&nbsp;Back Guirlande &nbsp;&nbsp;Back Carnet A5 Carnet A6 Journaux illustr\u00e9s &nbsp;&nbsp;Back Les cartes doubles Les grandes gravures &nbsp;&nbsp;Back Les plateaux Les dessous-de-verre Les vide-poches [&hellip;]<\/p>","protected":false},"author":504,"featured_media":0,"parent":0,"menu_order":0,"comment_status":"closed","ping_status":"closed","template":"elementor_header_footer","meta":{"footnotes":""},"class_list":["post-19439","page","type-page","status-publish","hentry"],"yoast_head":"<!-- This site is optimized with the Yoast SEO plugin v26.8 - https:\/\/yoast.com\/product\/yoast-seo-wordpress\/ -->\n<title>Nos produits1 - Alibabette Editions<\/title>\n<meta name=\"robots\" content=\"index, follow, max-snippet:-1, max-image-preview:large, max-video-preview:-1\" \/>\n<link rel=\"canonical\" href=\"https:\/\/alibabette-editions.com\/en\/nos-produits1\/\" \/>\n<meta property=\"og:locale\" content=\"en_GB\" \/>\n<meta property=\"og:type\" content=\"article\" \/>\n<meta property=\"og:title\" content=\"Nos produits1 - Alibabette Editions\" \/>\n<meta property=\"og:description\" content=\"Nos Produits All La petite deco Les coloriages Les Cahiers Les carnets Les sketchbooks Les calendriers Les guirlandes Ranger &amp; s&#039;organiser &nbsp;&nbsp;Back Cahier Twins Mini-cahier Cahier Cahier \u00e0 double spirale &nbsp;&nbsp;Back Calendrier &nbsp;&nbsp;Back \u00c9tiquettes Sticky Notes Chemises &nbsp;&nbsp;Back Guirlande &nbsp;&nbsp;Back Carnet A5 Carnet A6 Journaux illustr\u00e9s &nbsp;&nbsp;Back Les cartes doubles Les grandes gravures &nbsp;&nbsp;Back Les plateaux Les dessous-de-verre Les vide-poches [&hellip;]\" \/>\n<meta property=\"og:url\" content=\"https:\/\/alibabette-editions.com\/en\/nos-produits1\/\" \/>\n<meta property=\"og:site_name\" content=\"Alibabette Editions\" \/>\n<meta property=\"article:modified_time\" content=\"2022-05-31T07:23:08+00:00\" \/>\n<meta property=\"og:image\" content=\"https:\/\/alibabette-editions.com\/wp-content\/uploads\/Les-Carnets.jpg\" \/>\n<meta name=\"twitter:card\" content=\"summary_large_image\" \/>\n<meta name=\"twitter:label1\" content=\"Estimated reading time\" \/>\n\t<meta name=\"twitter:data1\" content=\"4 minutes\" \/>\n<script type=\"application\/ld+json\" class=\"yoast-schema-graph\">{\"@context\":\"https:\/\/schema.org\",\"@graph\":[{\"@type\":\"WebPage\",\"@id\":\"https:\/\/alibabette-editions.com\/nos-produits1\/\",\"url\":\"https:\/\/alibabette-editions.com\/nos-produits1\/\",\"name\":\"Nos produits1 - Alibabette Editions\",\"isPartOf\":{\"@id\":\"https:\/\/alibabette-editions.com\/#website\"},\"primaryImageOfPage\":{\"@id\":\"https:\/\/alibabette-editions.com\/nos-produits1\/#primaryimage\"},\"image\":{\"@id\":\"https:\/\/alibabette-editions.com\/nos-produits1\/#primaryimage\"},\"thumbnailUrl\":\"https:\/\/alibabette-editions.com\/wp-content\/uploads\/Les-Carnets.jpg\",\"datePublished\":\"2022-05-31T07:02:19+00:00\",\"dateModified\":\"2022-05-31T07:23:08+00:00\",\"breadcrumb\":{\"@id\":\"https:\/\/alibabette-editions.com\/nos-produits1\/#breadcrumb\"},\"inLanguage\":\"en-GB\",\"potentialAction\":[{\"@type\":\"ReadAction\",\"target\":[\"https:\/\/alibabette-editions.com\/nos-produits1\/\"]}]},{\"@type\":\"ImageObject\",\"inLanguage\":\"en-GB\",\"@id\":\"https:\/\/alibabette-editions.com\/nos-produits1\/#primaryimage\",\"url\":\"https:\/\/alibabette-editions.com\/wp-content\/uploads\/Les-Carnets.jpg\",\"contentUrl\":\"https:\/\/alibabette-editions.com\/wp-content\/uploads\/Les-Carnets.jpg\"},{\"@type\":\"BreadcrumbList\",\"@id\":\"https:\/\/alibabette-editions.com\/nos-produits1\/#breadcrumb\",\"itemListElement\":[{\"@type\":\"ListItem\",\"position\":1,\"name\":\"Accueil\",\"item\":\"https:\/\/alibabette-editions.com\/\"},{\"@type\":\"ListItem\",\"position\":2,\"name\":\"Nos produits1\"}]},{\"@type\":\"WebSite\",\"@id\":\"https:\/\/alibabette-editions.com\/#website\",\"url\":\"https:\/\/alibabette-editions.com\/\",\"name\":\"Alibabette Editions\",\"description\":\"\",\"potentialAction\":[{\"@type\":\"SearchAction\",\"target\":{\"@type\":\"EntryPoint\",\"urlTemplate\":\"https:\/\/alibabette-editions.com\/?s={search_term_string}\"},\"query-input\":{\"@type\":\"PropertyValueSpecification\",\"valueRequired\":true,\"valueName\":\"search_term_string\"}}],\"inLanguage\":\"en-GB\"}]}<\/script>\n<!-- \/ Yoast SEO plugin. -->","yoast_head_json":{"title":"Nos produits1 - Alibabette Editions","robots":{"index":"index","follow":"follow","max-snippet":"max-snippet:-1","max-image-preview":"max-image-preview:large","max-video-preview":"max-video-preview:-1"},"canonical":"https:\/\/alibabette-editions.com\/en\/nos-produits1\/","og_locale":"en_GB","og_type":"article","og_title":"Nos produits1 - Alibabette Editions","og_description":"Nos Produits All La petite deco Les coloriages Les Cahiers Les carnets Les sketchbooks Les calendriers Les guirlandes Ranger &amp; s&#039;organiser &nbsp;&nbsp;Back Cahier Twins Mini-cahier Cahier Cahier \u00e0 double spirale &nbsp;&nbsp;Back Calendrier &nbsp;&nbsp;Back \u00c9tiquettes Sticky Notes Chemises &nbsp;&nbsp;Back Guirlande &nbsp;&nbsp;Back Carnet A5 Carnet A6 Journaux illustr\u00e9s &nbsp;&nbsp;Back Les cartes doubles Les grandes gravures &nbsp;&nbsp;Back Les plateaux Les dessous-de-verre Les vide-poches [&hellip;]","og_url":"https:\/\/alibabette-editions.com\/en\/nos-produits1\/","og_site_name":"Alibabette Editions","article_modified_time":"2022-05-31T07:23:08+00:00","og_image":[{"url":"https:\/\/alibabette-editions.com\/wp-content\/uploads\/Les-Carnets.jpg","type":"","width":"","height":""}],"twitter_card":"summary_large_image","twitter_misc":{"Estimated reading time":"4 minutes"},"schema":{"@context":"https:\/\/schema.org","@graph":[{"@type":"WebPage","@id":"https:\/\/alibabette-editions.com\/nos-produits1\/","url":"https:\/\/alibabette-editions.com\/nos-produits1\/","name":"Nos produits1 - Alibabette Editions","isPartOf":{"@id":"https:\/\/alibabette-editions.com\/#website"},"primaryImageOfPage":{"@id":"https:\/\/alibabette-editions.com\/nos-produits1\/#primaryimage"},"image":{"@id":"https:\/\/alibabette-editions.com\/nos-produits1\/#primaryimage"},"thumbnailUrl":"https:\/\/alibabette-editions.com\/wp-content\/uploads\/Les-Carnets.jpg","datePublished":"2022-05-31T07:02:19+00:00","dateModified":"2022-05-31T07:23:08+00:00","breadcrumb":{"@id":"https:\/\/alibabette-editions.com\/nos-produits1\/#breadcrumb"},"inLanguage":"en-GB","potentialAction":[{"@type":"ReadAction","target":["https:\/\/alibabette-editions.com\/nos-produits1\/"]}]},{"@type":"ImageObject","inLanguage":"en-GB","@id":"https:\/\/alibabette-editions.com\/nos-produits1\/#primaryimage","url":"https:\/\/alibabette-editions.com\/wp-content\/uploads\/Les-Carnets.jpg","contentUrl":"https:\/\/alibabette-editions.com\/wp-content\/uploads\/Les-Carnets.jpg"},{"@type":"BreadcrumbList","@id":"https:\/\/alibabette-editions.com\/nos-produits1\/#breadcrumb","itemListElement":[{"@type":"ListItem","position":1,"name":"Accueil","item":"https:\/\/alibabette-editions.com\/"},{"@type":"ListItem","position":2,"name":"Nos produits1"}]},{"@type":"WebSite","@id":"https:\/\/alibabette-editions.com\/#website","url":"https:\/\/alibabette-editions.com\/","name":"Alibabette Editions","description":"","potentialAction":[{"@type":"SearchAction","target":{"@type":"EntryPoint","urlTemplate":"https:\/\/alibabette-editions.com\/?s={search_term_string}"},"query-input":{"@type":"PropertyValueSpecification","valueRequired":true,"valueName":"search_term_string"}}],"inLanguage":"en-GB"}]}},"_links":{"self":[{"href":"https:\/\/alibabette-editions.com\/en\/wp-json\/wp\/v2\/pages\/19439","targetHints":{"allow":["GET"]}}],"collection":[{"href":"https:\/\/alibabette-editions.com\/en\/wp-json\/wp\/v2\/pages"}],"about":[{"href":"https:\/\/alibabette-editions.com\/en\/wp-json\/wp\/v2\/types\/page"}],"author":[{"embeddable":true,"href":"https:\/\/alibabette-editions.com\/en\/wp-json\/wp\/v2\/users\/504"}],"replies":[{"embeddable":true,"href":"https:\/\/alibabette-editions.com\/en\/wp-json\/wp\/v2\/comments?post=19439"}],"version-history":[{"count":10,"href":"https:\/\/alibabette-editions.com\/en\/wp-json\/wp\/v2\/pages\/19439\/revisions"}],"predecessor-version":[{"id":19457,"href":"https:\/\/alibabette-editions.com\/en\/wp-json\/wp\/v2\/pages\/19439\/revisions\/19457"}],"wp:attachment":[{"href":"https:\/\/alibabette-editions.com\/en\/wp-json\/wp\/v2\/media?parent=19439"}],"curies":[{"name":"wp","href":"https:\/\/api.w.org\/{rel}","templated":true}]}}