{"id":17832,"date":"2022-04-27T13:06:18","date_gmt":"2022-04-27T11:06:18","guid":{"rendered":"https:\/\/alibabette-editions.com\/?page_id=17832"},"modified":"2023-02-14T14:29:03","modified_gmt":"2023-02-14T13:29:03","slug":"a-propos","status":"publish","type":"page","link":"https:\/\/alibabette-editions.com\/en\/a-propos\/","title":{"rendered":"About us"},"content":{"rendered":"<div data-elementor-type=\"wp-page\" data-elementor-id=\"17832\" class=\"elementor elementor-17832\">\n\t\t\t\t\t\t<section class=\"elementor-section elementor-top-section elementor-element elementor-element-6d442f7 elementor-section-full_width elementor-section-stretched elementor-section-height-default elementor-section-height-default\" data-id=\"6d442f7\" data-element_type=\"section\" data-settings=\"{&quot;stretch_section&quot;:&quot;section-stretched&quot;}\">\n\t\t\t\t\t\t<div class=\"elementor-container elementor-column-gap-default\">\n\t\t\t\t\t<div class=\"elementor-column elementor-col-50 elementor-top-column elementor-element elementor-element-1f493b1\" data-id=\"1f493b1\" data-element_type=\"column\" data-settings=\"{&quot;background_background&quot;:&quot;classic&quot;}\">\n\t\t\t<div class=\"elementor-widget-wrap elementor-element-populated\">\n\t\t\t\t\t\t<div class=\"elementor-element elementor-element-958d436 elementor-widget elementor-widget-spacer\" data-id=\"958d436\" data-element_type=\"widget\" data-widget_type=\"spacer.default\">\n\t\t\t\t<div class=\"elementor-widget-container\">\n\t\t\t\t\t\t\t<div class=\"elementor-spacer\">\n\t\t\t<div class=\"elementor-spacer-inner\"><\/div>\n\t\t<\/div>\n\t\t\t\t\t\t<\/div>\n\t\t\t\t<\/div>\n\t\t\t\t\t<\/div>\n\t\t<\/div>\n\t\t\t\t<div class=\"elementor-column elementor-col-50 elementor-top-column elementor-element elementor-element-16dfeec\" data-id=\"16dfeec\" data-element_type=\"column\">\n\t\t\t<div class=\"elementor-widget-wrap elementor-element-populated\">\n\t\t\t\t\t\t<div class=\"elementor-element elementor-element-df8457f eael-dual-header-content-align-left elementor-widget elementor-widget-eael-dual-color-header\" data-id=\"df8457f\" data-element_type=\"widget\" data-widget_type=\"eael-dual-color-header.default\">\n\t\t\t\t<div class=\"elementor-widget-container\">\n\t\t\t\t\t\t\t\t<div class=\"eael-dual-header\">\n\t\t\t\t<h2 class=\"title eael-dch-title\"><span class=\"eael-dch-title-text eael-dch-title-lead lead solid-color\">PR\u00c9SENTATION<\/span> <span class=\"eael-dch-title-text\">D\u2019ALIBABETTE<\/span><\/h2>\t\t\t<\/div>\n\n\t\t\t\t\t\t<\/div>\n\t\t\t\t<\/div>\n\t\t\t\t<div class=\"elementor-element elementor-element-fd1810d elementor-widget elementor-widget-text-editor\" data-id=\"fd1810d\" data-element_type=\"widget\" data-widget_type=\"text-editor.default\">\n\t\t\t\t<div class=\"elementor-widget-container\">\n\t\t\t\t\t\t\t\t\t<p>ALIBABETTE is a company born in the summer of 2011<br \/>The starting idea: to make notebooks with as much care as beautiful books (my job for more than ten years).<\/p>\t\t\t\t\t\t\t\t<\/div>\n\t\t\t\t<\/div>\n\t\t\t\t<div class=\"elementor-element elementor-element-ce48982 elementor-widget elementor-widget-text-editor\" data-id=\"ce48982\" data-element_type=\"widget\" data-widget_type=\"text-editor.default\">\n\t\t\t\t<div class=\"elementor-widget-container\">\n\t\t\t\t\t\t\t\t\t<p>I draw from the immense fund of images, patterns from other cultures or other times, which are such joyful treasures. I use without restriction colors that convey emotion so well.<\/p>\t\t\t\t\t\t\t\t<\/div>\n\t\t\t\t<\/div>\n\t\t\t\t<div class=\"elementor-element elementor-element-dad71b7 elementor-widget elementor-widget-text-editor\" data-id=\"dad71b7\" data-element_type=\"widget\" data-widget_type=\"text-editor.default\">\n\t\t\t\t<div class=\"elementor-widget-container\">\n\t\t\t\t\t\t\t\t\t<p>I imagine each notebook with all the imagination possible. Each cover, each page is composed with love, for pleasure. And all the details are taken care of, so that each notebook is unique and beautiful, elegant and refined, while remaining accessible.<\/p>\t\t\t\t\t\t\t\t<\/div>\n\t\t\t\t<\/div>\n\t\t\t\t<div class=\"elementor-element elementor-element-f94bd9d elementor-mobile-align-left elementor-widget elementor-widget-button\" data-id=\"f94bd9d\" data-element_type=\"widget\" data-widget_type=\"button.default\">\n\t\t\t\t<div class=\"elementor-widget-container\">\n\t\t\t\t\t\t\t\t\t<div class=\"elementor-button-wrapper\">\n\t\t\t\t\t<a class=\"elementor-button elementor-button-link elementor-size-sm\" href=\"https:\/\/alibabette-editions.com\/en\/contact\/\">\n\t\t\t\t\t\t<span class=\"elementor-button-content-wrapper\">\n\t\t\t\t\t\t\t\t\t<span class=\"elementor-button-text\">Contact us<\/span>\n\t\t\t\t\t<\/span>\n\t\t\t\t\t<\/a>\n\t\t\t\t<\/div>\n\t\t\t\t\t\t\t\t<\/div>\n\t\t\t\t<\/div>\n\t\t\t\t\t<\/div>\n\t\t<\/div>\n\t\t\t\t\t<\/div>\n\t\t<\/section>\n\t\t\t\t<\/div>","protected":false},"excerpt":{"rendered":"<p>PR\u00c9SENTATION D\u2019ALIBABETTE ALIBABETTE est une entreprise n\u00e9e pendant l\u2019\u00e9t\u00e9 2011L\u2019id\u00e9e de d\u00e9part : faire des carnets avec autant de soin que des beaux-livres (mon m\u00e9tier depuis plus de dix ans). Je puise dans le fonds immense des images, des motifs venus d\u2019autres cultures ou d\u2019autres \u00e9poques, et qui sont des tr\u00e9sors tellement r\u00e9jouissants. J\u2019use sans restriction des couleurs qui transmettent [&hellip;]<\/p>","protected":false},"author":504,"featured_media":0,"parent":0,"menu_order":0,"comment_status":"closed","ping_status":"closed","template":"","meta":{"footnotes":""},"class_list":["post-17832","page","type-page","status-publish","hentry"],"yoast_head":"<!-- This site is optimized with the Yoast SEO plugin v26.8 - https:\/\/yoast.com\/product\/yoast-seo-wordpress\/ -->\n<title>A propos - Alibabette Editions<\/title>\n<meta name=\"robots\" content=\"index, follow, max-snippet:-1, max-image-preview:large, max-video-preview:-1\" \/>\n<link rel=\"canonical\" href=\"https:\/\/alibabette-editions.com\/en\/a-propos\/\" \/>\n<meta property=\"og:locale\" content=\"en_GB\" \/>\n<meta property=\"og:type\" content=\"article\" \/>\n<meta property=\"og:title\" content=\"A propos - Alibabette Editions\" \/>\n<meta property=\"og:description\" content=\"PR\u00c9SENTATION D\u2019ALIBABETTE ALIBABETTE est une entreprise n\u00e9e pendant l\u2019\u00e9t\u00e9 2011L\u2019id\u00e9e de d\u00e9part : faire des carnets avec autant de soin que des beaux-livres (mon m\u00e9tier depuis plus de dix ans). Je puise dans le fonds immense des images, des motifs venus d\u2019autres cultures ou d\u2019autres \u00e9poques, et qui sont des tr\u00e9sors tellement r\u00e9jouissants. J\u2019use sans restriction des couleurs qui transmettent [&hellip;]\" \/>\n<meta property=\"og:url\" content=\"https:\/\/alibabette-editions.com\/en\/a-propos\/\" \/>\n<meta property=\"og:site_name\" content=\"Alibabette Editions\" \/>\n<meta property=\"article:modified_time\" content=\"2023-02-14T13:29:03+00:00\" \/>\n<meta name=\"twitter:card\" content=\"summary_large_image\" \/>\n<meta name=\"twitter:label1\" content=\"Estimated reading time\" \/>\n\t<meta name=\"twitter:data1\" content=\"1 minute\" \/>\n<script type=\"application\/ld+json\" class=\"yoast-schema-graph\">{\"@context\":\"https:\/\/schema.org\",\"@graph\":[{\"@type\":\"WebPage\",\"@id\":\"https:\/\/alibabette-editions.com\/a-propos\/\",\"url\":\"https:\/\/alibabette-editions.com\/a-propos\/\",\"name\":\"A propos - Alibabette Editions\",\"isPartOf\":{\"@id\":\"https:\/\/alibabette-editions.com\/#website\"},\"datePublished\":\"2022-04-27T11:06:18+00:00\",\"dateModified\":\"2023-02-14T13:29:03+00:00\",\"breadcrumb\":{\"@id\":\"https:\/\/alibabette-editions.com\/a-propos\/#breadcrumb\"},\"inLanguage\":\"en-GB\",\"potentialAction\":[{\"@type\":\"ReadAction\",\"target\":[\"https:\/\/alibabette-editions.com\/a-propos\/\"]}]},{\"@type\":\"BreadcrumbList\",\"@id\":\"https:\/\/alibabette-editions.com\/a-propos\/#breadcrumb\",\"itemListElement\":[{\"@type\":\"ListItem\",\"position\":1,\"name\":\"Accueil\",\"item\":\"https:\/\/alibabette-editions.com\/\"},{\"@type\":\"ListItem\",\"position\":2,\"name\":\"A propos\"}]},{\"@type\":\"WebSite\",\"@id\":\"https:\/\/alibabette-editions.com\/#website\",\"url\":\"https:\/\/alibabette-editions.com\/\",\"name\":\"Alibabette Editions\",\"description\":\"\",\"potentialAction\":[{\"@type\":\"SearchAction\",\"target\":{\"@type\":\"EntryPoint\",\"urlTemplate\":\"https:\/\/alibabette-editions.com\/?s={search_term_string}\"},\"query-input\":{\"@type\":\"PropertyValueSpecification\",\"valueRequired\":true,\"valueName\":\"search_term_string\"}}],\"inLanguage\":\"en-GB\"}]}<\/script>\n<!-- \/ Yoast SEO plugin. -->","yoast_head_json":{"title":"A propos - Alibabette Editions","robots":{"index":"index","follow":"follow","max-snippet":"max-snippet:-1","max-image-preview":"max-image-preview:large","max-video-preview":"max-video-preview:-1"},"canonical":"https:\/\/alibabette-editions.com\/en\/a-propos\/","og_locale":"en_GB","og_type":"article","og_title":"A propos - Alibabette Editions","og_description":"PR\u00c9SENTATION D\u2019ALIBABETTE ALIBABETTE est une entreprise n\u00e9e pendant l\u2019\u00e9t\u00e9 2011L\u2019id\u00e9e de d\u00e9part : faire des carnets avec autant de soin que des beaux-livres (mon m\u00e9tier depuis plus de dix ans). Je puise dans le fonds immense des images, des motifs venus d\u2019autres cultures ou d\u2019autres \u00e9poques, et qui sont des tr\u00e9sors tellement r\u00e9jouissants. J\u2019use sans restriction des couleurs qui transmettent [&hellip;]","og_url":"https:\/\/alibabette-editions.com\/en\/a-propos\/","og_site_name":"Alibabette Editions","article_modified_time":"2023-02-14T13:29:03+00:00","twitter_card":"summary_large_image","twitter_misc":{"Estimated reading time":"1 minute"},"schema":{"@context":"https:\/\/schema.org","@graph":[{"@type":"WebPage","@id":"https:\/\/alibabette-editions.com\/a-propos\/","url":"https:\/\/alibabette-editions.com\/a-propos\/","name":"A propos - Alibabette Editions","isPartOf":{"@id":"https:\/\/alibabette-editions.com\/#website"},"datePublished":"2022-04-27T11:06:18+00:00","dateModified":"2023-02-14T13:29:03+00:00","breadcrumb":{"@id":"https:\/\/alibabette-editions.com\/a-propos\/#breadcrumb"},"inLanguage":"en-GB","potentialAction":[{"@type":"ReadAction","target":["https:\/\/alibabette-editions.com\/a-propos\/"]}]},{"@type":"BreadcrumbList","@id":"https:\/\/alibabette-editions.com\/a-propos\/#breadcrumb","itemListElement":[{"@type":"ListItem","position":1,"name":"Accueil","item":"https:\/\/alibabette-editions.com\/"},{"@type":"ListItem","position":2,"name":"A propos"}]},{"@type":"WebSite","@id":"https:\/\/alibabette-editions.com\/#website","url":"https:\/\/alibabette-editions.com\/","name":"Alibabette Editions","description":"","potentialAction":[{"@type":"SearchAction","target":{"@type":"EntryPoint","urlTemplate":"https:\/\/alibabette-editions.com\/?s={search_term_string}"},"query-input":{"@type":"PropertyValueSpecification","valueRequired":true,"valueName":"search_term_string"}}],"inLanguage":"en-GB"}]}},"_links":{"self":[{"href":"https:\/\/alibabette-editions.com\/en\/wp-json\/wp\/v2\/pages\/17832","targetHints":{"allow":["GET"]}}],"collection":[{"href":"https:\/\/alibabette-editions.com\/en\/wp-json\/wp\/v2\/pages"}],"about":[{"href":"https:\/\/alibabette-editions.com\/en\/wp-json\/wp\/v2\/types\/page"}],"author":[{"embeddable":true,"href":"https:\/\/alibabette-editions.com\/en\/wp-json\/wp\/v2\/users\/504"}],"replies":[{"embeddable":true,"href":"https:\/\/alibabette-editions.com\/en\/wp-json\/wp\/v2\/comments?post=17832"}],"version-history":[{"count":114,"href":"https:\/\/alibabette-editions.com\/en\/wp-json\/wp\/v2\/pages\/17832\/revisions"}],"predecessor-version":[{"id":20556,"href":"https:\/\/alibabette-editions.com\/en\/wp-json\/wp\/v2\/pages\/17832\/revisions\/20556"}],"wp:attachment":[{"href":"https:\/\/alibabette-editions.com\/en\/wp-json\/wp\/v2\/media?parent=17832"}],"curies":[{"name":"wp","href":"https:\/\/api.w.org\/{rel}","templated":true}]}}