{"id":15388,"date":"2016-09-06T18:51:02","date_gmt":"2016-09-06T16:51:02","guid":{"rendered":"http:\/\/www.alibabette-editions.info\/?page_id=15388"},"modified":"2022-12-17T09:02:07","modified_gmt":"2022-12-17T08:02:07","slug":"mentions-legales","status":"publish","type":"page","link":"https:\/\/alibabette-editions.com\/en\/mentions-legales\/","title":{"rendered":"Mentions L\u00e9gales"},"content":{"rendered":"<h3 style=\"text-align: center;\"><strong>ALIBABETTE \u00c9DITIONS : POLITIQUE DE CONFIDENTIALIT\u00c9<\/strong><\/h3>\n<p>&nbsp;<\/p>\n<p><strong>1.Collecte de l\u2019information<\/strong><br \/>\nNous recueillons des informations lorsque vous vous inscrivez sur notre site, lorsque vous vous connectez \u00e0 votre compte, faites un achat et \/ ou lorsque vous vous d\u00e9connectez. Les informations recueillies incluent votre nom, votre adresse e-mail, num\u00e9ro de t\u00e9l\u00e9phone, et \/ ou carte de cr\u00e9dit.<br \/>\nEn outre, nous recevons et enregistrons automatiquement des informations \u00e0 partir de votre ordinateur et navigateur, y compris votre adresse IP, et la page que vous demandez.<\/p>\n<p><strong>2. Utilisation des informations<\/strong><br \/>\nToutes les informations que nous recueillons aupr\u00e8s de vous peuvent \u00eatre utilis\u00e9es pour :<br \/>\n&#8211; R\u00e9pondre plus pr\u00e9cis\u00e9ment \u00e0 vos besoins individuels<br \/>\n&#8211; Fournir des offres personnalis\u00e9es concernant nos produits<br \/>\n&#8211; Am\u00e9liorer notre site<br \/>\n&#8211; Am\u00e9liorer le service client et vos besoins de prise en charge<br \/>\n&#8211; Vous contacter par e-mail<br \/>\n&#8211; Administrer un concours, une promotion, ou une enqu\u00eate<\/p>\n<p><strong>3. Confidentialit\u00e9 du commerce en ligne<\/strong><br \/>\nNous sommes les seuls propri\u00e9taires des informations recueillies sur ce site. Vos informations personnelles ne seront pas vendues, \u00e9chang\u00e9es, transf\u00e9r\u00e9es, ou donn\u00e9es \u00e0 une autre soci\u00e9t\u00e9 pour quelque motif que ce soit, en dehors de ce qui est n\u00e9cessaire pour r\u00e9pondre \u00e0 une demande et \/ ou une transaction, comme par exemple pour exp\u00e9dier une commande.<\/p>\n<p><strong>4. Divulgation \u00e0 des tiers<\/strong><br \/>\nNous ne vendons, n\u2019\u00e9changeons et ne transf\u00e9rons pas vos informations personnelles identifiables \u00e0 des tiers. Cela ne comprend pas les tierce parties de confiance qui nous aident \u00e0 exploiter notre site Web ou \u00e0 mener nos affaires, tant que ces parties conviennent de garder ces informations confidentielles.<\/p>\n<p>Cependant, la transmission de vos informations \u00e0 des tiers reste possible dans les cas suivants\u00a0: enqu\u00eater, pr\u00e9venir ou prendre des mesures concernant des activit\u00e9s ill\u00e9gales, fraudes pr\u00e9sum\u00e9es, situations impliquant des menaces potentielles \u00e0 la s\u00e9curit\u00e9 physique de toute personne, violations de nos conditions d\u2019utilisation et protection de nos droits de propri\u00e9t\u00e9, ou quand la loi nous y contraint.<\/p>\n<p><strong>5. Protection des informations<\/strong><br \/>\nNous assurons un niveau de s\u00e9curit\u00e9 appropri\u00e9 et proportionnel aux risques encourus ainsi qu\u2019\u00e0 leur probabilit\u00e9, conform\u00e9ment au r\u00e8glement G\u00e9n\u00e9ral sur la Protection des Donn\u00e9es (RGPD) 2016\/679 du 27 avril 2016. Seuls les employ\u00e9s qui ont besoin d\u2019effectuer un travail sp\u00e9cifique (par exemple, la facturation ou le service \u00e0 la client\u00e8le) ont acc\u00e8s aux informations personnelles identifiables. Les ordinateurs et serveurs utilis\u00e9s pour stocker des informations personnelles identifiables sont conserv\u00e9s dans un environnement s\u00e9curis\u00e9.<br \/>\nToutefois, ces mesures ne constituent en aucun cas une garantie et ne nous engagent pas \u00e0 une obligation de r\u00e9sultat concernant la s\u00e9curit\u00e9 des donn\u00e9es.<\/p>\n<p>Est-ce que nous utilisons des cookies ?<br \/>\nPour vous permettre de b\u00e9n\u00e9ficier d\u2019une navigation optimale sur le Site et d\u2019un meilleur fonctionnement des diff\u00e9rentes interfaces et applications, nous sommes susceptibles d\u2019implanter un cookie sur votre ordinateur. Ce cookie permet de stocker des informations relatives \u00e0 la navigation sur le Site, ainsi qu\u2019aux \u00e9ventuelles donn\u00e9es que vous auriez saisies (notamment recherches, login, email, mot de passe).<br \/>\nVous disposez de la possibilit\u00e9 de bloquer, modifier la dur\u00e9e de conservation, ou supprimer ce cookie via<br \/>\nl\u2019interface de votre navigateur. Si la d\u00e9sactivation syst\u00e9matique des cookies sur votre navigateur vous<br \/>\nemp\u00eache d\u2019utiliser certains services ou fonctionnalit\u00e9s du Site, ce dysfonctionnement ne saurait en aucun cas<br \/>\nconstituer un dommage et vous ne pourrez pr\u00e9tendre \u00e0 aucune indemnit\u00e9 de ce fait.<\/p>\n<p><strong>6. Se d\u00e9sabonner<\/strong><br \/>\nNous utilisons l\u2019adresse e-mail que vous fournissez pour vous envoyer des informations et mises \u00e0 jour relatives \u00e0 votre commande, des nouvelles de l\u2019entreprise de fa\u00e7on occasionnelle, des informations sur des produits li\u00e9s, etc. Si, \u00e0 n\u2019importe quel moment, vous souhaitez vous d\u00e9sinscrire et ne plus recevoir d\u2019e-mails, des instructions de d\u00e9sabonnement d\u00e9taill\u00e9es sont incluses en bas de chaque e-mail.<\/p>\n<p><strong>7. Consentement<\/strong><br \/>\nEn utilisant notre site, vous consentez \u00e0 notre politique de confidentialit\u00e9.<\/p>\n<p>&nbsp;<\/p>","protected":false},"excerpt":{"rendered":"<p>ALIBABETTE \u00c9DITIONS : POLITIQUE DE CONFIDENTIALIT\u00c9 &nbsp; 1.Collecte de l\u2019information Nous recueillons des informations lorsque vous vous inscrivez sur notre site, lorsque vous vous connectez \u00e0 votre compte, faites un achat et \/ ou lorsque vous vous d\u00e9connectez. Les informations recueillies incluent votre nom, votre adresse e-mail, num\u00e9ro de t\u00e9l\u00e9phone, et \/ ou carte de cr\u00e9dit. En outre, nous recevons [&hellip;]<\/p>","protected":false},"author":1,"featured_media":0,"parent":0,"menu_order":0,"comment_status":"closed","ping_status":"closed","template":"","meta":{"footnotes":""},"class_list":["post-15388","page","type-page","status-publish","hentry"],"yoast_head":"<!-- This site is optimized with the Yoast SEO plugin v26.8 - https:\/\/yoast.com\/product\/yoast-seo-wordpress\/ -->\n<title>Mentions L\u00e9gales - Alibabette Editions<\/title>\n<meta name=\"robots\" content=\"index, follow, max-snippet:-1, max-image-preview:large, max-video-preview:-1\" \/>\n<link rel=\"canonical\" href=\"https:\/\/alibabette-editions.com\/en\/mentions-legales\/\" \/>\n<meta property=\"og:locale\" content=\"en_GB\" \/>\n<meta property=\"og:type\" content=\"article\" \/>\n<meta property=\"og:title\" content=\"Mentions L\u00e9gales - Alibabette Editions\" \/>\n<meta property=\"og:description\" content=\"ALIBABETTE \u00c9DITIONS : POLITIQUE DE CONFIDENTIALIT\u00c9 &nbsp; 1.Collecte de l\u2019information Nous recueillons des informations lorsque vous vous inscrivez sur notre site, lorsque vous vous connectez \u00e0 votre compte, faites un achat et \/ ou lorsque vous vous d\u00e9connectez. Les informations recueillies incluent votre nom, votre adresse e-mail, num\u00e9ro de t\u00e9l\u00e9phone, et \/ ou carte de cr\u00e9dit. En outre, nous recevons [&hellip;]\" \/>\n<meta property=\"og:url\" content=\"https:\/\/alibabette-editions.com\/en\/mentions-legales\/\" \/>\n<meta property=\"og:site_name\" content=\"Alibabette Editions\" \/>\n<meta property=\"article:modified_time\" content=\"2022-12-17T08:02:07+00:00\" \/>\n<meta name=\"twitter:card\" content=\"summary_large_image\" \/>\n<meta name=\"twitter:label1\" content=\"Estimated reading time\" \/>\n\t<meta name=\"twitter:data1\" content=\"3 minutes\" \/>\n<script type=\"application\/ld+json\" class=\"yoast-schema-graph\">{\"@context\":\"https:\/\/schema.org\",\"@graph\":[{\"@type\":\"WebPage\",\"@id\":\"https:\/\/alibabette-editions.com\/mentions-legales\/\",\"url\":\"https:\/\/alibabette-editions.com\/mentions-legales\/\",\"name\":\"Mentions L\u00e9gales - Alibabette Editions\",\"isPartOf\":{\"@id\":\"https:\/\/alibabette-editions.com\/#website\"},\"datePublished\":\"2016-09-06T16:51:02+00:00\",\"dateModified\":\"2022-12-17T08:02:07+00:00\",\"breadcrumb\":{\"@id\":\"https:\/\/alibabette-editions.com\/mentions-legales\/#breadcrumb\"},\"inLanguage\":\"en-GB\",\"potentialAction\":[{\"@type\":\"ReadAction\",\"target\":[\"https:\/\/alibabette-editions.com\/mentions-legales\/\"]}]},{\"@type\":\"BreadcrumbList\",\"@id\":\"https:\/\/alibabette-editions.com\/mentions-legales\/#breadcrumb\",\"itemListElement\":[{\"@type\":\"ListItem\",\"position\":1,\"name\":\"Accueil\",\"item\":\"https:\/\/alibabette-editions.com\/\"},{\"@type\":\"ListItem\",\"position\":2,\"name\":\"Mentions L\u00e9gales\"}]},{\"@type\":\"WebSite\",\"@id\":\"https:\/\/alibabette-editions.com\/#website\",\"url\":\"https:\/\/alibabette-editions.com\/\",\"name\":\"Alibabette Editions\",\"description\":\"\",\"potentialAction\":[{\"@type\":\"SearchAction\",\"target\":{\"@type\":\"EntryPoint\",\"urlTemplate\":\"https:\/\/alibabette-editions.com\/?s={search_term_string}\"},\"query-input\":{\"@type\":\"PropertyValueSpecification\",\"valueRequired\":true,\"valueName\":\"search_term_string\"}}],\"inLanguage\":\"en-GB\"}]}<\/script>\n<!-- \/ Yoast SEO plugin. -->","yoast_head_json":{"title":"Mentions L\u00e9gales - Alibabette Editions","robots":{"index":"index","follow":"follow","max-snippet":"max-snippet:-1","max-image-preview":"max-image-preview:large","max-video-preview":"max-video-preview:-1"},"canonical":"https:\/\/alibabette-editions.com\/en\/mentions-legales\/","og_locale":"en_GB","og_type":"article","og_title":"Mentions L\u00e9gales - Alibabette Editions","og_description":"ALIBABETTE \u00c9DITIONS : POLITIQUE DE CONFIDENTIALIT\u00c9 &nbsp; 1.Collecte de l\u2019information Nous recueillons des informations lorsque vous vous inscrivez sur notre site, lorsque vous vous connectez \u00e0 votre compte, faites un achat et \/ ou lorsque vous vous d\u00e9connectez. Les informations recueillies incluent votre nom, votre adresse e-mail, num\u00e9ro de t\u00e9l\u00e9phone, et \/ ou carte de cr\u00e9dit. En outre, nous recevons [&hellip;]","og_url":"https:\/\/alibabette-editions.com\/en\/mentions-legales\/","og_site_name":"Alibabette Editions","article_modified_time":"2022-12-17T08:02:07+00:00","twitter_card":"summary_large_image","twitter_misc":{"Estimated reading time":"3 minutes"},"schema":{"@context":"https:\/\/schema.org","@graph":[{"@type":"WebPage","@id":"https:\/\/alibabette-editions.com\/mentions-legales\/","url":"https:\/\/alibabette-editions.com\/mentions-legales\/","name":"Mentions L\u00e9gales - Alibabette Editions","isPartOf":{"@id":"https:\/\/alibabette-editions.com\/#website"},"datePublished":"2016-09-06T16:51:02+00:00","dateModified":"2022-12-17T08:02:07+00:00","breadcrumb":{"@id":"https:\/\/alibabette-editions.com\/mentions-legales\/#breadcrumb"},"inLanguage":"en-GB","potentialAction":[{"@type":"ReadAction","target":["https:\/\/alibabette-editions.com\/mentions-legales\/"]}]},{"@type":"BreadcrumbList","@id":"https:\/\/alibabette-editions.com\/mentions-legales\/#breadcrumb","itemListElement":[{"@type":"ListItem","position":1,"name":"Accueil","item":"https:\/\/alibabette-editions.com\/"},{"@type":"ListItem","position":2,"name":"Mentions L\u00e9gales"}]},{"@type":"WebSite","@id":"https:\/\/alibabette-editions.com\/#website","url":"https:\/\/alibabette-editions.com\/","name":"Alibabette Editions","description":"","potentialAction":[{"@type":"SearchAction","target":{"@type":"EntryPoint","urlTemplate":"https:\/\/alibabette-editions.com\/?s={search_term_string}"},"query-input":{"@type":"PropertyValueSpecification","valueRequired":true,"valueName":"search_term_string"}}],"inLanguage":"en-GB"}]}},"_links":{"self":[{"href":"https:\/\/alibabette-editions.com\/en\/wp-json\/wp\/v2\/pages\/15388","targetHints":{"allow":["GET"]}}],"collection":[{"href":"https:\/\/alibabette-editions.com\/en\/wp-json\/wp\/v2\/pages"}],"about":[{"href":"https:\/\/alibabette-editions.com\/en\/wp-json\/wp\/v2\/types\/page"}],"author":[{"embeddable":true,"href":"https:\/\/alibabette-editions.com\/en\/wp-json\/wp\/v2\/users\/1"}],"replies":[{"embeddable":true,"href":"https:\/\/alibabette-editions.com\/en\/wp-json\/wp\/v2\/comments?post=15388"}],"version-history":[{"count":13,"href":"https:\/\/alibabette-editions.com\/en\/wp-json\/wp\/v2\/pages\/15388\/revisions"}],"predecessor-version":[{"id":20353,"href":"https:\/\/alibabette-editions.com\/en\/wp-json\/wp\/v2\/pages\/15388\/revisions\/20353"}],"wp:attachment":[{"href":"https:\/\/alibabette-editions.com\/en\/wp-json\/wp\/v2\/media?parent=15388"}],"curies":[{"name":"wp","href":"https:\/\/api.w.org\/{rel}","templated":true}]}}