{"id":12,"date":"2014-05-28T13:06:10","date_gmt":"2014-05-28T11:06:10","guid":{"rendered":"http:\/\/cardinal.swiftideas.com\/asset-reference\/?page_id=9"},"modified":"2022-05-10T09:27:39","modified_gmt":"2022-05-10T07:27:39","slug":"home-old","status":"publish","type":"page","link":"https:\/\/alibabette-editions.com\/en\/home-old\/","title":{"rendered":"Accueil-old"},"content":{"rendered":"<p>[spb_row element_name=&#8221;Row&#8221; wrap_type=&#8221;standard-width&#8221; row_bg_type=&#8221;color&#8221; color_row_height=&#8221;content-height&#8221; bg_type=&#8221;cover&#8221; parallax_image_height=&#8221;content-height&#8221; parallax_image_movement=&#8221;fixed&#8221; parallax_image_speed=&#8221;standard&#8221; bg_video_loop=&#8221;yes&#8221; parallax_video_height=&#8221;window-height&#8221; row_top_style=&#8221;none&#8221; row_bottom_style=&#8221;none&#8221; parallax_video_overlay=&#8221;none&#8221; row_overlay_opacity=&#8221;0&#8243; remove_element_spacing=&#8221;no&#8221; row_col_spacing=&#8221;0&#8243; row_col_pos=&#8221;default&#8221; row_col_equal_heights=&#8221;no&#8221; row_expanding=&#8221;no&#8221; row_animation=&#8221;none&#8221; row_animation_delay=&#8221;0&#8243; minimize_row=&#8221;no&#8221; simplified_controls=&#8221;yes&#8221; custom_css_percentage=&#8221;no&#8221; custom_css=&#8221;margin-top: 0px;margin-bottom: 0px;&#8221; border_styling_global=&#8221;default&#8221; width=&#8221;1\/1&#8243; el_position=&#8221;first last&#8221;] [spb_blank_spacer height=&#8221;30px&#8221; width=&#8221;1\/1&#8243; el_position=&#8221;first last&#8221;] [spb_section spb_section_id=&#8221;13917&#8243; width=&#8221;1\/1&#8243; el_position=&#8221;first last&#8221;] [\/spb_row] [spb_row element_name=&#8221;Row&#8221; wrap_type=&#8221;content-width&#8221; row_bg_type=&#8221;color&#8221; color_row_height=&#8221;content-height&#8221; bg_type=&#8221;cover&#8221; parallax_image_height=&#8221;content-height&#8221; parallax_image_movement=&#8221;fixed&#8221; parallax_image_speed=&#8221;0.5&#8243; bg_video_loop=&#8221;yes&#8221; parallax_video_height=&#8221;window-height&#8221; row_el_class=&#8221;pb0&#8243; row_top_style=&#8221;none&#8221; row_bottom_style=&#8221;none&#8221; parallax_video_overlay=&#8221;none&#8221; row_overlay_opacity=&#8221;0&#8243; remove_element_spacing=&#8221;no&#8221; row_col_pos=&#8221;default&#8221; row_expanding=&#8221;no&#8221; row_animation=&#8221;none&#8221; row_animation_delay=&#8221;400&#8243; width=&#8221;1\/1&#8243; el_position=&#8221;first last&#8221;] [spb_blank_spacer height=&#8221;53px&#8221; width=&#8221;1\/1&#8243; el_position=&#8221;first last&#8221;] [spb_products title=&#8221;TOUT NOUVEAU TOUT BEAU&#8221; asset_type=&#8221;latest-products&#8221; products=&#8221;0&#8243; display_type=&#8221;gallery&#8221; display_layout=&#8221;standard&#8221; multi_masonry=&#8221;no&#8221; carousel=&#8221;yes&#8221; fullwidth=&#8221;no&#8221; columns=&#8221;4&#8243; item_count=&#8221;6&#8243; order=&#8221;DESC&#8221; button_enabled=&#8221;yes&#8221; width=&#8221;1\/1&#8243; el_position=&#8221;first last&#8221;] [\/spb_row] [spb_row element_name=&#8221;Row&#8221; wrap_type=&#8221;full-width-contained&#8221; row_bg_type=&#8221;color&#8221; row_bg_color=&#8221;#009999&#8243; color_row_height=&#8221;content-height&#8221; bg_type=&#8221;pattern&#8221; parallax_image_height=&#8221;content-height&#8221; parallax_image_movement=&#8221;scroll&#8221; parallax_image_speed=&#8221;standard&#8221; bg_video_loop=&#8221;yes&#8221; parallax_video_height=&#8221;window-height&#8221; row_top_style=&#8221;none&#8221; row_bottom_style=&#8221;none&#8221; parallax_video_overlay=&#8221;color&#8221; row_overlay_opacity=&#8221;40&#8243; remove_element_spacing=&#8221;no&#8221; row_col_spacing=&#8221;0&#8243; row_col_pos=&#8221;default&#8221; row_col_equal_heights=&#8221;no&#8221; row_expanding=&#8221;no&#8221; row_animation=&#8221;none&#8221; row_animation_delay=&#8221;0&#8243; minimize_row=&#8221;no&#8221; simplified_controls=&#8221;yes&#8221; custom_css_percentage=&#8221;no&#8221; custom_css=&#8221;margin-top: 0px;margin-bottom: 0px;&#8221; border_styling_global=&#8221;default&#8221; el_class=&#8221;no-shadow&#8221; width=&#8221;1\/1&#8243; el_position=&#8221;first last&#8221;] [spb_icon_box title=&#8221;Livraison rapide&#8221; box_type=&#8221;standard&#8221; icon=&#8221;sf-im-paper-plane&#8221; animate_svg=&#8221;no&#8221; target=&#8221;_self&#8221; animation=&#8221;flipInX&#8221; animation_delay=&#8221;0&#8243; icon_color=&#8221;#ffffff&#8221; text_color=&#8221;#ffffff&#8221; animated_box_style=&#8221;coloured&#8221; animated_box_rounded=&#8221;yes&#8221; width=&#8221;1\/3&#8243; el_position=&#8221;first&#8221;]<\/p>\n<p>Votre commande sera pr\u00e9par\u00e9e et envoy\u00e9e par la poste d\u00e8s le lendemain. Vous serez averti par mail de la date de l\u2019envoi.<\/p>\n<p>[\/spb_icon_box] [spb_icon_box title=&#8221;Paiement s\u00e9curis\u00e9&#8221; box_type=&#8221;standard&#8221; icon=&#8221;sf-im-car-coins&#8221; animate_svg=&#8221;no&#8221; target=&#8221;_self&#8221; animation=&#8221;flipInX&#8221; animation_delay=&#8221;400&#8243; icon_color=&#8221;#ffffff&#8221; text_color=&#8221;#ffffff&#8221; animated_box_style=&#8221;coloured&#8221; animated_box_rounded=&#8221;yes&#8221; width=&#8221;1\/3&#8243;]<\/p>\n<p>Selon m\u00e9canismes du paiement sur le site.<\/p>\n<p>[\/spb_icon_box] [spb_icon_box title=&#8221;Les retours&#8221; box_type=&#8221;standard&#8221; icon=&#8221;sf-im-box-open&#8221; animate_svg=&#8221;no&#8221; target=&#8221;_self&#8221; animation=&#8221;flipInX&#8221; animation_delay=&#8221;800&#8243; icon_color=&#8221;#ffffff&#8221; text_color=&#8221;#ffffff&#8221; animated_box_style=&#8221;coloured&#8221; animated_box_rounded=&#8221;yes&#8221; width=&#8221;1\/3&#8243; el_position=&#8221;last&#8221;]<\/p>\n<p>You have 14 days to return your order or report a problem. See full details in the Terms and Conditions.<\/p>\n<p>[\/spb_icon_box] [spb_blank_spacer height=&#8221;30px&#8221; width=&#8221;1\/1&#8243; el_position=&#8221;first last&#8221;] [\/spb_row] [spb_row element_name=&#8221;Row&#8221; wrap_type=&#8221;content-width&#8221; row_bg_type=&#8221;color&#8221; color_row_height=&#8221;content-height&#8221; bg_type=&#8221;cover&#8221; parallax_image_height=&#8221;content-height&#8221; parallax_image_movement=&#8221;fixed&#8221; parallax_image_speed=&#8221;0.5&#8243; bg_video_loop=&#8221;yes&#8221; parallax_video_height=&#8221;window-height&#8221; row_el_class=&#8221;mt0 pt0&#8243; row_top_style=&#8221;none&#8221; row_bottom_style=&#8221;none&#8221; parallax_video_overlay=&#8221;none&#8221; row_overlay_opacity=&#8221;0&#8243; remove_element_spacing=&#8221;no&#8221; row_col_pos=&#8221;default&#8221; row_expanding=&#8221;no&#8221; row_animation=&#8221;none&#8221; row_animation_delay=&#8221;0&#8243; width=&#8221;1\/1&#8243; el_position=&#8221;first last&#8221;] [spb_divider type=&#8221;standard&#8221; text=&#8221;Go to top&#8221; top_margin=&#8221;32px&#8221; bottom_margin=&#8221;54px&#8221; fullwidth=&#8221;no&#8221; width=&#8221;1\/1&#8243; el_position=&#8221;first last&#8221;] [spb_recent_posts title=&#8221;DERNI\u00c8RES NOUVELLES&#8221; display_type=&#8221;standard&#8221; carousel=&#8221;yes&#8221; item_columns=&#8221;3&#8243; item_count=&#8221;4&#8243; category=&#8221;All&#8221; offset=&#8221;0&#8243; posts_order=&#8221;DESC&#8221; excerpt_length=&#8221;16&#8243; fullwidth=&#8221;no&#8221; gutters=&#8221;yes&#8221; button_enabled=&#8221;no&#8221; pagination=&#8221;yes&#8221; width=&#8221;1\/1&#8243; el_position=&#8221;first last&#8221;] [spb_blank_spacer height=&#8221;55px&#8221; width=&#8221;1\/1&#8243; el_position=&#8221;first last&#8221;] [\/spb_row]<\/p>","protected":false},"excerpt":{"rendered":"<p>[spb_row element_name=&#8221;Row&#8221; wrap_type=&#8221;standard-width&#8221; row_bg_type=&#8221;color&#8221; color_row_height=&#8221;content-height&#8221; bg_type=&#8221;cover&#8221; parallax_image_height=&#8221;content-height&#8221; parallax_image_movement=&#8221;fixed&#8221; parallax_image_speed=&#8221;standard&#8221; bg_video_loop=&#8221;yes&#8221; parallax_video_height=&#8221;window-height&#8221; row_top_style=&#8221;none&#8221; row_bottom_style=&#8221;none&#8221; parallax_video_overlay=&#8221;none&#8221; row_overlay_opacity=&#8221;0&#8243; remove_element_spacing=&#8221;no&#8221; row_col_spacing=&#8221;0&#8243; row_col_pos=&#8221;default&#8221; row_col_equal_heights=&#8221;no&#8221; row_expanding=&#8221;no&#8221; row_animation=&#8221;none&#8221; row_animation_delay=&#8221;0&#8243; minimize_row=&#8221;no&#8221; simplified_controls=&#8221;yes&#8221; custom_css_percentage=&#8221;no&#8221; custom_css=&#8221;margin-top: 0px;margin-bottom: 0px;&#8221; border_styling_global=&#8221;default&#8221; width=&#8221;1\/1&#8243; el_position=&#8221;first last&#8221;] [spb_blank_spacer height=&#8221;30px&#8221; width=&#8221;1\/1&#8243; el_position=&#8221;first last&#8221;] [spb_section spb_section_id=&#8221;13917&#8243; width=&#8221;1\/1&#8243; el_position=&#8221;first last&#8221;] [\/spb_row] [spb_row element_name=&#8221;Row&#8221; wrap_type=&#8221;content-width&#8221; row_bg_type=&#8221;color&#8221; color_row_height=&#8221;content-height&#8221; bg_type=&#8221;cover&#8221; parallax_image_height=&#8221;content-height&#8221; parallax_image_movement=&#8221;fixed&#8221; parallax_image_speed=&#8221;0.5&#8243; bg_video_loop=&#8221;yes&#8221; parallax_video_height=&#8221;window-height&#8221; row_el_class=&#8221;pb0&#8243; row_top_style=&#8221;none&#8221; row_bottom_style=&#8221;none&#8221; parallax_video_overlay=&#8221;none&#8221; row_overlay_opacity=&#8221;0&#8243; remove_element_spacing=&#8221;no&#8221; [&hellip;]<\/p>","protected":false},"author":1,"featured_media":0,"parent":0,"menu_order":0,"comment_status":"open","ping_status":"closed","template":"","meta":{"footnotes":""},"class_list":["post-12","page","type-page","status-publish","hentry"],"yoast_head":"<!-- This site is optimized with the Yoast SEO plugin v26.8 - https:\/\/yoast.com\/product\/yoast-seo-wordpress\/ -->\n<title>Accueil-old - Alibabette Editions<\/title>\n<meta name=\"robots\" content=\"index, follow, max-snippet:-1, max-image-preview:large, max-video-preview:-1\" \/>\n<link rel=\"canonical\" href=\"https:\/\/alibabette-editions.com\/en\/home-old\/\" \/>\n<meta property=\"og:locale\" content=\"en_GB\" \/>\n<meta property=\"og:type\" content=\"article\" \/>\n<meta property=\"og:title\" content=\"Accueil-old - Alibabette Editions\" \/>\n<meta property=\"og:description\" content=\"[spb_row element_name=&#8221;Row&#8221; wrap_type=&#8221;standard-width&#8221; row_bg_type=&#8221;color&#8221; color_row_height=&#8221;content-height&#8221; bg_type=&#8221;cover&#8221; parallax_image_height=&#8221;content-height&#8221; parallax_image_movement=&#8221;fixed&#8221; parallax_image_speed=&#8221;standard&#8221; bg_video_loop=&#8221;yes&#8221; parallax_video_height=&#8221;window-height&#8221; row_top_style=&#8221;none&#8221; row_bottom_style=&#8221;none&#8221; parallax_video_overlay=&#8221;none&#8221; row_overlay_opacity=&#8221;0&#8243; remove_element_spacing=&#8221;no&#8221; row_col_spacing=&#8221;0&#8243; row_col_pos=&#8221;default&#8221; row_col_equal_heights=&#8221;no&#8221; row_expanding=&#8221;no&#8221; row_animation=&#8221;none&#8221; row_animation_delay=&#8221;0&#8243; minimize_row=&#8221;no&#8221; simplified_controls=&#8221;yes&#8221; custom_css_percentage=&#8221;no&#8221; custom_css=&#8221;margin-top: 0px;margin-bottom: 0px;&#8221; border_styling_global=&#8221;default&#8221; width=&#8221;1\/1&#8243; el_position=&#8221;first last&#8221;] [spb_blank_spacer height=&#8221;30px&#8221; width=&#8221;1\/1&#8243; el_position=&#8221;first last&#8221;] [spb_section spb_section_id=&#8221;13917&#8243; width=&#8221;1\/1&#8243; el_position=&#8221;first last&#8221;] [\/spb_row] [spb_row element_name=&#8221;Row&#8221; wrap_type=&#8221;content-width&#8221; row_bg_type=&#8221;color&#8221; color_row_height=&#8221;content-height&#8221; bg_type=&#8221;cover&#8221; parallax_image_height=&#8221;content-height&#8221; parallax_image_movement=&#8221;fixed&#8221; parallax_image_speed=&#8221;0.5&#8243; bg_video_loop=&#8221;yes&#8221; parallax_video_height=&#8221;window-height&#8221; row_el_class=&#8221;pb0&#8243; row_top_style=&#8221;none&#8221; row_bottom_style=&#8221;none&#8221; parallax_video_overlay=&#8221;none&#8221; row_overlay_opacity=&#8221;0&#8243; remove_element_spacing=&#8221;no&#8221; [&hellip;]\" \/>\n<meta property=\"og:url\" content=\"https:\/\/alibabette-editions.com\/en\/home-old\/\" \/>\n<meta property=\"og:site_name\" content=\"Alibabette Editions\" \/>\n<meta property=\"article:modified_time\" content=\"2022-05-10T07:27:39+00:00\" \/>\n<meta name=\"twitter:card\" content=\"summary_large_image\" \/>\n<meta name=\"twitter:label1\" content=\"Estimated reading time\" \/>\n\t<meta name=\"twitter:data1\" content=\"2 minutes\" \/>\n<script type=\"application\/ld+json\" class=\"yoast-schema-graph\">{\"@context\":\"https:\/\/schema.org\",\"@graph\":[{\"@type\":\"WebPage\",\"@id\":\"https:\/\/alibabette-editions.com\/home-old\/\",\"url\":\"https:\/\/alibabette-editions.com\/home-old\/\",\"name\":\"Accueil-old - Alibabette Editions\",\"isPartOf\":{\"@id\":\"https:\/\/alibabette-editions.com\/#website\"},\"datePublished\":\"2014-05-28T11:06:10+00:00\",\"dateModified\":\"2022-05-10T07:27:39+00:00\",\"breadcrumb\":{\"@id\":\"https:\/\/alibabette-editions.com\/home-old\/#breadcrumb\"},\"inLanguage\":\"en-GB\",\"potentialAction\":[{\"@type\":\"ReadAction\",\"target\":[\"https:\/\/alibabette-editions.com\/home-old\/\"]}]},{\"@type\":\"BreadcrumbList\",\"@id\":\"https:\/\/alibabette-editions.com\/home-old\/#breadcrumb\",\"itemListElement\":[{\"@type\":\"ListItem\",\"position\":1,\"name\":\"Accueil\",\"item\":\"https:\/\/alibabette-editions.com\/\"},{\"@type\":\"ListItem\",\"position\":2,\"name\":\"Accueil-old\"}]},{\"@type\":\"WebSite\",\"@id\":\"https:\/\/alibabette-editions.com\/#website\",\"url\":\"https:\/\/alibabette-editions.com\/\",\"name\":\"Alibabette Editions\",\"description\":\"\",\"potentialAction\":[{\"@type\":\"SearchAction\",\"target\":{\"@type\":\"EntryPoint\",\"urlTemplate\":\"https:\/\/alibabette-editions.com\/?s={search_term_string}\"},\"query-input\":{\"@type\":\"PropertyValueSpecification\",\"valueRequired\":true,\"valueName\":\"search_term_string\"}}],\"inLanguage\":\"en-GB\"}]}<\/script>\n<!-- \/ Yoast SEO plugin. -->","yoast_head_json":{"title":"Accueil-old - Alibabette Editions","robots":{"index":"index","follow":"follow","max-snippet":"max-snippet:-1","max-image-preview":"max-image-preview:large","max-video-preview":"max-video-preview:-1"},"canonical":"https:\/\/alibabette-editions.com\/en\/home-old\/","og_locale":"en_GB","og_type":"article","og_title":"Accueil-old - Alibabette Editions","og_description":"[spb_row element_name=&#8221;Row&#8221; wrap_type=&#8221;standard-width&#8221; row_bg_type=&#8221;color&#8221; color_row_height=&#8221;content-height&#8221; bg_type=&#8221;cover&#8221; parallax_image_height=&#8221;content-height&#8221; parallax_image_movement=&#8221;fixed&#8221; parallax_image_speed=&#8221;standard&#8221; bg_video_loop=&#8221;yes&#8221; parallax_video_height=&#8221;window-height&#8221; row_top_style=&#8221;none&#8221; row_bottom_style=&#8221;none&#8221; parallax_video_overlay=&#8221;none&#8221; row_overlay_opacity=&#8221;0&#8243; remove_element_spacing=&#8221;no&#8221; row_col_spacing=&#8221;0&#8243; row_col_pos=&#8221;default&#8221; row_col_equal_heights=&#8221;no&#8221; row_expanding=&#8221;no&#8221; row_animation=&#8221;none&#8221; row_animation_delay=&#8221;0&#8243; minimize_row=&#8221;no&#8221; simplified_controls=&#8221;yes&#8221; custom_css_percentage=&#8221;no&#8221; custom_css=&#8221;margin-top: 0px;margin-bottom: 0px;&#8221; border_styling_global=&#8221;default&#8221; width=&#8221;1\/1&#8243; el_position=&#8221;first last&#8221;] [spb_blank_spacer height=&#8221;30px&#8221; width=&#8221;1\/1&#8243; el_position=&#8221;first last&#8221;] [spb_section spb_section_id=&#8221;13917&#8243; width=&#8221;1\/1&#8243; el_position=&#8221;first last&#8221;] [\/spb_row] [spb_row element_name=&#8221;Row&#8221; wrap_type=&#8221;content-width&#8221; row_bg_type=&#8221;color&#8221; color_row_height=&#8221;content-height&#8221; bg_type=&#8221;cover&#8221; parallax_image_height=&#8221;content-height&#8221; parallax_image_movement=&#8221;fixed&#8221; parallax_image_speed=&#8221;0.5&#8243; bg_video_loop=&#8221;yes&#8221; parallax_video_height=&#8221;window-height&#8221; row_el_class=&#8221;pb0&#8243; row_top_style=&#8221;none&#8221; row_bottom_style=&#8221;none&#8221; parallax_video_overlay=&#8221;none&#8221; row_overlay_opacity=&#8221;0&#8243; remove_element_spacing=&#8221;no&#8221; [&hellip;]","og_url":"https:\/\/alibabette-editions.com\/en\/home-old\/","og_site_name":"Alibabette Editions","article_modified_time":"2022-05-10T07:27:39+00:00","twitter_card":"summary_large_image","twitter_misc":{"Estimated reading time":"2 minutes"},"schema":{"@context":"https:\/\/schema.org","@graph":[{"@type":"WebPage","@id":"https:\/\/alibabette-editions.com\/home-old\/","url":"https:\/\/alibabette-editions.com\/home-old\/","name":"Accueil-old - Alibabette Editions","isPartOf":{"@id":"https:\/\/alibabette-editions.com\/#website"},"datePublished":"2014-05-28T11:06:10+00:00","dateModified":"2022-05-10T07:27:39+00:00","breadcrumb":{"@id":"https:\/\/alibabette-editions.com\/home-old\/#breadcrumb"},"inLanguage":"en-GB","potentialAction":[{"@type":"ReadAction","target":["https:\/\/alibabette-editions.com\/home-old\/"]}]},{"@type":"BreadcrumbList","@id":"https:\/\/alibabette-editions.com\/home-old\/#breadcrumb","itemListElement":[{"@type":"ListItem","position":1,"name":"Accueil","item":"https:\/\/alibabette-editions.com\/"},{"@type":"ListItem","position":2,"name":"Accueil-old"}]},{"@type":"WebSite","@id":"https:\/\/alibabette-editions.com\/#website","url":"https:\/\/alibabette-editions.com\/","name":"Alibabette Editions","description":"","potentialAction":[{"@type":"SearchAction","target":{"@type":"EntryPoint","urlTemplate":"https:\/\/alibabette-editions.com\/?s={search_term_string}"},"query-input":{"@type":"PropertyValueSpecification","valueRequired":true,"valueName":"search_term_string"}}],"inLanguage":"en-GB"}]}},"_links":{"self":[{"href":"https:\/\/alibabette-editions.com\/en\/wp-json\/wp\/v2\/pages\/12","targetHints":{"allow":["GET"]}}],"collection":[{"href":"https:\/\/alibabette-editions.com\/en\/wp-json\/wp\/v2\/pages"}],"about":[{"href":"https:\/\/alibabette-editions.com\/en\/wp-json\/wp\/v2\/types\/page"}],"author":[{"embeddable":true,"href":"https:\/\/alibabette-editions.com\/en\/wp-json\/wp\/v2\/users\/1"}],"replies":[{"embeddable":true,"href":"https:\/\/alibabette-editions.com\/en\/wp-json\/wp\/v2\/comments?post=12"}],"version-history":[{"count":18,"href":"https:\/\/alibabette-editions.com\/en\/wp-json\/wp\/v2\/pages\/12\/revisions"}],"predecessor-version":[{"id":18351,"href":"https:\/\/alibabette-editions.com\/en\/wp-json\/wp\/v2\/pages\/12\/revisions\/18351"}],"wp:attachment":[{"href":"https:\/\/alibabette-editions.com\/en\/wp-json\/wp\/v2\/media?parent=12"}],"curies":[{"name":"wp","href":"https:\/\/api.w.org\/{rel}","templated":true}]}}